{"id":21703,"date":"2025-11-28T21:09:57","date_gmt":"2025-11-28T21:09:57","guid":{"rendered":"https:\/\/asura.lv\/product\/bobovr-m3-pro-head-strap-battery-pack-for-oculus-quest-3-quest-3s\/"},"modified":"2025-12-12T15:40:05","modified_gmt":"2025-12-12T13:40:05","slug":"bobovr-m3-pro-head-strap-battery-pack-for-oculus-quest-3-quest-3s","status":"publish","type":"product","link":"https:\/\/asura.lv\/lt\/produktas\/bobovr-m3-pro-head-strap-battery-pack-for-oculus-quest-3-quest-3s\/","title":{"rendered":"BOBOVR M3 Pro galvos dir\u017eelis + baterija, skirta \u201eOculus Quest 3\u201c \/ \u201eQuest 3S\u201c"},"content":{"rendered":"<h3>BOBOVR M3 Pro galvos dir\u017eelis + baterija, skirta \u201eOculus Quest 3 \/ Quest 3S\u201c<\/h3>\n<p>\u201eBOBOVR M3 Pro\u201c galvos dir\u017eelis yra puikus sprendimas \u201eOculus Quest 3 \/ Quest 3S\u201c naudotojams, si\u016blantis ne tik i\u0161skirtin\u012f komfort\u0105, bet ir ilgesn\u012f \u017eaidimo laik\u0105. D\u0117l kruop\u0161\u010diai suprojektuotos konstrukcijos ir keli\u0173 ta\u0161k\u0173 reguliavimo jis puikiai prisitaiko prie j\u016bs\u0173 galvos formos. Be to, pakuot\u0117je yra papildoma baterija, suteikianti dar daugiau laiko virtualiems nuotykiams.<\/p>\n<p><img decoding=\"async\" src=\"https:\/\/b2b.innpro.pl\/data\/include\/cms\/BoboVR\/BOBOVR-M3-PRO\/1.jpg\" border=\"0\" alt=\"BoboVR\/BOBOVR-M3-PRO\/1\" \/><\/p>\n<h3>Neprilygstamas komfortas<\/h3>\n<p>Dir\u017eelis sukurtas taip, kad suma\u017eint\u0173 spaudim\u0105 veidui ir u\u017etikrint\u0173 maksimal\u0173 komfort\u0105 naudojant \u201eOculus Quest 3 \/ Quest 3S\u201c VR akinius. Daugiata\u0161kis reguliavimas leid\u017eia lengvai pritaikyti dir\u017eel\u012f prie galvos formos. Be to, pridedamos baterijos svoris suma\u017eintas iki vos 140 gram\u0173, u\u017etikrinant tolyg\u0173 svorio paskirstym\u0105 ant galvos.<\/p>\n<p><img decoding=\"async\" src=\"https:\/\/b2b.innpro.pl\/data\/include\/cms\/BoboVR\/BOBOVR-M3-PRO\/5.jpg\" border=\"0\" alt=\"BoboVR\/BOBOVR-M3-PRO\/5\" \/><\/p>\n<h3>Ilgesnis \u017eaidimo laikas<\/h3>\n<p>B2 baterija yra galinga kompakti\u0161koje formoje. Tur\u0117dama 5200 mAh talp\u0105, ji suteikia jums ilgas nepertraukiamo \u017eaidimo valandas virtualioje realyb\u0117je. D\u0117l to galite m\u0117gautis 2 valandomis intensyviu VR akini\u0173 naudojimu. Visi\u0161kai \u012fkrauti baterij\u0105 u\u017etrunka tik 3 valandas! Be to, d\u0117l magnetinio sujungimo galite lengvai pritvirtinti j\u012f prie BOBOVR galvos dir\u017eelio, o kar\u0161to keitimo funkcija leid\u017eia pakeisti i\u0161sikrovusi\u0105 baterij\u0105 nei\u0161jungiant \u012frenginio.<\/p>\n<p><img decoding=\"async\" src=\"https:\/\/b2b.innpro.pl\/data\/include\/cms\/BoboVR\/BOBOVR-M3-PRO\/3.jpg\" border=\"0\" alt=\"BoboVR\/BOBOVR-M3-PRO\/3\" \/><\/p>\n<h3>\u012eeina \u012f pakuot\u0119<\/h3>\n<ul>\n<li>Galvos dir\u017eelis<\/li>\n<li>B2 baterija<\/li>\n<li>USB-C laidas<\/li>\n<li>PU odos pagalv\u0117l\u0117<\/li>\n<\/ul>\n<div class=\"table-wrapper\">Galvos dir\u017eelisB2 baterijos talpa3,7 V = 5200 mAh, 19,24 W<\/p>\n<table>\n<tbody>\n<tr>\n<th>Gamintojas<\/th>\n<td>BOBOVR<\/td>\n<\/tr>\n<tr>\n<th>Modelis<\/th>\n<td>M3 Pro<\/td>\n<\/tr>\n<tr>\n<th>Svoris<\/th>\n<td>236 g<\/td>\n<\/tr>\n<tr>\n<th>Matmenys<\/th>\n<td>203 x 128 x 199 mm<\/td>\n<\/tr>\n<tr>\n<th>Med\u017eiaga<\/th>\n<td>ABS + PC<\/td>\n<\/tr>\n<\/tbody>\n<tbody>\n<tr>\n<th>Nominali talpa<\/th>\n<td>5 V &#8211; 1,5 A, 3200 mAh<\/td>\n<\/tr>\n<tr>\n<th>Akumuliatoriaus \u012fkrovimo laikas iki 100 %<\/th>\n<td>3 valandos<\/td>\n<\/tr>\n<tr>\n<th>Baterijos veikimo laikas<\/th>\n<td>Ma\u017edaug 2 valandos<\/td>\n<\/tr>\n<tr>\n<th>Tipas<\/th>\n<td>Li\u010dio<\/td>\n<\/tr>\n<tr>\n<th>Matmenys<\/th>\n<td>85 x 47 x 32 mm<\/td>\n<\/tr>\n<\/tbody>\n<\/table>\n<\/div>\n","protected":false},"excerpt":{"rendered":"<p>BOBOVR M3 Pro galvos dir\u017eelis + baterija, skirta \u201eOculus Quest 3 \/ Quest 3S\u201c \u201eBOBOVR M3 Pro\u201c galvos dir\u017eelis yra puikus sprendimas \u201eOculus Quest 3 \/ Quest 3S\u201c naudotojams, si\u016blantis ne tik i\u0161skirtin\u012f komfort\u0105, bet ir ilgesn\u012f \u017eaidimo laik\u0105. D\u0117l kruop\u0161\u010diai suprojektuotos konstrukcijos ir keli\u0173 ta\u0161k\u0173 reguliavimo jis puikiai prisitaiko prie j\u016bs\u0173 galvos formos. Be [&#8230;]\n","protected":false},"featured_media":21704,"comment_status":"open","ping_status":"closed","template":"","meta":[],"product_brand":[527],"product_cat":[1163],"product_tag":[],"class_list":{"0":"post-21703","1":"product","2":"type-product","3":"status-publish","4":"has-post-thumbnail","6":"product_brand-bobovr","7":"product_cat-vr-accessories","9":"first","10":"outofstock","11":"taxable","12":"shipping-taxable","13":"purchasable","14":"product-type-simple"},"aioseo_notices":[],"_links":{"self":[{"href":"https:\/\/asura.lv\/lt\/wp-json\/wp\/v2\/product\/21703","targetHints":{"allow":["GET"]}}],"collection":[{"href":"https:\/\/asura.lv\/lt\/wp-json\/wp\/v2\/product"}],"about":[{"href":"https:\/\/asura.lv\/lt\/wp-json\/wp\/v2\/types\/product"}],"replies":[{"embeddable":true,"href":"https:\/\/asura.lv\/lt\/wp-json\/wp\/v2\/comments?post=21703"}],"wp:featuredmedia":[{"embeddable":true,"href":"https:\/\/asura.lv\/lt\/wp-json\/wp\/v2\/media\/21704"}],"wp:attachment":[{"href":"https:\/\/asura.lv\/lt\/wp-json\/wp\/v2\/media?parent=21703"}],"wp:term":[{"taxonomy":"product_brand","embeddable":true,"href":"https:\/\/asura.lv\/lt\/wp-json\/wp\/v2\/product_brand?post=21703"},{"taxonomy":"product_cat","embeddable":true,"href":"https:\/\/asura.lv\/lt\/wp-json\/wp\/v2\/product_cat?post=21703"},{"taxonomy":"product_tag","embeddable":true,"href":"https:\/\/asura.lv\/lt\/wp-json\/wp\/v2\/product_tag?post=21703"}],"curies":[{"name":"wp","href":"https:\/\/api.w.org\/{rel}","templated":true}]}}