{"id":21727,"date":"2025-11-28T21:09:55","date_gmt":"2025-11-28T21:09:55","guid":{"rendered":"https:\/\/asura.lv\/product\/interactive-cat-toy-cheerble-wicked-snail-brown\/"},"modified":"2025-12-12T15:40:01","modified_gmt":"2025-12-12T13:40:01","slug":"interactive-cat-toy-cheerble-wicked-snail-brown","status":"publish","type":"product","link":"https:\/\/asura.lv\/lt\/produktas\/interactive-cat-toy-cheerble-wicked-snail-brown\/","title":{"rendered":"Interaktyvus \u017eaislas kat\u0117ms \u201eCheerble Wicked Snail\u201c (rudas)"},"content":{"rendered":"<h3>Interaktyvus \u017eaislas kat\u0117ms: Linksma piktoji sraig\u0117 (ruda)<\/h3>\n<p>Linksma piktoji sraig\u0117 yra interaktyvus \u017eaislas kat\u0117ms, stebinantis nenusp\u0117jamais judesiais. Jis turi 2 grei\u010dio re\u017eimus ir spalvingas LED lemputes, kurios stimuliuoja j\u016bs\u0173 augintinio med\u017eiokl\u0117s instinkt\u0105, skatina fizin\u012f aktyvum\u0105, padeda intelektualiniam vystymuisi ir teikia d\u017eiaugsmo. D\u0117l automatin\u0117s kli\u016b\u010di\u0173 vengimo sistemos \u017eaislas lieka nepa\u017eeistas, o 200 mAh baterija u\u017etikrina iki 2 valand\u0173 nepertraukiam\u0173 pramog\u0173. Produktas pagamintas i\u0161 gyv\u016bnams saugi\u0173 med\u017eiag\u0173, o j\u012f valyti paprasta.<\/p>\n<p><img decoding=\"async\" src=\"https:\/\/b2b.innpro.pl\/data\/include\/cms\/Cheerble\/Wicked-Snail-CWJ02-brown\/5.jpg\" alt=\"Cheerble\/Wicked-Snail-CWJ02-brown\/5\"><\/p>\n<h3>2 veikimo re\u017eimai<\/h3>\n<p>\u017daislas \u201eCheerble Wicked Snail\u201c si\u016blo 2 veikimo re\u017eimus, leid\u017eian\u010dius pritaikyti jo elges\u012f prie j\u016bs\u0173 kat\u0117s nuotaikos ir temperamento. Pasirinkdami \u012fprast\u0105 arba \u0161veln\u0173 re\u017eimus, kurie skiriasi grei\u010dio lygiais, supa\u017eindinsite savo murkian\u010di\u0105 draug\u0119 su \u0161viesos ir judesio pasauliu, skatinan\u010diu smalsum\u0105 ir aktyv\u0173 \u017eaidim\u0105. Integruotas algoritmas u\u017etikrina, kad \u017eaislas automati\u0161kai gr\u012f\u017et\u0173 \u012f savo keli\u0105 po apvirtimo, taip suteikdamas nuolatin\u012f i\u0161\u0161\u016bk\u012f j\u016bs\u0173 kat\u0117s med\u017eiokl\u0117s instinktams.<\/p>\n<p><img decoding=\"async\" src=\"https:\/\/b2b.innpro.pl\/data\/include\/cms\/Cheerble\/Wicked-Snail-CWJ02-brown\/7.jpg\" alt=\"Cheerble\/Wicked-Snail-CWJ02-brown\/7\"><\/p>\n<h3>Poilsio ir \u017eaidimo pusiausvyra<\/h3>\n<p>\u201eCheerble\u201c r\u016bpinasi tiek j\u016bs\u0173 kat\u0117s vystymusi, tiek poilsiu. \u017daislas \u201eWicked Snail\u201c si\u016blo 10 minu\u010di\u0173 \u012ftraukian\u010dio \u017eaidimo kas 40 minu\u010di\u0173, puikiai der\u0117damas prie nat\u016bralaus j\u016bs\u0173 kat\u0117s gyvenimo ritmo. J\u016bs\u0173 p\u016bkuotas draugas taip pat gali pats \u012fjungti \u017eaisl\u0105, kai tik panor\u0117s \u2013 tereikia paprasto prisilietimo.<\/p>\n<p><img decoding=\"async\" src=\"https:\/\/b2b.innpro.pl\/data\/include\/cms\/Cheerble\/Wicked-Snail-CWJ02-brown\/6.jpg\" alt=\"Cheerble\/Wicked-Snail-CWJ02-brown\/6\"><\/p>\n<h3>Tinkama kat\u0117ms<\/h3>\n<p>Kuriant \u017eaisl\u0105 \u201eCheerble Wicked Snail\u201c, daugiausia d\u0117mesio buvo skiriama gyv\u016bn\u0173 saugumui ir patogumui. Korpusas pagamintas i\u0161 mink\u0161tos ir \u0161velnios PVC med\u017eiagos, kuri yra pakankamai patvari, kad atlaikyt\u0173 s\u0105veik\u0105 net su laukiausiomis kat\u0117mis. \u017daislas skland\u017eiai juda \u012fvairiais pavir\u0161iais, \u012fskaitant marmur\u0105, med\u012f ir kilimus. Jis sumaniai i\u0161vengia kli\u016b\u010di\u0173 ir randa alternatyvius kelius, o greitas tempas ir judesi\u0173 \u012fvairov\u0117 kiekvien\u0105 gaudyn\u0119 paver\u010dia \u012fdomia ir nenusp\u0117jama.<\/p>\n<p><img decoding=\"async\" src=\"https:\/\/b2b.innpro.pl\/data\/include\/cms\/Cheerble\/Wicked-Snail-CWJ02-brown\/3.jpg\" alt=\"Cheerble\/Wicked-Snail-CWJ02-brown\/3\"><\/p>\n<h3>Ilgalaikis d\u017eiaugsmas<\/h3>\n<p>\u201eWicked Snail\u201c si\u016blo iki 2 valand\u0173 nepertraukiamo grojimo laik\u0105 d\u0117l efektyvios 200 mAh baterijos. \u017dem\u0105 baterijos lyg\u012f rodo raudona mirksinti lemput\u0117, o pridedamas nuolatin\u0117s srov\u0117s laidas leid\u017eia \u012fkrauti \u012frengin\u012f vos per 40 minu\u010di\u0173. Tai rei\u0161kia, kad j\u016bs\u0173 augintiniui nereik\u0117s ilgai laukti, kol \u017eaislas bus paruo\u0161tas daugiau pramog\u0173.<\/p>\n<p><img decoding=\"async\" src=\"https:\/\/b2b.innpro.pl\/data\/include\/cms\/Cheerble\/Wicked-Snail-CWJ02-brown\/4.jpg\" alt=\"Cheerble\/Wicked-Snail-CWJ02-brown\/4\"><\/p>\n<h3>Paprasta prie\u017ei\u016bra<\/h3>\n<p>Gerai apgalvotas dizainas su nuimamu apvalkalu leid\u017eia lengvai valyti \u017eaisl\u0105 ir apsaugo j\u012f nuo kailio bei ne\u0161varum\u0173. D\u0117l to \u201eCheerble Wicked Snail\u201c yra idealus pasirinkimas bet kuriam kat\u0117s \u0161eimininkui, kuris vertina \u0161var\u0105.<\/p>\n<p><img decoding=\"async\" src=\"https:\/\/b2b.innpro.pl\/data\/include\/cms\/Cheerble\/Wicked-Snail-CWJ02-brown\/1.jpg\" alt=\"Cheerble\/Wicked-Snail-CWJ02-brown\/1\"><\/p>\n<h3>Pakuot\u0117je:<\/h3>\n<ul>\n<li>Interaktyvus kat\u0117s \u017eaislas: \u201eCheerble Wicked Snail\u201c<\/li>\n<li>Nuolatin\u0117s srov\u0117s \u012fkrovimo laidas<\/li>\n<li>Naudotojo vadovas<\/li>\n<\/ul>\n<div class=\"table-wrapper\">\n<table>\n<tbody>\n<tr>\n<th>Gamintojas<\/th>\n<td>Cheerble<\/td>\n<\/tr>\n<tr>\n<th>Modelis<\/th>\n<td>CWJ02<\/td>\n<\/tr>\n<tr>\n<th>Skirta<\/th>\n<td>Kat\u0117ms<\/td>\n<\/tr>\n<tr>\n<th>Baterijos talpa<\/th>\n<td>200 mAh<\/td>\n<\/tr>\n<tr>\n<th>Med\u017eiaga<\/th>\n<td>PVC, TPU, ABS<\/td>\n<\/tr>\n<tr>\n<th>Svoris<\/th>\n<td>77 g<\/td>\n<\/tr>\n<tr>\n<th>Matmenys<\/th>\n<td>68\u201350\u201359 mm<\/td>\n<\/tr>\n<tr>\n<th>Darbin\u0117 temperat\u016bra<\/th>\n<td>Nuo 5 \u00b0C iki 40 \u00b0C<\/td>\n<\/tr>\n<tr>\n<th>Spalva<\/th>\n<td>Ruda<\/td>\n<\/tr>\n<\/tbody>\n<\/table>\n<\/div>\n","protected":false},"excerpt":{"rendered":"<p>Interaktyvus \u017eaislas kat\u0117ms: Linksma piktoji sraig\u0117 (ruda) Linksma piktoji sraig\u0117 yra interaktyvus \u017eaislas kat\u0117ms, stebinantis nenusp\u0117jamais judesiais. Jis turi 2 grei\u010dio re\u017eimus ir spalvingas LED lemputes, kurios stimuliuoja j\u016bs\u0173 augintinio med\u017eiokl\u0117s instinkt\u0105, skatina fizin\u012f aktyvum\u0105, padeda intelektualiniam vystymuisi ir teikia d\u017eiaugsmo. D\u0117l automatin\u0117s kli\u016b\u010di\u0173 vengimo sistemos \u017eaislas lieka nepa\u017eeistas, o 200 mAh baterija u\u017etikrina iki [&#8230;]\n","protected":false},"featured_media":21728,"comment_status":"open","ping_status":"closed","template":"","meta":[],"product_brand":[345],"product_cat":[1403],"product_tag":[],"class_list":{"0":"post-21727","1":"product","2":"type-product","3":"status-publish","4":"has-post-thumbnail","6":"product_brand-cheerble","7":"product_cat-toys-pets","9":"first","10":"outofstock","11":"taxable","12":"shipping-taxable","13":"purchasable","14":"product-type-simple"},"aioseo_notices":[],"_links":{"self":[{"href":"https:\/\/asura.lv\/lt\/wp-json\/wp\/v2\/product\/21727","targetHints":{"allow":["GET"]}}],"collection":[{"href":"https:\/\/asura.lv\/lt\/wp-json\/wp\/v2\/product"}],"about":[{"href":"https:\/\/asura.lv\/lt\/wp-json\/wp\/v2\/types\/product"}],"replies":[{"embeddable":true,"href":"https:\/\/asura.lv\/lt\/wp-json\/wp\/v2\/comments?post=21727"}],"wp:featuredmedia":[{"embeddable":true,"href":"https:\/\/asura.lv\/lt\/wp-json\/wp\/v2\/media\/21728"}],"wp:attachment":[{"href":"https:\/\/asura.lv\/lt\/wp-json\/wp\/v2\/media?parent=21727"}],"wp:term":[{"taxonomy":"product_brand","embeddable":true,"href":"https:\/\/asura.lv\/lt\/wp-json\/wp\/v2\/product_brand?post=21727"},{"taxonomy":"product_cat","embeddable":true,"href":"https:\/\/asura.lv\/lt\/wp-json\/wp\/v2\/product_cat?post=21727"},{"taxonomy":"product_tag","embeddable":true,"href":"https:\/\/asura.lv\/lt\/wp-json\/wp\/v2\/product_tag?post=21727"}],"curies":[{"name":"wp","href":"https:\/\/api.w.org\/{rel}","templated":true}]}}