{"id":21781,"date":"2025-11-28T21:09:51","date_gmt":"2025-11-28T21:09:51","guid":{"rendered":"https:\/\/asura.lv\/product\/insta360-ace-pro-float-guard\/"},"modified":"2025-12-12T15:39:57","modified_gmt":"2025-12-12T13:39:57","slug":"insta360-ace-pro-float-guard","status":"publish","type":"product","link":"https:\/\/asura.lv\/lt\/produktas\/insta360-ace-pro-float-guard\/","title":{"rendered":"\u201eInsta360 Ace Pro\u201c pl\u016bd\u0117s apsauga"},"content":{"rendered":"<h3>\u201eInsta360 Ace Pro\u201c pl\u016bduriuojantis d\u0117klas<\/h3>\n<p>\u201eInsta360 Ace Pro\u201c kameros pl\u016bduriuojantis d\u0117klas skirtas vandens sportui. Jis leid\u017eia \u012frenginiui pl\u016bduriuoti vandens pavir\u0161iuje ir neleid\u017eia jam nusk\u0119sti. Jis taip pat pasi\u017eymi i\u0161skirtine, ry\u0161kiai oran\u017eine spalva, tod\u0117l \u012frang\u0105 lengva rasti \u2013 ji bus gerai matoma. D\u0117klas pagamintas i\u0161 patvarios EVA med\u017eiagos ir sveria tik 39 gramus. Jis suteikia patogi\u0105 prieig\u0105 prie vis\u0173 kameros mygtuk\u0173, tod\u0117l galite be joki\u0173 kli\u016b\u010di\u0173 naudoti \u012frenginio pakreipiam\u0105 ekran\u0105 ir \u012fvairius laikiklius.<\/p>\n<p><img decoding=\"async\" src=\"https:\/\/b2b.innpro.pl\/data\/include\/cms\/Insta360\/CINSAAXK\/4.jpg\" border=\"0\" alt=\"Insta360\/CINSAAXK\/4\" \/><\/p>\n<h3>D\u0117\u017eut\u0117je<\/h3>\n<ul>\n<li>Pl\u016bduriuojanti apsauga<\/li>\n<li>Pailgintas nyk\u0161\u010dio var\u017etas<\/li>\n<li>Pl\u016bduriuojan\u010dios apsaugos r\u0117mas<\/li>\n<\/ul>\n<div class=\"table-wrapper\">\n<table>\n<tbody>\n<tr>\n<th>Prek\u0117s \u017eenklas<\/th>\n<td>Insta360<\/td>\n<\/tr>\n<tr>\n<th>Pavadinimas<\/th>\n<td>\u201eInsta360 Ace Pro\u201c pl\u016bd\u0117s apsauga<\/td>\n<\/tr>\n<tr>\n<th>Modelis<\/th>\n<td>CINSAAXK<\/td>\n<\/tr>\n<tr>\n<th>Spalva<\/th>\n<td>Oran\u017ein\u0117<\/td>\n<\/tr>\n<tr>\n<th>Med\u017eiaga<\/th>\n<td>EVA<\/td>\n<\/tr>\n<tr>\n<th>Svoris<\/th>\n<td>39 g<\/td>\n<\/tr>\n<tr>\n<th>Suderinamumas<\/th>\n<td>\u201eInsta360 Ace Pro\u201c kamera<\/td>\n<\/tr>\n<\/tbody>\n<\/table>\n<\/div>\n","protected":false},"excerpt":{"rendered":"<p>\u201eInsta360 Ace Pro\u201c pl\u016bduriuojantis d\u0117klas \u201eInsta360 Ace Pro\u201c kameros pl\u016bduriuojantis d\u0117klas skirtas vandens sportui. Jis leid\u017eia \u012frenginiui pl\u016bduriuoti vandens pavir\u0161iuje ir neleid\u017eia jam nusk\u0119sti. Jis taip pat pasi\u017eymi i\u0161skirtine, ry\u0161kiai oran\u017eine spalva, tod\u0117l \u012frang\u0105 lengva rasti \u2013 ji bus gerai matoma. D\u0117klas pagamintas i\u0161 patvarios EVA med\u017eiagos ir sveria tik 39 gramus. Jis suteikia patogi\u0105 [&#8230;]\n","protected":false},"featured_media":21782,"comment_status":"open","ping_status":"closed","template":"","meta":[],"product_brand":[433],"product_cat":[938],"product_tag":[],"class_list":{"0":"post-21781","1":"product","2":"type-product","3":"status-publish","4":"has-post-thumbnail","6":"product_brand-insta360","7":"product_cat-for-sports-cameras","9":"first","10":"outofstock","11":"taxable","12":"shipping-taxable","13":"purchasable","14":"product-type-simple"},"aioseo_notices":[],"_links":{"self":[{"href":"https:\/\/asura.lv\/lt\/wp-json\/wp\/v2\/product\/21781","targetHints":{"allow":["GET"]}}],"collection":[{"href":"https:\/\/asura.lv\/lt\/wp-json\/wp\/v2\/product"}],"about":[{"href":"https:\/\/asura.lv\/lt\/wp-json\/wp\/v2\/types\/product"}],"replies":[{"embeddable":true,"href":"https:\/\/asura.lv\/lt\/wp-json\/wp\/v2\/comments?post=21781"}],"wp:featuredmedia":[{"embeddable":true,"href":"https:\/\/asura.lv\/lt\/wp-json\/wp\/v2\/media\/21782"}],"wp:attachment":[{"href":"https:\/\/asura.lv\/lt\/wp-json\/wp\/v2\/media?parent=21781"}],"wp:term":[{"taxonomy":"product_brand","embeddable":true,"href":"https:\/\/asura.lv\/lt\/wp-json\/wp\/v2\/product_brand?post=21781"},{"taxonomy":"product_cat","embeddable":true,"href":"https:\/\/asura.lv\/lt\/wp-json\/wp\/v2\/product_cat?post=21781"},{"taxonomy":"product_tag","embeddable":true,"href":"https:\/\/asura.lv\/lt\/wp-json\/wp\/v2\/product_tag?post=21781"}],"curies":[{"name":"wp","href":"https:\/\/api.w.org\/{rel}","templated":true}]}}