{"id":21805,"date":"2025-11-28T21:09:49","date_gmt":"2025-11-28T21:09:49","guid":{"rendered":"https:\/\/asura.lv\/product\/shelly-bypass-add-on-for-shelly-1l-and-dimmer2\/"},"modified":"2025-12-12T15:39:56","modified_gmt":"2025-12-12T13:39:56","slug":"shelly-bypass-add-on-for-shelly-1l-and-dimmer2","status":"publish","type":"product","link":"https:\/\/asura.lv\/lt\/produktas\/shelly-bypass-add-on-for-shelly-1l-and-dimmer2\/","title":{"rendered":"\u201eShelly Bypass\u201c priedas, skirtas \u201eShelly 1L\u201c ir \u201eDIMMER2\u201c"},"content":{"rendered":"<h3>\u201eShelly Bypass\u201c skirtas \u201eShelly 1L\u201c ir \u201eDIMMER2\u201c<\/h3>\n<p>\u201eShelly Bypass\u201c reikalingas \u201eShelly\u201c \u012frenginiams, kuriems nereikia neutralaus laido, jei j\u0173 perjungiama apkrova yra ma\u017eesn\u0117 nei 20 vat\u0173 esant 240 V kintamajai \u012ftampai. Jis suderinamas su \u201eShelly 1L\u201c ir \u201eShelly Dimmer 2\u201c ir bus naudojamas gyvenamuosiuose pastatuose, vie\u0161bu\u010diuose, biuruose, ma\u017eose parduotuv\u0117se, restoranuose, degalin\u0117se ir kt. <\/p>\n<p><img decoding=\"async\" src=\"https:\/\/b2b.innpro.pl\/data\/include\/cms\/Shelly\/Shelly-Bypass\/3.jpg\" alt=\"Shelly\/Shelly-Bypass\/3\"><\/p>\n<div class=\"table-wrapper\">\n<table>\n<tbody>\n<tr>\n<th>Gamintojas<\/th>\n<td>Shelly<\/td>\n<\/tr>\n<tr>\n<th>Pavadinimas<\/th>\n<td>Bypass<\/td>\n<\/tr>\n<tr>\n<th>Spalva<\/th>\n<td>balta<\/td>\n<\/tr>\n<tr>\n<th>Suderinamumas<\/th>\n<td>Shelly 1L, Shelly Dimmer 2 <\/td>\n<\/tr>\n<tr>\n<th>Matmenys<\/th>\n<td>39 x 23 x 13 mm<\/td>\n<\/tr>\n<tr>\n<th>Med\u017eiaga<\/th>\n<td>Plastikas<\/td>\n<\/tr>\n<tr>\n<th>Aplinkos temperat\u016bra<\/th>\n<td>\u201320 \u00b0C iki 70 \u00b0C<\/td>\n<\/tr>\n<tr>\n<th>Dr\u0117gm\u0117<\/th>\n<td>30\u201370 % santykin\u0117 dr\u0117gm\u0117<\/td>\n<\/tr>\n<tr>\n<th>Maksimalus auk\u0161tis<\/th>\n<td>2000 m <\/td>\n<\/tr>\n<tr>\n<th>Darbin\u0117 \u012ftampa<\/th>\n<td>230 V kintamoji srov\u0117<\/td>\n<\/tr>\n<tr>\n<th>Energijos suvartojimas<\/th>\n<td>4 P<\/td>\n<\/tr>\n<\/tbody>\n<\/table>\n<\/div>\n","protected":false},"excerpt":{"rendered":"<p>\u201eShelly Bypass\u201c skirtas \u201eShelly 1L\u201c ir \u201eDIMMER2\u201c \u201eShelly Bypass\u201c reikalingas \u201eShelly\u201c \u012frenginiams, kuriems nereikia neutralaus laido, jei j\u0173 perjungiama apkrova yra ma\u017eesn\u0117 nei 20 vat\u0173 esant 240 V kintamajai \u012ftampai. Jis suderinamas su \u201eShelly 1L\u201c ir \u201eShelly Dimmer 2\u201c ir bus naudojamas gyvenamuosiuose pastatuose, vie\u0161bu\u010diuose, biuruose, ma\u017eose parduotuv\u0117se, restoranuose, degalin\u0117se ir kt. Gamintojas Shelly Pavadinimas [&#8230;]\n","protected":false},"featured_media":21806,"comment_status":"open","ping_status":"closed","template":"","meta":[],"product_brand":[551],"product_cat":[959],"product_tag":[],"class_list":{"0":"post-21805","1":"product","2":"type-product","3":"status-publish","4":"has-post-thumbnail","6":"product_brand-shelly","7":"product_cat-accessories-smart-home","9":"first","10":"outofstock","11":"taxable","12":"shipping-taxable","13":"purchasable","14":"product-type-simple"},"aioseo_notices":[],"_links":{"self":[{"href":"https:\/\/asura.lv\/lt\/wp-json\/wp\/v2\/product\/21805","targetHints":{"allow":["GET"]}}],"collection":[{"href":"https:\/\/asura.lv\/lt\/wp-json\/wp\/v2\/product"}],"about":[{"href":"https:\/\/asura.lv\/lt\/wp-json\/wp\/v2\/types\/product"}],"replies":[{"embeddable":true,"href":"https:\/\/asura.lv\/lt\/wp-json\/wp\/v2\/comments?post=21805"}],"wp:featuredmedia":[{"embeddable":true,"href":"https:\/\/asura.lv\/lt\/wp-json\/wp\/v2\/media\/21806"}],"wp:attachment":[{"href":"https:\/\/asura.lv\/lt\/wp-json\/wp\/v2\/media?parent=21805"}],"wp:term":[{"taxonomy":"product_brand","embeddable":true,"href":"https:\/\/asura.lv\/lt\/wp-json\/wp\/v2\/product_brand?post=21805"},{"taxonomy":"product_cat","embeddable":true,"href":"https:\/\/asura.lv\/lt\/wp-json\/wp\/v2\/product_cat?post=21805"},{"taxonomy":"product_tag","embeddable":true,"href":"https:\/\/asura.lv\/lt\/wp-json\/wp\/v2\/product_tag?post=21805"}],"curies":[{"name":"wp","href":"https:\/\/api.w.org\/{rel}","templated":true}]}}