{"id":21829,"date":"2025-11-28T21:09:47","date_gmt":"2025-11-28T21:09:47","guid":{"rendered":"https:\/\/asura.lv\/product\/shelly-blu-button-1-action-and-scenes-activation-button-white\/"},"modified":"2025-12-12T15:39:54","modified_gmt":"2025-12-12T13:39:54","slug":"shelly-blu-button-1-action-and-scenes-activation-button-white","status":"publish","type":"product","link":"https:\/\/asura.lv\/lt\/produktas\/shelly-blu-button-1-action-and-scenes-activation-button-white\/","title":{"rendered":"Shelly BLU mygtukas 1 Veiksmo ir scen\u0173 aktyvinimo mygtukas (baltas)"},"content":{"rendered":"<h3>\u201eShelly BLU Button 1\u201c \u201eBluetooth\u201c veiksm\u0173 ir scen\u0173 aktyvavimo mygtukas (baltas)<\/h3>\n<p>\u201eShelly BLU Button\u201c yra \u201eBluetooth\u201c mygtukas, leid\u017eiantis lengvai \u012fjungti ir i\u0161jungti \u012frenginius ar scenas vienu spustel\u0117jimu. Jis i\u0161siskiria ilgu veikimo laiku ir turi raudon\u0105 LED indikatori\u0173. Be to, jame yra \u0161vytur\u0117lio, \u0161vytur\u0117lio ir \u0161ifravimo re\u017eimai. Jis puikiai tiks tiek nam\u0173 aplinkoje, tiek biuruose, restoranuose, vie\u0161bu\u010diuose ir kt. Jis jungiasi belaid\u017eiu b\u016bdu per \u201eBluetooth\u201c ir \u201eWi-Fi\u201c, tod\u0117l j\u012f valdyti nekils joki\u0173 problem\u0173.<\/p>\n<p><img decoding=\"async\" src=\"https:\/\/b2b.innpro.pl\/data\/include\/cms\/Shelly\/Shelly-Blu-Button-1-White\/3.jpg\" alt=\"Shelly\/Shelly-Blu-Button-1-White\/3\"><\/p>\n<div class=\"table-wrapper\">\n<table>\n<tbody>\n<tr>\n<th>Gamintojas<\/th>\n<td>Shelly<\/td>\n<\/tr>\n<tr>\n<th>Pavadinimas<\/th>\n<td>Shelly BLU Button 1<\/td>\n<\/tr>\n<tr>\n<th>Spalva<\/th>\n<td>balta<\/td>\n<\/tr>\n<tr>\n<th>Matmenys<\/th>\n<td>36 \u0413\u2014 36 x 6 mm \u00b1 0,5 mm <\/td>\n<\/tr>\n<tr>\n<th>Svoris su baterija<\/th>\n<td>9 g \u00b1 1 g<\/td>\n<\/tr>\n<tr>\n<th>Med\u017eiaga<\/th>\n<td>Plastikas<\/td>\n<\/tr>\n<tr>\n<th>Aplinkos temperat\u016bra<\/th>\n<td>Nuo -20 \u00b0C iki 40 \u00b0C<\/td>\n<\/tr>\n<tr>\n<th>Dr\u0117gm\u0117<\/th>\n<td>Nuo 30 % iki 70 % santykin\u0117 dr\u0117gm\u0117<\/td>\n<\/tr>\n<tr>\n<th>Maitinimo \u0161altinis<\/th>\n<td>1 x 3 V CR2032 baterija (pridedama)<\/td>\n<\/tr>\n<tr>\n<th>Baterijos veikimo laikas<\/th>\n<td>iki 2 metai<\/td>\n<\/tr>\n<tr>\n<th>RF juosta<\/th>\n<td>2400\u20132483,5 MHz<\/td>\n<\/tr>\n<tr>\n<th>Maksimali RF galia<\/th>\n<td>4 dBm<\/td>\n<\/tr>\n<tr>\n<th>\u201eBluetooth\u201c protokolas<\/th>\n<td>4.2<\/td>\n<\/tr>\n<tr>\n<th>\u201eBluetooth\u201c diapazonas<\/th>\n<td>Iki 10 m patalpose, iki 30 m (priklauso nuo vietos s\u0105lyg\u0173)<\/td>\n<\/tr>\n<tr>\n<th>CPU<\/th>\n<td>EFR32BG22<\/td>\n<\/tr>\n<tr>\n<th>Atmintis<\/th>\n<td>32 KB RAM<\/td>\n<\/tr>\n<tr>\n<th>\u0160ifravimas<\/th>\n<td>AES (CCM re\u017eimas)<\/td>\n<\/tr>\n<tr>\n<th>\u0160vytur\u0117lio re\u017eimas<\/th>\n<td>Taip<\/td>\n<\/tr>\n<tr>\n<th>Keli\u0173 paspaudim\u0173 palaikymas<\/th>\n<td>Iki 4 galim\u0173 veiksm\u0173<\/td>\n<\/tr>\n<\/tbody>\n<\/table>\n<\/div>\n","protected":false},"excerpt":{"rendered":"<p>\u201eShelly BLU Button 1\u201c \u201eBluetooth\u201c veiksm\u0173 ir scen\u0173 aktyvavimo mygtukas (baltas) \u201eShelly BLU Button\u201c yra \u201eBluetooth\u201c mygtukas, leid\u017eiantis lengvai \u012fjungti ir i\u0161jungti \u012frenginius ar scenas vienu spustel\u0117jimu. Jis i\u0161siskiria ilgu veikimo laiku ir turi raudon\u0105 LED indikatori\u0173. Be to, jame yra \u0161vytur\u0117lio, \u0161vytur\u0117lio ir \u0161ifravimo re\u017eimai. Jis puikiai tiks tiek nam\u0173 aplinkoje, tiek biuruose, restoranuose, [&#8230;]\n","protected":false},"featured_media":21830,"comment_status":"open","ping_status":"closed","template":"","meta":[],"product_brand":[551],"product_cat":[932],"product_tag":[],"class_list":{"0":"post-21829","1":"product","2":"type-product","3":"status-publish","4":"has-post-thumbnail","6":"product_brand-shelly","7":"product_cat-switches","9":"first","10":"outofstock","11":"taxable","12":"shipping-taxable","13":"purchasable","14":"product-type-simple"},"aioseo_notices":[],"_links":{"self":[{"href":"https:\/\/asura.lv\/lt\/wp-json\/wp\/v2\/product\/21829","targetHints":{"allow":["GET"]}}],"collection":[{"href":"https:\/\/asura.lv\/lt\/wp-json\/wp\/v2\/product"}],"about":[{"href":"https:\/\/asura.lv\/lt\/wp-json\/wp\/v2\/types\/product"}],"replies":[{"embeddable":true,"href":"https:\/\/asura.lv\/lt\/wp-json\/wp\/v2\/comments?post=21829"}],"wp:featuredmedia":[{"embeddable":true,"href":"https:\/\/asura.lv\/lt\/wp-json\/wp\/v2\/media\/21830"}],"wp:attachment":[{"href":"https:\/\/asura.lv\/lt\/wp-json\/wp\/v2\/media?parent=21829"}],"wp:term":[{"taxonomy":"product_brand","embeddable":true,"href":"https:\/\/asura.lv\/lt\/wp-json\/wp\/v2\/product_brand?post=21829"},{"taxonomy":"product_cat","embeddable":true,"href":"https:\/\/asura.lv\/lt\/wp-json\/wp\/v2\/product_cat?post=21829"},{"taxonomy":"product_tag","embeddable":true,"href":"https:\/\/asura.lv\/lt\/wp-json\/wp\/v2\/product_tag?post=21829"}],"curies":[{"name":"wp","href":"https:\/\/api.w.org\/{rel}","templated":true}]}}