{"id":21841,"date":"2025-11-28T21:09:46","date_gmt":"2025-11-28T21:09:46","guid":{"rendered":"https:\/\/asura.lv\/product\/shelly-plus-smoke-alarm-wifi\/"},"modified":"2025-12-12T15:39:53","modified_gmt":"2025-12-12T13:39:53","slug":"shelly-plus-smoke-alarm-wifi","status":"publish","type":"product","link":"https:\/\/asura.lv\/lt\/produktas\/shelly-plus-smoke-alarm-wifi\/","title":{"rendered":"\u201eShelly Plus\u201c d\u016bm\u0173 detektorius su belaid\u017eiu internetu"},"content":{"rendered":"<h3>\u201eShelly Plus Smoke\u201c belaidis d\u016bm\u0173 jutiklis<\/h3>\n<p><p>\u201eShelly Plus Smoke\u201c yra i\u0161manusis fotoelektrinis d\u016bm\u0173 jutiklis, u\u017etikrinantis pa\u017eangi\u0105 apsaug\u0105 nuo gaisr\u0173. D\u0117l unikalios d\u016bm\u0173 aptikimo technologijos \u201eShelly Plus Smoke\u201c gali efektyviai atpa\u017einti l\u0117tai degan\u010dius gaisrus, kurie gali kilti per daugel\u012f valand\u0173, kol liepsnos tampa matomos. Tai nepakei\u010diamas prietaisas, u\u017etikrinantis j\u016bs\u0173 nam\u0173 saugum\u0105.<\/p>\n<\/p>\n<p><img decoding=\"async\" src=\"https:\/\/assets.innpro.pl\/2417\/2543\/1.jpg\" border=\"0\" alt=\"\"><\/p>\n<h3>Saugos u\u017etikrinimas<\/h3>\n<p><p>\u201eShelly Plus Smoke\u201c naudoja pa\u017eangi\u0105 fotoelektrin\u0119 technologij\u0105, kad aptikt\u0173 d\u016bmus, susijusius su l\u0117tai degan\u010diais gaisrais. Tai rei\u0161kia, kad prietaisas gali \u012fsp\u0117ti jus apie galim\u0105 pavoj\u0173, kol liepsnos taps matomos. \u0160is vertingas ankstyvas \u012fsp\u0117jimas gali suteikti jums daugiau laiko imtis tinkam\u0173 veiksm\u0173 ir evakuotis. Be to, LED indikatoriai visada \u017einos j\u016bs\u0173 \u012frenginio b\u016bsen\u0105.<\/p>\n<\/p>\n<p><img decoding=\"async\" src=\"https:\/\/assets.innpro.pl\/2417\/2543\/3.jpg\" border=\"0\" alt=\"\"><\/p>\n<h3>Visi\u0161kas valdymas<\/h3>\n<p><p>\u201eShelly Plus Smoke\u201c teikia ry\u0161\u012f per \u201eWi-Fi\u201c ir \u201eBluetooth\u201c, o tai rei\u0161kia, kad galite visi\u0161kai valdyti \u012frengin\u012f naudodami savo i\u0161man\u0173j\u012f telefon\u0105 ar plan\u0161etin\u012f kompiuter\u012f. Galite steb\u0117ti jutiklio b\u016bsen\u0105, gauti realiuoju laiku prane\u0161imus apie aptiktus d\u016bmus ir prireikus veikti nuotoliniu b\u016bdu. Tai lankstumas, suteikiantis jums ramyb\u0119.<\/p>\n<\/p>\n<p><img decoding=\"async\" src=\"https:\/\/assets.innpro.pl\/2417\/2543\/4.jpg\" border=\"0\" alt=\"\"><\/p>\n<div class=\"table-wrapper\">\n<p>&nbsp;<\/p>\n<h3><\/h3>\n<table>\n<tbody>\n<tr>\n<th>Gamintojas<\/th>\n<td>Shelly<\/td>\n<\/tr>\n<tr>\n<th>Modelis<\/th>\n<td>Shelly Plus d\u016bm\u0173 detektorius<\/td>\n<\/tr>\n<tr>\n<th>Matmenys<\/th>\n<td>86 \u0413\u2014 31 mm<\/td>\n<\/tr>\n<tr>\n<th>Darbin\u0117 temperat\u016bra<\/th>\n<td>\u20130 \u00b0C iki 55 \u00b0C<\/td>\n<\/tr>\n<tr>\n<th>Dr\u0117gm\u0117<\/th>\n<td>30 % iki 95 %<\/td>\n<\/tr>\n<tr>\n<th>Nuolatin\u0117s srov\u0117s maitinimo \u0161altinis<\/th>\n<td>1 x 3 V CR123A\/CR17335 baterija<\/td>\n<\/tr>\n<tr>\n<th>Veikimo laikas<\/th>\n<td>5 metai<\/td>\n<\/tr>\n<tr>\n<th>D\u016bm\u0173 jutiklis<\/th>\n<td>Fotoelektrinis<\/td>\n<\/tr>\n<tr>\n<th>RF diapazonas<\/th>\n<td>2400\u20132495 MHz<\/td>\n<\/tr>\n<tr>\n<th>\u201eWi-Fi\u201c protokolas<\/th>\n<td>802.11 b\/g\/n<\/td>\n<\/tr>\n<tr>\n<th>\u201eWi-Fi\u201c diapazonas<\/th>\n<td>iki 30 m<\/td>\n<\/tr>\n<tr>\n<th>\u201eBluetooth\u201c protokolas<\/th>\n<td>4.2<\/td>\n<\/tr>\n<tr>\n<th>\u201eBluetooth\u201c diapazonas<\/th>\n<td>iki 10 m<\/td>\n<\/tr>\n<\/tbody>\n<\/table>\n<\/div>\n","protected":false},"excerpt":{"rendered":"<p>\u201eShelly Plus Smoke\u201c belaidis d\u016bm\u0173 jutiklis \u201eShelly Plus Smoke\u201c yra i\u0161manusis fotoelektrinis d\u016bm\u0173 jutiklis, u\u017etikrinantis pa\u017eangi\u0105 apsaug\u0105 nuo gaisr\u0173. D\u0117l unikalios d\u016bm\u0173 aptikimo technologijos \u201eShelly Plus Smoke\u201c gali efektyviai atpa\u017einti l\u0117tai degan\u010dius gaisrus, kurie gali kilti per daugel\u012f valand\u0173, kol liepsnos tampa matomos. Tai nepakei\u010diamas prietaisas, u\u017etikrinantis j\u016bs\u0173 nam\u0173 saugum\u0105. Saugos u\u017etikrinimas \u201eShelly Plus Smoke\u201c [&#8230;]\n","protected":false},"featured_media":21842,"comment_status":"open","ping_status":"closed","template":"","meta":[],"product_brand":[551],"product_cat":[950],"product_tag":[],"class_list":{"0":"post-21841","1":"product","2":"type-product","3":"status-publish","4":"has-post-thumbnail","6":"product_brand-shelly","7":"product_cat-sensors","9":"first","10":"outofstock","11":"taxable","12":"shipping-taxable","13":"purchasable","14":"product-type-simple"},"aioseo_notices":[],"_links":{"self":[{"href":"https:\/\/asura.lv\/lt\/wp-json\/wp\/v2\/product\/21841","targetHints":{"allow":["GET"]}}],"collection":[{"href":"https:\/\/asura.lv\/lt\/wp-json\/wp\/v2\/product"}],"about":[{"href":"https:\/\/asura.lv\/lt\/wp-json\/wp\/v2\/types\/product"}],"replies":[{"embeddable":true,"href":"https:\/\/asura.lv\/lt\/wp-json\/wp\/v2\/comments?post=21841"}],"wp:featuredmedia":[{"embeddable":true,"href":"https:\/\/asura.lv\/lt\/wp-json\/wp\/v2\/media\/21842"}],"wp:attachment":[{"href":"https:\/\/asura.lv\/lt\/wp-json\/wp\/v2\/media?parent=21841"}],"wp:term":[{"taxonomy":"product_brand","embeddable":true,"href":"https:\/\/asura.lv\/lt\/wp-json\/wp\/v2\/product_brand?post=21841"},{"taxonomy":"product_cat","embeddable":true,"href":"https:\/\/asura.lv\/lt\/wp-json\/wp\/v2\/product_cat?post=21841"},{"taxonomy":"product_tag","embeddable":true,"href":"https:\/\/asura.lv\/lt\/wp-json\/wp\/v2\/product_tag?post=21841"}],"curies":[{"name":"wp","href":"https:\/\/api.w.org\/{rel}","templated":true}]}}