{"id":21859,"date":"2025-11-28T21:09:42","date_gmt":"2025-11-28T21:09:42","guid":{"rendered":"https:\/\/asura.lv\/product\/shelly-pro-3em-add-on\/"},"modified":"2025-12-12T15:39:52","modified_gmt":"2025-12-12T13:39:52","slug":"shelly-pro-3em-add-on","status":"publish","type":"product","link":"https:\/\/asura.lv\/lt\/produktas\/shelly-pro-3em-add-on\/","title":{"rendered":"Shelly Pro 3EM priedas"},"content":{"rendered":"<h3>\u201eShelly Pro 3EM\u201c priedas<\/h3>\n<p>\u201eShelly Pro 3EM\u201c jungiklio priedas yra galvani\u0161kai izoliuotas jungiklis, kuris i\u0161ple\u010dia \u201eShelly Pro 3EM\u201c \u012frengini\u0173 galimybes. Jis leid\u017eia patogiai valdyti jungtis ir kitus elektros prietaisus, suteikiant didesn\u012f lankstum\u0105 ir elektros energijos suvartojimo kontrol\u0119. Idealiai tinka naudoti butuose, daugiabu\u010diuose, komerciniuose, pramon\u0117s, \u017eem\u0117s \u016bkio, vie\u0161uosiuose ir \u0161vietimo sektoriuose.<\/p>\n<p><img decoding=\"async\" src=\"https:\/\/assets.innpro.pl\/2397\/2521\/1.jpg\" border=\"0\" alt=\"\"><\/p>\n<div class=\"table-wrapper\">\n<p>&nbsp;<\/p>\n<h3><\/h3>\n<table>\n<tbody>\n<tr>\n<th>Gamintojas<\/th>\n<td>Shelly<\/td>\n<\/tr>\n<tr>\n<th>Pavadinimas<\/th>\n<td>Shelly Pro 3EM jungiklio priedas<\/td>\n<\/tr>\n<tr>\n<th>Nuolatin\u0117s srov\u0117s maitinimo \u012ftampa<\/th>\n<td>3,3 V ir 12 V (i\u0161 \u201eShelly Pro 3EM\u201c \u012frenginio)<\/td>\n<\/tr>\n<tr>\n<th>Energijos suvartojimas<\/th>\n<td>< 1 P<\/td>\n<\/tr>\n<tr>\n<th>Did\u017eiausia kintamosios srov\u0117s perjungimo \u012ftampa<\/th>\n<td>240 V<\/td>\n<\/tr>\n<tr>\n<th>Did\u017eiausia nuolatin\u0117s srov\u0117s perjungimo \u012ftampa<\/th>\n<td>30 V<\/td>\n<\/tr>\n<tr>\n<th>Did\u017eiausia kintamosios srov\u0117s perjungimo srov\u0117<\/th>\n<td>2 A<\/td>\n<\/tr>\n<tr>\n<th>Did\u017eiausia nuolatin\u0117s srov\u0117s perjungimo srov\u0117<\/th>\n<td>2 A<\/td>\n<\/tr>\n<tr>\n<th>Vidinis temperat\u016bros jutiklis<\/th>\n<td>Taip<\/td>\n<\/tr>\n<tr>\n<th>Matmenys<\/th>\n<td>94 x 19 x 69 \u00b1 0,5 mm<\/td>\n<\/tr>\n<tr>\n<th>Svoris<\/th>\n<td>20 \u00b1 1 g<\/td>\n<\/tr>\n<tr>\n<th>Tvirtinimas<\/th>\n<td>DIN b\u0117gelis, montuojamas ant \u201eShelly Pro 3EM\u201c \u012frenginio<\/td>\n<\/tr>\n<tr>\n<th>Korpuso med\u017eiaga<\/th>\n<td>Plastikas<\/td>\n<\/tr>\n<tr>\n<th>Aplinkos temperat\u016bra<\/th>\n<td>Nuo -20 \u00b0C iki 40 \u00b0C<\/td>\n<\/tr>\n<tr>\n<th>Dr\u0117gm\u0117<\/th>\n<td>30\u201370 % santykin\u0117 oro dr\u0117gm\u0117<\/td>\n<\/tr>\n<tr>\n<th>Maksimalus auk\u0161tis<\/th>\n<td>2000 m<\/td>\n<\/tr>\n<\/tbody>\n<\/table>\n<\/div>\n","protected":false},"excerpt":{"rendered":"<p>\u201eShelly Pro 3EM\u201c priedas \u201eShelly Pro 3EM\u201c jungiklio priedas yra galvani\u0161kai izoliuotas jungiklis, kuris i\u0161ple\u010dia \u201eShelly Pro 3EM\u201c \u012frengini\u0173 galimybes. Jis leid\u017eia patogiai valdyti jungtis ir kitus elektros prietaisus, suteikiant didesn\u012f lankstum\u0105 ir elektros energijos suvartojimo kontrol\u0119. Idealiai tinka naudoti butuose, daugiabu\u010diuose, komerciniuose, pramon\u0117s, \u017eem\u0117s \u016bkio, vie\u0161uosiuose ir \u0161vietimo sektoriuose. &nbsp; Gamintojas Shelly Pavadinimas Shelly [&#8230;]\n","protected":false},"featured_media":21860,"comment_status":"open","ping_status":"closed","template":"","meta":[],"product_brand":[551],"product_cat":[959],"product_tag":[],"class_list":{"0":"post-21859","1":"product","2":"type-product","3":"status-publish","4":"has-post-thumbnail","6":"product_brand-shelly","7":"product_cat-accessories-smart-home","9":"first","10":"outofstock","11":"taxable","12":"shipping-taxable","13":"purchasable","14":"product-type-simple"},"aioseo_notices":[],"_links":{"self":[{"href":"https:\/\/asura.lv\/lt\/wp-json\/wp\/v2\/product\/21859","targetHints":{"allow":["GET"]}}],"collection":[{"href":"https:\/\/asura.lv\/lt\/wp-json\/wp\/v2\/product"}],"about":[{"href":"https:\/\/asura.lv\/lt\/wp-json\/wp\/v2\/types\/product"}],"replies":[{"embeddable":true,"href":"https:\/\/asura.lv\/lt\/wp-json\/wp\/v2\/comments?post=21859"}],"wp:featuredmedia":[{"embeddable":true,"href":"https:\/\/asura.lv\/lt\/wp-json\/wp\/v2\/media\/21860"}],"wp:attachment":[{"href":"https:\/\/asura.lv\/lt\/wp-json\/wp\/v2\/media?parent=21859"}],"wp:term":[{"taxonomy":"product_brand","embeddable":true,"href":"https:\/\/asura.lv\/lt\/wp-json\/wp\/v2\/product_brand?post=21859"},{"taxonomy":"product_cat","embeddable":true,"href":"https:\/\/asura.lv\/lt\/wp-json\/wp\/v2\/product_cat?post=21859"},{"taxonomy":"product_tag","embeddable":true,"href":"https:\/\/asura.lv\/lt\/wp-json\/wp\/v2\/product_tag?post=21859"}],"curies":[{"name":"wp","href":"https:\/\/api.w.org\/{rel}","templated":true}]}}