{"id":22075,"date":"2025-11-28T21:09:23","date_gmt":"2025-11-28T21:09:23","guid":{"rendered":"https:\/\/asura.lv\/product\/docking-station-choetech-hub-m14-for-macbook-pro-7-in-2-usb-c-thunderbolt-3-silver\/"},"modified":"2025-12-12T15:39:38","modified_gmt":"2025-12-12T13:39:38","slug":"docking-station-choetech-hub-m14-for-macbook-pro-7-in-2-usb-c-thunderbolt-3-silver","status":"publish","type":"product","link":"https:\/\/asura.lv\/lt\/produktas\/docking-station-choetech-hub-m14-for-macbook-pro-7-in-2-usb-c-thunderbolt-3-silver\/","title":{"rendered":"\u201eChoetech HUB-M14\u201c prijungimo stotel\u0117, skirta \u201eMacbook Pro\u201c, 7-in-2, USB-C, \u201eThunderbolt 3\u201c (sidabrin\u0117)"},"content":{"rendered":"<h3>\u201eChoetech HUB-M14\u201c prijungimo stotel\u0117, skirta \u201eMacbook Pro\u201c, 7-in-2 USB-C, \u201eThunderbolt 3\u201c (sidabrin\u0117)<\/h3>\n<p>\u201eChoetech M14\u201c i\u0161siskiria pla\u010dia s\u0105saja. \u0160akotuvas turi 2 USB-C\u2013HDMI prievadus, leid\u017eian\u010dius prijungti du monitorius arba televizori\u0173 4K@30 Hz rai\u0161ka, kad b\u016bt\u0173 u\u017etikrinta nuostabi vaizdo patirtis. Be to, yra TF\/SD prievadai, taip pat 2 USB-C ir 2 USB 3.0 prievadai, leid\u017eiantys vienu metu prijungti kelis \u012frenginius. Be to, prijungimo stotel\u0117 skirta \u201eMacBook Pro\u201c ir \u201eAir\u201c. <\/p>\n<p><img decoding=\"async\" src=\"https:\/\/b2b.innpro.pl\/data\/include\/cms\/Choetech\/HUB-M14\/3.jpg\" alt=\"Choetech\/HUB-M14\/3\"><\/p>\n<h3>Fail\u0173 perk\u0117limas<\/h3>\n<p>Naudokite \u0161akotuv\u0105, kad efektyviai perkeltum\u0117te failus, pvz., nuotraukas, vaizdo \u012fra\u0161us, dokumentus ir kt. USB 3.0 prievadai pasiekia maksimal\u0173 5 Gbps greit\u012f, o tai leid\u017eia greitai perkelti duomenis. Taip pat verta pamin\u0117ti USB-C prievadus, \u012fskaitant \u201eThunderbolt 3\u201c, kurie palaiko 5K rai\u0161k\u0105 60 Hz da\u017eniu ir tiekia energij\u0105 \u012frenginiams, kuri\u0173 maksimali galia yra PD100 vat\u0173.<\/p>\n<p><img decoding=\"async\" src=\"https:\/\/b2b.innpro.pl\/data\/include\/cms\/Choetech\/HUB-M14\/5.jpg\" alt=\"Choetech\/HUB-M14\/5\"><\/p>\n<h3>Prijunkite \u012fvairius \u012frenginius<\/h3>\n<p>\u0160akotuvas si\u016blo daug b\u016bd\u0173 prijungti skirtingus \u012frenginius. Prie prijungimo stotel\u0117s galite prijungti projektori\u0173, monitori\u0173, televizori\u0173, taip pat klaviat\u016br\u0105, pel\u0119, spausdintuv\u0105 ar i\u0161man\u0173j\u012f telefon\u0105. Palaikymas iki 2 TB atminties kortel\u0117ms leid\u017eia perduoti failus iki 104 Mbps grei\u010diu, o \u201ePlug&#038;Play\u201c funkcija u\u017etikrina paprast\u0105 s\u0105rank\u0105, nereikia diegti papildom\u0173 tvarkykli\u0173.<\/p>\n<p><img decoding=\"async\" src=\"https:\/\/b2b.innpro.pl\/data\/include\/cms\/Choetech\/HUB-M14\/1.jpg\" alt=\"Choetech\/HUB-M14\/1\"><\/p>\n<h3>Lengvas ir kompakti\u0161kas<\/h3>\n<p>Kitas \u0161akotuvo privalumas yra kompakti\u0161kas dizainas. Doko matmenys yra 115\u201328,9 mm, o tai rei\u0161kia, kad jis neu\u017eims daug vietos. Jis netrukdys naudojantis \u201eMacBook\u201c ir gal\u0117site j\u012f s\u0117kmingai \u012fsid\u0117ti \u012f ne\u0161iojamojo kompiuterio krep\u0161\u012f. Su M14 gausite daugyb\u0119 parink\u010di\u0173, kaip maksimaliai i\u0161naudoti savo \u201eMacBook Pro\u201c arba \u201eMacBook Air\u201c potencial\u0105.<\/p>\n<p><img decoding=\"async\" src=\"https:\/\/b2b.innpro.pl\/data\/include\/cms\/Choetech\/HUB-M14\/6.jpg\" alt=\"Choetech\/HUB-M14\/6\"><\/p>\n<div class=\"table-wrapper\">\n<table>\n<tbody>\n<tr>\n<th>Gamintojas<\/th>\n<td>Choetech<\/td>\n<\/tr>\n<tr>\n<th>Modelis<\/th>\n<td>M14<\/td>\n<\/tr>\n<tr>\n<th>Spalva<\/th>\n<td>sidabrin\u0117<\/td>\n<\/tr>\n<tr>\n<th>Med\u017eiaga<\/th>\n<td>aliuminio lydinys, ABS<\/td>\n<\/tr>\n<tr>\n<th>S\u0105saja<\/th>\n<td>2x USB-C \u012f HDMI, TF\/SD, 2x USB-C, 2x USB 3.0<\/td>\n<\/tr>\n<tr>\n<th>Rai\u0161ka<\/th>\n<td>4K @ 30 Hz<\/td>\n<\/tr>\n<tr>\n<th>USB 3.0<\/th>\n<td>5 Gbps (maks.)<\/td>\n<\/tr>\n<tr>\n<th>USB-C Thunderbolt 3<\/th>\n<td>40 Gbps, 5K 60 Hz, PD 87 W<\/td>\n<\/tr>\n<tr>\n<th>USB-C<\/th>\n<td>5 Gbps, PD 87 W<\/td>\n<\/tr>\n<tr>\n<th>Matmenys<\/th>\n<td>115 x 28,9 mm<\/td>\n<\/tr>\n<tr>\n<th>Suderinamumas<\/th>\n<td>MacBook Pro ir MacBook Air 2023\/2022\/2021\/2020\/2019\/2018<\/td>\n<\/tr>\n<tr>\n<th>Tinka atminties kortel\u0117ms<\/th>\n<td>Micro SD, Micro SDHC, Micro SDXC, SD, SDHC, SDXC<\/td>\n<\/tr>\n<\/tbody>\n<\/table>\n<\/div>\n","protected":false},"excerpt":{"rendered":"<p>\u201eChoetech HUB-M14\u201c prijungimo stotel\u0117, skirta \u201eMacbook Pro\u201c, 7-in-2 USB-C, \u201eThunderbolt 3\u201c (sidabrin\u0117) \u201eChoetech M14\u201c i\u0161siskiria pla\u010dia s\u0105saja. \u0160akotuvas turi 2 USB-C\u2013HDMI prievadus, leid\u017eian\u010dius prijungti du monitorius arba televizori\u0173 4K@30 Hz rai\u0161ka, kad b\u016bt\u0173 u\u017etikrinta nuostabi vaizdo patirtis. Be to, yra TF\/SD prievadai, taip pat 2 USB-C ir 2 USB 3.0 prievadai, leid\u017eiantys vienu metu prijungti [&#8230;]\n","protected":false},"featured_media":22076,"comment_status":"open","ping_status":"closed","template":"","meta":[],"product_brand":[445],"product_cat":[1337],"product_tag":[],"class_list":{"0":"post-22075","1":"product","2":"type-product","3":"status-publish","4":"has-post-thumbnail","6":"product_brand-choetech","7":"product_cat-docking-stations","9":"first","10":"outofstock","11":"taxable","12":"shipping-taxable","13":"purchasable","14":"product-type-simple"},"aioseo_notices":[],"_links":{"self":[{"href":"https:\/\/asura.lv\/lt\/wp-json\/wp\/v2\/product\/22075","targetHints":{"allow":["GET"]}}],"collection":[{"href":"https:\/\/asura.lv\/lt\/wp-json\/wp\/v2\/product"}],"about":[{"href":"https:\/\/asura.lv\/lt\/wp-json\/wp\/v2\/types\/product"}],"replies":[{"embeddable":true,"href":"https:\/\/asura.lv\/lt\/wp-json\/wp\/v2\/comments?post=22075"}],"wp:featuredmedia":[{"embeddable":true,"href":"https:\/\/asura.lv\/lt\/wp-json\/wp\/v2\/media\/22076"}],"wp:attachment":[{"href":"https:\/\/asura.lv\/lt\/wp-json\/wp\/v2\/media?parent=22075"}],"wp:term":[{"taxonomy":"product_brand","embeddable":true,"href":"https:\/\/asura.lv\/lt\/wp-json\/wp\/v2\/product_brand?post=22075"},{"taxonomy":"product_cat","embeddable":true,"href":"https:\/\/asura.lv\/lt\/wp-json\/wp\/v2\/product_cat?post=22075"},{"taxonomy":"product_tag","embeddable":true,"href":"https:\/\/asura.lv\/lt\/wp-json\/wp\/v2\/product_tag?post=22075"}],"curies":[{"name":"wp","href":"https:\/\/api.w.org\/{rel}","templated":true}]}}