{"id":22081,"date":"2025-11-28T21:09:22","date_gmt":"2025-11-28T21:09:22","guid":{"rendered":"https:\/\/asura.lv\/product\/smartwatch-zeblaze-vibe-7-pro-black\/"},"modified":"2025-12-12T15:39:36","modified_gmt":"2025-12-12T13:39:36","slug":"smartwatch-zeblaze-vibe-7-pro-black","status":"publish","type":"product","link":"https:\/\/asura.lv\/lt\/produktas\/smartwatch-zeblaze-vibe-7-pro-black\/","title":{"rendered":"I\u0161manusis laikrodis \u201eZeblaze VIBE 7 Pro\u201c (juodas)"},"content":{"rendered":"<h3>I\u0161manusis laikrodis \u201eZeblaze VIBE 7 Pro\u201c (juodas)<\/h3>\n<p>Pristatome \u201eZeblaze VIBE 7 Pro\u201c \u2013 i\u0161man\u0173j\u012f laikrod\u012f, kuriame suderintos pa\u017eangios technologijos ir karinio stiliaus dizainas. \u012erengtas \u012fsp\u016bdingu 1,43 colio \u201eUltra HD AMOLED\u201c ekranu, jis yra atsparus vandeniui ir dulk\u0117ms (3 ATM ir IP69K). Tur\u0117damas galing\u0105 400 mAh baterij\u0105, jis pasiruo\u0161\u0119s patenkinti aktyvaus gyvenimo b\u016bdo poreikius. Sveikatos steb\u0117jimo funkcijos, daugyb\u0117 sporto re\u017eim\u0173 ir \u201eBluetooth 5.1\u201c ry\u0161ys paver\u010dia \u201eVIBE 7 Pro\u201c puikiu palydovu tiek kasdienei veiklai, tiek intensyvioms treniruot\u0117ms.<\/p>\n<p><img decoding=\"async\" src=\"https:\/\/b2b.innpro.pl\/data\/include\/cms\/Zeblaze\/VIBE-7-Pro-Black\/3.jpg\" alt=\"Zeblaze\/VIBE-7-Pro-Black\/3\"><\/p>\n<h3>Patikima technologija<\/h3>\n<p>\u201eZeblaze VIBE 7 Pro\u201c yra patvarumo ir patikimumo sinonimas. Cinko lydinio korpusas ir \u201eCorning\u00ae Gorilla\u00ae Glass\u201c stiklas u\u017etikrina atsparum\u0105 kasdieniam naudojimui. Atsparumas vandeniui ir dulk\u0117ms (3 ATM ir IP69K) leid\u017eia laikrod\u012f naudoti bet kokiomis s\u0105lygomis. Laikrodis sukurtas veikti ekstremalioje temperat\u016broje (-40 \u00b0C\u201355 \u00b0C), tod\u0117l galite u\u017etikrintai tyrin\u0117ti stingdan\u010dius kra\u0161tovaizd\u017eius ir kar\u0161tomis dienomis u\u017esiimti sportu lauke.<\/p>\n<p><img decoding=\"async\" src=\"https:\/\/b2b.innpro.pl\/data\/include\/cms\/Zeblaze\/VIBE-7-Pro-Black\/5.jpg\" alt=\"Zeblaze\/VIBE-7-Pro-Black\/5\"><\/p>\n<h3>J\u016bs\u0173 sveikatos centras<\/h3>\n<p>\u0160is laikrodis skirtas ne tik laikui rodyti. Pa\u017eangios sveikatos steb\u0117jimo funkcijos, \u012fskaitant nuolatin\u012f \u0161irdies ritmo steb\u0117jim\u0105, deguonies lygio kraujyje (SpO2) steb\u0117jim\u0105, miego kokyb\u0117s steb\u0117jim\u0105 ir \u012fsp\u0117jimus apie nenormal\u0173 \u0161irdies ritm\u0105, paver\u010dia \u201eZeblaze VIBE 7 Pro\u201c j\u016bs\u0173 asmeniniu sveikatos asistentu. Tokios funkcijos kaip kv\u0117pavimo pratimai, moter\u0173 sveikatos steb\u0117jimas ir sudegint\u0173 kalorij\u0173 matavimas u\u017etikrina visapusi\u0161k\u0105 j\u016bs\u0173 gerov\u0117s prie\u017ei\u016br\u0105.<\/p>\n<p><img decoding=\"async\" src=\"https:\/\/b2b.innpro.pl\/data\/include\/cms\/Zeblaze\/VIBE-7-Pro-Black\/7.jpg\" alt=\"Zeblaze\/VIBE-7-Pro-Black\/7\"><\/p>\n<h3>Patogios kasdien\u0117s funkcijos<\/h3>\n<p>\u201eVIBE 7 Pro\u201c taip pat yra j\u016bs\u0173 asmeninis asistentas. Galite tiesiogiai laikrodyje per\u017ei\u016br\u0117ti telefono prane\u0161imus ir valdyti i\u0161maniojo telefono muzik\u0105 bei kamer\u0105. Be to, i\u0161manusis laikrodis primins jums gerti vanden\u012f, pateiks or\u0173 prognozes ateinan\u010dioms dienoms ir pad\u0117s rasti telefon\u0105 per program\u0117l\u0119. \u201eZeblaze VIBE 7 Pro\u201c supaprastina kasdieni\u0173 u\u017eduo\u010di\u0173 valdym\u0105, suteikdamas jums daugiau laiko tam, kas i\u0161 ties\u0173 svarbu.<\/p>\n<p><img decoding=\"async\" src=\"https:\/\/b2b.innpro.pl\/data\/include\/cms\/Zeblaze\/VIBE-7-Pro-Black\/1.jpg\" alt=\"Zeblaze\/VIBE-7-Pro-Black\/1\"><\/p>\n<h3>Sporto palaikymas<\/h3>\n<p>I\u0161manusis laikrodis turi daugiau nei 100 sporto re\u017eim\u0173 \u2013 nuo \u200b\u200b\u0117jimo iki slidin\u0117jimo, tod\u0117l jis idealiai tinka \u012fvairiai veiklai. Steb\u0117jimo funkcijos, tokios kaip \u017eingsni\u0173 skai\u010diavimas, stov\u0117jimo laikas, jud\u0117jimo priminimas ir automatinis \u017eingsni\u0173 koregavimas, leid\u017eia optimizuoti kasdien\u0119 veikl\u0105 pagal individualius poreikius ir tikslus.<\/p>\n<p><img decoding=\"async\" src=\"https:\/\/b2b.innpro.pl\/data\/include\/cms\/Zeblaze\/VIBE-7-Pro-Black\/4.jpg\" alt=\"Zeblaze\/VIBE-7-Pro-Black\/4\"><\/p>\n<h3>Parodykite savo asmenin\u012f stili\u0173<\/h3>\n<p>Tur\u0117dami daugiau nei 100 galim\u0173 laikrod\u017eio ciferblato tem\u0173, galite pritaikyti \u201eVibe 7 Pro\u201c i\u0161vaizd\u0105 pagal savo stili\u0173. Taip pat yra visada \u012fjungto ekrano (AOD) re\u017eimas, u\u017etikrinantis, kad vis\u0105 par\u0105 tur\u0117tum\u0117te prieig\u0105 prie svarbiausios informacijos. Be to, patogus skysto silikono dir\u017eelis su reguliuojamu dyd\u017eiu (150\u2013205 mm) u\u017etikrina patog\u0173 ne\u0161iojim\u0105 vis\u0105 dien\u0105.<\/p>\n<p><img decoding=\"async\" src=\"https:\/\/b2b.innpro.pl\/data\/include\/cms\/Zeblaze\/VIBE-7-Pro-Black\/2.jpg\" alt=\"Zeblaze\/VIBE-7-Pro-Black\/2\"><\/p>\n<h3>Didelis na\u0161umas<\/h3>\n<p>\u201eZeblaze VIBE 7 Pro\u201c si\u016blo \u012fsp\u016bding\u0105 baterijos veikimo laik\u0105: iki 30 dien\u0173 energijos taupymo re\u017eimu, iki 14 dien\u0173 \u012fprastu naudojimu ir iki 485 minu\u010di\u0173 nepertraukiam\u0173 balso skambu\u010di\u0173. Jo baterija greitai \u012fsikrauna, u\u017etikrindama nepertraukiam\u0105 veikim\u0105 vis\u0105 dien\u0105.<\/p>\n<p><img decoding=\"async\" src=\"https:\/\/b2b.innpro.pl\/data\/include\/cms\/Zeblaze\/VIBE-7-Pro-Black\/9.jpg\" alt=\"Zeblaze\/VIBE-7-Pro-Black\/9\"><\/p>\n<h3>\u012e komplekt\u0105 \u012feina<\/h3>\n<ul>\n<li>I\u0161manusis laikrodis<\/li>\n<li>Skysto silikono dir\u017eelis<\/li>\n<li>\u012ekrovimo laidas<\/li>\n<li>Naudotojo vadovas<\/li>\n<\/ul>\n<div class=\"table-wrapper\">\n<table>\n<tbody>\n<tr>\n<th>Gamintojas<\/th>\n<td>Zeblaze<\/td>\n<\/tr>\n<tr>\n<th>Modelis<\/th>\n<td>Vibe 7 Pro<\/td>\n<\/tr>\n<tr>\n<th>Spalva<\/th>\n<td>Juoda<\/td>\n<\/tr>\n<tr>\n<th>\n<h3>EKRANAS<\/h3>\n<\/th>\n<td>B\u00a0<\/td>\n<\/tr>\n<tr>\n<th>Tipas<\/th>\n<td>AMOLED<\/td>\n<\/tr>\n<tr>\n<th>Dydis<\/th>\n<td>1,43 colio<\/td>\n<\/tr>\n<tr>\n<th>Visada \u012fjungto ekrano (AOD) palaikymas<\/th>\n<td>Taip<\/td>\n<\/tr>\n<tr>\n<th>Rai\u0161ka<\/th>\n<td>466 x 466 pikseli\u0173, 391 PPI, iki 1000 nit\u0173 ry\u0161kumas<\/td>\n<\/tr>\n<tr>\n<th>Stiklas<\/th>\n<td>Corning\u00ae Gorilla\u00ae Stiklas<\/td>\n<\/tr>\n<tr>\n<th>\n<h3>JUTIKLIAI<\/h3>\n<\/th>\n<td>\u0412\u00a0<\/td>\n<\/tr>\n<tr>\n<th>Sveikata ir k\u016bno rengyba<\/th>\n<td>Rie\u0161o \u0161irdies ritmo matuoklis, kraujo deguonies SpO2 jutiklis, artumo jutiklis, akselerometras<\/td>\n<\/tr>\n<tr>\n<th>\n<h3>BLUETOOTH<\/h3>\n<\/th>\n<td>\u0412\u00a0<\/td>\n<\/tr>\n<tr>\n<th>\u201eBluetooth\u201c versija<\/th>\n<td>BLE 5.1<\/td>\n<\/tr>\n<tr>\n<th>\n<h3>BATERIJA<\/h3>\n<\/th>\n<td>\u0412\u00a0<\/td>\n<\/tr>\n<tr>\n<th>Baterijos talpa<\/th>\n<td>400 mAh<\/td>\n<\/tr>\n<tr>\n<th>Baterija Tipas<\/th>\n<td>Li\u010dio polimeras<\/td>\n<\/tr>\n<tr>\n<th>Naudojimo laikas<\/th>\n<td>Energijos taupymo re\u017eimas: iki 30 dien\u0173; <br \/>Kasdienis naudojimas: iki 14 dien\u0173; <br \/>Intensyvus naudojimas: iki 7 dien\u0173; <br \/>Nuolatinis pokalbi\u0173 laikas: iki 485 minu\u010di\u0173<\/td>\n<\/tr>\n<tr>\n<th>\u012ekrovimo laikas<\/th>\n<td>Ma\u017edaug 1,5 valandos<\/td>\n<\/tr>\n<tr>\n<th>\n<h3>PROGRAM\u0116L\u0116<\/h3>\n<\/th>\n<td>\u0412\u00a0<\/td>\n<\/tr>\n<tr>\n<th>Pavadinimas<\/th>\n<td>FitCloudPro<\/td>\n<\/tr>\n<tr>\n<th>Suderinamumas<\/th>\n<td>\u201eAndroid 5.0\u201c arba \u201eiOS 10.0\u201c ir naujesnis<\/td>\n<\/tr>\n<tr>\n<th>\n<h3>KALBOS<\/h3>\n<\/th>\n<td>\u0412\u00a0<\/td>\n<\/tr>\n<tr>\n<th>Sistemos kalbos<\/th>\n<td>angl\u0173, portugal\u0173, turk\u0173, ispan\u0173, rus\u0173, vokie\u010di\u0173, ital\u0173, pranc\u016bz\u0173, japon\u0173, lenk\u0173, arab\u0173, hebraj\u0173, kin\u0173<\/td>\n<\/tr>\n<tr>\n<th>\u201eFitCloudPro\u201c program\u0117l\u0117s palaikomos kalbos<\/th>\n<td>angl\u0173, portugal\u0173, turk\u0173, rus\u0173, vokie\u010di\u0173, kor\u0117jie\u010di\u0173, ispan\u0173, lenk\u0173, pranc\u016bz\u0173, \u010dek\u0173, rumun\u0173, mongol\u0173, slovak\u0173, tailandie\u010di\u0173, ukrainie\u010di\u0173, hebraj\u0173, ital\u0173, indonezie\u010di\u0173, arab\u0173, japon\u0173, supaprastinta kin\u0173, tradicin\u0117 kin\u0173<\/td>\n<\/tr>\n<tr>\n<th>Prane\u0161imai i\u0161 karto<\/th>\n<td>angl\u0173, portugal\u0173, turk\u0173, vokie\u010di\u0173, pranc\u016bz\u0173, arab\u0173, \u010dek\u0173, graik\u0173, ispan\u0173, japon\u0173, pers\u0173, ital\u0173, kor\u0117jie\u010di\u0173, oland\u0173, lenk\u0173, rus\u0173, suomi\u0173, \u0161ved\u0173, tailandie\u010di\u0173, vengr\u0173, slovak\u0173, kroat\u0173, alban\u0173, ukrainie\u010di\u0173, hindi, supaprastinta kin\u0173, tradicin\u0117 Kin\u0173 k.<\/td>\n<\/tr>\n<tr>\n<th>\n<h3>FUNKCIJOS<\/h3>\n<\/th>\n<td>\u0412\u00a0<\/td>\n<\/tr>\n<tr>\n<th>Laikrodis<\/th>\n<td>Laikas \/ data, automatinis vasaros laiko perjungimas, chronometras, atgalinis laikmatis, \u017eadintuvas<\/td>\n<\/tr>\n<tr>\n<th>Sveikatos steb\u0117jimas<\/th>\n<td>Nuolatinis rie\u0161o \u0161irdies ritmo matavimas, kasdienis ramyb\u0117s b\u016bsenos \u0161irdies ritmas, \u012fsp\u0117jimai apie nenormal\u0173 \u0161irdies ritm\u0105, kraujo deguonies SpO2 matavimas, kv\u0117pavimo treniruot\u0117s, moter\u0173 sveikatos steb\u0117jimas, kalorij\u0173 deginimo matavimas<\/td>\n<\/tr>\n<tr>\n<th>Balso skambu\u010di\u0173 funkcijos<\/th>\n<td>Numerio rinkimas vienu paspaudimu, balso skambu\u010diai, balso asistentas, skaitmenin\u0117 klaviat\u016bra, skambu\u010di\u0173 istorija, kontaktai, skambu\u010di\u0173 atmetimas<\/td>\n<\/tr>\n<tr>\n<th>I\u0161maniosios funkcijos<\/th>\n<td>Prane\u0161imai (skambu\u010diai, SMS, \u201eGmail\u201c ir program\u0117li\u0173 prane\u0161imai), or\u0173 sinchronizavimas, i\u0161maniojo telefono muzikos ir kameros valdymas, \u201eRasti mano telefon\u0105\u201c, \u201eRasti mano telefon\u0105\u201c Laikrodis, re\u017eimas \u201eNetrukdyti\u201c, priminimas apie vandens g\u0117rim\u0105, skai\u010diuotuvas, program\u0117l\u0117s atsisiuntimas<\/td>\n<\/tr>\n<tr>\n<th>Aktyvumo steb\u0117jimas<\/th>\n<td>Aktyvumo \u012fra\u0161ymas, \u017eingsni\u0173 skaitiklis, s\u0117d\u0117jimo laikas, jud\u0117jimo juosta (atstatoma po neaktyvumo laikotarpi\u0173; kelias minutes einant, ji atstatoma), automati\u0161kai koreguojamas \u017eingsni\u0173 tikslas pagal j\u016bs\u0173 aktyvum\u0105, sudegintos kalorijos, tempo ir atstumo matavimas realiuoju laiku<\/td>\n<\/tr>\n<tr>\n<th>\n<h3>LAIKROD\u017dIO CIFERAI<\/h3>\n<\/th>\n<td>\u0412\u00a0<\/td>\n<\/tr>\n<tr>\n<th>Sistema<\/th>\n<td>Numatytasis 3<\/td>\n<\/tr>\n<tr>\n<th>Visada rodomo (AOD) funkcija<\/th>\n<td>2<\/td>\n<\/tr>\n<tr>\n<th>Sinchronizavimas su program\u0117le<\/th>\n<td>Daugiau nei 100 pasirinkim\u0173<\/td>\n<\/tr>\n<tr>\n<th>Laikrod\u017eio ciferblato pritaikymas I\u0161vaizda<\/th>\n<td>Taip<\/td>\n<\/tr>\n<tr>\n<th>Tem\u0173 stiliai<\/th>\n<td>S\u0105ra\u0161o meniu, Karusel\u0117s meniu, Lanko meniu<\/td>\n<\/tr>\n<tr>\n<th>\n<h3>SPORTAS<\/h3>\n<\/th>\n<td>B\u00a0<\/td>\n<\/tr>\n<tr>\n<th>Sistemos sporto re\u017eimai<\/th>\n<td>\u0116jimas, b\u0117gimas, b\u0117gimas lauke, va\u017eiavimas dvira\u010diu, laipiojimas, j\u0117gos treniruot\u0117s, krep\u0161inis, badmintonas, elipsinis treniruoklis, stalo tenisas, joga, \u0161okdyn\u0117, irklavimas, tenisas, beisbolas, regbis, kriketas, va\u017eiavimas automobiliu be treniruoklio, treniruoklis dvira\u010diu<\/td>\n<\/tr>\n<tr>\n<th>Sporto re\u017eimai, pasiekiami \u201eFitCloudPro\u201c program\u0117l\u0117je<\/th>\n<td>Futbolas, plaukimas, b\u0117gimo takelis, treniruot\u0117s be \u012frangos, aerobika, \u0117jimas b\u0117gimo takeliu, va\u017eiavimas dvira\u010diu patalpoje, \u0161okiai, prit\u016bpimai, hula hoop, golfas, \u0161uolis \u012f tol\u012f, tinklinis, \u017eingsneliai, jodin\u0117jimas, \u017eol\u0117s riedulys, tai\u010di, plunksnin\u0117 lazda, boksas, vaik\u0161\u010diojimas lauke, b\u0117gimas krosu, slidin\u0117jimas, gimnastika, ledo ritulys, tekvondo, maksimalus deguonies suvartojimas, \u0117jimas, laipiojimas, lengvoji atletika, juosmens ir pilvo raumen\u0173 treniravimas, karat\u0117, \u017evejyba ir atsipalaidavimas, pilatesas, krosfitas, funkcin\u0117s treniruot\u0117s, fizinis lavinimas, \u0161audymas i\u0161 lanko, lankstumas, aerobiniai pratimai, gatv\u0117s \u0161okiai, laisvalaikio sportas, baletas, Australijos futbolas, kovos menai, lipimas laiptais, rankinis, boulingas, kerlingas, med\u017eiokl\u0117, snieglen\u010di\u0173 sportas, laisvalaikio sportas, amerikieti\u0161kas futbolas, va\u017eiavimas dvira\u010diu, \u017evejyba, frisbis, liaudies \u0161okiai, kaln\u0173 slidin\u0117jimas, \u017eiemos sportas, atpalaiduojanti galvos meditacija, korpuso raumen\u0173 treniravimas, \u010diuo\u017eimas ant ledo, fitneso \u017eaidimai, grupin\u0117 aerobika, kovin\u0117 gimnastika, lakrosas, put\u0173 volelis, imtyn\u0117s, softbolas, \u010diuo\u017eimas \u010diuo\u017eimu, futbolas, smiginis, tinklinis, HIIT treniruot\u0117s, \u0161audymas, dziu-d\u017eitsu, riedlen\u010di\u0173 sportas, subalansuotas dviratis, riedu\u010diai, park\u016bras, nardymas, nardymas su vamzdeliu, prisitraukimai, atsispaudimai, lenta, laipiojimas uolomis, \u0161uolis \u012f tol\u012f, \u0161uoliai su guma. maratonas<\/td>\n<\/tr>\n<tr>\n<th>\n<h3>MED\u017dIAGA<\/h3>\n<\/th>\n<td>\u0412\u00a0<\/td>\n<\/tr>\n<tr>\n<th>Korpuso med\u017eiaga<\/th>\n<td>Cinko lydinys<\/td>\n<\/tr>\n<tr>\n<th>Sag\u010di\u0173 med\u017eiaga<\/th>\n<td>Cinko lydinys<\/td>\n<\/tr>\n<tr>\n<th>Sagties med\u017eiaga<\/th>\n<td>Ner\u016bdijantis plienas<\/td>\n<\/tr>\n<tr>\n<th>\n<h3>DIR\u017dELIS<\/h3>\n<\/th>\n<td>\u0412\u00a0<\/td>\n<\/tr>\n<tr>\n<th>Dir\u017eelio med\u017eiaga<\/th>\n<td>Lygus silikonas<\/td>\n<\/tr>\n<tr>\n<th>Suderinamas rie\u0161o apimtis<\/th>\n<td>Nuo 150 iki 205 mm<\/td>\n<\/tr>\n<tr>\n<th>\n<h3>MATMENYS<\/h3>\n<\/th>\n<td>B\u00a0<\/td>\n<\/tr>\n<tr>\n<th>Laikrod\u017eio ciferblato matmenys<\/th>\n<td>56 x 49 x 14,3 mm<\/td>\n<\/tr>\n<tr>\n<th>Svoris<\/th>\n<td>76,2 g su dir\u017eeliu, 54,7 g be dir\u017eelio<\/td>\n<\/tr>\n<tr>\n<th>\n<h3>PATVARUMAS<\/h3>\n<\/th>\n<td>B\u00a0<\/td>\n<\/tr>\n<tr>\n<th>Atsparumas vandeniui<\/th>\n<td>3 ATM (30 m) ir IP69K<\/td>\n<\/tr>\n<tr>\n<th>Darbin\u0117 temperat\u016bra<\/th>\n<td>Nuo -40 \u00b0C iki 55 \u00b0C (temperat\u016bra \u017eemesn\u0117 nei -40 \u00b0C gali tur\u0117ti \u012ftakos baterijos veikimo laikui ir i\u0161maniojo laikrod\u017eio veikimui)<\/td>\n<\/tr>\n<tr>\n<th>\n<h3>KITA<\/h3>\n<\/th>\n<td>B\u00a0<\/td>\n<\/tr>\n<tr>\n<th>Lustas<\/th>\n<td>Realtek 8763EW<\/td>\n<\/tr>\n<\/tbody>\n<\/table>\n<\/div>\n","protected":false},"excerpt":{"rendered":"<p>I\u0161manusis laikrodis \u201eZeblaze VIBE 7 Pro\u201c (juodas) Pristatome \u201eZeblaze VIBE 7 Pro\u201c \u2013 i\u0161man\u0173j\u012f laikrod\u012f, kuriame suderintos pa\u017eangios technologijos ir karinio stiliaus dizainas. \u012erengtas \u012fsp\u016bdingu 1,43 colio \u201eUltra HD AMOLED\u201c ekranu, jis yra atsparus vandeniui ir dulk\u0117ms (3 ATM ir IP69K). Tur\u0117damas galing\u0105 400 mAh baterij\u0105, jis pasiruo\u0161\u0119s patenkinti aktyvaus gyvenimo b\u016bdo poreikius. Sveikatos steb\u0117jimo [&#8230;]\n","protected":false},"featured_media":22082,"comment_status":"open","ping_status":"closed","template":"","meta":[],"product_brand":[546],"product_cat":[986],"product_tag":[],"class_list":{"0":"post-22081","1":"product","2":"type-product","3":"status-publish","4":"has-post-thumbnail","6":"product_brand-zeblaze","7":"product_cat-smartwatches-smartwatches","9":"first","10":"outofstock","11":"taxable","12":"shipping-taxable","13":"purchasable","14":"product-type-simple"},"aioseo_notices":[],"_links":{"self":[{"href":"https:\/\/asura.lv\/lt\/wp-json\/wp\/v2\/product\/22081","targetHints":{"allow":["GET"]}}],"collection":[{"href":"https:\/\/asura.lv\/lt\/wp-json\/wp\/v2\/product"}],"about":[{"href":"https:\/\/asura.lv\/lt\/wp-json\/wp\/v2\/types\/product"}],"replies":[{"embeddable":true,"href":"https:\/\/asura.lv\/lt\/wp-json\/wp\/v2\/comments?post=22081"}],"wp:featuredmedia":[{"embeddable":true,"href":"https:\/\/asura.lv\/lt\/wp-json\/wp\/v2\/media\/22082"}],"wp:attachment":[{"href":"https:\/\/asura.lv\/lt\/wp-json\/wp\/v2\/media?parent=22081"}],"wp:term":[{"taxonomy":"product_brand","embeddable":true,"href":"https:\/\/asura.lv\/lt\/wp-json\/wp\/v2\/product_brand?post=22081"},{"taxonomy":"product_cat","embeddable":true,"href":"https:\/\/asura.lv\/lt\/wp-json\/wp\/v2\/product_cat?post=22081"},{"taxonomy":"product_tag","embeddable":true,"href":"https:\/\/asura.lv\/lt\/wp-json\/wp\/v2\/product_tag?post=22081"}],"curies":[{"name":"wp","href":"https:\/\/api.w.org\/{rel}","templated":true}]}}