{"id":22165,"date":"2025-11-28T21:08:23","date_gmt":"2025-11-28T21:08:23","guid":{"rendered":"https:\/\/asura.lv\/product\/hdmi-to-dvi-241-cable-vention-abfbj-5m-4k-60hz-1080p-60hz-black\/"},"modified":"2025-12-12T15:38:50","modified_gmt":"2025-12-12T13:38:50","slug":"hdmi-to-dvi-241-cable-vention-abfbj-5m-4k-60hz-1080p-60hz-black","status":"publish","type":"product","link":"https:\/\/asura.lv\/lt\/produktas\/hdmi-to-dvi-241-cable-vention-abfbj-5m-4k-60hz-1080p-60hz-black\/","title":{"rendered":"HDMI \u012f DVI (24+1) kabelis Vention ABFBJ 5m, 4K 60Hz\/ 1080P 60Hz (juodas)"},"content":{"rendered":"<h3>HDMI \u012f DVI (24+1) laidas \u201eVention ABFBJ\u201c 5 m, 4K 60 Hz \/ 1080P 60 Hz (juodas).<\/h3>\n<\/p>\n<p>M\u0117gaukit\u0117s auk\u0161ta vaizdo kokybe. \u201eVention\u201c HDMI \u012f DVI laidas palaiko 1080p skiriam\u0105j\u0105 geb\u0105 ir TMDS technologij\u0105, tod\u0117l u\u017etikrina neprilygstam\u0105 sklandum\u0105 ir sodrias detales. Jis taip pat si\u016blo dvikrypt\u012f perdavim\u0105, tod\u0117l galite j\u012f naudoti \u012fvairiais b\u016bdais. Prijunkite savo i\u0161man\u0173j\u012f pried\u0117l\u012f arba \u017eaidim\u0173 konsol\u0119 prie televizoriaus ir m\u0117gaukit\u0117s dar daugiau \u017ei\u016br\u0117dami filmus ar \u017eaisdami \u017eaidimus! Kabelis taip pat labai patvarus \u2013 patvaraus PVC plastiko danga efektyviai apsaugo j\u012f nuo pa\u017eeidim\u0173.<\/p>\n<\/p>\n<p>\n<img decoding=\"async\" border=\"0\" src=\"https:\/\/assets.innpro.pl\/5028\/5906\/5.jpg\"\/>\n<\/p>\n<div class=\"table-wrapper\">\n<p>B\u00a0<\/p>\n<h3><\/h3>\n<table>\n<tbody>\n<tr>\n<th>Gamintojas<\/th>\n<td>Ventiliacija<\/td>\n<\/tr>\n<tr>\n<th>Modelis<\/th>\n<td>ABFBJ<\/td>\n<\/tr>\n<tr>\n<th>Spalva<\/th>\n<td>Juoda<\/td>\n<\/tr>\n<tr>\n<th>Tipas<\/th>\n<td>HDMI ki\u0161tukas \u012f DVI (24+1) ki\u0161tuk\u0105<\/td>\n<\/tr>\n<tr>\n<th>Rai\u0161ka<\/th>\n<td>DVI \u012f HDMI: 4K@60Hz \/ HDMI \u012f DVI: 1080P@60Hz<\/td>\n<\/tr>\n<tr>\n<th>Med\u017eiaga<\/th>\n<td>PVC<\/td>\n<\/tr>\n<tr>\n<th>Laido ilgis<\/th>\n<td>5 m<\/td>\n<\/tr>\n<\/tbody>\n<\/table>\n<\/div>\n","protected":false},"excerpt":{"rendered":"<p>HDMI \u012f DVI (24+1) laidas \u201eVention ABFBJ\u201c 5 m, 4K 60 Hz \/ 1080P 60 Hz (juodas). M\u0117gaukit\u0117s auk\u0161ta vaizdo kokybe. \u201eVention\u201c HDMI \u012f DVI laidas palaiko 1080p skiriam\u0105j\u0105 geb\u0105 ir TMDS technologij\u0105, tod\u0117l u\u017etikrina neprilygstam\u0105 sklandum\u0105 ir sodrias detales. Jis taip pat si\u016blo dvikrypt\u012f perdavim\u0105, tod\u0117l galite j\u012f naudoti \u012fvairiais b\u016bdais. Prijunkite savo i\u0161man\u0173j\u012f [&#8230;]\n","protected":false},"featured_media":22166,"comment_status":"open","ping_status":"closed","template":"","meta":[],"product_brand":[474],"product_cat":[1493],"product_tag":[],"class_list":{"0":"post-22165","1":"product","2":"type-product","3":"status-publish","4":"has-post-thumbnail","6":"product_brand-vention","7":"product_cat-video-cables-cables","9":"first","10":"outofstock","11":"taxable","12":"shipping-taxable","13":"purchasable","14":"product-type-simple"},"aioseo_notices":[],"_links":{"self":[{"href":"https:\/\/asura.lv\/lt\/wp-json\/wp\/v2\/product\/22165","targetHints":{"allow":["GET"]}}],"collection":[{"href":"https:\/\/asura.lv\/lt\/wp-json\/wp\/v2\/product"}],"about":[{"href":"https:\/\/asura.lv\/lt\/wp-json\/wp\/v2\/types\/product"}],"replies":[{"embeddable":true,"href":"https:\/\/asura.lv\/lt\/wp-json\/wp\/v2\/comments?post=22165"}],"wp:featuredmedia":[{"embeddable":true,"href":"https:\/\/asura.lv\/lt\/wp-json\/wp\/v2\/media\/22166"}],"wp:attachment":[{"href":"https:\/\/asura.lv\/lt\/wp-json\/wp\/v2\/media?parent=22165"}],"wp:term":[{"taxonomy":"product_brand","embeddable":true,"href":"https:\/\/asura.lv\/lt\/wp-json\/wp\/v2\/product_brand?post=22165"},{"taxonomy":"product_cat","embeddable":true,"href":"https:\/\/asura.lv\/lt\/wp-json\/wp\/v2\/product_cat?post=22165"},{"taxonomy":"product_tag","embeddable":true,"href":"https:\/\/asura.lv\/lt\/wp-json\/wp\/v2\/product_tag?post=22165"}],"curies":[{"name":"wp","href":"https:\/\/api.w.org\/{rel}","templated":true}]}}