{"id":22243,"date":"2025-11-28T21:08:17","date_gmt":"2025-11-28T21:08:17","guid":{"rendered":"https:\/\/asura.lv\/product\/hdmi-2-0-male-to-hdmi-2-0-female-extension-cable-vention-ahcbj-5m-4k-60hz-black\/"},"modified":"2025-12-12T15:38:45","modified_gmt":"2025-12-12T13:38:45","slug":"hdmi-2-0-male-to-hdmi-2-0-female-extension-cable-vention-ahcbj-5m-4k-60hz-black","status":"publish","type":"product","link":"https:\/\/asura.lv\/lt\/produktas\/hdmi-2-0-male-to-hdmi-2-0-female-extension-cable-vention-ahcbj-5m-4k-60hz-black\/","title":{"rendered":"HDMI 2.0 ki\u0161tukas \u012f HDMI 2.0 ki\u0161tuk\u0105, jungtis \u2013 lizdas, 5 m, 4K 60Hz, (juodas)"},"content":{"rendered":"<h3>\u201eVention AHCBJ 4K HD 5 m\u201c HDMI prailginimo kabelis<\/h3>\n<p>\u201eVention HDMI\u201c prailginimo kabelis pad\u0117s i\u0161spr\u0119sti per trump\u0173 kabeli\u0173 problem\u0105. Jis palaiko 4K rai\u0161k\u0105, u\u017etikrindamas auk\u0161tos kokyb\u0117s vaizd\u0105, o trigubas ekranavimas suteikia neprilygstam\u0105 perdavimo stabilum\u0105 ir atsparum\u0105 trukd\u017eiams. Dar vienas privalumas \u2013 tvirta konstrukcija \u2013 PVC danga apsaugo j\u012f nuo pa\u017eeidim\u0173 ir susiv\u0117limo, o paauksuotos jungtys yra atsparios korozijai ir tarnauja ilgai. Be to, kabelis suderinamas su daugeliu populiari\u0173 \u012frengini\u0173, toki\u0173 kaip ne\u0161iojamieji kompiuteriai, kompiuteriai, televizoriai, projektoriai ir \u017eaidim\u0173 konsol\u0117s.<\/p>\n<p><img decoding=\"async\" src=\"https:\/\/assets.innpro.pl\/1399\/1502\/2.jpg\" border=\"0\" alt=\"\" \/><\/p>\n<h3>Puiki vaizdo kokyb\u0117<\/h3>\n<p>Patobulintas HDMI 2.0 standartas si\u016blo 4K rai\u0161k\u0105, 60 Hz atnaujinimo da\u017en\u012f ir 18 Gbps pralaidum\u0105. Tai u\u017etikrina skland\u017eius ir detalius vaizdus, \u200b\u200bkurie jus su\u017eav\u0117s. \u201eVention\u201c laidas taip pat palaiko HDR technologij\u0105, leid\u017eian\u010di\u0105 m\u0117gautis ry\u0161kiomis, gra\u017eiomis spalvomis. Taip pat jis gali pasigirti 3D palaikymu, tod\u0117l jausit\u0117s lyg kino teatre, savo kambaryje!<\/p>\n<p><img decoding=\"async\" src=\"https:\/\/assets.innpro.pl\/1399\/1502\/3.jpg\" border=\"0\" alt=\"\" \/><\/p>\n<div class=\"table-wrapper\">\n<p>\u0412\u00a0<\/p>\n<h3>\u0412\u00a0<\/h3>\n<table>\n<tbody>\n<tr>\n<th>Prek\u0117s \u017eenklas<\/th>\n<td>Vention<\/td>\n<\/tr>\n<tr>\n<th>Modelis<\/th>\n<td>AHCBJ<\/td>\n<\/tr>\n<tr>\n<th>Spalva<\/th>\n<td>Juoda<\/td>\n<\/tr>\n<tr>\n<th>Maksimali rai\u0161ka<\/th>\n<td>4K@60Hz<\/td>\n<\/tr>\n<tr>\n<th>Palaikomos technologijos<\/th>\n<td>3D, HDR<\/td>\n<\/tr>\n<tr>\n<th>Med\u017eiaga<\/th>\n<td>PVC<\/td>\n<\/tr>\n<tr>\n<th>Laido ilgis<\/th>\n<td>5 m<\/td>\n<\/tr>\n<\/tbody>\n<\/table>\n<\/div>\n","protected":false},"excerpt":{"rendered":"<p>\u201eVention AHCBJ 4K HD 5 m\u201c HDMI prailginimo kabelis \u201eVention HDMI\u201c prailginimo kabelis pad\u0117s i\u0161spr\u0119sti per trump\u0173 kabeli\u0173 problem\u0105. Jis palaiko 4K rai\u0161k\u0105, u\u017etikrindamas auk\u0161tos kokyb\u0117s vaizd\u0105, o trigubas ekranavimas suteikia neprilygstam\u0105 perdavimo stabilum\u0105 ir atsparum\u0105 trukd\u017eiams. Dar vienas privalumas \u2013 tvirta konstrukcija \u2013 PVC danga apsaugo j\u012f nuo pa\u017eeidim\u0173 ir susiv\u0117limo, o paauksuotos jungtys [&#8230;]\n","protected":false},"featured_media":22244,"comment_status":"open","ping_status":"closed","template":"","meta":[],"product_brand":[474],"product_cat":[1493],"product_tag":[],"class_list":{"0":"post-22243","1":"product","2":"type-product","3":"status-publish","4":"has-post-thumbnail","6":"product_brand-vention","7":"product_cat-video-cables-cables","9":"first","10":"outofstock","11":"taxable","12":"shipping-taxable","13":"purchasable","14":"product-type-simple"},"aioseo_notices":[],"_links":{"self":[{"href":"https:\/\/asura.lv\/lt\/wp-json\/wp\/v2\/product\/22243","targetHints":{"allow":["GET"]}}],"collection":[{"href":"https:\/\/asura.lv\/lt\/wp-json\/wp\/v2\/product"}],"about":[{"href":"https:\/\/asura.lv\/lt\/wp-json\/wp\/v2\/types\/product"}],"replies":[{"embeddable":true,"href":"https:\/\/asura.lv\/lt\/wp-json\/wp\/v2\/comments?post=22243"}],"wp:featuredmedia":[{"embeddable":true,"href":"https:\/\/asura.lv\/lt\/wp-json\/wp\/v2\/media\/22244"}],"wp:attachment":[{"href":"https:\/\/asura.lv\/lt\/wp-json\/wp\/v2\/media?parent=22243"}],"wp:term":[{"taxonomy":"product_brand","embeddable":true,"href":"https:\/\/asura.lv\/lt\/wp-json\/wp\/v2\/product_brand?post=22243"},{"taxonomy":"product_cat","embeddable":true,"href":"https:\/\/asura.lv\/lt\/wp-json\/wp\/v2\/product_cat?post=22243"},{"taxonomy":"product_tag","embeddable":true,"href":"https:\/\/asura.lv\/lt\/wp-json\/wp\/v2\/product_tag?post=22243"}],"curies":[{"name":"wp","href":"https:\/\/api.w.org\/{rel}","templated":true}]}}