{"id":22285,"date":"2025-11-28T21:08:13","date_gmt":"2025-11-28T21:08:13","guid":{"rendered":"https:\/\/asura.lv\/product\/usb-3-0-cable-vention-conbh-2a-2m-black-pvc\/"},"modified":"2025-12-12T15:38:42","modified_gmt":"2025-12-12T13:38:42","slug":"usb-3-0-cable-vention-conbh-2a-2m-black-pvc","status":"publish","type":"product","link":"https:\/\/asura.lv\/lt\/produktas\/usb-3-0-cable-vention-conbh-2a-2m-black-pvc\/","title":{"rendered":"USB 3.0 kabelis Vention CONBH 2A 2m juodas PVC"},"content":{"rendered":"<h3>Vention CONBH USB 3.0 kabelis 2 m, juodas, PVC<\/h3>\n<p>Vention CONBH kabelis sujungia prakti\u0161kum\u0105 ir modernum\u0105. Jis i\u0161siskiria auk\u0161ta gamybos kokybe ir universalumu, tod\u0117l tampa nepakei\u010diamu elementu kiekvieno elektronin\u0117s \u012frangos naudotojo namuose ar biure.<\/p>\n<p><img decoding=\"async\" src=\"https:\/\/assets.innpro.pl\/1387\/1490\/1.jpg\" border=\"0\" alt=\"Vention CONBH USB 3.0 kabelio paveiksl\u0117lis\"><\/p>\n<h3>Didel\u0117s spartos perdavimas<\/h3>\n<p>Skaitmenin\u0117s revoliucijos eroje pagrindin\u0117 bet kurio kabelio savyb\u0117 yra duomen\u0173 perdavimo greitis. \u201eVention\u201c CONBH modelis garantuoja iki 5 Gbps pralaidum\u0105. Tai leid\u017eia vartotojui greitai perkelti didelius failus, transliuoti filmus ar atlikti sud\u0117tingas operacijas internete, nesijaudinant d\u0117l \u200b\u200bperdavimo v\u0117lavim\u0173 ar pertraukim\u0173.<\/p>\n<p><img decoding=\"async\" src=\"https:\/\/assets.innpro.pl\/1387\/1490\/5.jpg\" border=\"0\" alt=\"Didel\u0117s spartos duomen\u0173 perdavimo vizualizacija\"><\/p>\n<h3>Universalus naudojimas<\/h3>\n<p>Suderinamumas yra neatsiejama \u0161iuolaikini\u0173 technologini\u0173 sprendim\u0173 dalis. \u201eVention CONBH\u201c laidas yra visi\u0161kai suderinamas su \u012fvairiais \u012frenginiais \u2013 nuo \u200b\u200bne\u0161iojam\u0173j\u0173 ir stacionari\u0173 kompiuteri\u0173 iki televizori\u0173 ir fotoaparat\u0173. Papildomas privalumas yra galimyb\u0117 prijungti prie televizoriaus pried\u0117li\u0173, k\u0105 neabejotinai \u012fvertins nam\u0173 pramog\u0173 entuziastai.<\/p>\n<p><img decoding=\"async\" src=\"https:\/\/assets.innpro.pl\/1387\/1490\/7.jpg\" border=\"0\" alt=\"Suderinamumo su \u012fvairiais \u012frenginiais iliustracija\"><\/p>\n<h3>Tvirtumas ir ilgaam\u017ei\u0161kumas<\/h3>\n<p>Renkantis laid\u0105, verta atkreipti d\u0117mes\u012f \u012f med\u017eiag\u0105, i\u0161 kurios jis pagamintas. CONBH modelis pagamintas i\u0161 PVC \u2013 med\u017eiagos, \u017einomos d\u0117l savo atsparumo mechaniniams pa\u017eeidimams. 2 m ilgio laidas yra ne tik patvarus, bet ir lankstus, tod\u0117l j\u012f lengva naudoti \u012fvairiomis s\u0105lygomis. Be to, laidas gali perduoti 2 A srov\u0119, o tai u\u017etikrina greit\u0105 \u012frengini\u0173 \u012fkrovim\u0105.<\/p>\n<p><img decoding=\"async\" src=\"https:\/\/assets.innpro.pl\/1387\/1490\/2.jpg\" border=\"0\" alt=\"Kabelio patvarumas ir lankstumas\"><\/p>\n<div class=\"table-wrapper\">\n<p>&nbsp;<\/p>\n<table>\n<tbody>\n<tr>\n<th>Gamintojas<\/th>\n<td>Ventiliacija<\/td>\n<\/tr>\n<tr>\n<th>Modelis<\/th>\n<td>CONBH<\/td>\n<\/tr>\n<tr>\n<th>Ilgis<\/th>\n<td>2 m<\/td>\n<\/tr>\n<tr>\n<th>Med\u017eiaga<\/th>\n<td>PVC<\/td>\n<\/tr>\n<tr>\n<th>Duomen\u0173 perdavimas<\/th>\n<td>5 Gbps<\/td>\n<\/tr>\n<tr>\n<th>Srov\u0117<\/th>\n<td>2 A<\/td>\n<\/tr>\n<tr>\n<th>Suderinamumas<\/th>\n<td>ne\u0161iojamieji kompiuteriai, kompiuteriai, televizoriai, fotoaparatai, TV pried\u0117liai ir kt.<\/td>\n<\/tr>\n<\/tbody>\n<\/table>\n<\/div>\n","protected":false},"excerpt":{"rendered":"<p>Vention CONBH USB 3.0 kabelis 2 m, juodas, PVC Vention CONBH kabelis sujungia prakti\u0161kum\u0105 ir modernum\u0105. Jis i\u0161siskiria auk\u0161ta gamybos kokybe ir universalumu, tod\u0117l tampa nepakei\u010diamu elementu kiekvieno elektronin\u0117s \u012frangos naudotojo namuose ar biure. Didel\u0117s spartos perdavimas Skaitmenin\u0117s revoliucijos eroje pagrindin\u0117 bet kurio kabelio savyb\u0117 yra duomen\u0173 perdavimo greitis. \u201eVention\u201c CONBH modelis garantuoja iki 5 [&#8230;]\n","protected":false},"featured_media":22286,"comment_status":"open","ping_status":"closed","template":"","meta":[],"product_brand":[474],"product_cat":[1223],"product_tag":[],"class_list":{"0":"post-22285","1":"product","2":"type-product","3":"status-publish","4":"has-post-thumbnail","6":"product_brand-vention","7":"product_cat-usb-cables-cables-it-accessories","9":"first","10":"outofstock","11":"taxable","12":"shipping-taxable","13":"purchasable","14":"product-type-simple"},"aioseo_notices":[],"_links":{"self":[{"href":"https:\/\/asura.lv\/lt\/wp-json\/wp\/v2\/product\/22285","targetHints":{"allow":["GET"]}}],"collection":[{"href":"https:\/\/asura.lv\/lt\/wp-json\/wp\/v2\/product"}],"about":[{"href":"https:\/\/asura.lv\/lt\/wp-json\/wp\/v2\/types\/product"}],"replies":[{"embeddable":true,"href":"https:\/\/asura.lv\/lt\/wp-json\/wp\/v2\/comments?post=22285"}],"wp:featuredmedia":[{"embeddable":true,"href":"https:\/\/asura.lv\/lt\/wp-json\/wp\/v2\/media\/22286"}],"wp:attachment":[{"href":"https:\/\/asura.lv\/lt\/wp-json\/wp\/v2\/media?parent=22285"}],"wp:term":[{"taxonomy":"product_brand","embeddable":true,"href":"https:\/\/asura.lv\/lt\/wp-json\/wp\/v2\/product_brand?post=22285"},{"taxonomy":"product_cat","embeddable":true,"href":"https:\/\/asura.lv\/lt\/wp-json\/wp\/v2\/product_cat?post=22285"},{"taxonomy":"product_tag","embeddable":true,"href":"https:\/\/asura.lv\/lt\/wp-json\/wp\/v2\/product_tag?post=22285"}],"curies":[{"name":"wp","href":"https:\/\/api.w.org\/{rel}","templated":true}]}}