{"id":22381,"date":"2025-11-28T21:08:04","date_gmt":"2025-11-28T21:08:04","guid":{"rendered":"https:\/\/asura.lv\/product\/blitzwolf-bw-vt2-pro-max-3d-4k-bluetooth-wifi-8000mah-mini-projector\/"},"modified":"2025-12-12T15:38:37","modified_gmt":"2025-12-12T13:38:37","slug":"blitzwolf-bw-vt2-pro-max-3d-4k-bluetooth-wifi-8000mah-mini-projector","status":"publish","type":"product","link":"https:\/\/asura.lv\/lt\/produktas\/blitzwolf-bw-vt2-pro-max-3d-4k-bluetooth-wifi-8000mah-mini-projector\/","title":{"rendered":"BlitzWolf BW-VT2 PRO MAX 3D 4K \u201eBluetooth\u201c WiFi 8000mAh mini projektorius"},"content":{"rendered":"<h3>Mini projektorius \u201eBlitzWolf BW-VT2 PRO MAX\u201c<\/h3>\n<p>\u201eBlitzWolf BW-VT2 PRO MAX\u201c yra ma\u017eas ne\u0161iojamas trikojis projektorius, leid\u017eiantis vartotojams m\u0117gautis nam\u0173 per\u017ei\u016bromis bet kuriuo metu. \u0160is \u012frenginys turi integruot\u0105 \u201eAndroid 9.0\u201c operacin\u0119 sistem\u0105 su lengvai naudojama s\u0105saja. Naudodamasis ja, vartotojas gali pasirinkti transliacij\u0173 portal\u0105, nar\u0161yti prijungt\u0173 \u012frengini\u0173 (pvz., \u201eflash drive\u201c) turin\u012f, naudoti nar\u0161ykl\u0119, \u201eGoogle Play\u201c parduotuv\u0119 arba keisti nustatymus. \u012erengin\u012f galima valdyti pridedamu nuotolinio valdymo pultu arba jutikliniu skydeliu, \u012fmontuotu projektoriaus vir\u0161uje. Projektoriuje \u012fmontuoti 4 om\u0173 3 W garsiakalbiai leid\u017eia m\u0117gautis puikia garso kokybe.<\/p>\n<p>\n<img decoding=\"async\" alt=\"\" border=\"0\" src=\"https:\/\/assets.innpro.pl\/1238\/1341\/8.jpg\"\/>\n<\/p>\n<h3>Vaizdo kokyb\u0117<\/h3>\n<p>\u201eBlitzWolf BW-VT2 PRO MAX\u201c si\u016blo 300 coli\u0173 \u012fstri\u017eain\u0117s vaizd\u0105 4K rai\u0161ka (H265 formatu) ir taip pat turi 3D rodymo funkcij\u0105, tod\u0117l naudotojo film\u0173 vakarai taps nepamir\u0161tamu \u012fsp\u016bd\u017eiu. Projektoriaus ry\u0161kumas yra 180 ANSI liumen\u0173, vaizdas pasi\u017eymi ry\u0161kesn\u0117mis spalvomis, o tekstas lengviau \u012fskaitomas.<\/p>\n<p>\n<img decoding=\"async\" alt=\"\" border=\"0\" src=\"https:\/\/assets.innpro.pl\/1238\/1341\/3.jpg\"\/>\n<\/p>\n<h3>Ekranas<\/h3>\n<p>D\u0117l projektoriuje naudojamos technologijos vaizdas projektuojamas ne tiesiai tame pa\u010diame lygyje, kur yra \u012frenginys, o auk\u0161\u010diau \u2013 tod\u0117l nereikia nieko d\u0117ti po juo ar jo pakreipti. \u201eBlitzWolf BW-VT2 PRO MAX\u201c naudotojas nerizikuoja apversti \u012frenginio ir gali patogiai \u017ei\u016br\u0117ti, projektoriui neu\u017estojant vaizdo. Atsi\u017evelgiant \u012f naudotojo patogum\u0105, automatinis fokusavimas nustatomas automati\u0161kai.<\/p>\n<p>\n<img decoding=\"async\" alt=\"\" border=\"0\" src=\"https:\/\/assets.innpro.pl\/1238\/1341\/1.jpg\"\/>\n<\/p>\n<h3>Trapecijos korekcija<\/h3>\n<p>\u0160i funkcija yra itin naudinga, kai naudotojas neturi galimyb\u0117s pastatyti projektoriaus prie\u0161ais save ir padeda j\u012f, pavyzd\u017eiui, ant sofos \u0161ono. Trapecijos korekcija leid\u017eia reguliuoti projektuojamo vaizdo form\u0105, kad \u017ei\u016brovui jis atrodyt\u0173 nat\u016braliai \u2013 pakeisti jo nuolyd\u012f ir \u0161on\u0173 kamp\u0105. \u012erenginys suteikia galimyb\u0119 automati\u0161kai arba rankiniu b\u016bdu reguliuoti vaizdo pakreipim\u0105 35\u00b0 diapazone ir rankiniu b\u016bdu reguliuoti \u0161onus 45\u00b0 kampu.<\/strong><\/p>\n<p>\n<img decoding=\"async\" alt=\"\" border=\"0\" src=\"https:\/\/assets.innpro.pl\/1238\/1341\/4.jpg\"\/>\n<\/p>\n<h3>Ekrano transliacija ir i\u0161oriniai \u012frenginiai<\/h3>\n<p>Projektorius turi HDMI, garso ir USB-C \u012fvestis, suteikian\u010dias vartotojams \u012fvairias turinio atk\u016brimo galimybes \u2013 \u017eaidim\u0173 ir film\u0173 rodymas i\u0161 ne\u0161iojamojo kompiuterio, nuotrauk\u0173 per\u017ei\u016bra i\u0161 USB atmintin\u0117s ar stand\u017eiojo disko yra tik keletas galimybi\u0173. Be to, \u201eBW-VT2 PRO MAX\u201c palaiko belaid\u012f turinio rodym\u0105 per 5G-WiFi, suteikdamas galimyb\u0119 lengvai bendrinti i\u0161maniojo telefono ar plan\u0161etinio kompiuterio ekran\u0105 naudojant ekrano transliacijos ir veidrodinio atspind\u017eio funkcijas. Tai funkcijos, kurios leid\u017eia patogiai ir intuityviai bendrinti skaidri\u0173 demonstravim\u0105 ar nuotraukas. M\u0117gaukit\u0117s belaid\u017eiu \u017ei\u016br\u0117jimu nesijaudindami d\u0117l susiv\u0117lusi\u0173 laid\u0173 ar u\u017ekliuvim\u0173 \u017ei\u016br\u0117dami film\u0105.<\/p>\n<p>\n<img decoding=\"async\" alt=\"\" border=\"0\" src=\"https:\/\/assets.innpro.pl\/1238\/1341\/2.jpg\"\/>\n<\/p>\n<h3>\u201eAndroid 9.0\u201c<\/h3>\n<p>Su integruota \u201eAndroid 9.0\u201c sistema projektorius si\u016blo intuityvi\u0105 s\u0105saj\u0105 ir prieig\u0105 prie m\u0117gstamiausi\u0173 program\u0117li\u0173 bei srautinio perdavimo paslaug\u0173, toki\u0173 kaip \u201eYouTube\u201c, \u201eNetflix\u201c ir \u201ePrime Video\u201c. Vartotojai gali skland\u017eiai nar\u0161yti turin\u012f, naudoti \u201eChrome\u201c \u017einiatinklio nar\u0161ykl\u0119 ir \u012fdiegti naujas program\u0117les per \u201eGoogle Play\u201c parduotuv\u0119. \u012ediegus \u201eAndroid\u201c, naudotojo patirtis ir prieiga prie \u012fvairaus turinio tapo skland\u016bs.<\/p>\n<p>\n<img decoding=\"async\" alt=\"\" border=\"0\" src=\"https:\/\/assets.innpro.pl\/1238\/1341\/7.jpg\"\/>\n<\/p>\n<h3>Valdymas<\/h3>\n<p>Nesvarbu, ar jums labiau patinka tradiciniai valdymo metodai, ar modern\u016bs sprendimai, \u201eBW-VT2 PRO MAX\u201c turi ka\u017ek\u0105 sau. Pasinaudokite pridedamu nuotolinio valdymo pultu arba integruotu jutikliniu skydeliu, kad lengvai ir intuityviai nar\u0161ytum\u0117te projektoriaus s\u0105sajoje. Tai leid\u017eia paprastai ir patogiai reguliuoti nustatymus ir keisti turin\u012f, suteikiant jums visi\u0161k\u0105 per\u017ei\u016bros kontrol\u0119.<\/p>\n<p>\n<img decoding=\"async\" alt=\"\" border=\"0\" src=\"https:\/\/assets.innpro.pl\/1238\/1341\/6.jpg\"\/>\n<\/p>\n<h3>Veikimo laikas ir \u012fkrovimas<\/h3>\n<p>\u201eBlitzWolf BW-VT2 PRO MAX\u201c viduje esanti 8000 mAh \u012fkraunama baterija, priklausomai nuo pasirinkt\u0173 nustatym\u0173, gali veikti iki 6 valand\u0173. Ry\u0161kiuoju re\u017eimu veikimo laikas yra 2 valandos, standartiniu re\u017eimu \u2013 2,5 valandos, energijos taupymo re\u017eimu \u2013 4 valandos, o \u201eBluetooth\u201c garso re\u017eimu \u2013 6 valandos. \u012erenginys \u012fkraunamas naudojant USB-C laid\u0105. \u012ekrovus, naudotojas gali naudoti projektoriumi belaid\u017eiu b\u016bdu, tod\u0117l prieblandoje nereikia bijoti u\u017ekli\u016bti u\u017e laido.<\/p>\n<p>\n<img decoding=\"async\" alt=\"\" border=\"0\" src=\"https:\/\/assets.innpro.pl\/1238\/1341\/5.jpg\"\/>\n<\/p>\n<h3>Rinkinio turinys<\/h3>\n<ul class=\"list-disc pl-5\">\n<li>Projektorius x 1<\/li>\n<li>Maitinimo adapteris x 1<\/li>\n<li>Trikojis x 1<\/li>\n<li>Nuotolinio valdymo pultas x 1<\/li>\n<li>D\u0117klas x 1<\/li>\n<\/ul>\n<div class=\"table-wrapper\">\n<p>\u0412\u00a0<\/p>\n<h3><\/h3>\n<table>\n<tbody>\n<tr>\n<th>Prek\u0117s \u017eenklas<\/th>\n<td>Blitzwolf<\/td>\n<\/tr>\n<tr>\n<th>Modelis<\/th>\n<td>BW-VT2 PRO MAKS<\/td>\n<\/tr>\n<tr>\n<th>Spalva<\/th>\n<td>Sidabrin\u0117<\/td>\n<\/tr>\n<tr>\n<th>Baterijos talpa<\/th>\n<td>8000 mAh<\/td>\n<\/tr>\n<tr>\n<th>Programin\u0117s \u012frangos versija<\/th>\n<td>\u201eAndroid 9.0\u201c<\/td>\n<\/tr>\n<tr>\n<th>3D funkcija<\/th>\n<td>Taip<\/td>\n<\/tr>\n<tr>\n<th>Ansi liumen\u0173 skai\u010dius<\/th>\n<td>180<\/td>\n<\/tr>\n<tr>\n<th>Optika<\/th>\n<td>DMD Ti 0,23 colio<\/td>\n<\/tr>\n<tr>\n<th>CPU<\/th>\n<td>MTK dekodavimas 4K H265\/AVS2 4K*2K*30HZ<\/td>\n<\/tr>\n<tr>\n<th>Talpykla<\/th>\n<td>2 GB DDR3 + 32 GB EMMC<\/td>\n<\/tr>\n<tr>\n<th>Fizin\u0117 skiriamoji geba<\/th>\n<td>960 x 540P<\/td>\n<\/tr>\n<tr>\n<th>Keystone korekcija<\/th>\n<td>Taip, automatinis pak\u0117limas ir nuleidimas + rankinis i\u0161 vis\u0173 pusi\u0173<\/td>\n<\/tr>\n<tr>\n<th>3D funkcija<\/th>\n<td>Taip<\/td>\n<\/tr>\n<tr>\n<th>Akumuliatoriaus talpa<\/th>\n<td>8000 mAh<\/td>\n<\/tr>\n<tr>\n<th>Veikimo laikas<\/th>\n<td>6 val. \u201eBluetooth\u201c garso re\u017eimas, 4 val. energijos taupymo re\u017eimas, 2,5 val. standartinis re\u017eimas, 2 val. ry\u0161kus re\u017eimas<\/td>\n<\/tr>\n<tr>\n<th>TOF lazerinis fokusavimas<\/th>\n<td>Taip<\/td>\n<\/tr>\n<tr>\n<th>Garsiakalbio galia<\/th>\n<td>4 omai 3 W x 2<\/td>\n<\/tr>\n<tr>\n<th>S\u0105saja<\/th>\n<td>HDMI \u012fvestis, USB \u012fvestis, garso i\u0161vestis<\/td>\n<\/tr>\n<tr><\/tr>\n<\/tbody>\n<\/table>\n<\/div>\n","protected":false},"excerpt":{"rendered":"<p>Mini projektorius \u201eBlitzWolf BW-VT2 PRO MAX\u201c \u201eBlitzWolf BW-VT2 PRO MAX\u201c yra ma\u017eas ne\u0161iojamas trikojis projektorius, leid\u017eiantis vartotojams m\u0117gautis nam\u0173 per\u017ei\u016bromis bet kuriuo metu. \u0160is \u012frenginys turi integruot\u0105 \u201eAndroid 9.0\u201c operacin\u0119 sistem\u0105 su lengvai naudojama s\u0105saja. Naudodamasis ja, vartotojas gali pasirinkti transliacij\u0173 portal\u0105, nar\u0161yti prijungt\u0173 \u012frengini\u0173 (pvz., \u201eflash drive\u201c) turin\u012f, naudoti nar\u0161ykl\u0119, \u201eGoogle Play\u201c parduotuv\u0119 arba [&#8230;]\n","protected":false},"featured_media":22382,"comment_status":"open","ping_status":"closed","template":"","meta":[],"product_brand":[224],"product_cat":[1166],"product_tag":[],"class_list":{"0":"post-22381","1":"product","2":"type-product","3":"status-publish","4":"has-post-thumbnail","6":"product_brand-blitzwolf","7":"product_cat-projectors","9":"first","10":"outofstock","11":"taxable","12":"shipping-taxable","13":"purchasable","14":"product-type-simple"},"aioseo_notices":[],"_links":{"self":[{"href":"https:\/\/asura.lv\/lt\/wp-json\/wp\/v2\/product\/22381","targetHints":{"allow":["GET"]}}],"collection":[{"href":"https:\/\/asura.lv\/lt\/wp-json\/wp\/v2\/product"}],"about":[{"href":"https:\/\/asura.lv\/lt\/wp-json\/wp\/v2\/types\/product"}],"replies":[{"embeddable":true,"href":"https:\/\/asura.lv\/lt\/wp-json\/wp\/v2\/comments?post=22381"}],"wp:featuredmedia":[{"embeddable":true,"href":"https:\/\/asura.lv\/lt\/wp-json\/wp\/v2\/media\/22382"}],"wp:attachment":[{"href":"https:\/\/asura.lv\/lt\/wp-json\/wp\/v2\/media?parent=22381"}],"wp:term":[{"taxonomy":"product_brand","embeddable":true,"href":"https:\/\/asura.lv\/lt\/wp-json\/wp\/v2\/product_brand?post=22381"},{"taxonomy":"product_cat","embeddable":true,"href":"https:\/\/asura.lv\/lt\/wp-json\/wp\/v2\/product_cat?post=22381"},{"taxonomy":"product_tag","embeddable":true,"href":"https:\/\/asura.lv\/lt\/wp-json\/wp\/v2\/product_tag?post=22381"}],"curies":[{"name":"wp","href":"https:\/\/api.w.org\/{rel}","templated":true}]}}