{"id":22441,"date":"2025-11-28T21:07:59","date_gmt":"2025-11-28T21:07:59","guid":{"rendered":"https:\/\/asura.lv\/product\/fountain-drinker-for-dog-and-cat-petkit-eversweet-3-pro\/"},"modified":"2025-12-12T15:38:32","modified_gmt":"2025-12-12T13:38:32","slug":"fountain-drinker-for-dog-and-cat-petkit-eversweet-3-pro","status":"publish","type":"product","link":"https:\/\/asura.lv\/lt\/produktas\/fountain-drinker-for-dog-and-cat-petkit-eversweet-3-pro\/","title":{"rendered":"\u0160un\u0173 ir ka\u010di\u0173 geriamasis fontanas \u201ePetKit Eversweet 3 Pro\u201c"},"content":{"rendered":"<h3>\u201ePetKit Eversweet 3 Pro\u201c \u0161un\u0173 ir ka\u010di\u0173 geriamasis fontanas<\/h3>\n<p>\u201ePetKit Eversweet 3 Pro\u201c yra belaidis geriamasis fontanas \u0161unims ir kat\u0117ms, apr\u016bpintas tyliu siurbliu, kuris nuolat juda vandeniu, sukurdamas nat\u016brali\u0105 g\u0117rimo patirt\u012f, skatinan\u010di\u0105 augintinius gerti. Siurblys turi ultravioletini\u0173 spinduli\u0173 skleidim\u0105, kuris sterilizuoja vanden\u012f, pa\u0161alindamas iki 99,96 % virus\u0173 ir bakterij\u0173, kad j\u016bs\u0173 augintinis b\u016bt\u0173 sveikas. Jis skleid\u017eia tik iki 35 dB triuk\u0161m\u0105. \u012erenginys veikia magnetin\u0117s indukcijos b\u016bdu, tod\u0117l nereikia jo \u012fkrauti. Jis turi tris re\u017eimus: i\u0161man\u0173j\u012f, \u012fprast\u0105 ir naktin\u012f, kuri\u0173 kiekvienas skirtingai veikia siurbl\u012f ir sterilizatori\u0173, o \u0161iuos re\u017eimus galima reguliuoti PETKIT program\u0117l\u0117je. Vartotojai taip pat gali steb\u0117ti vandens lyg\u012f ir filtro b\u016bsen\u0105 per program\u0117l\u0119. Siurblys automati\u0161kai i\u0161sijungia, kai vandens lygis per \u017eemas. \u012erenginio viduje yra trij\u0173 tip\u0173 filtrai, kurie valo vanden\u012f nuo kailio, dulki\u0173, sunki\u0173j\u0173 metal\u0173 ir nemaloni\u0173 kvap\u0173. \u201ePetKit Eversweet 3 Pro\u201c yra modulinis \u012frenginys, kur\u012f galima lengvai i\u0161ardyti \u012f ma\u017eesnes dalis ir prireikus i\u0161valyti.<\/p>\n<p><img decoding=\"async\" src=\"https:\/\/assets.innpro.pl\/2127\/2257\/2.jpg\" border=\"0\" alt=\"\"><\/p>\n<h3>Tylus veikimas<\/h3>\n<p>\u201ePetKit Eversweet 3 Pro\u201c geriamojo vandens fontanas skleid\u017eia tik iki 35 dB triuk\u0161m\u0105, kuris prilygsta tyliam ventiliatoriui. Tai puikus sprendimas \u017emon\u0117ms, gyvenantiems ma\u017euose butuose arba turintiems lengvai stres\u0105 patirian\u010di\u0173 augintini\u0173. Jei reikia, \u012frengin\u012f galima perjungti \u012f naktin\u012f re\u017eim\u0105, kai siurblys ir sterilizatorius i\u0161jungiami, u\u017etikrinant tyl\u0173 veikim\u0105.<\/p>\n<p><img decoding=\"async\" src=\"https:\/\/assets.innpro.pl\/2127\/2257\/9.jpg\" border=\"0\" alt=\"\"><\/p>\n<h3>Nat\u016bralus \u012fsp\u016bdis<\/h3>\n<p>\u201ePetKit Eversweet 3 Pro\u201c turi specialiai sukurt\u0105 tyl\u0173 siurbl\u012f, kuris nuolat palaiko vandens jud\u0117jim\u0105. Tai sukuria nat\u016bralaus vandens \u0161altinio \u012fsp\u016bd\u012f, viliojant augintinius reguliariai gerti. Nuolatinis vandens jud\u0117jimas yra labai svarbus norint u\u017etikrinti gyv\u016bn\u0173 \u0161vie\u017eum\u0105 ir patrauklum\u0105.<\/p>\n<p><img decoding=\"async\" src=\"https:\/\/assets.innpro.pl\/2127\/2257\/8.jpg\" border=\"0\" alt=\"\"><\/p>\n<h3>UVC sterilizavimas<\/h3>\n<p>Siurblys turi ultravioletini\u0173 spinduli\u0173 skleidikl\u012f, kuris sterilizuoja vanden\u012f, pa\u0161alindamas iki 99,96 % virus\u0173 ir bakterij\u0173. Tai rei\u0161kia, kad j\u016bs\u0173 augintinis i\u0161liks sveikas ir nesirgs su vandeniu susijusiomis ligomis. Augininiams, turintiems jautri\u0105 vir\u0161kinimo sistem\u0105 ar alergij\u0105, \u0161varus vanduo yra ne\u012fkainojamas.<\/p>\n<p><img decoding=\"async\" src=\"https:\/\/assets.innpro.pl\/2127\/2257\/1.jpg\" border=\"0\" alt=\"\"><\/p>\n<h3>Trys veikimo re\u017eimai<\/h3>\n<p>\u012erenginys gali veikti trimis re\u017eimais: i\u0161maniuoju, \u012fprastu ir naktiniu. I\u0161maniuoju re\u017eimu (indikatorius \u0161vie\u010dia \u017ealiai) fontano siurblys ir UVC sterilizatorius \u012fsijungia kas 3 minutes \u2013 interval\u0105 galima reguliuoti program\u0117l\u0117je. \u012eprastu re\u017eimu (m\u0117lyna lemput\u0117) siurblys veikia nepertraukiamai, vandens sterilizavimas vyksta nepertraukiamai 3 valandas, prie\u0161 perjungiant \u012f intervalus. Nakties re\u017eimu ir siurblys, ir sterilizatorius yra i\u0161jungti.<\/p>\n<p><img decoding=\"async\" src=\"https:\/\/assets.innpro.pl\/2127\/2257\/6.jpg\" border=\"0\" alt=\"\"><\/p>\n<h3>Prakti\u0161kas modulinis dizainas<\/h3>\n<p>\u201ePetKit Eversweet 3 Pro\u201c si\u016blo ne tik funkcionalum\u0105, bet ir prakti\u0161kum\u0105 kasdieniam naudojimui. \u012erenginys yra modulinis, tod\u0117l j\u012f lengva i\u0161ardyti \u012f atskiras dalis valymui ir prie\u017ei\u016brai. Fontanas yra belaidis, tod\u0117l j\u012f daug lengviau valyti. Tik pagrind\u0105 reikia prijungti USB-C laidu.<\/p>\n<p><img decoding=\"async\" src=\"https:\/\/assets.innpro.pl\/2127\/2257\/4.jpg\" border=\"0\" alt=\"\"><\/p>\n<h3>Pakuot\u0117s turinys<\/h3>\n<p>Fontanas x 1<\/p>\n<p>Baz\u0117 x 1<\/p>\n<p>USB laidas x 1<\/p>\n<p>Naudojimo instrukcija x 1<\/p>\n<p>Filtras x 1<\/p>\n<div class=\"table-wrapper\">\n<p>&nbsp;<\/p>\n<h3>Specifikacijos<\/h3>\n<table>\n<tbody>\n<tr>\n<th>Prek\u0117s \u017eenklas<\/th>\n<td>Petkit<\/td>\n<\/tr>\n<tr>\n<th>Modelis<\/th>\n<td>Eversweet 3 Pro<\/td>\n<\/tr>\n<tr>\n<th>Spalva<\/th>\n<td>Balta<\/td>\n<\/tr>\n<tr>\n<th>Med\u017eiagos<\/th>\n<td>304 ner\u016bdijantis plienas, ABS, silikagelis<\/td>\n<\/tr>\n<tr>\n<th>Matmenys<\/th>\n<td>195 x 195 x 148 mm<\/td>\n<\/tr>\n<tr>\n<th>Talpa<\/th>\n<td>1,8 l<\/td>\n<\/tr>\n<tr>\n<th>Triuk\u0161mo lygis<\/th>\n<td>35 dB<\/td>\n<\/tr>\n<\/tbody>\n<\/table>\n<\/div>\n","protected":false},"excerpt":{"rendered":"<p>\u201ePetKit Eversweet 3 Pro\u201c \u0161un\u0173 ir ka\u010di\u0173 geriamasis fontanas \u201ePetKit Eversweet 3 Pro\u201c yra belaidis geriamasis fontanas \u0161unims ir kat\u0117ms, apr\u016bpintas tyliu siurbliu, kuris nuolat juda vandeniu, sukurdamas nat\u016brali\u0105 g\u0117rimo patirt\u012f, skatinan\u010di\u0105 augintinius gerti. Siurblys turi ultravioletini\u0173 spinduli\u0173 skleidim\u0105, kuris sterilizuoja vanden\u012f, pa\u0161alindamas iki 99,96 % virus\u0173 ir bakterij\u0173, kad j\u016bs\u0173 augintinis b\u016bt\u0173 sveikas. Jis [&#8230;]\n","protected":false},"featured_media":22442,"comment_status":"open","ping_status":"closed","template":"","meta":[],"product_brand":[279],"product_cat":[1244],"product_tag":[],"class_list":{"0":"post-22441","1":"product","2":"type-product","3":"status-publish","4":"has-post-thumbnail","6":"product_brand-petkit","7":"product_cat-water-dispensers","9":"first","10":"outofstock","11":"taxable","12":"shipping-taxable","13":"purchasable","14":"product-type-simple"},"aioseo_notices":[],"_links":{"self":[{"href":"https:\/\/asura.lv\/lt\/wp-json\/wp\/v2\/product\/22441","targetHints":{"allow":["GET"]}}],"collection":[{"href":"https:\/\/asura.lv\/lt\/wp-json\/wp\/v2\/product"}],"about":[{"href":"https:\/\/asura.lv\/lt\/wp-json\/wp\/v2\/types\/product"}],"replies":[{"embeddable":true,"href":"https:\/\/asura.lv\/lt\/wp-json\/wp\/v2\/comments?post=22441"}],"wp:featuredmedia":[{"embeddable":true,"href":"https:\/\/asura.lv\/lt\/wp-json\/wp\/v2\/media\/22442"}],"wp:attachment":[{"href":"https:\/\/asura.lv\/lt\/wp-json\/wp\/v2\/media?parent=22441"}],"wp:term":[{"taxonomy":"product_brand","embeddable":true,"href":"https:\/\/asura.lv\/lt\/wp-json\/wp\/v2\/product_brand?post=22441"},{"taxonomy":"product_cat","embeddable":true,"href":"https:\/\/asura.lv\/lt\/wp-json\/wp\/v2\/product_cat?post=22441"},{"taxonomy":"product_tag","embeddable":true,"href":"https:\/\/asura.lv\/lt\/wp-json\/wp\/v2\/product_tag?post=22441"}],"curies":[{"name":"wp","href":"https:\/\/api.w.org\/{rel}","templated":true}]}}