{"id":22825,"date":"2025-11-28T21:06:30","date_gmt":"2025-11-28T21:06:30","guid":{"rendered":"https:\/\/asura.lv\/product\/skyrc-tld001-thermologger-duo\/"},"modified":"2025-12-12T15:37:22","modified_gmt":"2025-12-12T13:37:22","slug":"skyrc-tld001-thermologger-duo","status":"publish","type":"product","link":"https:\/\/asura.lv\/lt\/produktas\/skyrc-tld001-thermologger-duo\/","title":{"rendered":"\u201eSkyRC TLD001\u201c termologeris \u201eDuo\u201c"},"content":{"rendered":"<h3>\u201eSkyRC TLD001 Thermologer Duo\u201c termometras<\/h3>\n<p>\u201eSkyRC Thermologer Duo\u201c yra novatori\u0161kas \u012frenginys, u\u017etikrinantis tikslius temperat\u016bros matavimus, siekiant optimizuoti j\u016bs\u0173 nuotolinio valdymo modelio na\u0161um\u0105. D\u0117l pa\u017eangi\u0173 temperat\u016bros jutikli\u0173, \u201eBluetooth\u201c ry\u0161io ir paprasto montavimo \u201eThermologer Duo\u201c yra b\u016btina priemon\u0117 m\u0117g\u0117jams ir nuotolinio valdymo profesionalams. Be to, kompakti\u0161kas \u012frenginio dydis ir ilgas baterijos veikimo laikas leid\u017eia j\u012f naudoti prakti\u0161kai ir patogiai. Su \u0161iuo \u012frenginiu gal\u0117site pagerinti savo nuotolinio valdymo modelio na\u0161um\u0105 ir pasidalyti rezultatais su kitais entuziastais.<\/p>\n<p><img decoding=\"async\" src=\"https:\/\/b2b.innpro.pl\/data\/include\/cms\/SkyRC\/SK-500043\/1.jpg\" alt=\"SkyRC\/SK-500043\/1\"><\/p>\n<h3>Tiksl\u016bs matavimai<\/h3>\n<p>Jums nebereikia tikrinti \u012frengini\u0173 temperat\u016bros rankomis. Tam naudokite \u201eSkyRC\u201c termometr\u0105! \u201eThermologer Duo\u201c u\u017etikrina tikslius temperat\u016bros matavimus su greitu atsako laiku. Jo tikslumas yra \u00b12,0 \u00b0C (35,6 \u00b0C), kai temperat\u016bra yra nuo -20 \u00b0C (-4 \u00b0C) iki 100 \u00b0C (212 \u00b0C), o \u00b12 %, kai temperat\u016bra vir\u0161ija 100 \u00b0C (212 \u00b0C). Naudodami temperat\u016bros jutiklius, atitinkan\u010dius pramon\u0117s standartus, galite lengvai i\u0161matuoti \u012fvairi\u0173 komponent\u0173, toki\u0173 kaip varikliai, ESC, radiatoriai ir laid\u0173, kontaktin\u0119 temperat\u016br\u0105. Dviej\u0173 kanal\u0173 funkcija leid\u017eia vienu metu matuoti dviej\u0173 skirting\u0173 kontakt\u0173 temperat\u016br\u0105. Be to, \u201eThermologger Duo\u201c turi plat\u0173 temperat\u016bros aptikimo diapazon\u0105 nuo -20 \u00b0C iki 210 \u00b0C (4 \u00b0C \u2013 410 \u00b0C).<\/p>\n<p><img decoding=\"async\" src=\"https:\/\/b2b.innpro.pl\/data\/include\/cms\/SkyRC\/SK-500043\/4.jpg\" alt=\"SkyRC\/SK-500043\/4\"><\/p>\n<h3>Lengvas ry\u0161ys<\/h3>\n<p>Tur\u0117damas integruot\u0105 \u201eBluetooth\u201c, \u201eThermologger Duo\u201c leid\u017eia akimirksniu bendrauti per mobili\u0105j\u0105 program\u0117l\u0119, tod\u0117l nereikia laid\u0173. Su juo galite lengvai nuskaityti duomenis, patikrinti termogramas ir pa\u0161alinti problemas, tuo pa\u010diu s\u0117kmingai kurdami modifikacijas ir maksimaliai padidindami veikimo laik\u0105. Be to, jame galite fiksuoti mechaninius, elektrinius ir \u0161iluminius matavimus, kuriuos galite per\u017ei\u016br\u0117ti bet kur i\u0161 savo i\u0161maniojo telefono, plan\u0161etinio kompiuterio ar kompiuterio. Be to, galite lengvai bendrinti matavimus su kitais!<\/p>\n<p><img decoding=\"async\" src=\"https:\/\/b2b.innpro.pl\/data\/include\/cms\/SkyRC\/SK-500043\/6.jpg\" alt=\"SkyRC\/SK-500043\/6\"><\/p>\n<h3>Patogus naudojimas<\/h3>\n<p>\u201eThermologger Duo\u201c yra sukurtas taip, kad b\u016bt\u0173 lengva montuoti lauke, tod\u0117l jis tiekiamas su dviem poromis 30 cm kabeli\u0173. Rinkinyje taip pat yra auk\u0161tos kokyb\u0117s vario folijos lipdukai su puikiomis elektros savyb\u0117mis. laidumas, sukibimas, lankstumas ir atsparumas temperat\u016brai. Be to, galite juos pritaikyti beveik bet kokiai formai. Pritvirtinkite registratori\u0173 spaustuku, nukirpkite laidus ir pritvirtinkite lipduku!<\/p>\n<p><img decoding=\"async\" src=\"https:\/\/b2b.innpro.pl\/data\/include\/cms\/SkyRC\/SK-500043\/3.jpg\" alt=\"SkyRC\/SK-500043\/3\"><\/p>\n<h3>Ilgas veikimo laikas<\/h3>\n<p>\u201eThermologger Duo\u201c yra kompakti\u0161kas (jo matmenys t\u0117ra 38\u201330\u201316 mm), ta\u010diau pasi\u017eymi ilgu veikimo laiku. J\u012f maitina CR2450 baterija, kuri yra komplekte ir leid\u017eia nepertraukiamai veikti apie 96 valandas \u012fprastomis s\u0105lygomis. Kai baterija i\u0161sikrauna, j\u0105 galima lengvai pakeisti atsukus dangtel\u012f.<\/p>\n<p><img decoding=\"async\" src=\"https:\/\/b2b.innpro.pl\/data\/include\/cms\/SkyRC\/SK-500043\/2.jpg\" alt=\"SkyRC\/SK-500043\/2\"><\/p>\n<h3>Rinkinyje <\/h3>\n<ul>\n<li>termometras <\/li>\n<li>CR2450 baterija<\/li>\n<li>laidai <\/li>\n<li>vario folijos lipdukai<\/li>\n<\/ul>\n<div class=\"table-wrapper\">\n<table>\n<tbody>\n<tr>\n<th>Gamintojas <\/th>\n<td>SkyPC<\/td>\n<\/tr>\n<tr>\n<th>Modelis<\/th>\n<td>SK-500043<\/td>\n<\/tr>\n<tr>\n<th>Matmenys<\/th>\n<td>38 \u00d7 30 \u00d7 16 mm<\/td>\n<\/tr>\n<tr>\n<th>Svoris<\/th>\n<td>apie 17,5 g<\/td>\n<\/tr>\n<tr>\n<th>Darbin\u0117 \u012ftampa<\/th>\n<td>2,4 V ~ 3,6 V<\/td>\n<\/tr>\n<tr>\n<th>Darbin\u0117 srov\u0117<\/th>\n<td>< 4,6 mA esant 3 V nuolatinei srovei<\/td>\n<\/tr>\n<tr>\n<th>Baterijos tipas<\/th>\n<td>CR2450 3 V li\u010dio pastil\u0117s baterija<\/td>\n<\/tr>\n<tr>\n<th>Matavimo diapazonas<\/th>\n<td>-20 ~ 210 (-4 ~ 410)<\/td>\n<\/tr>\n<tr>\n<th>Matavimo tikslumas<\/th>\n<td>-20 \u2103 ~ 100 \u2103 (-4 \u2103 ~ 212 \u2103): \u00b12,0 \u2103 (35,6 \u2103); >100 \u2103 (212 \u2103): \u00b12 %<\/td>\n<\/tr>\n<tr>\n<th>Laido ilgis<\/th>\n<td> 30 cm<\/td>\n<\/tr>\n<tr>\n<th>Termoelemento tipas<\/th>\n<td>K tipo<\/td>\n<\/tr>\n<tr>\n<th>Ry\u0161ys<\/th>\n<td>BLE 5.0<\/td>\n<\/tr>\n<tr>\n<th>Diapazonas<\/th>\n<td>\u00a415 m<\/td>\n<\/tr>\n<tr>\n<th>Veikimo b\u016bdas temperat\u016bra<\/th>\n<td>0\u201340 \u00b0C (32\u2013104 \u00b0C)<\/td>\n<\/tr>\n<tr>\n<th>Darbin\u0117 dr\u0117gm\u0117<\/th>\n<td>5\u201390 % (nesikondensuojanti)<\/td>\n<\/tr>\n<tr>\n<th>Laikymo temperat\u016bra<\/th>\n<td>\u201310\u201350 \u00b0C (14\u2013122 \u00b0C)<\/td>\n<\/tr>\n<tr>\n<th>Laikymo dr\u0117gm\u0117<\/th>\n<td>1\u201375 % (nesikondensuojanti)<\/td>\n<\/tr>\n<\/tbody>\n<\/table>\n<\/div>\n","protected":false},"excerpt":{"rendered":"<p>\u201eSkyRC TLD001 Thermologer Duo\u201c termometras \u201eSkyRC Thermologer Duo\u201c yra novatori\u0161kas \u012frenginys, u\u017etikrinantis tikslius temperat\u016bros matavimus, siekiant optimizuoti j\u016bs\u0173 nuotolinio valdymo modelio na\u0161um\u0105. D\u0117l pa\u017eangi\u0173 temperat\u016bros jutikli\u0173, \u201eBluetooth\u201c ry\u0161io ir paprasto montavimo \u201eThermologer Duo\u201c yra b\u016btina priemon\u0117 m\u0117g\u0117jams ir nuotolinio valdymo profesionalams. Be to, kompakti\u0161kas \u012frenginio dydis ir ilgas baterijos veikimo laikas leid\u017eia j\u012f naudoti prakti\u0161kai [&#8230;]\n","protected":false},"featured_media":22826,"comment_status":"open","ping_status":"closed","template":"","meta":[],"product_brand":[82],"product_cat":[1514],"product_tag":[],"class_list":{"0":"post-22825","1":"product","2":"type-product","3":"status-publish","4":"has-post-thumbnail","6":"product_brand-skyrc","7":"product_cat-tools-and-meters","9":"first","10":"outofstock","11":"taxable","12":"shipping-taxable","13":"purchasable","14":"product-type-simple"},"aioseo_notices":[],"_links":{"self":[{"href":"https:\/\/asura.lv\/lt\/wp-json\/wp\/v2\/product\/22825","targetHints":{"allow":["GET"]}}],"collection":[{"href":"https:\/\/asura.lv\/lt\/wp-json\/wp\/v2\/product"}],"about":[{"href":"https:\/\/asura.lv\/lt\/wp-json\/wp\/v2\/types\/product"}],"replies":[{"embeddable":true,"href":"https:\/\/asura.lv\/lt\/wp-json\/wp\/v2\/comments?post=22825"}],"wp:featuredmedia":[{"embeddable":true,"href":"https:\/\/asura.lv\/lt\/wp-json\/wp\/v2\/media\/22826"}],"wp:attachment":[{"href":"https:\/\/asura.lv\/lt\/wp-json\/wp\/v2\/media?parent=22825"}],"wp:term":[{"taxonomy":"product_brand","embeddable":true,"href":"https:\/\/asura.lv\/lt\/wp-json\/wp\/v2\/product_brand?post=22825"},{"taxonomy":"product_cat","embeddable":true,"href":"https:\/\/asura.lv\/lt\/wp-json\/wp\/v2\/product_cat?post=22825"},{"taxonomy":"product_tag","embeddable":true,"href":"https:\/\/asura.lv\/lt\/wp-json\/wp\/v2\/product_tag?post=22825"}],"curies":[{"name":"wp","href":"https:\/\/api.w.org\/{rel}","templated":true}]}}