{"id":22879,"date":"2025-11-28T21:06:26","date_gmt":"2025-11-28T21:06:26","guid":{"rendered":"https:\/\/asura.lv\/product\/micro-needle-facebody-roller-8in1-geske-with-app-starlight-3\/"},"modified":"2025-12-12T15:37:18","modified_gmt":"2025-12-12T13:37:18","slug":"micro-needle-facebody-roller-8in1-geske-with-app-starlight-3","status":"publish","type":"product","link":"https:\/\/asura.lv\/lt\/produktas\/micro-needle-facebody-roller-8in1-geske-with-app-starlight-3\/","title":{"rendered":"Mikroadatinis veido ir k\u016bno volelis 8in1 su program\u0117le (\u017evaig\u017ed\u017ei\u0173 \u0161viesa)"},"content":{"rendered":"<h3>Mikroadatinis veido ir k\u016bno volelis 8in1 Geske su program\u0117le (\u017evaig\u017ed\u017ei\u0173 \u0161viesa)<\/h3>\n<p>\u012egyvendinkite savo svajon\u0119 apie gra\u017ei\u0105, lygi\u0105 od\u0105 ir pasijuskite lyg profesionaliame SPA centre savo namuose. Geske 8in1 mikroadatinis volelis veidui ir k\u016bnui si\u016blo jums paprastus b\u016bdus pasiekti norim\u0173 rezultat\u0173. Su \u0161iuo voleliu j\u016bs\u0173 oda \u012fgis nuostab\u0173 \u0161vyt\u0117jim\u0105, tekst\u016br\u0105 ir stangrum\u0105. Lengvai suma\u017einsite smulkias rauk\u0161leles ir paaki\u0173 mai\u0161elius. Taip pat galite naudotis specialia program\u0117le, kurioje si\u016blomi suasmeninti odos prie\u017ei\u016bros planai ir t\u016bkstan\u010diai vaizdo \u012fra\u0161\u0173 pamok\u0173. Rinkin\u012f sudaro mikroadatinis antgalis ir v\u0117sinamasis antgalis. \u017durnalas \u201eElle\u201c pagerb\u0117 \u201eGeske\u201c kaip geriausi\u0105 gro\u017eio inovacij\u0105.<\/p>\n<p><img loading=\"lazy\" decoding=\"async\" src=\"https:\/\/b2b.innpro.pl\/data\/include\/cms\/Geske\/GK000043SL01-Starlight\/2.jpg\" border=\"0\" alt=\"Geske\/GK000043PK01-Pink\/2\" width=\"1000\" height=\"637\" \/><\/p>\n<h3>Lygi, stangri oda<\/h3>\n<p>Planuojate ypating\u0105 i\u0161vyk\u0105? O galb\u016bt tiesiog norite greitai atnaujinti od\u0105 ir suteikti jai spindesio? \u201eGeske\u201c volelis jums pad\u0117s! Kelios mikroadatin\u0117s proced\u016bros ir v\u0117sinimo proced\u016bros atpalaiduos ir sustangrins veido raumenis. \u0160is procesas taip pat pa\u0161alins smulkias rauk\u0161leles ir patinim\u0105. Prietaisas taip pat suteikia puik\u0173 k\u0117limo efekt\u0105, padidina kolageno gamyb\u0105 ir pagerina maistini\u0173 med\u017eiag\u0173 \u012fsisavinim\u0105 i\u0161 odos prie\u017ei\u016bros priemoni\u0173. Pamir\u0161kite laukim\u0105 SPA ar dermatologijos klinikoje \u2013 dabar galite patogiai atlikti odos prie\u017ei\u016bros proced\u016bras namuose.<\/p>\n<p><img loading=\"lazy\" decoding=\"async\" src=\"https:\/\/b2b.innpro.pl\/data\/include\/cms\/Geske\/GK000043SL01-Starlight\/1.jpg\" border=\"0\" alt=\"Geske\/GK000043PK01-Pink\/1\" width=\"1000\" height=\"637\" \/><\/p>\n<h3>Gro\u017e\u012f gerinan\u010dios technologijos<\/h3>\n<p>\u201eGeske 8-in-1\u201c veido volelis apjungia kelet\u0105 pa\u017eangi\u0173 technologij\u0173, kurios pad\u0117s jums pasiekti spindin\u010di\u0105, akinant\u012f od\u0105. \u201eSmartSonic Pulsation\u201c technologija siun\u010dia iki 14 000 garso impuls\u0173 per minut\u0119, \u0161velniai masa\u017euodama ir pa\u0161alindama ne\u0161varumus. \u201eRed Light Active Regeneration\u201c veikia smulkias rauk\u0161leles. \u201eImpurities Prevention\u201c u\u017etikrina ilgalaik\u012f valymo poveik\u012f, \u201eFine Lines Refinement\u201c suma\u017eina sen\u0117jimo po\u017eymius, o energizuojantis v\u0117sinimas kovoja su patinimu. ir nuovarg\u012f, tuo pa\u010diu valant poras ir lyginant od\u0105. Taip pat verta pamin\u0117ti \u201eDeepDerma Skin Renewal &#038; Firming\u201c technologij\u0105, kuri stimuliuoja gilesnius odos sluoksnius.<\/p>\n<p><img loading=\"lazy\" decoding=\"async\" src=\"https:\/\/b2b.innpro.pl\/data\/include\/cms\/Geske\/GK000043SL01-Starlight\/6.jpg\" border=\"0\" alt=\"Geske\/GK000043PK01-Pink\/6\" width=\"1000\" height=\"637\" \/><\/p>\n<h3>Individualizuotas odos prie\u017ei\u016bros planas<\/h3>\n<p>Atsisi\u0173skite nemokam\u0105 program\u0117l\u0119 \u201eGESKE German Beauty Tech\u201c ir atraskite nauj\u0105 odos prie\u017ei\u016bros dimensij\u0105. Kai nuskaitysite savo od\u0105 i\u0161maniuoju telefonu, pa\u017eangus dirbtinio intelekto algoritmas atpa\u017eins jos tip\u0105, analizuos jos poreikius, nustatys galimas problemas ir atitinkamai sukurs asmenin\u012f odos prie\u017ei\u016bros plan\u0105. Vadovaudamiesi rekomendacijomis, be dideli\u0173 pastang\u0173 \u017eymiai pagerinsite savo odos b\u016bkl\u0119! Program\u0117l\u0117je taip pat gausu vaizdo \u012fra\u0161\u0173 su profesionaliais patarimais, kurie pad\u0117s jums efektyviai pri\u017ei\u016br\u0117ti od\u0105 ir&#8230; pasiekti norim\u0173 rezultat\u0173.<\/p>\n<p><img loading=\"lazy\" decoding=\"async\" src=\"https:\/\/b2b.innpro.pl\/data\/include\/cms\/Geske\/GK000043SL01-Starlight\/3.jpg\" border=\"0\" alt=\"Geske\/GK000043PK01-Pink\/3\" width=\"1000\" height=\"637\" \/><\/p>\n<h3>Tiesus kelias \u012f tikslus<\/h3>\n<p>\u201eGESKE German Beauty Tech\u201c program\u0117l\u0117 taip pat leid\u017eia i\u0161sikelti \u012fvairius odos prie\u017ei\u016bros tikslus \u2013 daugeliui j\u0173 galima naudoti 8 viename volel\u012f. Jis pad\u0117s i\u0161spr\u0119sti su oda susijusias problemas, tokias kaip mai\u0161eliai po akimis ar smulkios rauk\u0161lel\u0117s. Jis taip pat tinka odos tonizavimui ir veido spindesio didinimui. Be to, program\u0117l\u0117je pateikiami kiti \u201eGeske\u201c produktai, kurie pad\u0117s pasiekti dar geresni\u0173 rezultat\u0173 \u2013 i\u0161sam\u016bs j\u0173 funkcij\u0173 ir naudojimo apra\u0161ymai leis jums lengvai i\u0161sirinkti tinkamus prietaisus ir kosmetik\u0105!<\/p>\n<p><img loading=\"lazy\" decoding=\"async\" src=\"https:\/\/b2b.innpro.pl\/data\/include\/cms\/Geske\/GK000043SL01-Starlight\/4.jpg\" border=\"0\" alt=\"Geske\/GK000043PK01-Pink\/4\" width=\"1000\" height=\"636\" \/><\/p>\n<h3>Precizi\u0161kai pagaminta<\/h3>\n<p>Volelis pagamintas i\u0161 auk\u0161tos kokyb\u0117s silikono, kuris yra \u0161velnus liesti ir draugi\u0161kas odai, tod\u0117l jums nereikia jaudintis d\u0117l dirginimo. Produktas yra paprastas ir patogus naudoti. Dabar galite lengvai susikurti savo nam\u0173 SPA! Be to, pridedami priedai yra labai patvar\u016bs, o juos keisti itin greita ir paprasta. Tai leid\u017eia pritaikyti volel\u012f pagal savo poreikius akimirksniu! \u012erenginys taip pat palaiko magnetin\u012f \u012fkrovim\u0105.<\/p>\n<p><img loading=\"lazy\" decoding=\"async\" src=\"https:\/\/b2b.innpro.pl\/data\/include\/cms\/Geske\/GK000043SL01-Starlight\/5.jpg\" border=\"0\" alt=\"Geske\/GK000043PK01-Pink\/7\" width=\"1000\" height=\"637\" \/><\/p>\n<h3>D\u0117\u017eut\u0117je<\/h3>\n<ul>\n<li>8 viename volelis<\/li>\n<li>Mikroadatinis antgalis<\/li>\n<li>V\u0117sinamasis antgalis<\/li>\n<\/ul>\n<div class=\"table-wrapper\">\n<table>\n<tbody>\n<tr>\n<th>Prek\u0117s \u017eenklas<\/th>\n<td>Geske<\/td>\n<\/tr>\n<tr>\n<th>Pavadinimas<\/th>\n<td>Mikroadatinis veido ir k\u016bno volelis | 8 coli\u0173 1<\/td>\n<\/tr>\n<tr>\n<th>Modelis<\/th>\n<td>GK000043SL01<\/td>\n<\/tr>\n<tr>\n<th>Spalva<\/th>\n<td>\u017dvaig\u017ed\u017ei\u0173 \u0161viesa<\/td>\n<\/tr>\n<tr>\n<th>Med\u017eiaga<\/th>\n<td>Silikonas<\/td>\n<\/tr>\n<tr>\n<th>Program\u0117l\u0117<\/th>\n<td>GESKE voki\u0161ko gro\u017eio technologija<\/td>\n<\/tr>\n<\/tbody>\n<\/table>\n<\/div>\n","protected":false},"excerpt":{"rendered":"<p>Mikroadatinis veido ir k\u016bno volelis 8in1 Geske su program\u0117le (\u017evaig\u017ed\u017ei\u0173 \u0161viesa) \u012egyvendinkite savo svajon\u0119 apie gra\u017ei\u0105, lygi\u0105 od\u0105 ir pasijuskite lyg profesionaliame SPA centre savo namuose. Geske 8in1 mikroadatinis volelis veidui ir k\u016bnui si\u016blo jums paprastus b\u016bdus pasiekti norim\u0173 rezultat\u0173. Su \u0161iuo voleliu j\u016bs\u0173 oda \u012fgis nuostab\u0173 \u0161vyt\u0117jim\u0105, tekst\u016br\u0105 ir stangrum\u0105. Lengvai suma\u017einsite smulkias rauk\u0161leles [&#8230;]\n","protected":false},"featured_media":22880,"comment_status":"open","ping_status":"closed","template":"","meta":[],"product_brand":[505],"product_cat":[1457],"product_tag":[],"class_list":{"0":"post-22879","1":"product","2":"type-product","3":"status-publish","4":"has-post-thumbnail","6":"product_brand-geske","7":"product_cat-massagers","9":"first","10":"outofstock","11":"taxable","12":"shipping-taxable","13":"purchasable","14":"product-type-simple"},"aioseo_notices":[],"_links":{"self":[{"href":"https:\/\/asura.lv\/lt\/wp-json\/wp\/v2\/product\/22879","targetHints":{"allow":["GET"]}}],"collection":[{"href":"https:\/\/asura.lv\/lt\/wp-json\/wp\/v2\/product"}],"about":[{"href":"https:\/\/asura.lv\/lt\/wp-json\/wp\/v2\/types\/product"}],"replies":[{"embeddable":true,"href":"https:\/\/asura.lv\/lt\/wp-json\/wp\/v2\/comments?post=22879"}],"wp:featuredmedia":[{"embeddable":true,"href":"https:\/\/asura.lv\/lt\/wp-json\/wp\/v2\/media\/22880"}],"wp:attachment":[{"href":"https:\/\/asura.lv\/lt\/wp-json\/wp\/v2\/media?parent=22879"}],"wp:term":[{"taxonomy":"product_brand","embeddable":true,"href":"https:\/\/asura.lv\/lt\/wp-json\/wp\/v2\/product_brand?post=22879"},{"taxonomy":"product_cat","embeddable":true,"href":"https:\/\/asura.lv\/lt\/wp-json\/wp\/v2\/product_cat?post=22879"},{"taxonomy":"product_tag","embeddable":true,"href":"https:\/\/asura.lv\/lt\/wp-json\/wp\/v2\/product_tag?post=22879"}],"curies":[{"name":"wp","href":"https:\/\/api.w.org\/{rel}","templated":true}]}}