{"id":22897,"date":"2025-11-28T21:06:24","date_gmt":"2025-11-28T21:06:24","guid":{"rendered":"https:\/\/asura.lv\/product\/micro-needle-face-roller-9in1-geske-with-app-pink\/"},"modified":"2025-12-12T15:37:16","modified_gmt":"2025-12-12T13:37:16","slug":"micro-needle-face-roller-9in1-geske-with-app-pink","status":"publish","type":"product","link":"https:\/\/asura.lv\/lt\/produktas\/micro-needle-face-roller-9in1-geske-with-app-pink\/","title":{"rendered":"Mikroadatinis veido volelis 9in1 Geske su program\u0117le (ro\u017einis)"},"content":{"rendered":"<h3>Geske 9in1 veido adatinis mezoterapijos volelis su aplikacija (ro\u017einis)<\/h3>\n<p>Ar norite pasir\u016bpinti savo veido oda? Su Geske tai \u012fmanoma! Adatinis mezoterapijos volelis bus nepakei\u010diamas prietaisas j\u016bs\u0173 vonios kambaryje! Jame naudojama daug moderni\u0173 technologij\u0173, tod\u0117l jis gali pad\u0117ti i\u0161vengti odos ne\u0161varum\u0173 ir i\u0161lyginti smulkias rauk\u0161leles. Derinkite proced\u016br\u0105 su m\u0117gstam\u0173 serum\u0173 tepimu, nes volelis pad\u0117s geriau \u012fsigerti. Be to, j\u016bs\u0173 \u017einioje yra ir speciali program\u0117l\u0117, kuri leis naudotis \u012frenginiu maloniau ir efektyviau!<\/p>\n<p><img decoding=\"async\" src=\"https:\/\/b2b.innpro.pl\/data\/include\/cms\/Geske\/GK000053PK01-Pink\/1.jpg\" border=\"0\" alt=\"Geske\/GK000053PK01-Pink\/1\" \/><\/p>\n<h3>Masa\u017eas j\u016bs\u0173 odai<\/h3>\n<p>Veido volelis yra revoliucin\u0117 odos prie\u017ei\u016bros priemon\u0117, u\u017etikrinanti veiksming\u0105 sen\u0117jim\u0105 stabdant\u012f masa\u017e\u0105. Reguliariai naudojant, galite ne tik pa\u0161alinti toksinus i\u0161 odos pavir\u0161iaus, bet ir skatinti gilesn\u012f odos prie\u017ei\u016bros priemoni\u0173 \u012fsig\u0117rim\u0105, tod\u0117l rezultatai bus geresni ir labiau matomi. \u0160is universalus prietaisas idealiai tinka visiems odos tipams, o kei\u010diami antgaliai \u2013 \u201eMicroNeedle\u201c stimuliacijai, \u201eCooling\u201c v\u0117sinan\u010diam efektui ir \u201eRo\u017einis kvarcas\u201c raminan\u010diam bei atpalaiduojan\u010diam poveikiui \u2013 rei\u0161kia, kad kiekvienas gali pritaikyti proced\u016br\u0105 pagal savo individualius odos poreikius.<\/p>\n<p><img decoding=\"async\" src=\"https:\/\/b2b.innpro.pl\/data\/include\/cms\/Geske\/GK000053PK01-Pink\/6.jpg\" border=\"0\" alt=\"Geske\/GK000053PK01-Pink\/6\" \/><\/p>\n<h3>SPA namuose<\/h3>\n<p>Su \u201eGeske\u201c galite susikurti SPA savo namuose! Mikroadatinis veido volelis ne tik pakelia od\u0105, bet ir intensyviai tonizuoja od\u0105. Mezoterapija pagreitina gijimo ir atjauninimo procesus, tod\u0117l oda tampa ne tik stangresn\u0117, bet ir lygesn\u0117. Reguliarus volelio naudojimas yra raktas \u012f puikios odos b\u016bkl\u0117s palaikym\u0105, u\u017etikrinant sveik\u0105 ir spindin\u010di\u0105 i\u0161vaizd\u0105. Nor\u0117dami dar labiau stimuliuoti mikrocirkuliacij\u0105, pasinaudokite ro\u017einio kvarco galiuku ir naudokite SPA re\u017eim\u0105. Tai technologij\u0173 ir gamtos derinys, u\u017etikrinantis nepriekai\u0161ting\u0105 odos prie\u017ei\u016br\u0105.<\/p>\n<p><img decoding=\"async\" src=\"https:\/\/b2b.innpro.pl\/data\/include\/cms\/Geske\/GK000053PK01-Pink\/3.jpg\" border=\"0\" alt=\"Geske\/GK000053PK01-Pink\/3\" \/><\/p>\n<h3>Modernios technologijos<\/h3>\n<p>\u201eGeske\u201c produktas, kuriame naudojama \u201eDeepFerma\u201c technologija, garantuoja aktyv\u0173 odos regeneravim\u0105, gaivinim\u0105 ir atjauninim\u0105. Pa\u017eangi \u201eSmartSonic\u201c funkcija, siun\u010dianti net 14 000 garso impuls\u0173 per minut\u0119, \u0161velniai, bet efektyviai pa\u0161alina ne\u0161varumus, riebal\u0173 pertekli\u0173 ir makia\u017eo liku\u010dius, u\u017etikrindama \u0161vari\u0105 ir gaivi\u0105 veido od\u0105. Be to, \u0161is volelis pasi\u017eymi novatori\u0161ka aktyvaus regeneravimo technologija, naudojant raudon\u0105 \u0161vies\u0105, kuri ne tik pagreitina atsinaujinimo procesus, bet ir padeda i\u0161laikyti od\u0105 sveik\u0105 ir be tr\u016bkum\u0173. Tai tikrai pa\u017eangi priemon\u0117 visiems, kurie nori d\u017eiaugtis spindin\u010dia ir nepriekai\u0161tinga veido oda.<\/p>\n<p><img decoding=\"async\" src=\"https:\/\/b2b.innpro.pl\/data\/include\/cms\/Geske\/GK000053PK01-Pink\/5.jpg\" border=\"0\" alt=\"Geske\/GK000053PK01-Pink\/5\" \/><\/p>\n<h3>Dedykowana programa<\/h3>\n<p>Z my\u0415\u203al\u0414\u2026 o u\u0415\u0458ytkownikach produktu Geske, powsta\u0415\u201aa dedykowana aplikacja, dzi\u0414\u2122ki kt\u0413\u0456rej mo\u0415\u0458esz w \u0415\u201aatwy spos\u0413\u0456b zadba\u0414\u2021 hi&#8230; Daje ona mo\u0415\u0458liwo\u0415\u203a\u0414\u2021 \u0415\u203aledzenia swoich post\u0414\u2122p\u0413\u0456w \u0432\u0402\u201d z \u0415\u201aatwo\u0415\u203aci\u0414\u2026 wykonywanie codziennych sesji razem z filmikami instrukta\u0415\u0458owymi. \u0415\u201aatwe!<\/p>\n<p><img decoding=\"async\" src=\"https:\/\/b2b.innpro.pl\/data\/include\/cms\/Geske\/GK000053PK01-Pink\/2.jpg\" border=\"0\" alt=\"Geske\/GK000053PK01-Pink\/2\" \/><\/p>\n<h3>Pridedamas<\/h3>\n<ul>\n<li>veido volelis<\/li>\n<li>3 kei\u010diami antgaliai (mikroadatinis, v\u0117sinamasis, ro\u017einio kvarco)<\/li>\n<\/ul>\n<div class=\"table-wrapper\">\n<table>\n<tbody>\n<tr>\n<th>Gamintojas<\/th>\n<td>Geske<\/td>\n<\/tr>\n<tr>\n<th>Modelis<\/th>\n<td>GK000053PK01<\/td>\n<\/tr>\n<tr>\n<th>Spalva<\/th>\n<td>ro\u017ein\u0117<\/td>\n<\/tr>\n<\/tbody>\n<\/table>\n<\/div>\n","protected":false},"excerpt":{"rendered":"<p>Geske 9in1 veido adatinis mezoterapijos volelis su aplikacija (ro\u017einis) Ar norite pasir\u016bpinti savo veido oda? Su Geske tai \u012fmanoma! Adatinis mezoterapijos volelis bus nepakei\u010diamas prietaisas j\u016bs\u0173 vonios kambaryje! Jame naudojama daug moderni\u0173 technologij\u0173, tod\u0117l jis gali pad\u0117ti i\u0161vengti odos ne\u0161varum\u0173 ir i\u0161lyginti smulkias rauk\u0161leles. Derinkite proced\u016br\u0105 su m\u0117gstam\u0173 serum\u0173 tepimu, nes volelis pad\u0117s geriau \u012fsigerti. [&#8230;]\n","protected":false},"featured_media":22898,"comment_status":"open","ping_status":"closed","template":"","meta":[],"product_brand":[505],"product_cat":[1457],"product_tag":[],"class_list":{"0":"post-22897","1":"product","2":"type-product","3":"status-publish","4":"has-post-thumbnail","6":"product_brand-geske","7":"product_cat-massagers","9":"first","10":"outofstock","11":"taxable","12":"shipping-taxable","13":"purchasable","14":"product-type-simple"},"aioseo_notices":[],"_links":{"self":[{"href":"https:\/\/asura.lv\/lt\/wp-json\/wp\/v2\/product\/22897","targetHints":{"allow":["GET"]}}],"collection":[{"href":"https:\/\/asura.lv\/lt\/wp-json\/wp\/v2\/product"}],"about":[{"href":"https:\/\/asura.lv\/lt\/wp-json\/wp\/v2\/types\/product"}],"replies":[{"embeddable":true,"href":"https:\/\/asura.lv\/lt\/wp-json\/wp\/v2\/comments?post=22897"}],"wp:featuredmedia":[{"embeddable":true,"href":"https:\/\/asura.lv\/lt\/wp-json\/wp\/v2\/media\/22898"}],"wp:attachment":[{"href":"https:\/\/asura.lv\/lt\/wp-json\/wp\/v2\/media?parent=22897"}],"wp:term":[{"taxonomy":"product_brand","embeddable":true,"href":"https:\/\/asura.lv\/lt\/wp-json\/wp\/v2\/product_brand?post=22897"},{"taxonomy":"product_cat","embeddable":true,"href":"https:\/\/asura.lv\/lt\/wp-json\/wp\/v2\/product_cat?post=22897"},{"taxonomy":"product_tag","embeddable":true,"href":"https:\/\/asura.lv\/lt\/wp-json\/wp\/v2\/product_tag?post=22897"}],"curies":[{"name":"wp","href":"https:\/\/api.w.org\/{rel}","templated":true}]}}