{"id":22981,"date":"2025-11-28T21:06:18","date_gmt":"2025-11-28T21:06:18","guid":{"rendered":"https:\/\/asura.lv\/product\/sonic-thermo-facial-brush-face-lifter-8in1-geske-with-app-magenta\/"},"modified":"2025-12-12T15:37:12","modified_gmt":"2025-12-12T13:37:12","slug":"sonic-thermo-facial-brush-face-lifter-8in1-geske-with-app-magenta","status":"publish","type":"product","link":"https:\/\/asura.lv\/lt\/produktas\/sonic-thermo-facial-brush-face-lifter-8in1-geske-with-app-magenta\/","title":{"rendered":"\u201eSonic Thermo\u201c veido \u0161epet\u0117lis ir veido liftingas 8in1 su program\u0117le (rausvai raudonas)"},"content":{"rendered":"<h3>Terminis ultragarsinis \u0161epetys ir veido stangrinimo priemon\u0117 \u201eGeske\u201c 8 viename su program\u0117le (rausvai raudona)<\/h3>\n<p><span style=\"color: #000000; background-color: transparent;\">Ie\u0161kote daugiafunkcio odos prie\u017ei\u016bros prietaiso? Rinkit\u0117s \u201eGeske\u201c ultragarsin\u012f \u0161epet\u012f. \u0160is produktas ne tik valo veid\u0105, bet ir atjaunina, tonizuoja, atkuria spindes\u012f, atlieka masa\u017e\u0105 ir suteikia stangrinimo efekt\u0105. Jis skirtas riebiai, \u012f spuogus linkusiai odai, turin\u010diai pirm\u0173j\u0173 sen\u0117jimo po\u017eymi\u0173. Be to, speciali program\u0117l\u0117 suteikia prieig\u0105 prie verting\u0173 odos prie\u017ei\u016bros patarim\u0173 ir prietaiso naudojimo gairi\u0173. Be to, ELLE suteik\u0117 \u201eGeske\u201c ELLE Nr. 1 gro\u017eio inovacijos titul\u0105. Rinkit\u0117s ekspert\u0173 rekomenduojamus sprendimus.<\/span><\/p>\n<p><img decoding=\"async\" src=\"https:\/\/assets.innpro.pl\/307\/332\/1.jpg\" border=\"0\" alt=\"\" \/><\/p>\n<h3>Puikiai tinka kasdieniam veido valymui<\/h3>\n<p><span style=\"color: #000000; background-color: transparent;\">Valymas yra odos prie\u017ei\u016bros pagrindas. \u201eGeske\u201c ultragarsinis \u0161epet\u0117lis u\u017etikrina kruop\u0161t\u0173 ir gil\u0173 valym\u0105. Jis pa\u0161alina makia\u017eo liku\u010dius vos per 30 sekund\u017ei\u0173. Kas lemia \u0161epet\u0117lio efektyvum\u0105? Priemon\u0117 pulsuoja daugiau nei 8000 kart\u0173 per minut\u0119 (\u201eSmartSonic\u201c) ir turi mink\u0161tus, silikoninius \u0161erelius. Be to, kruop\u0161\u010diai suprojektuota konstrukcija leid\u017eia tiksliai valyti net sunkiai pasiekiamas vietas, tokias kaip aki\u0173 ir nosies kont\u016brai. M\u0117gaukit\u0117s \u0161varia ir spindin\u010dia veido oda!<\/span><\/p>\n<p><img decoding=\"async\" src=\"https:\/\/assets.innpro.pl\/307\/332\/2.jpg\" border=\"0\" alt=\"\" \/><\/p>\n<h3>Auk\u0161tesnio lygio odos prie\u017ei\u016bra<\/h3>\n<p><span style=\"color: #000000; background-color: transparent;\">Prietaise yra 12 termini\u0173 perl\u0173, kurie \u0161iluma atveria poras. Tai paruo\u0161ia od\u0105 tolesn\u0117ms odos prie\u017ei\u016bros proced\u016broms, padidinant naudojam\u0173 kosmetikos priemoni\u0173 efektyvum\u0105. Be to, prietaisas naudoja mikrosroves, kurios formuoja veido kont\u016brus ir atkuria odos stangrum\u0105. Taip pat galite naudoti mikrosrovi\u0173 masa\u017e\u0105 kaklui ir dekolt\u0117 sri\u010diai. Produktas pakelia ir tonizuoja od\u0105, suma\u017eina perteklin\u0119 riebal\u0173 gamyb\u0105 ir suteikia matin\u012f atspalv\u012f.<\/span><\/p>\n<p><img decoding=\"async\" src=\"https:\/\/assets.innpro.pl\/307\/332\/4.jpg\" border=\"0\" alt=\"\" \/><\/p>\n<h3>\u201eGeske German Beauty Tech\u201c program\u0117l\u0117<\/h3>\n<p><span style=\"color: #000000; background-color: transparent;\">\u201eGeske German Beauty Tech\u201c program\u0117l\u0117, kuri\u0105 galima \u012fsigyti \u201eApp Store\u201c ir \u201eGoogle Play\u201c, leid\u017eia nuskaityti veid\u0105. Naudodama dirbtinio intelekto technologij\u0105, ji sukuria suasmenint\u0105 odos prie\u017ei\u016bros program\u0105, pritaikyt\u0105 j\u016bs\u0173 unikaliems poreikiams. Galite nusistatyti tikslus ir tvarkara\u0161\u010dius, o savait\u0117s ataskaitose bus stebimi atlikti ir praleisti seansai. Be to, gaukite prieig\u0105 prie mokom\u0173j\u0173 vaizdo \u012fra\u0161\u0173 seans\u0173, kurie pad\u0117s jums tinkamai naudoti \u201eGeske\u201c \u012frenginius. Atraskite odos prie\u017ei\u016bros transformacij\u0105 patys!<\/span><\/p>\n<p><img decoding=\"async\" src=\"https:\/\/assets.innpro.pl\/307\/332\/3.jpg\" border=\"0\" alt=\"\" \/><\/p>\n<div class=\"table-wrapper\">\n<table>\n<tbody>\n<tr>\n<th>Gamintojas<\/th>\n<td>Geske<\/td>\n<\/tr>\n<tr>\n<th>Gamintojo kodas<\/th>\n<td>GK000006MG01<\/td>\n<\/tr>\n<tr>\n<th>Spalva<\/th>\n<td>Purpurin\u0117<\/td>\n<\/tr>\n<tr>\n<th>Program\u0117l\u0117<\/th>\n<td>Geske voki\u0161ko gro\u017eio technologija<\/td>\n<\/tr>\n<\/tbody>\n<\/table>\n<\/div>\n","protected":false},"excerpt":{"rendered":"<p>Terminis ultragarsinis \u0161epetys ir veido stangrinimo priemon\u0117 \u201eGeske\u201c 8 viename su program\u0117le (rausvai raudona) Ie\u0161kote daugiafunkcio odos prie\u017ei\u016bros prietaiso? Rinkit\u0117s \u201eGeske\u201c ultragarsin\u012f \u0161epet\u012f. \u0160is produktas ne tik valo veid\u0105, bet ir atjaunina, tonizuoja, atkuria spindes\u012f, atlieka masa\u017e\u0105 ir suteikia stangrinimo efekt\u0105. Jis skirtas riebiai, \u012f spuogus linkusiai odai, turin\u010diai pirm\u0173j\u0173 sen\u0117jimo po\u017eymi\u0173. Be to, speciali [&#8230;]\n","protected":false},"featured_media":22982,"comment_status":"open","ping_status":"closed","template":"","meta":[],"product_brand":[505],"product_cat":[1457],"product_tag":[],"class_list":{"0":"post-22981","1":"product","2":"type-product","3":"status-publish","4":"has-post-thumbnail","6":"product_brand-geske","7":"product_cat-massagers","9":"first","10":"outofstock","11":"taxable","12":"shipping-taxable","13":"purchasable","14":"product-type-simple"},"aioseo_notices":[],"_links":{"self":[{"href":"https:\/\/asura.lv\/lt\/wp-json\/wp\/v2\/product\/22981","targetHints":{"allow":["GET"]}}],"collection":[{"href":"https:\/\/asura.lv\/lt\/wp-json\/wp\/v2\/product"}],"about":[{"href":"https:\/\/asura.lv\/lt\/wp-json\/wp\/v2\/types\/product"}],"replies":[{"embeddable":true,"href":"https:\/\/asura.lv\/lt\/wp-json\/wp\/v2\/comments?post=22981"}],"wp:featuredmedia":[{"embeddable":true,"href":"https:\/\/asura.lv\/lt\/wp-json\/wp\/v2\/media\/22982"}],"wp:attachment":[{"href":"https:\/\/asura.lv\/lt\/wp-json\/wp\/v2\/media?parent=22981"}],"wp:term":[{"taxonomy":"product_brand","embeddable":true,"href":"https:\/\/asura.lv\/lt\/wp-json\/wp\/v2\/product_brand?post=22981"},{"taxonomy":"product_cat","embeddable":true,"href":"https:\/\/asura.lv\/lt\/wp-json\/wp\/v2\/product_cat?post=22981"},{"taxonomy":"product_tag","embeddable":true,"href":"https:\/\/asura.lv\/lt\/wp-json\/wp\/v2\/product_tag?post=22981"}],"curies":[{"name":"wp","href":"https:\/\/api.w.org\/{rel}","templated":true}]}}