{"id":23017,"date":"2025-11-28T21:06:13","date_gmt":"2025-11-28T21:06:13","guid":{"rendered":"https:\/\/asura.lv\/product\/4in1-hub-baseus-ultrajoy-usb-a-do-4xusb-3-0-space-grey\/"},"modified":"2025-12-12T15:37:09","modified_gmt":"2025-12-12T13:37:09","slug":"4in1-hub-baseus-ultrajoy-usb-a-do-4xusb-3-0-space-grey","status":"publish","type":"product","link":"https:\/\/asura.lv\/lt\/produktas\/4in1-hub-baseus-ultrajoy-usb-a-do-4xusb-3-0-space-grey\/","title":{"rendered":"4in1 \u0161akotuvas \u201eBaseus UltraJoy USB-A\u201c su 4 USB 3.0 jungtimis (pilkos spalvos)"},"content":{"rendered":"<h3>4 viename \u201eBaseus UltraJoy\u201c \u0161akotuvas USB-A \u012f 4xUSB 3.0 (pilkas).<\/h3>\n<p>Palengvinkite kasdien\u012f darb\u0105 prie kompiuterio. 4 viename \u201eBaseus UltraJoy\u201c \u0161akotuvas turi 4 USB 3.0 prievadus, kurie leid\u017eia perduoti duomenis iki 5 Gbps grei\u010diu. Jis veikia su \u012fvairiais \u012frenginiais, o d\u0117l kompakti\u0161ko dizaino j\u012f visada galite tur\u0117ti po ranka.<\/p>\n<p><img decoding=\"async\" src=\"https:\/\/b2b.innpro.pl\/data\/include\/cms\/-Baseus\/B0005280A813-02\/1.jpg\" alt=\"-Baseus\/B0005280A813-02\/1\"><\/p>\n<h3>Perkelkite failus akimirksniu<\/h3>\n<p>Ar da\u017enai kopijuojate failus tarp \u012frengini\u0173? \u201eBaseus\u201c \u0161akotuvas tikrai pateisins j\u016bs\u0173 l\u016bkes\u010dius! Adapteris leid\u017eia stabiliai ir \u017eaibi\u0161kai perduoti duomenis iki 5 Gbps grei\u010diu. D\u0117l to nuotrauk\u0173 ar vaizdo \u012fra\u0161\u0173 perk\u0117limas u\u017etruks vos kelias sekundes!<\/p>\n<p><img decoding=\"async\" src=\"https:\/\/b2b.innpro.pl\/data\/include\/cms\/-Baseus\/B0005280A813-02\/4.jpg\" alt=\"-Baseus\/B0005280A813-02\/4\"><\/p>\n<h3>Platus galimybi\u0173 spektras<\/h3>\n<p>\u0160aktuvas leis jums padidinti ne\u0161iojamojo kompiuterio galimybes! Produktas leid\u017eia prijungti iki 4 papildom\u0173 \u012frengini\u0173, toki\u0173 kaip kompiuterio pel\u0117, klaviat\u016bra, plan\u0161etinis kompiuteris, i\u0161manusis telefonas ar ne\u0161iojamasis diskas. D\u0117l to jis puikiai tinka tiek darbui, tiek \u017eaidimams ar nar\u0161ymui internete.<\/p>\n<p><img decoding=\"async\" src=\"https:\/\/b2b.innpro.pl\/data\/include\/cms\/-Baseus\/B0005280A813-02\/3.jpg\" alt=\"-Baseus\/B0005280A813-02\/3\"><\/p>\n<h3>Pasiimkite j\u012f su savimi bet kur<\/h3>\n<p>\u0160is ma\u017eas ir prakti\u0161kas \u201eBaseus\u201c mazgas yra nepakei\u010diamas kelioni\u0173 palydovas! D\u0117l kompakti\u0161ko dizaino j\u012f galite s\u0117kmingai supakuoti \u012f kuprin\u0119 ar rankin\u0119. Nesvarbu, ar esate darbe, atostogaujate, ar vykstate \u012f komandiruot\u0119, \u0161is centras tikrai patenkins j\u016bs\u0173 poreikius!<\/p>\n<p><img decoding=\"async\" src=\"https:\/\/b2b.innpro.pl\/data\/include\/cms\/-Baseus\/B0005280A813-02\/2.jpg\" alt=\"-Baseus\/B0005280A813-02\/2\"><\/p>\n<div class=\"table-wrapper\">\n<table>\n<tbody>\n<tr>\n<th>Gamintojas. <\/th>\n<td>Baseus<\/td>\n<\/tr>\n<tr>\n<th>Modelis <\/th>\n<td>B0005280A813-02 <\/td>\n<\/tr>\n<tr>\n<th>Pavadinimas<\/th>\n<td>OS \u2013 \u201eBaseus UltraJoy\u201c serijos 4 prievad\u0173 \u0161akotuvas<\/td>\n<\/tr>\n<tr>\n<th>Spalva <\/th>\n<td>Pilka<\/td>\n<\/tr>\n<tr>\n<th>Prievadai <\/th>\n<td>4x USB3.0<\/td>\n<\/tr>\n<tr>\n<th>Perdavimo greitis <\/th>\n<td>Iki 5 Gbps<\/td>\n<\/tr>\n<tr>\n<th>Suderinamumas <\/th>\n<td>\u201eWindows\u201c, \u201eApple OS\u201c, \u201eLinux\u201c, \u201eVista\u201c, ir kt.<\/td>\n<\/tr>\n<\/tbody>\n<\/table>\n<\/div>\n","protected":false},"excerpt":{"rendered":"<p>4 viename \u201eBaseus UltraJoy\u201c \u0161akotuvas USB-A \u012f 4xUSB 3.0 (pilkas). Palengvinkite kasdien\u012f darb\u0105 prie kompiuterio. 4 viename \u201eBaseus UltraJoy\u201c \u0161akotuvas turi 4 USB 3.0 prievadus, kurie leid\u017eia perduoti duomenis iki 5 Gbps grei\u010diu. Jis veikia su \u012fvairiais \u012frenginiais, o d\u0117l kompakti\u0161ko dizaino j\u012f visada galite tur\u0117ti po ranka. Perkelkite failus akimirksniu Ar da\u017enai kopijuojate failus [&#8230;]\n","protected":false},"featured_media":23018,"comment_status":"open","ping_status":"closed","template":"","meta":[],"product_brand":[95],"product_cat":[1328],"product_tag":[],"class_list":{"0":"post-23017","1":"product","2":"type-product","3":"status-publish","4":"has-post-thumbnail","6":"product_brand-baseus","7":"product_cat-hubs","9":"first","10":"outofstock","11":"taxable","12":"shipping-taxable","13":"purchasable","14":"product-type-simple"},"aioseo_notices":[],"_links":{"self":[{"href":"https:\/\/asura.lv\/lt\/wp-json\/wp\/v2\/product\/23017","targetHints":{"allow":["GET"]}}],"collection":[{"href":"https:\/\/asura.lv\/lt\/wp-json\/wp\/v2\/product"}],"about":[{"href":"https:\/\/asura.lv\/lt\/wp-json\/wp\/v2\/types\/product"}],"replies":[{"embeddable":true,"href":"https:\/\/asura.lv\/lt\/wp-json\/wp\/v2\/comments?post=23017"}],"wp:featuredmedia":[{"embeddable":true,"href":"https:\/\/asura.lv\/lt\/wp-json\/wp\/v2\/media\/23018"}],"wp:attachment":[{"href":"https:\/\/asura.lv\/lt\/wp-json\/wp\/v2\/media?parent=23017"}],"wp:term":[{"taxonomy":"product_brand","embeddable":true,"href":"https:\/\/asura.lv\/lt\/wp-json\/wp\/v2\/product_brand?post=23017"},{"taxonomy":"product_cat","embeddable":true,"href":"https:\/\/asura.lv\/lt\/wp-json\/wp\/v2\/product_cat?post=23017"},{"taxonomy":"product_tag","embeddable":true,"href":"https:\/\/asura.lv\/lt\/wp-json\/wp\/v2\/product_tag?post=23017"}],"curies":[{"name":"wp","href":"https:\/\/api.w.org\/{rel}","templated":true}]}}