{"id":23419,"date":"2025-11-28T21:04:43","date_gmt":"2025-11-28T21:04:43","guid":{"rendered":"https:\/\/asura.lv\/product\/protective-case-baseus-minimalist-for-ipad-pro-2018-2020-2021-2022-11-inch-black\/"},"modified":"2025-12-12T15:35:51","modified_gmt":"2025-12-12T13:35:51","slug":"protective-case-baseus-minimalist-for-ipad-pro-2018-2020-2021-2022-11-inch-black","status":"publish","type":"product","link":"https:\/\/asura.lv\/lt\/produktas\/protective-case-baseus-minimalist-for-ipad-pro-2018-2020-2021-2022-11-inch-black\/","title":{"rendered":"Apsauginis d\u0117klas \u201eBaseus Minimalist\u201c, skirtas \u201eiPad Pro\u201c (2018\/2020\/2021\/2022) 11 coli\u0173 (juodas)"},"content":{"rendered":"<h3>\u201eBaseus Minimalist\u201c apsauginis d\u0117klas, skirtas \u201eiPad Pro\u201c (2018\/2020\/2021\/2022) 11 coli\u0173 (juodas)<\/h3>\n<p>Ie\u0161kote veiksmingos \u201eiPad\u201c apsaugos? \u201eBaseus\u201c apsauginis d\u0117klas bus puikus pasirinkimas! Jis idealiai apsaugo nuo sm\u016bgi\u0173, \u012fbr\u0117\u017eim\u0173 ar purvo. Be to, jis puikiai tiks \u017eaid\u017eiant, pie\u0161iant ar atliekant nam\u0173 darbus. Be to, d\u0117klas taupys j\u016bs\u0173 \u201eiPad\u201c energij\u0105, nes jame yra \u017eadinimo ir miego funkcija. <\/p>\n<p><img decoding=\"async\" src=\"https:\/\/b2b.innpro.pl\/data\/include\/cms\/-Baseus\/P40112502211-00\/1.jpg\" alt=\"-Baseus\/P40112502211-00\/1\"><\/p>\n<h3>Saugos garantija<\/h3>\n<p>\u201eBaseus Minimalist\u201c apsauginis d\u0117klas yra saugumo garantija, nes jis vienodai apsaugos j\u016bs\u0173 \u201eiPad\u201c i\u0161 priekio ir galo. Be to, jis pasi\u017eymi puikiu atsparumu lenkimui. Jis taip pat i\u0161sklaidys sm\u016bgius ir apsaugos j\u016bs\u0173 plan\u0161etin\u012f kompiuter\u012f nuo lenkimo. Dar didesnei apsaugai 4 \u201eBaseus\u201c d\u0117klo kra\u0161tai buvo papildomai sustiprinti. D\u0117l to jie sugers sm\u016bg\u012f krisdami ant \u017eem\u0117s.<\/p>\n<p><img decoding=\"async\" src=\"https:\/\/b2b.innpro.pl\/data\/include\/cms\/-Baseus\/P40112502211-00\/2.jpg\" alt=\"-Baseus\/P40112502211-00\/2\"><\/p>\n<h3>Pritaikyta j\u016bs\u0173 poreikiams<\/h3>\n<p>\u201eBaseus\u201c d\u0117klas buvo sukurtas atsi\u017evelgiant \u012f j\u016bs\u0173 poreikius, tod\u0117l jis i\u0161siskiria sulankstomu dizainu ir reguliuojamu \u017ei\u016br\u0117jimo kampu. Galite lengvai pastatyti savo \u201eiPad\u201c vertikaliai arba horizontaliai. D\u0117l to d\u0117klas puikiai tinka \u017ei\u016br\u0117ti programas, trumpus filmus, skaityti ar \u017eaisti \u017eaidimus. Jis puikiai tiks bet kokioje situacijoje!<\/p>\n<p><img decoding=\"async\" src=\"https:\/\/b2b.innpro.pl\/data\/include\/cms\/-Baseus\/P40112502211-00\/3.jpg\" alt=\"-Baseus\/P40112502211-00\/3\"><\/p>\n<h3>Naudojimo patogumas<\/h3>\n<p>\u201eBaseus Minimalist\u201c yra ne tik puiki \u201eiPad Pro\u201c apsauga, bet ir patogus naudoti. Jis i\u0161siskiria itin plonu dizainu ir lengvu svoriu iki 150 g. Be to, automatinio \u017eadinimo ir miego funkcijos d\u0117ka gal\u0117site taupyti savo \u012frangos energij\u0105. Tiesiog atidarykite d\u0117kl\u0105, kad pa\u017eadintum\u0117te \u201eiPad\u201c, ir u\u017edarykite, kad jis u\u017emigt\u0173.<\/p>\n<p><img decoding=\"async\" src=\"https:\/\/b2b.innpro.pl\/data\/include\/cms\/-Baseus\/P40112502211-00\/4.jpg\" alt=\"-Baseus\/P40112502211-00\/4\"><\/p>\n<h3>Apgalvotas dizainas<\/h3>\n<p>Apsauginis d\u0117klas sukurtas i\u0161 auk\u0161tos kokyb\u0117s med\u017eiag\u0173, tod\u0117l yra \u0161velnus liesti ir atsparus d\u0117m\u0117ms. Be to, jame yra 4 specialios skyl\u0117s, kurios i\u0161sklaidys \u0161ilum\u0105 ir atv\u0117sins j\u016bs\u0173 plan\u0161etin\u012f kompiuter\u012f. Be to, jame taip pat yra laikiklis ra\u0161ikliams, tokiems kaip \u201eBaseus Stylus Pens\u201c, \u201eApple Pencil II\u201c ir \u201eApple Pencil I\u201c. Tokiu b\u016bdu juos visada tur\u0117site su savimi! <\/p>\n<p><img decoding=\"async\" src=\"https:\/\/b2b.innpro.pl\/data\/include\/cms\/-Baseus\/P40112502211-00\/5.jpg\" alt=\"-Baseus\/P40112502211-00\/5\"><\/p>\n<div class=\"table-wrapper\">\n<table>\n<tbody>\n<tr>\n<th>Gamintojas <\/th>\n<td>Baseus<\/td>\n<\/tr>\n<tr>\n<th>Modelis<\/th>\n<td>P40112502211-00<\/td>\n<\/tr>\n<tr>\n<th>Med\u017eiaga <\/th>\n<td>PU + TPU + PC<\/td>\n<\/tr>\n<tr>\n<th>Storis<\/th>\n<td>2,3 mm<\/td>\n<\/tr>\n<tr>\n<th>Svoris<\/th>\n<td>150 g<\/td>\n<\/tr>\n<tr>\n<th>Spalva<\/th>\n<td>Juoda<\/td>\n<\/tr>\n<tr>\n<th>Suderinamumas<\/th>\n<td>iPad Pro (2018\/2020\/2021\/2022) 11 coli\u0173<\/td>\n<\/tr>\n<tr>\n<th><\/th>\n<\/tbody>\n<\/table>\n<\/div>\n","protected":false},"excerpt":{"rendered":"<p>\u201eBaseus Minimalist\u201c apsauginis d\u0117klas, skirtas \u201eiPad Pro\u201c (2018\/2020\/2021\/2022) 11 coli\u0173 (juodas) Ie\u0161kote veiksmingos \u201eiPad\u201c apsaugos? \u201eBaseus\u201c apsauginis d\u0117klas bus puikus pasirinkimas! Jis idealiai apsaugo nuo sm\u016bgi\u0173, \u012fbr\u0117\u017eim\u0173 ar purvo. Be to, jis puikiai tiks \u017eaid\u017eiant, pie\u0161iant ar atliekant nam\u0173 darbus. Be to, d\u0117klas taupys j\u016bs\u0173 \u201eiPad\u201c energij\u0105, nes jame yra \u017eadinimo ir miego funkcija. Saugos [&#8230;]\n","protected":false},"featured_media":23420,"comment_status":"open","ping_status":"closed","template":"","meta":[],"product_brand":[95],"product_cat":[1247],"product_tag":[],"class_list":{"0":"post-23419","1":"product","2":"type-product","3":"status-publish","4":"has-post-thumbnail","6":"product_brand-baseus","7":"product_cat-protective-cases-for-tablets-cases-gsm-accessories","9":"first","10":"outofstock","11":"taxable","12":"shipping-taxable","13":"purchasable","14":"product-type-simple"},"aioseo_notices":[],"_links":{"self":[{"href":"https:\/\/asura.lv\/lt\/wp-json\/wp\/v2\/product\/23419","targetHints":{"allow":["GET"]}}],"collection":[{"href":"https:\/\/asura.lv\/lt\/wp-json\/wp\/v2\/product"}],"about":[{"href":"https:\/\/asura.lv\/lt\/wp-json\/wp\/v2\/types\/product"}],"replies":[{"embeddable":true,"href":"https:\/\/asura.lv\/lt\/wp-json\/wp\/v2\/comments?post=23419"}],"wp:featuredmedia":[{"embeddable":true,"href":"https:\/\/asura.lv\/lt\/wp-json\/wp\/v2\/media\/23420"}],"wp:attachment":[{"href":"https:\/\/asura.lv\/lt\/wp-json\/wp\/v2\/media?parent=23419"}],"wp:term":[{"taxonomy":"product_brand","embeddable":true,"href":"https:\/\/asura.lv\/lt\/wp-json\/wp\/v2\/product_brand?post=23419"},{"taxonomy":"product_cat","embeddable":true,"href":"https:\/\/asura.lv\/lt\/wp-json\/wp\/v2\/product_cat?post=23419"},{"taxonomy":"product_tag","embeddable":true,"href":"https:\/\/asura.lv\/lt\/wp-json\/wp\/v2\/product_tag?post=23419"}],"curies":[{"name":"wp","href":"https:\/\/api.w.org\/{rel}","templated":true}]}}