{"id":23443,"date":"2025-11-28T21:04:41","date_gmt":"2025-11-28T21:04:41","guid":{"rendered":"https:\/\/asura.lv\/product\/lampa-kempingowa-superfire-t51-usb-c\/"},"modified":"2025-12-12T15:35:48","modified_gmt":"2025-12-12T13:35:48","slug":"lampa-kempingowa-superfire-t51-usb-c","status":"publish","type":"product","link":"https:\/\/asura.lv\/lt\/produktas\/lampa-kempingowa-superfire-t51-usb-c\/","title":{"rendered":"Lampa kempingowa Superfire T51, USB-C"},"content":{"rendered":"<h3>\u201eSuperfire T51\u201c stovyklavimo lempa<\/h3>\n<p>Va\u017eiuojate praleisti vakar\u0105 palapin\u0117je? O gal organizuojate vakar\u0117l\u012f su draugais sode? \u201eSuperfire T51\u201c lempa puikiai tiks bet kokioje situacijoje! Ji si\u016blo stabil\u0173 ap\u0161vietim\u0105 ir leid\u017eia reguliuoti \u0161viesos intensyvum\u0105. Jos retro dizainas prad\u017eiugins daugel\u012f naudotoj\u0173, o d\u0117l vandeniui atsparios konstrukcijos jos neg\u0105sdins jokios oro s\u0105lygos! Pastaba: 18650 tipo \u012fkraunama baterija nepridedama, j\u0105 reikia \u012fsigyti atskirai.<\/p>\n<p>\n<img decoding=\"async\" alt=\"\u201eSuperfire T51\u201c stovyklavimo lempa su krintan\u010diais lietaus la\u0161ais.\" border=\"0\" src=\"https:\/\/assets.innpro.pl\/10915\/12865\/4.jpg\"\/>\n<\/p>\n<h3>Daug galimybi\u0173<\/h3>\n<p>Lempa skirta \u012fvairiems naudojimo scenarijams. Ji puikiai tiks stovyklavimui ar nakvynei lauke. Jis taip pat suteiks atmosferin\u012f ap\u0161vietim\u0105 susitinkant su draugais sode, taip pat bus \u012fdomus priedas namuose. Be to, d\u0117l galimyb\u0117s reguliuoti \u0161viesos ry\u0161kum\u0105, lengvai pritaikysite j\u012f pagal savo l\u016bkes\u010dius.<\/p>\n<p>\n<img decoding=\"async\" alt=\"Superfire T51 lempos ranken\u0117l\u0117s, stovin\u010dios ant medinio stalo \u0161alia arbatinuko ir puodelio, stambus planas.\" border=\"0\" src=\"https:\/\/assets.innpro.pl\/10915\/12865\/2.jpg\"\/>\n<\/p>\n<h3>Specialiai sukurta konstrukcija<\/h3>\n<p>Savaitgalio stovyklavimo metu u\u017eklupo lietus ir nerimavote, kad sugadinsite lemp\u0105? Nesijaudinkite! T51 modelis i\u0161siskiria savo vandeniui atspariu dizainu, atitinkan\u010diu IP43 apsaugos lyg\u012f \u2013 lietaus la\u0161ai jam nekelia gr\u0117sm\u0117s. Lempa turi prakti\u0161k\u0105 kabliuk\u0105, kuris leid\u017eia patogiai j\u0105 ne\u0161ti arba pakabinti, pavyzd\u017eiui, palapin\u0117je ar ant \u0161akos. \u0160viestuvo valdymas labai paprastas \u2013 tiesiog pasukite \u0161onin\u012f jungikl\u012f pagal laikrod\u017eio rodykl\u0119, kad \u012fjungtum\u0117te \u0161viesos \u0161altin\u012f ir tolygiai pritemdytum\u0117te j\u012f, kur\u012f galima laisvai reguliuoti nuo ma\u017eo iki didelio ry\u0161kumo. Pasukite ranken\u0117l\u0119 prie\u0161 laikrod\u017eio rodykl\u0119, kad i\u0161jungtum\u0117te \u0161viesos \u0161altin\u012f.<\/p>\n<p>\n<img decoding=\"async\" alt=\"Ant kabliuko kabanti \u201eSuperfire T51\u201c lempa skleid\u017eia \u0161ilt\u0105 \u0161vies\u0105.\" border=\"0\" src=\"https:\/\/assets.innpro.pl\/10915\/12865\/1.jpg\"\/>\n<\/p>\n<h3>Pridedama<\/h3>\n<ul class=\"list-disc pl-5\">\n<li>lempa<\/li>\n<li>USB-C \/ USB-A laidas<\/li>\n<li>naudotojo vadovas<\/li>\n<\/ul>\n<div class=\"table-wrapper\">\n<p>B\u00a0<\/p>\n<h3><\/h3>\n<table>\n<tbody>\n<tr>\n<th>Gamintojas<\/th>\n<td>Superfire<\/td>\n<\/tr>\n<tr>\n<th>Modelis<\/th>\n<td>T51<\/td>\n<\/tr>\n<tr>\n<th>Spalva<\/th>\n<td>Juoda<\/td>\n<\/tr>\n<tr>\n<th>\u012ekrovimo s\u0105saja<\/th>\n<td>USB-C<\/td>\n<\/tr>\n<tr>\n<th>Akumuliatoriaus talpa<\/th>\n<td>1400 mAh<\/td>\n<\/tr>\n<tr>\n<th>Atsparus vandeniui<\/th>\n<td>IP43<\/td>\n<\/tr>\n<\/tbody>\n<\/table>\n<\/div>\n","protected":false},"excerpt":{"rendered":"<p>\u201eSuperfire T51\u201c stovyklavimo lempa Va\u017eiuojate praleisti vakar\u0105 palapin\u0117je? O gal organizuojate vakar\u0117l\u012f su draugais sode? \u201eSuperfire T51\u201c lempa puikiai tiks bet kokioje situacijoje! Ji si\u016blo stabil\u0173 ap\u0161vietim\u0105 ir leid\u017eia reguliuoti \u0161viesos intensyvum\u0105. Jos retro dizainas prad\u017eiugins daugel\u012f naudotoj\u0173, o d\u0117l vandeniui atsparios konstrukcijos jos neg\u0105sdins jokios oro s\u0105lygos! Pastaba: 18650 tipo \u012fkraunama baterija nepridedama, j\u0105 [&#8230;]\n","protected":false},"featured_media":23444,"comment_status":"open","ping_status":"closed","template":"","meta":[],"product_brand":[195],"product_cat":[1313],"product_tag":[],"class_list":{"0":"post-23443","1":"product","2":"type-product","3":"status-publish","4":"has-post-thumbnail","6":"product_brand-superfire","7":"product_cat-camping-lamps","9":"first","10":"outofstock","11":"taxable","12":"shipping-taxable","13":"purchasable","14":"product-type-simple"},"aioseo_notices":[],"_links":{"self":[{"href":"https:\/\/asura.lv\/lt\/wp-json\/wp\/v2\/product\/23443","targetHints":{"allow":["GET"]}}],"collection":[{"href":"https:\/\/asura.lv\/lt\/wp-json\/wp\/v2\/product"}],"about":[{"href":"https:\/\/asura.lv\/lt\/wp-json\/wp\/v2\/types\/product"}],"replies":[{"embeddable":true,"href":"https:\/\/asura.lv\/lt\/wp-json\/wp\/v2\/comments?post=23443"}],"wp:featuredmedia":[{"embeddable":true,"href":"https:\/\/asura.lv\/lt\/wp-json\/wp\/v2\/media\/23444"}],"wp:attachment":[{"href":"https:\/\/asura.lv\/lt\/wp-json\/wp\/v2\/media?parent=23443"}],"wp:term":[{"taxonomy":"product_brand","embeddable":true,"href":"https:\/\/asura.lv\/lt\/wp-json\/wp\/v2\/product_brand?post=23443"},{"taxonomy":"product_cat","embeddable":true,"href":"https:\/\/asura.lv\/lt\/wp-json\/wp\/v2\/product_cat?post=23443"},{"taxonomy":"product_tag","embeddable":true,"href":"https:\/\/asura.lv\/lt\/wp-json\/wp\/v2\/product_tag?post=23443"}],"curies":[{"name":"wp","href":"https:\/\/api.w.org\/{rel}","templated":true}]}}