{"id":23473,"date":"2025-11-28T21:04:39","date_gmt":"2025-11-28T21:04:39","guid":{"rendered":"https:\/\/asura.lv\/product\/superfire-t36-camping-lamp-usb-c-3-modes\/"},"modified":"2025-12-12T15:35:47","modified_gmt":"2025-12-12T13:35:47","slug":"superfire-t36-camping-lamp-usb-c-3-modes","status":"publish","type":"product","link":"https:\/\/asura.lv\/lt\/produktas\/superfire-t36-camping-lamp-usb-c-3-modes\/","title":{"rendered":"\u201eSuperfire T36\u201c stovyklavimo lempa, USB-C, 3 re\u017eimai"},"content":{"rendered":"<h3>\u201eSuperfire T36\u201c stovyklavimo lempa, USB-C, 3 re\u017eimai<\/h3>\n<p>Ie\u0161kote prakti\u0161kos lempos, kuri\u0105 gal\u0117tum\u0117te pasiimti su savimi \u012f palapin\u0119? \u201eSuperfire T36\u201c lempa bus puikus pasirinkimas! Ji u\u017etikrina stabil\u0173 ap\u0161vietim\u0105, kuris ap\u0161vies bet kok\u012f kambar\u012f ir dar daugiau. Ji si\u016blo \u012fvairius ap\u0161vietimo re\u017eimus, kuriuos galite laisvai keisti. Lemp\u0105 taip pat gal\u0117site naudoti kaip i\u0161orin\u0119 baterij\u0105, pavyzd\u017eiui, i\u0161maniajam telefonui \u012fkrauti stovyklaudami! Ji taip pat i\u0161siskiria vandeniui atsparia konstrukcija.<\/p>\n<p>\n<img decoding=\"async\" alt=\"\u201eSuperfire T36\u201c stovyklavimo lempa, stovinti ant medinio stalo, skleid\u017eia maloni\u0105 \u0161ilt\u0105 \u0161vies\u0105.\" border=\"0\" src=\"https:\/\/assets.innpro.pl\/14056\/17545\/2.jpg\"\/>\n<\/p>\n<h3>3 ap\u0161vietimo re\u017eimai<\/h3>\n<p>Dabar galite reguliuoti ap\u0161vietim\u0105 pagal savo l\u016bkes\u010dius! Stovyklavimo lempa leid\u017eia pasirinkti i\u0161 3 ap\u0161vietimo re\u017eim\u0173 \u2013 baltos \u0161viesos, \u0161iltos \u0161viesos ir \u0161iltos bei baltos spalv\u0173 derinio. Taip pat galite reguliuoti ap\u0161vietimo intensyvum\u0105 \u2013 tereikia pasukti ratuk\u0105. Taigi, \u012frenginys patenkins skirting\u0173 naudotoj\u0173 poreikius!<\/p>\n<p>\n<img decoding=\"async\" alt=\"\u201eSuperfire T36\u201c stovyklavimo lempa \u0161vie\u010dia trimis skirtingomis spalvomis \u2013 balta, \u0161ilta ir abiej\u0173 deriniu.\" border=\"0\" src=\"https:\/\/assets.innpro.pl\/14056\/17545\/6.jpg\"\/>\n<\/p>\n<h3>Apgalvotas dizainas<\/h3>\n<p>Modelis T36 \u2013 tai funkcionalumo ir originalaus dizaino derinys. Lempa turi prakti\u0161k\u0105 ranken\u0105, kuri leis j\u0105 lengvai ne\u0161ti. Tai taip pat leid\u017eia patogiai pakabinti lemp\u0105, pavyzd\u017eiui, ant \u0161akos ar palapin\u0117s viduje. Integruotas USB-C prievadas (universali nuoseklioji magistral\u0117, s\u0105sajos standartas, naudojamas elektroniniams prietaisams maitinti ir \u012fkrauti, taip pat duomenims perduoti) leid\u017eia patogiai \u012fkrauti, be to, galite \u012fkrauti \u012frengin\u012f j\u012f naudodami, nesijaudindami d\u0117l \u012frangos sugadinimo. USB jungtis labai patogi \u012fkrauti kitus elektroninius gaminius su 5 V \/ 1 A \u017eemos \u012ftampos \u012fvestimi. Lempa taip pat yra atspari vandeniui, tod\u0117l jos neg\u0105sdina lietus!<\/p>\n<p>\n<img decoding=\"async\" alt=\"\u201eSuperfire T36\u201c stovyklavimo lempa, stovinti ant medinio stalo, prijungta prie maitinimo \u0161altinio USB laidu.\" border=\"0\" src=\"https:\/\/assets.innpro.pl\/14056\/17545\/5.jpg\"\/>\n<\/p>\n<h3>Pridedama<\/h3>\n<ul class=\"list-disc pl-5\">\n<li>lempa<\/li>\n<li>USB-C \/ USB-A laidas<\/li>\n<li>naudotojo vadovas<\/li>\n<\/ul>\n<div class=\"table-wrapper\">\n<p>B\u00a0<\/p>\n<h3><\/h3>\n<table>\n<tbody>\n<tr>\n<th>Gamintojas<\/th>\n<td>Superfire<\/td>\n<\/tr>\n<tr>\n<th>Modelis<\/th>\n<td>T36<\/td>\n<\/tr>\n<tr>\n<th>Spalva<\/th>\n<td>Juoda<\/td>\n<\/tr>\n<tr>\n<th>\u012ekrovimo s\u0105saja<\/th>\n<td>USB-C<\/td>\n<\/tr>\n<tr>\n<th>Ap\u0161vietimo re\u017eimai<\/th>\n<td>3 (balta \u0161viesa \/ \u0161ilta \u0161viesa \/ \u0161ilta + balta)<\/td>\n<\/tr>\n<\/tbody>\n<\/table>\n<\/div>\n","protected":false},"excerpt":{"rendered":"<p>\u201eSuperfire T36\u201c stovyklavimo lempa, USB-C, 3 re\u017eimai Ie\u0161kote prakti\u0161kos lempos, kuri\u0105 gal\u0117tum\u0117te pasiimti su savimi \u012f palapin\u0119? \u201eSuperfire T36\u201c lempa bus puikus pasirinkimas! Ji u\u017etikrina stabil\u0173 ap\u0161vietim\u0105, kuris ap\u0161vies bet kok\u012f kambar\u012f ir dar daugiau. Ji si\u016blo \u012fvairius ap\u0161vietimo re\u017eimus, kuriuos galite laisvai keisti. Lemp\u0105 taip pat gal\u0117site naudoti kaip i\u0161orin\u0119 baterij\u0105, pavyzd\u017eiui, i\u0161maniajam telefonui [&#8230;]\n","protected":false},"featured_media":23474,"comment_status":"open","ping_status":"closed","template":"","meta":[],"product_brand":[195],"product_cat":[1313],"product_tag":[],"class_list":{"0":"post-23473","1":"product","2":"type-product","3":"status-publish","4":"has-post-thumbnail","6":"product_brand-superfire","7":"product_cat-camping-lamps","9":"first","10":"outofstock","11":"taxable","12":"shipping-taxable","13":"purchasable","14":"product-type-simple"},"aioseo_notices":[],"_links":{"self":[{"href":"https:\/\/asura.lv\/lt\/wp-json\/wp\/v2\/product\/23473","targetHints":{"allow":["GET"]}}],"collection":[{"href":"https:\/\/asura.lv\/lt\/wp-json\/wp\/v2\/product"}],"about":[{"href":"https:\/\/asura.lv\/lt\/wp-json\/wp\/v2\/types\/product"}],"replies":[{"embeddable":true,"href":"https:\/\/asura.lv\/lt\/wp-json\/wp\/v2\/comments?post=23473"}],"wp:featuredmedia":[{"embeddable":true,"href":"https:\/\/asura.lv\/lt\/wp-json\/wp\/v2\/media\/23474"}],"wp:attachment":[{"href":"https:\/\/asura.lv\/lt\/wp-json\/wp\/v2\/media?parent=23473"}],"wp:term":[{"taxonomy":"product_brand","embeddable":true,"href":"https:\/\/asura.lv\/lt\/wp-json\/wp\/v2\/product_brand?post=23473"},{"taxonomy":"product_cat","embeddable":true,"href":"https:\/\/asura.lv\/lt\/wp-json\/wp\/v2\/product_cat?post=23473"},{"taxonomy":"product_tag","embeddable":true,"href":"https:\/\/asura.lv\/lt\/wp-json\/wp\/v2\/product_tag?post=23473"}],"curies":[{"name":"wp","href":"https:\/\/api.w.org\/{rel}","templated":true}]}}