{"id":23479,"date":"2025-11-28T21:04:38","date_gmt":"2025-11-28T21:04:38","guid":{"rendered":"https:\/\/asura.lv\/product\/bearing-puller-deli-tools-edl-e104\/"},"modified":"2025-12-12T15:35:45","modified_gmt":"2025-12-12T13:35:45","slug":"bearing-puller-deli-tools-edl-e104","status":"publish","type":"product","link":"https:\/\/asura.lv\/lt\/produktas\/bearing-puller-deli-tools-edl-e104\/","title":{"rendered":"Guoli\u0173 i\u0161trauk\u0117jas Deli Tools EDL-E104"},"content":{"rendered":"<h3>Deli Tools EDL-E104 guoli\u0173 i\u0161trauk\u0117jas<\/h3>\n<p>Guoli\u0173 i\u0161trauk\u0117jas yra itin naudingas \u012frankis, leid\u017eiantis lengvai ir greitai nuimti guolius. \u012erank\u012f sudaro dvi dalys: reguliuojama rankena ir \u017eandikauliai, kuriuos galite reguliuoti pagal guolio dyd\u012f. Gaminys pagamintas i\u0161 auk\u0161tos kokyb\u0117s med\u017eiag\u0173, tod\u0117l yra itin patvarus ir ilgaam\u017eis. J\u012f paprasta naudoti, ta\u010diau jis efektyvus. Su juo i\u0161imsite guolius nepa\u017eeisdami a\u0161ies ar veleno. Tai ypa\u010d svarbu atliekant technin\u0117s prie\u017ei\u016bros darbus, kur laikas ir tikslumas yra labai svarb\u016bs. Guoli\u0173 i\u0161traukiklis yra \u012frankis, kur\u012f tur\u0117t\u0173 b\u016bti kiekvienose automobili\u0173 dirbtuv\u0117se, taip pat mechanikos ir elektromechanikos dirbtuv\u0117se.<\/p>\n<p><img decoding=\"async\" src=\"https:\/\/b2b.innpro.pl\/data\/include\/cms\/005Deli\/EDL-E104\/3.jpg\" alt=\"005Deli\/EDL-E104\/3\"><\/p>\n<div class=\"table-wrapper\">\n<table>\n<tbody>\n<tr>\n<th>Gamintojas<\/th>\n<td>Narz\u0414\u2122dzia Deli<\/td>\n<\/tr>\n<tr>\n<th>Modelis<\/th>\n<td>EDL-E104<\/td>\n<\/tr>\n<tr>\n<th>Spalva<\/th>\n<td>Juoda<\/td>\n<\/tr>\n<\/tbody>\n<\/table>\n<\/div>\n","protected":false},"excerpt":{"rendered":"<p>Deli Tools EDL-E104 guoli\u0173 i\u0161trauk\u0117jas Guoli\u0173 i\u0161trauk\u0117jas yra itin naudingas \u012frankis, leid\u017eiantis lengvai ir greitai nuimti guolius. \u012erank\u012f sudaro dvi dalys: reguliuojama rankena ir \u017eandikauliai, kuriuos galite reguliuoti pagal guolio dyd\u012f. Gaminys pagamintas i\u0161 auk\u0161tos kokyb\u0117s med\u017eiag\u0173, tod\u0117l yra itin patvarus ir ilgaam\u017eis. J\u012f paprasta naudoti, ta\u010diau jis efektyvus. Su juo i\u0161imsite guolius nepa\u017eeisdami a\u0161ies [&#8230;]\n","protected":false},"featured_media":23480,"comment_status":"open","ping_status":"closed","template":"","meta":[],"product_brand":[310],"product_cat":[1055],"product_tag":[],"class_list":{"0":"post-23479","1":"product","2":"type-product","3":"status-publish","4":"has-post-thumbnail","6":"product_brand-deli-tools","7":"product_cat-tools","9":"first","10":"outofstock","11":"taxable","12":"shipping-taxable","13":"purchasable","14":"product-type-simple"},"aioseo_notices":[],"_links":{"self":[{"href":"https:\/\/asura.lv\/lt\/wp-json\/wp\/v2\/product\/23479","targetHints":{"allow":["GET"]}}],"collection":[{"href":"https:\/\/asura.lv\/lt\/wp-json\/wp\/v2\/product"}],"about":[{"href":"https:\/\/asura.lv\/lt\/wp-json\/wp\/v2\/types\/product"}],"replies":[{"embeddable":true,"href":"https:\/\/asura.lv\/lt\/wp-json\/wp\/v2\/comments?post=23479"}],"wp:featuredmedia":[{"embeddable":true,"href":"https:\/\/asura.lv\/lt\/wp-json\/wp\/v2\/media\/23480"}],"wp:attachment":[{"href":"https:\/\/asura.lv\/lt\/wp-json\/wp\/v2\/media?parent=23479"}],"wp:term":[{"taxonomy":"product_brand","embeddable":true,"href":"https:\/\/asura.lv\/lt\/wp-json\/wp\/v2\/product_brand?post=23479"},{"taxonomy":"product_cat","embeddable":true,"href":"https:\/\/asura.lv\/lt\/wp-json\/wp\/v2\/product_cat?post=23479"},{"taxonomy":"product_tag","embeddable":true,"href":"https:\/\/asura.lv\/lt\/wp-json\/wp\/v2\/product_tag?post=23479"}],"curies":[{"name":"wp","href":"https:\/\/api.w.org\/{rel}","templated":true}]}}