{"id":23491,"date":"2025-11-28T21:04:37","date_gmt":"2025-11-28T21:04:37","guid":{"rendered":"https:\/\/asura.lv\/product\/insulated-labor-saving-combination-plier-deli-tools-edl512006\/"},"modified":"2025-12-12T15:35:43","modified_gmt":"2025-12-12T13:35:43","slug":"insulated-labor-saving-combination-plier-deli-tools-edl512006","status":"publish","type":"product","link":"https:\/\/asura.lv\/lt\/produktas\/insulated-labor-saving-combination-plier-deli-tools-edl512006\/","title":{"rendered":"Izoliuotos, darb\u0105 taupan\u010dios kombinuotos repl\u0117s Deli Tools EDL512006"},"content":{"rendered":"<h3>\u201eDeli Tools\u201c darb\u0105 taupantys jungtukai EDL512006<\/h3>\n<p>\u201eDeli Tools\u201c darb\u0105 taupantys repl\u0117s yra \u012frankis, skirtas pad\u0117ti pjauti, lenkti ir formuoti \u012fvairias med\u017eiagas. Pagaminti i\u0161 auk\u0161\u010diausios kokyb\u0117s Cr-V med\u017eiagos, jie yra patvar\u016bs ir atspar\u016bs pa\u017eeidimams. Produktas yra sertifikuotas VDE. Tai patvirtina, kad jis gali atlaikyti 1000 V \u012ftamp\u0105, tod\u0117l tai idealus \u012frankis elektros darbams.<\/p>\n<p><img decoding=\"async\" src=\"https:\/\/b2b.innpro.pl\/data\/include\/cms\/005Deli\/EDL512006\/1.jpg\" alt=\"005Deli\/EDL512006\/1\"><\/p>\n<h3>Tvirta konstrukcija<\/h3>\n<p>Repl\u0117s turi dviej\u0173 spalv\u0173 izoliuot\u0105 plastikin\u0119 ranken\u0105, kuri u\u017etikrina komfort\u0105 ir stabilum\u0105 net ir dirbant ilg\u0105 laik\u0105. Be to, \u012frankis yra pajuodintas ir kelis kartus poliruotas, o tai padidina jo atsparum\u0105 korozijai ir dilimui, taip pat suteikia eleganti\u0161k\u0105 i\u0161vaizd\u0105. Patogiai ir saugiai dirbkite su \u201eDeli Tools\u201c!<\/p>\n<p><img decoding=\"async\" src=\"https:\/\/b2b.innpro.pl\/data\/include\/cms\/005Deli\/EDL512006\/2.jpg\" alt=\"005Deli\/EDL512006\/2\"><\/p>\n<div class=\"table-wrapper\">\n<table>\n<tbody>\n<tr>\n<th>Gamintojas<\/th>\n<td>Deli Tools<\/td>\n<\/tr>\n<tr>\n<th>Modelis<\/th>\n<td>EDL512006<\/td>\n<\/tr>\n<tr>\n<th>Spalva:<\/th>\n<td>Raudona + geltona<\/td>\n<\/tr>\n<tr>\n<th>Pagrindin\u0117 med\u017eiaga<\/th>\n<td>Cr-V+PP+TPR<\/td>\n<\/tr>\n<tr>\n<th>Dydis<\/th>\n<td>6&#8243;<\/td>\n<\/tr>\n<\/tbody>\n<\/table>\n<\/div>\n","protected":false},"excerpt":{"rendered":"<p>\u201eDeli Tools\u201c darb\u0105 taupantys jungtukai EDL512006 \u201eDeli Tools\u201c darb\u0105 taupantys repl\u0117s yra \u012frankis, skirtas pad\u0117ti pjauti, lenkti ir formuoti \u012fvairias med\u017eiagas. Pagaminti i\u0161 auk\u0161\u010diausios kokyb\u0117s Cr-V med\u017eiagos, jie yra patvar\u016bs ir atspar\u016bs pa\u017eeidimams. Produktas yra sertifikuotas VDE. Tai patvirtina, kad jis gali atlaikyti 1000 V \u012ftamp\u0105, tod\u0117l tai idealus \u012frankis elektros darbams. Tvirta konstrukcija Repl\u0117s [&#8230;]\n","protected":false},"featured_media":23492,"comment_status":"open","ping_status":"closed","template":"","meta":[],"product_brand":[310],"product_cat":[1547],"product_tag":[],"class_list":{"0":"post-23491","1":"product","2":"type-product","3":"status-publish","4":"has-post-thumbnail","6":"product_brand-deli-tools","7":"product_cat-pliers","9":"first","10":"outofstock","11":"taxable","12":"shipping-taxable","13":"purchasable","14":"product-type-simple"},"aioseo_notices":[],"_links":{"self":[{"href":"https:\/\/asura.lv\/lt\/wp-json\/wp\/v2\/product\/23491","targetHints":{"allow":["GET"]}}],"collection":[{"href":"https:\/\/asura.lv\/lt\/wp-json\/wp\/v2\/product"}],"about":[{"href":"https:\/\/asura.lv\/lt\/wp-json\/wp\/v2\/types\/product"}],"replies":[{"embeddable":true,"href":"https:\/\/asura.lv\/lt\/wp-json\/wp\/v2\/comments?post=23491"}],"wp:featuredmedia":[{"embeddable":true,"href":"https:\/\/asura.lv\/lt\/wp-json\/wp\/v2\/media\/23492"}],"wp:attachment":[{"href":"https:\/\/asura.lv\/lt\/wp-json\/wp\/v2\/media?parent=23491"}],"wp:term":[{"taxonomy":"product_brand","embeddable":true,"href":"https:\/\/asura.lv\/lt\/wp-json\/wp\/v2\/product_brand?post=23491"},{"taxonomy":"product_cat","embeddable":true,"href":"https:\/\/asura.lv\/lt\/wp-json\/wp\/v2\/product_cat?post=23491"},{"taxonomy":"product_tag","embeddable":true,"href":"https:\/\/asura.lv\/lt\/wp-json\/wp\/v2\/product_tag?post=23491"}],"curies":[{"name":"wp","href":"https:\/\/api.w.org\/{rel}","templated":true}]}}