{"id":23563,"date":"2025-11-28T21:04:31","date_gmt":"2025-11-28T21:04:31","guid":{"rendered":"https:\/\/asura.lv\/product\/joyroom-s-c-lightning-angle-20w-1-2m-usb-to-usb-c-lightning-cable-s-cl020a6-black\/"},"modified":"2025-12-12T15:35:35","modified_gmt":"2025-12-12T13:35:35","slug":"joyroom-s-c-lightning-angle-20w-1-2m-usb-to-usb-c-lightning-cable-s-cl020a6-black","status":"publish","type":"product","link":"https:\/\/asura.lv\/lt\/produktas\/joyroom-s-c-lightning-angle-20w-1-2m-usb-to-usb-c-lightning-cable-s-cl020a6-black\/","title":{"rendered":"\u201eJoyroom S-C Lightning Angle\u201c 20 W 1,2 m USB \u012f USB-C \u201eLightning\u201c laidas S-CL020A6 (juodas)"},"content":{"rendered":"<h3>\u201eJoyroom S-C Lightning Angle 20W 1.2m\u201c USB \u012f USB-C \u201eLightning\u201c laidas S-CL020A6 (juodas)<\/h3>\n<p>Greitai atnaujinkite savo \u012frenginio energij\u0105 naudodami \u201eJoyroom S-CL020A6\u201c laid\u0105. Produktas palaiko PD 20W greitojo \u012fkrovimo protokol\u0105, o paauksuotos jungtys ir nailono pyn\u0117 prailgina gaminio tarnavimo laik\u0105. Be to, jis si\u016blo 480 Mbps signalo perdavim\u0105.<\/p>\n<p><img decoding=\"async\" src=\"https:\/\/b2b.innpro.pl\/data\/include\/cms\/Joyroom\/S-CL020A6-Black\/1.jpg\" alt=\"Joyroom\/S-CL020A6-Black\/1\"><\/p>\n<h3>Greitas \u012frenginio \u012fkrovimas ir fail\u0173 perk\u0117limas<\/h3>\n<p>Laidas palaiko PD 20W greitojo \u012fkrovimo protokol\u0105, tod\u0117l greitai atnaujinsite savo \u012frenginio energij\u0105. Be to, i\u0161manusis lustas apsaugo nuo perkaitimo ir pagerina gaminio veikim\u0105. Be to, duomen\u0173 perdavimui naudosite S-CL020A6 \u2013 jo greitis siekia 480 Mbps. <\/p>\n<p><img decoding=\"async\" src=\"https:\/\/b2b.innpro.pl\/data\/include\/cms\/Joyroom\/S-CL020A6-Black\/5.jpg\" alt=\"Joyroom\/S-CL020A6-Black\/5\"><\/p>\n<h3>Patvarus dizainas<\/h3>\n<p>\u201eJoyroom S-CL020A6\u201c laidas sukurtas i\u0161 patvari\u0173 med\u017eiag\u0173, tod\u0117l tarnauja ilgiau. Nailonin\u0117 pyn\u0117 apsaugo laid\u0105 nuo l\u016b\u017eimo, o paauksuota jungtis atspari oksidacijai. Be to, jungtis yra papildomai sustiprinta. Savo ruo\u017etu, 90\u00b0 dizainas leid\u017eia patogiai \u012fkrauti i\u0161man\u0173j\u012f telefon\u0105 ir \u017eaisti \u017eaidimus.<\/p>\n<p><img decoding=\"async\" src=\"https:\/\/b2b.innpro.pl\/data\/include\/cms\/Joyroom\/S-CL020A6-Black\/3.jpg\" alt=\"Joyroom\/S-CL020A6-Black\/3\"><\/p>\n<div class=\"table-wrapper\">\n<table>\n<tbody>\n<tr>\n<th>Gamintojas<\/th>\n<td>Joyroom<\/td>\n<\/tr>\n<tr>\n<th>Modelis<\/th>\n<td>S-CL020A6<\/td>\n<\/tr>\n<tr>\n<th>Spalva<\/th>\n<td>juoda<\/td>\n<\/tr>\n<tr>\n<th>Med\u017eiaga<\/th>\n<td>Cinko lydinys, PVC, nailonas<\/td>\n<\/tr>\n<tr>\n<th>S\u0105saja<\/th>\n<td>USB-C\u2013Lightning<\/td>\n<\/tr>\n<tr>\n<th>Galia<\/th>\n<td>20 W<\/td>\n<\/tr>\n<tr>\n<th>Perdavimo greitis<\/th>\n<td>480 Mbps<\/td>\n<\/tr>\n<tr>\n<th>Ilgis<\/th>\n<td>1,2 m<\/td>\n<\/tr>\n<\/tbody>\n<\/table>\n<\/div>\n","protected":false},"excerpt":{"rendered":"<p>\u201eJoyroom S-C Lightning Angle 20W 1.2m\u201c USB \u012f USB-C \u201eLightning\u201c laidas S-CL020A6 (juodas) Greitai atnaujinkite savo \u012frenginio energij\u0105 naudodami \u201eJoyroom S-CL020A6\u201c laid\u0105. Produktas palaiko PD 20W greitojo \u012fkrovimo protokol\u0105, o paauksuotos jungtys ir nailono pyn\u0117 prailgina gaminio tarnavimo laik\u0105. Be to, jis si\u016blo 480 Mbps signalo perdavim\u0105. Greitas \u012frenginio \u012fkrovimas ir fail\u0173 perk\u0117limas Laidas palaiko [&#8230;]\n","protected":false},"featured_media":23564,"comment_status":"open","ping_status":"closed","template":"","meta":[],"product_brand":[443],"product_cat":[1154],"product_tag":[],"class_list":{"0":"post-23563","1":"product","2":"type-product","3":"status-publish","4":"has-post-thumbnail","6":"product_brand-joyroom","7":"product_cat-usb-c-to-lightning-usb-cables","9":"first","10":"outofstock","11":"taxable","12":"shipping-taxable","13":"purchasable","14":"product-type-simple"},"aioseo_notices":[],"_links":{"self":[{"href":"https:\/\/asura.lv\/lt\/wp-json\/wp\/v2\/product\/23563","targetHints":{"allow":["GET"]}}],"collection":[{"href":"https:\/\/asura.lv\/lt\/wp-json\/wp\/v2\/product"}],"about":[{"href":"https:\/\/asura.lv\/lt\/wp-json\/wp\/v2\/types\/product"}],"replies":[{"embeddable":true,"href":"https:\/\/asura.lv\/lt\/wp-json\/wp\/v2\/comments?post=23563"}],"wp:featuredmedia":[{"embeddable":true,"href":"https:\/\/asura.lv\/lt\/wp-json\/wp\/v2\/media\/23564"}],"wp:attachment":[{"href":"https:\/\/asura.lv\/lt\/wp-json\/wp\/v2\/media?parent=23563"}],"wp:term":[{"taxonomy":"product_brand","embeddable":true,"href":"https:\/\/asura.lv\/lt\/wp-json\/wp\/v2\/product_brand?post=23563"},{"taxonomy":"product_cat","embeddable":true,"href":"https:\/\/asura.lv\/lt\/wp-json\/wp\/v2\/product_cat?post=23563"},{"taxonomy":"product_tag","embeddable":true,"href":"https:\/\/asura.lv\/lt\/wp-json\/wp\/v2\/product_tag?post=23563"}],"curies":[{"name":"wp","href":"https:\/\/api.w.org\/{rel}","templated":true}]}}