{"id":23695,"date":"2025-11-28T21:04:19","date_gmt":"2025-11-28T21:04:19","guid":{"rendered":"https:\/\/asura.lv\/product\/smart-light-switch-wifi-avatto-ts02-eu-b2-2-way-black\/"},"modified":"2025-12-12T15:35:24","modified_gmt":"2025-12-12T13:35:24","slug":"smart-light-switch-wifi-avatto-ts02-eu-b2-2-way-black","status":"publish","type":"product","link":"https:\/\/asura.lv\/lt\/produktas\/smart-light-switch-wifi-avatto-ts02-eu-b2-2-way-black\/","title":{"rendered":"I\u0161manusis \u0161viesos jungiklis \u201eAvatto TS02-EU-B2\u201c su WiFi, 2 pad\u0117\u010di\u0173 (juodas)"},"content":{"rendered":"<h3>I\u0161manusis \u0161viesos jungiklis su WiFi \u201eAvatto TS02-EU-B2\u201c 2 pad\u0117\u010di\u0173 TUYA (juodas)<\/h3>\n<p>Jutiklinis jungiklis \u201eAvatto TS02-EU-B2\u201c puikiai tinka j\u016bs\u0173 i\u0161maniesiems namams. Jis leid\u017eia patogiai \u012fjungti ir i\u0161jungti \u0161vies\u0105, o d\u0117l suderinamumo su TUYA \/ \u201eSmart Life\u201c program\u0117le \u2013 valdyti ap\u0161vietim\u0105 nuotoliniu b\u016bdu. \u012erengin\u012f taip pat galite valdyti naudodami balso asistentus \u201eAmazon Alexa\u201c ir \u201eGoogle Assistant\u201c. Jungiklis taip pat i\u0161siskiria atsparumu vandeniui ir eleganti\u0161ku, minimalistiniu dizainu. Produktas turi 2 mygtukus ir palaiko ry\u0161\u012f per \u201eWi-Fi\u201c.<\/p>\n<p><img decoding=\"async\" src=\"https:\/\/b2b.innpro.pl\/data\/include\/cms\/Avatto\/TS02-EU-B2\/7.jpg\" border=\"0\" alt=\"Avatto\/TS02-EU-B2\/7\" \/><\/p>\n<h3>Nuotolinis valdymas naudojant program\u0117l\u0119<\/h3>\n<p>Nesate tikri, ar i\u0161jung\u0117te \u0161viesas prie\u0161 i\u0161eidami i\u0161 nam\u0173? Jums nebereikia sp\u0117lioti \u2013 tiesiog griebkite telefon\u0105! Jungiklis suderinamas su TUYA \/ \u201eSmart Life\u201c program\u0117le, tod\u0117l galite \u012fjungti arba i\u0161jungti \u0161viesas nuotoliniu b\u016bdu i\u0161 savo i\u0161maniojo telefono. Taip pat galite kurti laikma\u010dius ir tvarkara\u0161\u010dius savo prietaisams. Ar paprastai keliat\u0117s 7 val. ryto ir einate miegoti 23 val.? Nustatykite, kad j\u016bs\u0173 \u0161viestuvai automati\u0161kai \u012fsijungt\u0173 ir i\u0161sijungt\u0173 \u0161iuo laiku.<\/p>\n<p><img decoding=\"async\" src=\"https:\/\/b2b.innpro.pl\/data\/include\/cms\/Avatto\/TS02-EU-B2\/4.jpg\" border=\"0\" alt=\"Avatto\/TS02-EU-B2\/4\" \/><\/p>\n<h3>Dar daugiau galimybi\u0173<\/h3>\n<p>Program\u0117l\u0117 si\u016blo daug daugiau galimybi\u0173. Pavyzd\u017eiui, galite susieti savo \u012frenginius ir valdyti juos grup\u0117mis. Taip pat galima susieti jungiklius su kitais prietaisais, kad sukurtum\u0117te i\u0161mani\u0105sias scenas. Pavyzd\u017eiui, naudokite papildom\u0105 judesio jutikl\u012f ir nustatykite, kad \u0161viestuvai automati\u0161kai \u012fsijungt\u0173, kai \u012feinate \u012f namus! Taip pat galite bendrinti savo \u012frenginius su kitais \u0161eimos nariais, kad jie taip pat gal\u0117t\u0173 juos valdyti per savo i\u0161man\u0173j\u012f telefon\u0105.<\/p>\n<p><img decoding=\"async\" src=\"https:\/\/b2b.innpro.pl\/data\/include\/cms\/Avatto\/TS02-EU-B2\/2.jpg\" border=\"0\" alt=\"Avatto\/TS02-EU-B2\/2\" \/><\/p>\n<h3>Valdymas balsu<\/h3>\n<p>Ar gamindami turite daug darbo ir jums praverst\u0173 papildomas ap\u0161vietimas? O galb\u016bt gulite patogioje lovoje ir norite i\u0161jungti \u0161viesas? Joki\u0173 problem\u0173 \u2013 \u201eAvatto\u201c jungiklis suderinamas su \u201eGoogle Assistant\u201c ir \u201eAmazon Alexa\u201c i\u0161maniaisiais asistentais. Taigi galite j\u012f valdyti balso komandomis! Dabar tereikia keli\u0173 \u017eod\u017ei\u0173, kad greitai \u012fjungtum\u0117te arba i\u0161jungtum\u0117te \u0161viesas.<\/p>\n<p><img decoding=\"async\" src=\"https:\/\/b2b.innpro.pl\/data\/include\/cms\/Avatto\/TS02-EU-B2\/5.jpg\" border=\"0\" alt=\"Avatto\/TS02-EU-B2\/5\" \/><\/p>\n<h3>Patobulintas dizainas<\/h3>\n<p>Jungiklis pasi\u017eymi stilingu, minimalistiniu dizainu \u2013 jis puikiai papildys bet kok\u012f interjer\u0105. D\u0117l paprasto dizaino j\u012f taip pat labai lengva valyti \u2013 tereikia retkar\u010diais nuvalyti dulkes. Jis taip pat i\u0161siskiria dideliu patvarumu ir atsparumu blukimui, \u012fbr\u0117\u017eimams ir kitokiems pa\u017eeidimams. Be to, jungiklis yra atsparus vandeniui, tod\u0117l galite j\u012f be joki\u0173 r\u016bpes\u010di\u0173 montuoti vonios kambaryje. \u012erenginys taip pat turi fonin\u012f ap\u0161vietim\u0105, kur\u012f galima bet kada \u012fjungti arba i\u0161jungti.<\/p>\n<p><img decoding=\"async\" src=\"https:\/\/b2b.innpro.pl\/data\/include\/cms\/Avatto\/TS02-EU-B2\/6.jpg\" border=\"0\" alt=\"Avatto\/TS02-EU-B2\/6\" \/><\/p>\n<h3>Paprastas montavimas \u2013 malonus valdymas<\/h3>\n<p>\u012erenginio montavimas nesukels joki\u0173 problem\u0173 ir neu\u017etruks per ilgai. Taip pat galite naudoti du jungiklius, kad valdytum\u0117te vien\u0105 lemp\u0105, o tai idealiai tinka, pavyzd\u017eiui, laiptams. Tokiu b\u016bdu galite lengvai \u012fjungti \u0161vies\u0105 pirmame auk\u0161te ir i\u0161jungti j\u0105 lipant laiptais! Be to, gaminio mygtukai yra labai malon\u016bs liesti ir leid\u017eia patogiai valdyti. Pastaba: norint tinkamai sumontuoti jungikl\u012f, reikalingas neutralus laidas.<\/p>\n<p><img decoding=\"async\" src=\"https:\/\/b2b.innpro.pl\/data\/include\/cms\/Avatto\/TS02-EU-B2\/3.jpg\" border=\"0\" alt=\"Avatto\/TS02-EU-B2\/3\" \/><\/p>\n<div class=\"table-wrapper\">\n<table>\n<tbody>\n<tr>\n<th>Prek\u0117s \u017eenklas<\/th>\n<td>Avatto<\/td>\n<\/tr>\n<tr>\n<th>Modelis<\/th>\n<td>TS02-EU-B2<\/td>\n<\/tr>\n<tr>\n<th>Spalva<\/th>\n<td>Juoda<\/td>\n<\/tr>\n<tr>\n<th>Mygtuk\u0173 skai\u010dius<\/th>\n<td>2<\/td>\n<\/tr>\n<tr>\n<th>Nominali galia<\/th>\n<td>800 W \/ kanalas<\/td>\n<\/tr>\n<tr>\n<th>Nominali srov\u0117<\/th>\n<td>10 A<\/td>\n<\/tr>\n<tr>\n<th>\u012e\u0117jimo \u012ftampa<\/th>\n<td>AC 110-240 V, 50\/60 Hz<\/td>\n<\/tr>\n<tr>\n<th>Energijos suvartojimas bud\u0117jimo re\u017eimu<\/th>\n<td>0,45 W \/ 0,1 mA<\/td>\n<\/tr>\n<tr>\n<th>\u201eWi-Fi\u201c perdavimo da\u017enis<\/th>\n<td>2,4 GHz \/ 2,4 GHz ir 5 GHz<\/td>\n<\/tr>\n<tr>\n<th>Med\u017eiaga<\/th>\n<td>ABS<\/td>\n<\/tr>\n<tr>\n<th>Skydo med\u017eiaga<\/th>\n<td>Gr\u016bdintas stiklas<\/td>\n<\/tr>\n<tr>\n<th>Matmenys<\/th>\n<td>86 x 86 x 33 mm<\/td>\n<\/tr>\n<tr>\n<th>Palaikomos sistemos<\/th>\n<td>iOS 8.0, Android 4.0 ir naujesn\u0117s versijos<\/td>\n<\/tr>\n<tr>\n<th>Program\u0117l\u0117<\/th>\n<td>TUYA \/ Smart Life<\/td>\n<\/tr>\n<tr>\n<th>Suderinamumas<\/th>\n<td>Amazon Alexa, Google Home, Yandex Alice, SmartThings<\/td>\n<\/tr>\n<\/tbody>\n<\/table>\n<\/div>\n","protected":false},"excerpt":{"rendered":"<p>I\u0161manusis \u0161viesos jungiklis su WiFi \u201eAvatto TS02-EU-B2\u201c 2 pad\u0117\u010di\u0173 TUYA (juodas) Jutiklinis jungiklis \u201eAvatto TS02-EU-B2\u201c puikiai tinka j\u016bs\u0173 i\u0161maniesiems namams. Jis leid\u017eia patogiai \u012fjungti ir i\u0161jungti \u0161vies\u0105, o d\u0117l suderinamumo su TUYA \/ \u201eSmart Life\u201c program\u0117le \u2013 valdyti ap\u0161vietim\u0105 nuotoliniu b\u016bdu. \u012erengin\u012f taip pat galite valdyti naudodami balso asistentus \u201eAmazon Alexa\u201c ir \u201eGoogle Assistant\u201c. Jungiklis [&#8230;]\n","protected":false},"featured_media":23696,"comment_status":"open","ping_status":"closed","template":"","meta":[],"product_brand":[466],"product_cat":[932],"product_tag":[],"class_list":{"0":"post-23695","1":"product","2":"type-product","3":"status-publish","4":"has-post-thumbnail","6":"product_brand-avatto","7":"product_cat-switches","9":"first","10":"outofstock","11":"taxable","12":"shipping-taxable","13":"purchasable","14":"product-type-simple"},"aioseo_notices":[],"_links":{"self":[{"href":"https:\/\/asura.lv\/lt\/wp-json\/wp\/v2\/product\/23695","targetHints":{"allow":["GET"]}}],"collection":[{"href":"https:\/\/asura.lv\/lt\/wp-json\/wp\/v2\/product"}],"about":[{"href":"https:\/\/asura.lv\/lt\/wp-json\/wp\/v2\/types\/product"}],"replies":[{"embeddable":true,"href":"https:\/\/asura.lv\/lt\/wp-json\/wp\/v2\/comments?post=23695"}],"wp:featuredmedia":[{"embeddable":true,"href":"https:\/\/asura.lv\/lt\/wp-json\/wp\/v2\/media\/23696"}],"wp:attachment":[{"href":"https:\/\/asura.lv\/lt\/wp-json\/wp\/v2\/media?parent=23695"}],"wp:term":[{"taxonomy":"product_brand","embeddable":true,"href":"https:\/\/asura.lv\/lt\/wp-json\/wp\/v2\/product_brand?post=23695"},{"taxonomy":"product_cat","embeddable":true,"href":"https:\/\/asura.lv\/lt\/wp-json\/wp\/v2\/product_cat?post=23695"},{"taxonomy":"product_tag","embeddable":true,"href":"https:\/\/asura.lv\/lt\/wp-json\/wp\/v2\/product_tag?post=23695"}],"curies":[{"name":"wp","href":"https:\/\/api.w.org\/{rel}","templated":true}]}}