{"id":23845,"date":"2025-11-28T21:04:06","date_gmt":"2025-11-28T21:04:06","guid":{"rendered":"https:\/\/asura.lv\/product\/gensace-g-tech-lipo-1800mah-7-4v-45c-2s1p-xt60-battery\/"},"modified":"2025-12-12T15:35:12","modified_gmt":"2025-12-12T13:35:12","slug":"gensace-g-tech-lipo-1800mah-7-4v-45c-2s1p-xt60-battery","status":"publish","type":"product","link":"https:\/\/asura.lv\/lt\/produktas\/gensace-g-tech-lipo-1800mah-7-4v-45c-2s1p-xt60-battery\/","title":{"rendered":"\u201eGensAce G-Tech LiPo\u201c 1800mAh 7,4 V 45C 2S1P XT60 akumuliatorius"},"content":{"rendered":"<h3>\u201eGensAce G-Tech LiPo 1800mAh 7,4 V 45C 2S1P XT60\u201c akumuliatorius.<\/h3>\n<p>\u201eGensAce G-Tech LiPo\u201c akumuliatorius puikiai tinka \u012fvairiems RC modeliams, nes pasi\u017eymi dideliu na\u0161umu ir patikimumu. 1800 mAh talpos ir 7,4 V (2S) \u012ftampos akumuliatorius idealiai tinka \u012frenginiams, kuriems reikalingas stabilus maitinimo \u0161altinis. 45C i\u0161krovos srov\u0117 u\u017etikrina greit\u0105 energijos tiekim\u0105, o tai labai svarbu esant dideliam naudojimui, pagerinant transporto priemon\u0117s na\u0161um\u0105 ir reagavim\u0105. Be to, XT60 jungtis u\u017etikrina tvirt\u0105 ir saug\u0173 sujungim\u0105, o 111 g svoris ir kompakti\u0161ki 90 x 30 x 17 mm matmenys leid\u017eia akumuliatoriui b\u016bti lengvam ir lengvai montuojamam, nepakenkiant bendram modelio svoriui ir na\u0161umui.<\/p>\n<p>\n<img decoding=\"async\" border=\"0\" src=\"https:\/\/assets.innpro.pl\/5704\/6716\/1.jpg\"\/>\n<\/p>\n<div class=\"table-wrapper\">\n<p>\u0412\u00a0<\/p>\n<h3><\/h3>\n<table>\n<tbody>\n<tr>\n<th>Gamintojas<\/th>\n<td>Gens Ace<\/td>\n<\/tr>\n<tr>\n<th>Modelis<\/th>\n<td>GEA182S45X6GT<\/td>\n<\/tr>\n<tr>\n<th>Talpa<\/th>\n<td>1800 mAh<\/td>\n<\/tr>\n<tr>\n<th>\u012etampa<\/th>\n<td>7.4 V \/ 2S<\/td>\n<\/tr>\n<tr>\n<th>I\u0161krovos srov\u0117<\/th>\n<td>45C<\/td>\n<\/tr>\n<tr>\n<th>Jungties tipas<\/th>\n<td>XT60<\/td>\n<\/tr>\n<tr>\n<th>Balansavimo jungties tipas<\/th>\n<td>JST-XHR<\/td>\n<\/tr>\n<tr>\n<th>Svoris<\/th>\n<td>111 g<\/td>\n<\/tr>\n<tr>\n<th>Matmenys<\/th>\n<td>90 x 30 x 17 mm<\/td>\n<\/tr>\n<tr>\n<th>Laido ilgis (C\/D)<\/th>\n<td>65 mm \/ 150 mm<\/td>\n<\/tr>\n<\/tbody>\n<\/table>\n<\/div>\n","protected":false},"excerpt":{"rendered":"<p>\u201eGensAce G-Tech LiPo 1800mAh 7,4 V 45C 2S1P XT60\u201c akumuliatorius. \u201eGensAce G-Tech LiPo\u201c akumuliatorius puikiai tinka \u012fvairiems RC modeliams, nes pasi\u017eymi dideliu na\u0161umu ir patikimumu. 1800 mAh talpos ir 7,4 V (2S) \u012ftampos akumuliatorius idealiai tinka \u012frenginiams, kuriems reikalingas stabilus maitinimo \u0161altinis. 45C i\u0161krovos srov\u0117 u\u017etikrina greit\u0105 energijos tiekim\u0105, o tai labai svarbu esant dideliam [&#8230;]\n","protected":false},"featured_media":23846,"comment_status":"open","ping_status":"closed","template":"","meta":[],"product_brand":[137],"product_cat":[1442],"product_tag":[],"class_list":{"0":"post-23845","1":"product","2":"type-product","3":"status-publish","4":"has-post-thumbnail","6":"product_brand-gens-ace","7":"product_cat-batteries","9":"first","10":"outofstock","11":"taxable","12":"shipping-taxable","13":"purchasable","14":"product-type-simple"},"aioseo_notices":[],"_links":{"self":[{"href":"https:\/\/asura.lv\/lt\/wp-json\/wp\/v2\/product\/23845","targetHints":{"allow":["GET"]}}],"collection":[{"href":"https:\/\/asura.lv\/lt\/wp-json\/wp\/v2\/product"}],"about":[{"href":"https:\/\/asura.lv\/lt\/wp-json\/wp\/v2\/types\/product"}],"replies":[{"embeddable":true,"href":"https:\/\/asura.lv\/lt\/wp-json\/wp\/v2\/comments?post=23845"}],"wp:featuredmedia":[{"embeddable":true,"href":"https:\/\/asura.lv\/lt\/wp-json\/wp\/v2\/media\/23846"}],"wp:attachment":[{"href":"https:\/\/asura.lv\/lt\/wp-json\/wp\/v2\/media?parent=23845"}],"wp:term":[{"taxonomy":"product_brand","embeddable":true,"href":"https:\/\/asura.lv\/lt\/wp-json\/wp\/v2\/product_brand?post=23845"},{"taxonomy":"product_cat","embeddable":true,"href":"https:\/\/asura.lv\/lt\/wp-json\/wp\/v2\/product_cat?post=23845"},{"taxonomy":"product_tag","embeddable":true,"href":"https:\/\/asura.lv\/lt\/wp-json\/wp\/v2\/product_tag?post=23845"}],"curies":[{"name":"wp","href":"https:\/\/api.w.org\/{rel}","templated":true}]}}