{"id":23863,"date":"2025-11-28T21:04:05","date_gmt":"2025-11-28T21:04:05","guid":{"rendered":"https:\/\/asura.lv\/product\/case-baseus-crystal-series-for-iphone-11-pro-max-clear-tempered-glass-cleaning-kit\/"},"modified":"2025-12-12T15:35:12","modified_gmt":"2025-12-12T13:35:12","slug":"case-baseus-crystal-series-for-iphone-11-pro-max-clear-tempered-glass-cleaning-kit","status":"publish","type":"product","link":"https:\/\/asura.lv\/lt\/produktas\/case-baseus-crystal-series-for-iphone-11-pro-max-clear-tempered-glass-cleaning-kit\/","title":{"rendered":"\u201eBaseus Crystal Series\u201c d\u0117klas, skirtas \u201eiPhone 11 Pro Max\u201c (skaidrus) + gr\u016bdintas stiklas + valymo rinkinys"},"content":{"rendered":"<h3>\u201eBaseus Crystal Series Clear\u201c d\u0117klas, skirtas \u201eiPhone 11 Pro Max\u201c (skaidrus) + gr\u016bdintas stiklas + valymo rinkinys<\/h3>\n<p>Pasir\u016bpinkite savo \u201eiPhone\u201c saugumu ir rinkit\u0117s apsaugin\u012f \u201eBaseus\u201c d\u0117kl\u0105. Jis pasi\u017eymi lengvu, plonu dizainu ir efektyviai apsaugo j\u016bs\u0173 telefon\u0105 nuo kritim\u0173 ir sm\u016bgi\u0173. D\u0117klas yra skaidrus, tod\u0117l yra beveik nematomas ir neu\u017edengia eleganti\u0161ko \u201eiPhone\u201c dizaino. Taip pat komplekte rasite gr\u016bdint\u0105 stikl\u0105 ir valymo rinkin\u012f.<\/p>\n<p><img decoding=\"async\" src=\"https:\/\/b2b.innpro.pl\/data\/include\/cms\/-Baseus\/ARSJ000202\/1.jpg\" border=\"0\" alt=\"-Baseus\/ARSJ000202\/1\" \/><\/p>\n<h3>I\u0161skirtin\u0117 apsauga<\/h3>\n<p>Nors d\u0117klas yra itin plonas (1,3 mm), jis u\u017etikrina tvirt\u0105 ir visapusi\u0161k\u0105 apsaug\u0105. Testai patvirtina, kad jis apsaugo nuo kritim\u0173 i\u0161 daugiau nei 1 metro auk\u0161\u010dio! Patobulinta kameros objektyvo apsauga, i\u0161pjovos funkcij\u0173 mygtukams \u2013 tai leid\u017eia telefonu naudotis su d\u0117klu labai patogiai. Be to, jis turi papildom\u0105 garsiakalbi\u0173 apsaug\u0105, tod\u0117l ant j\u0173 nesikaupia dulk\u0117s ir kitos \u0161iuk\u0161l\u0117s. D\u0117kl\u0105 lengva u\u017ed\u0117ti ir nuimti. Naudokite telefon\u0105 taip, kaip norite, ir nesijaudinkite, kad kritimas j\u012f sugadins!<\/p>\n<p><img decoding=\"async\" src=\"https:\/\/b2b.innpro.pl\/data\/include\/cms\/-Baseus\/ARSJ000202\/2.jpg\" border=\"0\" alt=\"-Baseus\/ARSJ000202\/2\" \/><\/p>\n<h3>Magnetinis \u012fkrovimas<\/h3>\n<p>D\u0117klas netrukdo \u012fkrovimo procesui su \u201eMagSafe\u201c funkcija, tod\u0117l nereikia jo nuimti, kai norite \u012fkrauti telefon\u0105 ar naudoti magnetin\u012f automobilin\u012f laikikl\u012f! D\u0117klas sukurtas specialiai \u201eApple 11 pro max\u201c serijos telefonams, tod\u0117l mygtuk\u0173 i\u0161pjovos u\u017etikrina skland\u0173 veikim\u0105.<\/p>\n<p><img decoding=\"async\" src=\"https:\/\/b2b.innpro.pl\/data\/include\/cms\/-Baseus\/ARSJ000202\/3.jpg\" border=\"0\" alt=\"-Baseus\/ARSJ000202\/3\" \/><\/p>\n<h3>Pridedama<\/h3>\n<ul>\n<li>D\u0117klas<\/li>\n<li>Gr\u016bdintas stiklas<\/li>\n<li>Valymo rinkinys<\/li>\n<\/ul>\n<div class=\"table-wrapper\">\n<table>\n<tbody>\n<tr>\n<th>Gamintojas<\/th>\n<td>Baseus<\/td>\n<\/tr>\n<tr>\n<th>Modelis<\/th>\n<td>ARSJ000202<\/td>\n<\/tr>\n<tr>\n<th>Technologija<\/th>\n<td>Liejimas<\/td>\n<\/tr>\n<tr>\n<th>Med\u017eiaga<\/th>\n<td>PC<\/td>\n<\/tr>\n<tr>\n<th>Spalva<\/th>\n<td>Skaidri<\/td>\n<\/tr>\n<tr>\n<th>Tinka<\/th>\n<td>iPhone 11 pro max<\/td>\n<\/tr>\n<\/tbody>\n<\/table>\n<\/div>\n","protected":false},"excerpt":{"rendered":"<p>\u201eBaseus Crystal Series Clear\u201c d\u0117klas, skirtas \u201eiPhone 11 Pro Max\u201c (skaidrus) + gr\u016bdintas stiklas + valymo rinkinys Pasir\u016bpinkite savo \u201eiPhone\u201c saugumu ir rinkit\u0117s apsaugin\u012f \u201eBaseus\u201c d\u0117kl\u0105. Jis pasi\u017eymi lengvu, plonu dizainu ir efektyviai apsaugo j\u016bs\u0173 telefon\u0105 nuo kritim\u0173 ir sm\u016bgi\u0173. D\u0117klas yra skaidrus, tod\u0117l yra beveik nematomas ir neu\u017edengia eleganti\u0161ko \u201eiPhone\u201c dizaino. Taip pat komplekte [&#8230;]\n","protected":false},"featured_media":23864,"comment_status":"open","ping_status":"closed","template":"","meta":[],"product_brand":[95],"product_cat":[1250],"product_tag":[],"class_list":{"0":"post-23863","1":"product","2":"type-product","3":"status-publish","4":"has-post-thumbnail","6":"product_brand-baseus","7":"product_cat-protective-cases-for-smartphones-cases-gsm-accessories","9":"first","10":"outofstock","11":"taxable","12":"shipping-taxable","13":"purchasable","14":"product-type-simple"},"aioseo_notices":[],"_links":{"self":[{"href":"https:\/\/asura.lv\/lt\/wp-json\/wp\/v2\/product\/23863","targetHints":{"allow":["GET"]}}],"collection":[{"href":"https:\/\/asura.lv\/lt\/wp-json\/wp\/v2\/product"}],"about":[{"href":"https:\/\/asura.lv\/lt\/wp-json\/wp\/v2\/types\/product"}],"replies":[{"embeddable":true,"href":"https:\/\/asura.lv\/lt\/wp-json\/wp\/v2\/comments?post=23863"}],"wp:featuredmedia":[{"embeddable":true,"href":"https:\/\/asura.lv\/lt\/wp-json\/wp\/v2\/media\/23864"}],"wp:attachment":[{"href":"https:\/\/asura.lv\/lt\/wp-json\/wp\/v2\/media?parent=23863"}],"wp:term":[{"taxonomy":"product_brand","embeddable":true,"href":"https:\/\/asura.lv\/lt\/wp-json\/wp\/v2\/product_brand?post=23863"},{"taxonomy":"product_cat","embeddable":true,"href":"https:\/\/asura.lv\/lt\/wp-json\/wp\/v2\/product_cat?post=23863"},{"taxonomy":"product_tag","embeddable":true,"href":"https:\/\/asura.lv\/lt\/wp-json\/wp\/v2\/product_tag?post=23863"}],"curies":[{"name":"wp","href":"https:\/\/api.w.org\/{rel}","templated":true}]}}