{"id":24121,"date":"2025-11-28T20:51:33","date_gmt":"2025-11-28T20:51:33","guid":{"rendered":"https:\/\/asura.lv\/product\/powerbank-ldnio-pq12-15w-10000mah-white\/"},"modified":"2025-12-12T15:34:03","modified_gmt":"2025-12-12T13:34:03","slug":"powerbank-ldnio-pq12-15w-10000mah-white","status":"publish","type":"product","link":"https:\/\/asura.lv\/lt\/produktas\/powerbank-ldnio-pq12-15w-10000mah-white\/","title":{"rendered":"Powerbank LDNIO PQ12, 15W, 10000mah (balta)"},"content":{"rendered":"<h3>LDNIO PQ12 i\u0161orin\u0117 baterija, 15 W, 10 000 mAh (balta)<\/h3>\n<p>Atnaujinkite keli\u0173 \u012frengini\u0173 energij\u0105 vienu metu su LDNIO i\u0161orine baterija. PQ12 pasi\u017eymi 10 000 mAh talpa, palaiko greito \u012fkrovimo protokolus ir veikia iki 22,5 W galia. Ji turi vien\u0105 USB-C i\u0161vesties prievad\u0105 ir du USB-A i\u0161vesties prievadus. Ji taip pat palaiko belaid\u012f \u012fkrovim\u0105 iki 15 vat\u0173 galios. LED ekrane galite patogiai patikrinti akumuliatoriaus \u012fkrovos lyg\u012f, o daugyb\u0117 saugos funkcij\u0173 u\u017etikrina saug\u0173 naudojim\u0105. Be to, galite j\u012f pasiimti su savimi bet kur \u2013 net \u012f l\u0117ktuv\u0105.<\/p>\n<p><img decoding=\"async\" src=\"https:\/\/b2b.innpro.pl\/data\/include\/cms\/LDNIO\/PQ12\/2.jpg\" alt=\"LDNIO\/PQ12\/2\"><\/p>\n<h3>Greitas \u012fkrovimas<\/h3>\n<p>Jums nereikia ilgai laukti, kol j\u016bs\u0173 \u012frenginiai bus \u012fkrauti ir paruo\u0161ti naudoti. LDNIO i\u0161orin\u0117 baterija turi USB-C i\u0161vesties prievad\u0105 ir du USB-A i\u0161vesties prievadus, tod\u0117l galite \u012fkrauti kelis \u012frenginius vienu metu. PQ12 palaiko PD ir QC3.0 greitojo \u012fkrovimo protokolus, tod\u0117l greitai atnaujins j\u016bs\u0173 \u012frangos energij\u0105. <\/p>\n<p><img decoding=\"async\" src=\"https:\/\/b2b.innpro.pl\/data\/include\/cms\/LDNIO\/PQ12\/7.jpg\" alt=\"LDNIO\/PQ12\/7\"><\/p>\n<h3>Rinkit\u0117s belaid\u017eius sprendimus<\/h3>\n<p>Reikia belaid\u017ei\u0173 sprendim\u0173? Joki\u0173 problem\u0173! LDNIO i\u0161orin\u0117 baterija leid\u017eia indukciniu b\u016bdu \u012fkrauti 15 vat\u0173 galia. Jums tereikia priglausti i\u0161man\u0173j\u012f telefon\u0105 prie \u012frenginio. Su\u017einokite, kaip tai patogu!<\/p>\n<p><img decoding=\"async\" src=\"https:\/\/b2b.innpro.pl\/data\/include\/cms\/LDNIO\/PQ12\/3.jpg\" alt=\"LDNIO\/PQ12\/3\"><\/p>\n<h3>Papildomi privalumai<\/h3>\n<p>PQ12 turi lengvai \u012fskaitom\u0105 LED ekran\u0105, kad gal\u0117tum\u0117te patogiai patikrinti \u012fkrovimo b\u016bsen\u0105. Jums tereikia paspausti atitinkam\u0105 mygtuk\u0105. Ir tai dar ne viskas \u2013 \u012frenginys atitinka tarptautini\u0173 oro linij\u0173 standartus, tod\u0117l galite j\u012f be r\u016bpes\u010di\u0173 pasiimti su savimi \u012f l\u0117ktuv\u0105.<\/p>\n<p><img decoding=\"async\" src=\"https:\/\/b2b.innpro.pl\/data\/include\/cms\/LDNIO\/PQ12\/6.jpg\" alt=\"LDNIO\/PQ12\/6\"><\/p>\n<h3>\u012evairios saugumo funkcijos<\/h3>\n<p>Jums nereikia r\u016bpintis savo \u012frangos saugumu. LDNIO i\u0161orin\u0117 baterija apsaugo nuo perkrovimo, vir\u0161\u012ftampio, perkaitimo, trumpojo jungimo ar elektromagnetinio lauko ir kt. M\u0117gaukit\u0117s greitu ir saugiu savo \u012frengini\u0173 \u012fkrovimu!<\/p>\n<p><img decoding=\"async\" src=\"https:\/\/b2b.innpro.pl\/data\/include\/cms\/LDNIO\/PQ12\/4.jpg\" alt=\"LDNIO\/PQ12\/4\"><\/p>\n<div class=\"table-wrapper\">\n<table>\n<tbody>\n<tr>\n<th>Gamintojas<\/th>\n<td>LDNIO<\/td>\n<\/tr>\n<tr>\n<th>Modelis<\/th>\n<td>PQ12<\/td>\n<\/tr>\n<tr>\n<th>Talpa<\/th>\n<td>10 000 mAh \/ 37 Wh<\/td>\n<\/tr>\n<tr>\n<th>USB-C \u012fvestis<\/th>\n<td>5V\/3A, 9V\/2A, 12V\/1,5A<\/td>\n<\/tr>\n<tr>\n<th>USB-C i\u0161vestis (PD)<\/th>\n<td>5 V \/ 3 A, 9 V \/ 2,22 A, 12 V \/ 1,67 A (20 W)<\/td>\n<\/tr>\n<tr>\n<th>USB-A1 (QC) i\u0161vestis<\/th>\n<td>5 V \/ 3 A, 9 V \/ 2 A, 12 V \/ 1,5 A (18 W)<\/td>\n<\/tr>\n<tr>\n<th>USB-A2 i\u0161vestis (QC)<\/th>\n<td>5 V \/ 4,5 A, 4,5 A \/ 5 V, 9 V \/ 2 A, 12 V \/ 1,5 A (22,5 W)<\/td>\n<\/tr>\n<tr>\n<th>Belaid\u017eio \u012fkrovimo galia<\/th>\n<td>15 W (maks.)<\/td>\n<\/tr>\n<tr>\n<th>Bendra galia<\/th>\n<td>22,5 W (maks.)<\/td>\n<\/tr>\n<tr>\n<th>Spalva<\/th>\n<td>Balta<\/td>\n<\/tr>\n<\/tbody>\n<\/table>\n<\/div>\n","protected":false},"excerpt":{"rendered":"<p>LDNIO PQ12 i\u0161orin\u0117 baterija, 15 W, 10 000 mAh (balta) Atnaujinkite keli\u0173 \u012frengini\u0173 energij\u0105 vienu metu su LDNIO i\u0161orine baterija. PQ12 pasi\u017eymi 10 000 mAh talpa, palaiko greito \u012fkrovimo protokolus ir veikia iki 22,5 W galia. Ji turi vien\u0105 USB-C i\u0161vesties prievad\u0105 ir du USB-A i\u0161vesties prievadus. Ji taip pat palaiko belaid\u012f \u012fkrovim\u0105 iki 15 [&#8230;]\n","protected":false},"featured_media":24122,"comment_status":"open","ping_status":"closed","template":"","meta":[],"product_brand":[439],"product_cat":[1025],"product_tag":[],"class_list":{"0":"post-24121","1":"product","2":"type-product","3":"status-publish","4":"has-post-thumbnail","6":"product_brand-ldnio","7":"product_cat-powerbanks","9":"first","10":"outofstock","11":"taxable","12":"shipping-taxable","13":"purchasable","14":"product-type-simple"},"aioseo_notices":[],"_links":{"self":[{"href":"https:\/\/asura.lv\/lt\/wp-json\/wp\/v2\/product\/24121","targetHints":{"allow":["GET"]}}],"collection":[{"href":"https:\/\/asura.lv\/lt\/wp-json\/wp\/v2\/product"}],"about":[{"href":"https:\/\/asura.lv\/lt\/wp-json\/wp\/v2\/types\/product"}],"replies":[{"embeddable":true,"href":"https:\/\/asura.lv\/lt\/wp-json\/wp\/v2\/comments?post=24121"}],"wp:featuredmedia":[{"embeddable":true,"href":"https:\/\/asura.lv\/lt\/wp-json\/wp\/v2\/media\/24122"}],"wp:attachment":[{"href":"https:\/\/asura.lv\/lt\/wp-json\/wp\/v2\/media?parent=24121"}],"wp:term":[{"taxonomy":"product_brand","embeddable":true,"href":"https:\/\/asura.lv\/lt\/wp-json\/wp\/v2\/product_brand?post=24121"},{"taxonomy":"product_cat","embeddable":true,"href":"https:\/\/asura.lv\/lt\/wp-json\/wp\/v2\/product_cat?post=24121"},{"taxonomy":"product_tag","embeddable":true,"href":"https:\/\/asura.lv\/lt\/wp-json\/wp\/v2\/product_tag?post=24121"}],"curies":[{"name":"wp","href":"https:\/\/api.w.org\/{rel}","templated":true}]}}