{"id":24181,"date":"2025-11-28T20:51:28","date_gmt":"2025-11-28T20:51:28","guid":{"rendered":"https:\/\/asura.lv\/product\/avatto-wt50-smart-thermostat-water-heater-3a-wifi-tuya\/"},"modified":"2025-12-12T15:33:57","modified_gmt":"2025-12-12T13:33:57","slug":"avatto-wt50-smart-thermostat-water-heater-3a-wifi-tuya","status":"publish","type":"product","link":"https:\/\/asura.lv\/lt\/produktas\/avatto-wt50-smart-thermostat-water-heater-3a-wifi-tuya\/","title":{"rendered":"\u201eAvatto WT50\u201c i\u0161manusis termostatinis vandens \u0161ildytuvas 3A WiFi TUYA"},"content":{"rendered":"<h3>\u201eAvatto WT50\u201c i\u0161manusis termostatinis vandens \u0161ildytuvas su 3A WiFi TUYA<\/h3>\n<p>I\u0161manusis termostatas \u201eAvatto WT50\u201c leid\u017eia valdyti vandens \u0161ildym\u0105 namuose, biure, vie\u0161butyje ar prekybos centre. Jis jungiasi prie j\u016bs\u0173 i\u0161maniojo telefono \/ plan\u0161etinio kompiuterio per \u201eTuya\u201c ir \u201eSmart Life\u201c program\u0117les ir veikia su balso asistentais.<\/p>\n<p>\n<img decoding=\"async\" border=\"0\" src=\"https:\/\/assets.innpro.pl\/6258\/7344\/5.jpg\"\/>\n<\/p>\n<h3>Pritaikykite jo veikim\u0105 pagal savo poreikius<\/h3>\n<p>Naudodami \u201eTuya\u201c arba \u201eSmart Life\u201c program\u0117l\u0119, galite programuoti termostato veikim\u0105. \u012erenginys palaiko skirtingus temperat\u016bros nustatymus atitinkamai 5+1+1 \/ 5+2 \/ 7 dien\u0173 laikotarpiui su 6 laiko re\u017eimais per dien\u0105. Taip pat galite naudoti rankin\u012f, automatin\u012f arba i\u0161vykimo re\u017eimus.<\/p>\n<p>\n<img decoding=\"async\" border=\"0\" src=\"https:\/\/assets.innpro.pl\/6258\/7344\/4.jpg\"\/>\n<\/p>\n<h3>Patogus valdymas<\/h3>\n<p>I\u0161man\u0173j\u012f termostat\u0105 \u201eAvatto WT50\u201c galite valdyti 3 skirtingais b\u016bdais. Produktas veikia su \u201eTuya\u201c ir \u201eSmart Life\u201c program\u0117l\u0117mis, kurias atsisiun\u010diate \u012f savo i\u0161man\u0173j\u012f telefon\u0105 ar plan\u0161etin\u012f kompiuter\u012f su \u201eAndroid\u201c ir \u201eiOS\u201c operacin\u0117mis sistemomis. Tai leid\u017eia jums pritaikyti produkto veikim\u0105, kad ir kur b\u016btum\u0117te. WT50 taip pat galima valdyti balso komandomis \u2013 termostatas suderinamas su \u201eAmazon Alexa\u201c, \u201eGoogle Home\u201c, \u201eYandex Alice\u201c ir kt. Taip pat galite naudoti \u012frenginio mygtukus.<\/p>\n<p>\n<img decoding=\"async\" border=\"0\" src=\"https:\/\/assets.innpro.pl\/6258\/7344\/3.jpg\"\/>\n<\/p>\n<h3>Prieiga prie svarbiausios informacijos<\/h3>\n<p>Kitas \u201eAvatto WT50\u201c privalumas yra LCD ekranas. Jame su\u017einosite apie nustatyt\u0105 darbo re\u017eim\u0105, tinklo ry\u0161\u012f, nustatyt\u0105 temperat\u016br\u0105 arba \u012fjungt\u0105 saugos u\u017erakt\u0105. Be to, termostatas rodo dabartin\u012f laik\u0105. Taip pat galite reguliuoti ekrano ry\u0161kum\u0105 arba j\u012f visi\u0161kai i\u0161jungti. Taip vis\u0105 svarbiausi\u0105 informacij\u0105 tur\u0117site po ranka \u2013 tereikia \u017evilgtel\u0117ti!<\/p>\n<p>\n<img decoding=\"async\" border=\"0\" src=\"https:\/\/assets.innpro.pl\/6258\/7344\/2.jpg\"\/>\n<\/p>\n<h3>Papildomos funkcijos<\/h3>\n<p>I\u0161manusis termostatas \u201eAvatto WT50\u201c turi speciali\u0105 apsaug\u0105 nuo vaik\u0173, kuri neleid\u017eia naudoti mygtuk\u0173. Tai neleis \u012fjungti \/ i\u0161jungti nepageidaujamos funkcijos. Be to, gedimo ar laikino elektros energijos tiekimo nutraukimo atveju bus atkurti paskutiniai naudoti nustatymai.<\/p>\n<p>\n<img decoding=\"async\" border=\"0\" src=\"https:\/\/assets.innpro.pl\/6258\/7344\/7.jpg\"\/>\n<\/p>\n<h3>Pridedama:<\/h3>\n<ul class=\"list-disc pl-5\">\n<li>termostatas<\/li>\n<li>naudojimo instrukcija<\/li>\n<li>var\u017etai x2<\/li>\n<\/ul>\n<div class=\"table-wrapper\">\n<p>B\u00a0<\/p>\n<h3><\/h3>\n<table>\n<tbody>\n<tr>\n<th>Gamintojas<\/th>\n<td>Avatto<\/td>\n<\/tr>\n<tr>\n<th>Modelis<\/th>\n<td>WT50-WH-3A<\/td>\n<\/tr>\n<tr>\n<th>Spalva<\/th>\n<td>pilka<\/td>\n<\/tr>\n<tr>\n<th>Med\u017eiaga<\/th>\n<td>PC V0<\/td>\n<\/tr>\n<tr>\n<th>\u012etampa<\/th>\n<td>95\u2013230 V kintamoji srov\u0117, 50\/60 Hz<\/td>\n<\/tr>\n<tr>\n<th>Maksimali apkrova<\/th>\n<td>3 A<\/td>\n<\/tr>\n<tr>\n<th>Ekranas<\/th>\n<td>LCD<\/td>\n<\/tr>\n<tr>\n<th>Tikslumas<\/th>\n<td>1 \u00b0C<\/td>\n<\/tr>\n<tr>\n<th>Temperat\u016bra Diapazonas<\/th>\n<td>5\u201360 \u00b0C<\/td>\n<\/tr>\n<tr>\n<th>Matmenys<\/th>\n<td>86 x 86 x 40 mm<\/td>\n<\/tr>\n<tr>\n<th>Taikymas<\/th>\n<td>\u201eTuya\u201c, i\u0161manusis gyvenimas<\/td>\n<\/tr>\n<tr>\n<th>Balso valdymas<\/th>\n<td>\u201eAmazon Alexa\u201c, \u201eGoogle Home\u201c, \u201eYandex Alice\u201c ir kt.<\/td>\n<\/tr>\n<tr>\n<th>Belaidis ry\u0161ys<\/th>\n<td>2,4 GHz \u201eWi-Fi\u201c<\/td>\n<\/tr>\n<\/tbody>\n<\/table>\n<\/div>\n","protected":false},"excerpt":{"rendered":"<p>\u201eAvatto WT50\u201c i\u0161manusis termostatinis vandens \u0161ildytuvas su 3A WiFi TUYA I\u0161manusis termostatas \u201eAvatto WT50\u201c leid\u017eia valdyti vandens \u0161ildym\u0105 namuose, biure, vie\u0161butyje ar prekybos centre. Jis jungiasi prie j\u016bs\u0173 i\u0161maniojo telefono \/ plan\u0161etinio kompiuterio per \u201eTuya\u201c ir \u201eSmart Life\u201c program\u0117les ir veikia su balso asistentais. Pritaikykite jo veikim\u0105 pagal savo poreikius Naudodami \u201eTuya\u201c arba \u201eSmart Life\u201c [&#8230;]\n","protected":false},"featured_media":24182,"comment_status":"open","ping_status":"closed","template":"","meta":[],"product_brand":[466],"product_cat":[1475],"product_tag":[],"class_list":{"0":"post-24181","1":"product","2":"type-product","3":"status-publish","4":"has-post-thumbnail","6":"product_brand-avatto","7":"product_cat-thermostats","9":"first","10":"outofstock","11":"taxable","12":"shipping-taxable","13":"purchasable","14":"product-type-simple"},"aioseo_notices":[],"_links":{"self":[{"href":"https:\/\/asura.lv\/lt\/wp-json\/wp\/v2\/product\/24181","targetHints":{"allow":["GET"]}}],"collection":[{"href":"https:\/\/asura.lv\/lt\/wp-json\/wp\/v2\/product"}],"about":[{"href":"https:\/\/asura.lv\/lt\/wp-json\/wp\/v2\/types\/product"}],"replies":[{"embeddable":true,"href":"https:\/\/asura.lv\/lt\/wp-json\/wp\/v2\/comments?post=24181"}],"wp:featuredmedia":[{"embeddable":true,"href":"https:\/\/asura.lv\/lt\/wp-json\/wp\/v2\/media\/24182"}],"wp:attachment":[{"href":"https:\/\/asura.lv\/lt\/wp-json\/wp\/v2\/media?parent=24181"}],"wp:term":[{"taxonomy":"product_brand","embeddable":true,"href":"https:\/\/asura.lv\/lt\/wp-json\/wp\/v2\/product_brand?post=24181"},{"taxonomy":"product_cat","embeddable":true,"href":"https:\/\/asura.lv\/lt\/wp-json\/wp\/v2\/product_cat?post=24181"},{"taxonomy":"product_tag","embeddable":true,"href":"https:\/\/asura.lv\/lt\/wp-json\/wp\/v2\/product_tag?post=24181"}],"curies":[{"name":"wp","href":"https:\/\/api.w.org\/{rel}","templated":true}]}}