{"id":24193,"date":"2025-11-28T20:51:27","date_gmt":"2025-11-28T20:51:27","guid":{"rendered":"https:\/\/asura.lv\/product\/avatto-zwt100-smart-thermostat-3a-zigbee-water-heater-tuya\/"},"modified":"2025-12-12T15:33:57","modified_gmt":"2025-12-12T13:33:57","slug":"avatto-zwt100-smart-thermostat-3a-zigbee-water-heater-tuya","status":"publish","type":"product","link":"https:\/\/asura.lv\/lt\/produktas\/avatto-zwt100-smart-thermostat-3a-zigbee-water-heater-tuya\/","title":{"rendered":"\u201eAvatto ZWT100\u201c i\u0161manusis termostatas, 3A, \u201eZigBee\u201c vandens \u0161ildytuvas \u201eTUYA\u201c"},"content":{"rendered":"<h3>I\u0161manusis termostatas \u201eAvatto ZWT100\u201c 3A \u201eZigBee\u201c vandens \u0161ildytuvas \u201eTUYA\u201c<\/h3>\n<p>I\u0161manusis termostatas \u201eAvatto ZWT100\u201c naudojamas \u0161ildymui namuose, biure ir kt. valdyti. Jis leid\u017eia \u012fjungti arba i\u0161jungti pavar\u0105, kuri valdo kar\u0161to vandens tiekim\u0105 patalpai \u0161ildyti. Jis turi \u012fmontuot\u0105 \u201eZigBee\u201c modul\u012f ir veikia su \u201eTuya\u201c, \u201eSmart Life\u201c, \u201eAmazon Alexa\u201c, \u201eGoogle Assistant\u201c, \u201eYandex Alice\u201c ir kt.<\/p>\n<p>\n<img decoding=\"async\" border=\"0\" src=\"https:\/\/assets.innpro.pl\/6251\/7336\/3.jpg\"\/>\n<\/p>\n<h3>Veikimo programavimas<\/h3>\n<p>Termostato veikim\u0105 galite programuoti \u201eTuya\u201c arba \u201eSmart Life\u201c program\u0117l\u0117je. \u012erenginys palaiko skirtingus temperat\u016bros nustatymus atitinkamai 5+2 \/ 6+1 \/ 7 dien\u0173 laikotarpiui su 6 laiko re\u017eimais per dien\u0105. Taip pat galite naudoti rankin\u012f ir automatin\u012f re\u017eimus.<\/p>\n<p>\n<img decoding=\"async\" border=\"0\" src=\"https:\/\/assets.innpro.pl\/6251\/7336\/4.jpg\"\/>\n<\/p>\n<h3>Patogus valdymas<\/h3>\n<p>I\u0161man\u0173j\u012f termostat\u0105 \u201eAvatto ZWT100\u201c galite valdyti 3 skirtingais b\u016bdais. Produktas veikia su \u201eTuya\u201c ir \u201eSmart Life\u201c program\u0117l\u0117mis, kurias atsisiun\u010diate \u012f savo i\u0161man\u0173j\u012f telefon\u0105 ar plan\u0161etin\u012f kompiuter\u012f. Tai leid\u017eia reguliuoti produkto veikim\u0105, kad ir kur b\u016btum\u0117te. Termostat\u0105 taip pat galima valdyti balso komandomis \u2013 ZWT100 suderinamas su \u201eAmazon Alexa\u201c, \u201eGoogle Home\u201c, \u201eYandex Alice\u201c ir kt. Taip pat galite naudoti gaminio jutiklin\u012f ekran\u0105.<\/p>\n<p>\n<img decoding=\"async\" border=\"0\" src=\"https:\/\/assets.innpro.pl\/6251\/7336\/1.jpg\"\/>\n<\/p>\n<h3>Prieiga prie svarbiausios informacijos<\/h3>\n<p>Kitas \u201eAvatto ZWT100\u201c privalumas yra LCD ekranas. Jame su\u017einosite apie nustatyt\u0105 veikimo re\u017eim\u0105, tinklo ry\u0161\u012f, nustatyt\u0105 temperat\u016br\u0105 arba \u012fjungt\u0105 saugos u\u017erakt\u0105. Be to, termostatas rodo dabartin\u012f laik\u0105. Taip pat galite reguliuoti ekrano ry\u0161kum\u0105 arba j\u012f visi\u0161kai i\u0161jungti. Taip vis\u0105 svarbiausi\u0105 informacij\u0105 tur\u0117site po ranka \u2013 tereikia \u017evilgtel\u0117ti!<\/p>\n<p>\n<img decoding=\"async\" border=\"0\" src=\"https:\/\/assets.innpro.pl\/6251\/7336\/5.jpg\"\/>\n<\/p>\n<h3>Papildomos funkcijos<\/h3>\n<p>I\u0161manusis termostatas \u201eAvatto ZWT100\u201c turi speciali\u0105 apsaug\u0105 nuo vaik\u0173, kuri neleid\u017eia naudoti \u012frenginio. Tai neleis \u012fjungti \/ i\u0161jungti nepageidaujamos funkcijos. Be to, galima sujungti kelis ZWT100 \u012f grupes, kad b\u016bt\u0173 galima dar geriau valdyti. Taip pat galite suteikti prieig\u0105 prie \u012frenginio kitiems nam\u0173 \u016bkio nariams, kad kiekvienas i\u0161 j\u016bs\u0173 gal\u0117t\u0173 j\u012f valdyti.<\/p>\n<p>\n<img decoding=\"async\" border=\"0\" src=\"https:\/\/assets.innpro.pl\/6251\/7336\/2.jpg\"\/>\n<\/p>\n<h3>\u012etraukta:<\/h3>\n<ul class=\"list-disc pl-5\">\n<li>termostatas<\/li>\n<li>naudotojo vadovas<\/li>\n<li>var\u017etai x2<\/li>\n<\/ul>\n<div class=\"table-wrapper\">\n<p>\u0412\u00a0<\/p>\n<h3><\/h3>\n<table>\n<tbody>\n<tr>\n<th>Gamintojas<\/th>\n<td>Avatto<\/td>\n<\/tr>\n<tr>\n<th>Modelis<\/th>\n<td>ZWT100-WH-3A<\/td>\n<\/tr>\n<tr>\n<th>\u012etampa<\/th>\n<td>AC 95-220V 50\/60 Hz<\/td>\n<\/tr>\n<tr>\n<th>Maksimali apkrova<\/th>\n<td>3 A<\/td>\n<\/tr>\n<tr>\n<th>Ekranas<\/th>\n<td>LCD<\/td>\n<\/tr>\n<tr>\n<th>Tikslumas<\/th>\n<td>1 \u00b0C<\/td>\n<\/tr>\n<tr>\n<th>Temperat\u016bros diapazonas<\/th>\n<td>5 \u00b0C &#8211; 60 \u00b0C<\/td>\n<\/tr>\n<tr>\n<th>Darbin\u0117 temperat\u016bra<\/th>\n<td>-5 \u00b0C &#8211; 50 \u00b0C<\/td>\n<\/tr>\n<tr>\n<th>Rodoma temperat\u016bros diapazonas<\/th>\n<td>0 \u00b0C &#8211; 51 \u00b0C<\/td>\n<\/tr>\n<tr>\n<th>Energijos suvartojimas<\/th>\n<td>&lt;1 W<\/td>\n<\/tr>\n<tr>\n<th>Matmenys<\/th>\n<td>86 x 86 x 40 mm<\/td>\n<\/tr>\n<tr>\n<th>Program\u0117l\u0117<\/th>\n<td>\u201eTuya\u201c, i\u0161manusis gyvenimas<\/td>\n<\/tr>\n<tr>\n<th>Balso valdymas<\/th>\n<td>\u201eAmazon Alexa\u201c, \u201eGoogle Home\u201c, \u201eYandex Alice\u201c ir kt.<\/td>\n<\/tr>\n<tr>\n<th>Ry\u0161ys<\/th>\n<td>\u201eZigbee 3.0\u201c<\/td>\n<\/tr>\n<\/tbody>\n<\/table>\n<\/div>\n","protected":false},"excerpt":{"rendered":"<p>I\u0161manusis termostatas \u201eAvatto ZWT100\u201c 3A \u201eZigBee\u201c vandens \u0161ildytuvas \u201eTUYA\u201c I\u0161manusis termostatas \u201eAvatto ZWT100\u201c naudojamas \u0161ildymui namuose, biure ir kt. valdyti. Jis leid\u017eia \u012fjungti arba i\u0161jungti pavar\u0105, kuri valdo kar\u0161to vandens tiekim\u0105 patalpai \u0161ildyti. Jis turi \u012fmontuot\u0105 \u201eZigBee\u201c modul\u012f ir veikia su \u201eTuya\u201c, \u201eSmart Life\u201c, \u201eAmazon Alexa\u201c, \u201eGoogle Assistant\u201c, \u201eYandex Alice\u201c ir kt. Veikimo programavimas Termostato [&#8230;]\n","protected":false},"featured_media":24194,"comment_status":"open","ping_status":"closed","template":"","meta":[],"product_brand":[466],"product_cat":[1475],"product_tag":[],"class_list":{"0":"post-24193","1":"product","2":"type-product","3":"status-publish","4":"has-post-thumbnail","6":"product_brand-avatto","7":"product_cat-thermostats","9":"first","10":"outofstock","11":"taxable","12":"shipping-taxable","13":"purchasable","14":"product-type-simple"},"aioseo_notices":[],"_links":{"self":[{"href":"https:\/\/asura.lv\/lt\/wp-json\/wp\/v2\/product\/24193","targetHints":{"allow":["GET"]}}],"collection":[{"href":"https:\/\/asura.lv\/lt\/wp-json\/wp\/v2\/product"}],"about":[{"href":"https:\/\/asura.lv\/lt\/wp-json\/wp\/v2\/types\/product"}],"replies":[{"embeddable":true,"href":"https:\/\/asura.lv\/lt\/wp-json\/wp\/v2\/comments?post=24193"}],"wp:featuredmedia":[{"embeddable":true,"href":"https:\/\/asura.lv\/lt\/wp-json\/wp\/v2\/media\/24194"}],"wp:attachment":[{"href":"https:\/\/asura.lv\/lt\/wp-json\/wp\/v2\/media?parent=24193"}],"wp:term":[{"taxonomy":"product_brand","embeddable":true,"href":"https:\/\/asura.lv\/lt\/wp-json\/wp\/v2\/product_brand?post=24193"},{"taxonomy":"product_cat","embeddable":true,"href":"https:\/\/asura.lv\/lt\/wp-json\/wp\/v2\/product_cat?post=24193"},{"taxonomy":"product_tag","embeddable":true,"href":"https:\/\/asura.lv\/lt\/wp-json\/wp\/v2\/product_tag?post=24193"}],"curies":[{"name":"wp","href":"https:\/\/api.w.org\/{rel}","templated":true}]}}