{"id":24253,"date":"2025-11-28T20:51:23","date_gmt":"2025-11-28T20:51:23","guid":{"rendered":"https:\/\/asura.lv\/product\/nillkin-case-with-keyboard-for-ipad-10-9-black\/"},"modified":"2025-12-12T15:33:54","modified_gmt":"2025-12-12T13:33:54","slug":"nillkin-case-with-keyboard-for-ipad-10-9-black","status":"publish","type":"product","link":"https:\/\/asura.lv\/lt\/produktas\/nillkin-case-with-keyboard-for-ipad-10-9-black\/","title":{"rendered":"\u201eNillkin\u201c d\u0117klas su klaviat\u016bra, skirtas \u201eiPad 10.9\u201c (juodas)"},"content":{"rendered":"<h3>D\u0117klas su klaviat\u016bra, skirtas \u201eiPad 10.9&#8243; Nillkin\u201c (juodas)<\/h3>\n<p>Padidinkite savo darbo ar mokymosi efektyvum\u0105 su \u201eNillkin\u201c d\u0117klu, skirtu \u201eiPad 10.9&#8243;! D\u0117kle yra ne\u0161iojama klaviat\u016bra su jutikliniu skydeliu, tod\u0117l ra\u0161yti plan\u0161etiniu kompiuteriu dar lengviau. Jis leid\u017eia reguliuoti \u017ei\u016br\u0117jimo kamp\u0105, o \u201eBluetooth 3.0\u201c u\u017etikrina skland\u0173 ry\u0161\u012f su \u201eiPad\u201c. Maksimalus jo veikimo laikas yra iki 55 dien\u0173. D\u0117l auk\u0161tos kokyb\u0117s med\u017eiag\u0173 naudojimo d\u0117klas patikimai apsaugo plan\u0161etin\u012f kompiuter\u012f nuo pa\u017eeidim\u0173, o stumdomas dangtelis apsaugo l\u0119\u0161\u012f nuo \u012fbr\u0117\u017eim\u0173. Be to, jame yra specialus \u201eApple Pencil\u201c laikiklis, leid\u017eiantis j\u012f \u012fkrauti.<\/p>\n<p><img decoding=\"async\" src=\"https:\/\/b2b.innpro.pl\/data\/include\/cms\/Nillkin\/Nillkin-Bumper-Combo-Keyboard-Case-IPad-10.9-Black\/8.jpg\"><\/p>\n<h3>Patogus ra\u0161ymas<\/h3>\n<p>Kruop\u0161\u010diai apgalvotas klaviat\u016bros dizainas leis m\u0117gautis neprilygstamu patogumu naudojimo metu. Klaviat\u016bra garantuoja tobul\u0105 klavi\u0161\u0173 at\u0161okim\u0105, kad b\u016bt\u0173 galima greitai ir skland\u017eiai ra\u0161yti. Ji veikia itin tyliai, tod\u0117l joks erzinantis triuk\u0161mas netrukdys jums dirbti. Be to, klaviat\u016bra automati\u0161kai persijungs \u012f bud\u0117jimo re\u017eim\u0105, jei jos nenaudosite 10 minu\u010di\u0173 \u2013 tiesiog paspauskite bet kur\u012f klavi\u0161\u0105, kad j\u0105 pa\u017eadintum\u0117te.<\/p>\n<p><img decoding=\"async\" src=\"https:\/\/b2b.innpro.pl\/data\/include\/cms\/Nillkin\/Nillkin-Bumper-Combo-Keyboard-Case-IPad-10.9-Black\/10.jpg\"><\/p>\n<h3>I\u0161manusis jutiklinis skydelis<\/h3>\n<p>Klaviat\u016bra taip pat turi jutiklin\u012f skydel\u012f, kuris padidins j\u016bs\u0173 laisv\u0119, kontrol\u0119 ir tikslum\u0105 dirbant plan\u0161etiniu kompiuteriu. Jo lietimo da\u017enis yra 120 Hz, ir jis palaiko \u012fvairius gestus, kurie palengvins u\u017eduo\u010di\u0173 atlikim\u0105 \u2013 naudodami juos, be kita ko, galite gr\u012f\u017eti \u012f pagrindin\u012f puslap\u012f, priartinti vaizd\u0105 arba perjungti puslapius. Taip pat galite naudoti apsaugos nuo klaidingo lietimo funkcij\u0105, kuri i\u0161jungs skydel\u012f, kol ra\u0161ote, kad nety\u010dia nejudintum\u0117te \u017eymeklio. Lengvai paverskite savo \u201eiPad\u201c ne\u0161iojamuoju kompiuteriu!<\/p>\n<p><img decoding=\"async\" src=\"https:\/\/b2b.innpro.pl\/data\/include\/cms\/Nillkin\/Nillkin-Bumper-Combo-Keyboard-Case-IPad-10.9-Black\/4.jpg\"><\/p>\n<h3>Pritaikytas j\u016bs\u0173 poreikiams<\/h3>\n<p>D\u0117klas sukurtas taip, kad j\u012f b\u016bt\u0173 kuo patogiau naudoti. Specialus stovas u\u017etikrina patikim\u0105 stabilum\u0105. Taip pat galite laisvai reguliuoti \u017ei\u016br\u0117jimo kamp\u0105 nuo 0 iki 180\u00b0, kad gal\u0117tum\u0117te puikiai pritaikyti jo pad\u0117t\u012f prie to, k\u0105 darote. Taip pat galima nuimti klaviat\u016br\u0105, o tai dar labiau padidins j\u016bs\u0173 patogum\u0105, pavyzd\u017eiui, skaitant el. knygas ar brai\u017eant eskizus.<\/p>\n<p><img decoding=\"async\" src=\"https:\/\/b2b.innpro.pl\/data\/include\/cms\/Nillkin\/Nillkin-Bumper-Combo-Keyboard-Case-IPad-10.9-Black\/3.jpg\"><\/p>\n<h3>\u012emontuota didel\u0117s talpos baterija<\/h3>\n<p>Produktas apr\u016bpintas galinga 180 mAh talpos baterija. D\u0117l to vienu \u012fkrovimu j\u012f galite naudoti iki 55 dien\u0173, o bud\u0117jimo re\u017eimu jis gali veikti iki 180 dien\u0173! Taigi jums nereik\u0117s nerimauti, kad klaviat\u016bra i\u0161sikraus pa\u010diu tinkamiausiu metu. <\/p>\n<p><img decoding=\"async\" src=\"https:\/\/b2b.innpro.pl\/data\/include\/cms\/Nillkin\/Nillkin-Bumper-Combo-Keyboard-Case-IPad-10.9-Black\/1.jpg\"><\/p>\n<h3>Dar daugiau galimybi\u0173<\/h3>\n<p>Ta\u010diau tai dar ne visos \u201eNillkin\u201c d\u0117klo galimyb\u0117s! D\u0117klas taip pat turi stumdom\u0105 dangtel\u012f kameros objektyvui, kuris efektyviai apsaugo j\u012f nuo pa\u017eeidim\u0173, neleid\u017eia jam i\u0161sitepti ir papildomai apsaugo j\u016bs\u0173 privatum\u0105. D\u0117kle taip pat yra vietos \u201eApple Pencil\u201c! Specialus laikiklis puikiai tinka \u201eApple Pencil\u201c ir leid\u017eia j\u012f \u012fkrauti \u2013 tiesiog \u012fd\u0117kite j\u012f \u012f laikikl\u012f ir \u012fkrovimas prasid\u0117s nedelsiant.<\/p>\n<p><img decoding=\"async\" src=\"https:\/\/b2b.innpro.pl\/data\/include\/cms\/Nillkin\/Nillkin-Bumper-Combo-Keyboard-Case-IPad-10.9-Black\/5.jpg\"><\/p>\n<div class=\"table-wrapper\">\n<table>\n<tbody>\n<tr>\n<th>Gamintojas <\/th>\n<td>Nillkin<\/td>\n<\/tr>\n<tr>\n<th>Spalva <\/th>\n<td>Juoda<\/td>\n<\/tr>\n<tr>\n<th>Suderinamumas<\/th>\n<td>iPad 10.9&#8243;<\/td>\n<\/tr>\n<tr>\n<th>\u201eBluetooth\u201c versija<\/th>\n<td>3.0<\/td>\n<\/tr>\n<tr>\n<th>Atstumas<\/th>\n<td>Iki 10 m<\/td>\n<\/tr>\n<tr>\n<th>\u012e\u0117jimo srov\u0117<\/th>\n<td>5 V \/ 2 A<\/td>\n<\/tr>\n<tr>\n<th>Bud\u0117jimo re\u017eimas<\/th>\n<td>iki 180 dien\u0173<\/td>\n<\/tr>\n<tr>\n<th>\u012ekrovimo laikas<\/th>\n<td>2,5 valandos<\/td>\n<\/tr>\n<tr>\n<th>Akumuliatoriaus talpa<\/th>\n<td>180 mAh<\/td>\n<\/tr>\n<tr>\n<th>Akumuliatoriaus tipas<\/th>\n<td>Li\u010dio<\/td>\n<\/tr>\n<tr>\n<th>Veikimo laikas<\/th>\n<td>iki 120 valandos<\/td>\n<\/tr>\n<tr>\n<th>Med\u017eiaga <\/th>\n<td>TPU + PC<\/td>\n<\/tr>\n<\/tbody>\n<\/table>\n<\/div>\n","protected":false},"excerpt":{"rendered":"<p>D\u0117klas su klaviat\u016bra, skirtas \u201eiPad 10.9&#8243; Nillkin\u201c (juodas) Padidinkite savo darbo ar mokymosi efektyvum\u0105 su \u201eNillkin\u201c d\u0117klu, skirtu \u201eiPad 10.9&#8243;! D\u0117kle yra ne\u0161iojama klaviat\u016bra su jutikliniu skydeliu, tod\u0117l ra\u0161yti plan\u0161etiniu kompiuteriu dar lengviau. Jis leid\u017eia reguliuoti \u017ei\u016br\u0117jimo kamp\u0105, o \u201eBluetooth 3.0\u201c u\u017etikrina skland\u0173 ry\u0161\u012f su \u201eiPad\u201c. Maksimalus jo veikimo laikas yra iki 55 dien\u0173. D\u0117l [&#8230;]\n","protected":false},"featured_media":24254,"comment_status":"open","ping_status":"closed","template":"","meta":[],"product_brand":[438],"product_cat":[1247],"product_tag":[],"class_list":{"0":"post-24253","1":"product","2":"type-product","3":"status-publish","4":"has-post-thumbnail","6":"product_brand-nillkin","7":"product_cat-protective-cases-for-tablets-cases-gsm-accessories","9":"first","10":"outofstock","11":"taxable","12":"shipping-taxable","13":"purchasable","14":"product-type-simple"},"aioseo_notices":[],"_links":{"self":[{"href":"https:\/\/asura.lv\/lt\/wp-json\/wp\/v2\/product\/24253","targetHints":{"allow":["GET"]}}],"collection":[{"href":"https:\/\/asura.lv\/lt\/wp-json\/wp\/v2\/product"}],"about":[{"href":"https:\/\/asura.lv\/lt\/wp-json\/wp\/v2\/types\/product"}],"replies":[{"embeddable":true,"href":"https:\/\/asura.lv\/lt\/wp-json\/wp\/v2\/comments?post=24253"}],"wp:featuredmedia":[{"embeddable":true,"href":"https:\/\/asura.lv\/lt\/wp-json\/wp\/v2\/media\/24254"}],"wp:attachment":[{"href":"https:\/\/asura.lv\/lt\/wp-json\/wp\/v2\/media?parent=24253"}],"wp:term":[{"taxonomy":"product_brand","embeddable":true,"href":"https:\/\/asura.lv\/lt\/wp-json\/wp\/v2\/product_brand?post=24253"},{"taxonomy":"product_cat","embeddable":true,"href":"https:\/\/asura.lv\/lt\/wp-json\/wp\/v2\/product_cat?post=24253"},{"taxonomy":"product_tag","embeddable":true,"href":"https:\/\/asura.lv\/lt\/wp-json\/wp\/v2\/product_tag?post=24253"}],"curies":[{"name":"wp","href":"https:\/\/api.w.org\/{rel}","templated":true}]}}