{"id":24325,"date":"2025-11-28T20:51:16","date_gmt":"2025-11-28T20:51:16","guid":{"rendered":"https:\/\/asura.lv\/product\/sonoff-nspanel-stand-black\/"},"modified":"2025-12-12T15:33:50","modified_gmt":"2025-12-12T13:33:50","slug":"sonoff-nspanel-stand-black","status":"publish","type":"product","link":"https:\/\/asura.lv\/lt\/produktas\/sonoff-nspanel-stand-black\/","title":{"rendered":"\u201eSonoff NSPanel\u201c stovas (juodas)"},"content":{"rendered":"<h3>\u201eSonoff Stand\u201c valdymo pulto pagrindas (juodas)<\/h3>\n<p>Pagrindas suderinamas su \u201eSonoff NSPanel\u201c ir \u201eNSPanel Pro\u201c i\u0161maniaisiais jungikliais. D\u0117l to galite valdyti savo \u012frenginius i\u0161 bet kurios vietos. Galite j\u012f s\u0117kmingai pastatyti ant stalo, naktinio stalelio ar kito staliuko. Jis veiks kaip \u017eadintuvas, termostatas ir kt. Be to, jungiklio ir pagrindo montavimas nesukels joki\u0173 problem\u0173. <\/p>\n<p><img decoding=\"async\" src=\"https:\/\/b2b.innpro.pl\/data\/include\/cms\/01Sonoff\/StandB\/2.jpg\"><\/p>\n<div class=\"table-wrapper\">\n<table>\n<tbody>\n<tr>\n<th>Gamintojas<\/th>\n<td>Sonoff<\/td>\n<\/tr>\n<tr>\n<th>Modelis<\/th>\n<td>StandB<\/td>\n<\/tr>\n<tr>\n<th>Spalva<\/th>\n<td>juoda<\/td>\n<\/tr>\n<tr>\n<th>Med\u017eiaga<\/th>\n<td>PC V0<\/td>\n<\/tr>\n<tr>\n<th>Matmenys<\/th>\n<td>121 x 88,5 x 67,5 mm<\/td>\n<\/tr>\n<tr>\n<th>Suderinamumas<\/th>\n<td>NSPanel, NSPanel Pro<\/td>\n<\/tr>\n<\/tbody>\n<\/table>\n<\/div>\n","protected":false},"excerpt":{"rendered":"<p>\u201eSonoff Stand\u201c valdymo pulto pagrindas (juodas) Pagrindas suderinamas su \u201eSonoff NSPanel\u201c ir \u201eNSPanel Pro\u201c i\u0161maniaisiais jungikliais. D\u0117l to galite valdyti savo \u012frenginius i\u0161 bet kurios vietos. Galite j\u012f s\u0117kmingai pastatyti ant stalo, naktinio stalelio ar kito staliuko. Jis veiks kaip \u017eadintuvas, termostatas ir kt. Be to, jungiklio ir pagrindo montavimas nesukels joki\u0173 problem\u0173. Gamintojas Sonoff [&#8230;]\n","protected":false},"featured_media":24326,"comment_status":"open","ping_status":"closed","template":"","meta":[],"product_brand":[203],"product_cat":[959],"product_tag":[],"class_list":{"0":"post-24325","1":"product","2":"type-product","3":"status-publish","4":"has-post-thumbnail","6":"product_brand-sonoff","7":"product_cat-accessories-smart-home","9":"first","10":"outofstock","11":"taxable","12":"shipping-taxable","13":"purchasable","14":"product-type-simple"},"aioseo_notices":[],"_links":{"self":[{"href":"https:\/\/asura.lv\/lt\/wp-json\/wp\/v2\/product\/24325","targetHints":{"allow":["GET"]}}],"collection":[{"href":"https:\/\/asura.lv\/lt\/wp-json\/wp\/v2\/product"}],"about":[{"href":"https:\/\/asura.lv\/lt\/wp-json\/wp\/v2\/types\/product"}],"replies":[{"embeddable":true,"href":"https:\/\/asura.lv\/lt\/wp-json\/wp\/v2\/comments?post=24325"}],"wp:featuredmedia":[{"embeddable":true,"href":"https:\/\/asura.lv\/lt\/wp-json\/wp\/v2\/media\/24326"}],"wp:attachment":[{"href":"https:\/\/asura.lv\/lt\/wp-json\/wp\/v2\/media?parent=24325"}],"wp:term":[{"taxonomy":"product_brand","embeddable":true,"href":"https:\/\/asura.lv\/lt\/wp-json\/wp\/v2\/product_brand?post=24325"},{"taxonomy":"product_cat","embeddable":true,"href":"https:\/\/asura.lv\/lt\/wp-json\/wp\/v2\/product_cat?post=24325"},{"taxonomy":"product_tag","embeddable":true,"href":"https:\/\/asura.lv\/lt\/wp-json\/wp\/v2\/product_tag?post=24325"}],"curies":[{"name":"wp","href":"https:\/\/api.w.org\/{rel}","templated":true}]}}