{"id":24403,"date":"2025-11-28T20:51:09","date_gmt":"2025-11-28T20:51:09","guid":{"rendered":"https:\/\/asura.lv\/product\/superfire-gts6-flashlight-360-lm-usb-c-7w-5-modes-150m\/"},"modified":"2025-12-12T15:33:42","modified_gmt":"2025-12-12T13:33:42","slug":"superfire-gts6-flashlight-360-lm-usb-c-7w-5-modes-150m","status":"publish","type":"product","link":"https:\/\/asura.lv\/lt\/produktas\/superfire-gts6-flashlight-360-lm-usb-c-7w-5-modes-150m\/","title":{"rendered":"\u201eSuperfire GTS6\u201c \u017eibintuv\u0117lis, 360 lm, USB-C, 7 W, 5 re\u017eimai, 150 m"},"content":{"rendered":"<h3>\u201eSuperfire GTS6\u201c \u017eibintuv\u0117lis, 360 lm, USB-C, 7 W, 5 re\u017eimai, 150 m<\/h3>\n<p>Patogus \u201eSuperfire GTS6\u201c \u017eibintuv\u0117lis pasi\u017eymi kompakti\u0161ku ir lengvu dizainu, tod\u0117l j\u012f visada galite tur\u0117ti po ranka. \u012emontuota \u012fkraunama baterija u\u017etikrina iki 2 valand\u0173 veikimo laik\u0105 ir yra atsparus vandeniui (IP44). Jis i\u0161siskiria 7 vat\u0173 galia ir 360 lm ry\u0161kumo lygiu. Jis taip pat si\u016blo 5 ap\u0161vietimo re\u017eimus.<\/p>\n<p>\n<img decoding=\"async\" alt=\"\u201eSuperfire GTS6\u201c \u017eibintuv\u0117lio stambus planas tamsiame fone.\" border=\"0\" src=\"https:\/\/assets.innpro.pl\/14103\/17593\/7.jpg\"\/>\n<\/p>\n<h3>Optimalus \u0161viesos \u0161altinis<\/h3>\n<p>B\u016bkite saug\u016bs sutemus. \u017dibintuv\u0117lis u\u017etikrina stabil\u0173 ir galing\u0105 ap\u0161vietim\u0105, kurio ry\u0161kumas siekia 360 lm. Did\u017eiausias ap\u0161vietimo atstumas yra 150 m, tod\u0117l jis lengvai ap\u0161vies j\u016bs\u0173 keli\u0105 tamsoje. GTS6 puikiai tiks \u012fvairiose situacijose, pavyzd\u017eiui, \u017eygiuose, stovyklaujant ar netik\u0117tai dingus elektrai.<\/p>\n<p>\n<img decoding=\"async\" alt=\"\u017dmogus, nakt\u012f einantis per tilt\u0105 mi\u0161ke, ap\u0161vie\u010dia savo keli\u0105 \u201eSuperfire GTS6\u201c \u017eibintuv\u0117liu.\" border=\"0\" src=\"https:\/\/assets.innpro.pl\/14103\/17593\/4.jpg\"\/>\n<\/p>\n<h3>Pritaikytas bet kokiai situacijai<\/h3>\n<p>Pritaikykite \u201eSuperfire GTS6\u201c \u017eibintuv\u0117lio veikim\u0105 pagal savo poreikius. Galite laisvai rinktis i\u0161 5 galim\u0173 ap\u0161vietimo re\u017eim\u0173. J\u016bs\u0173 \u017einioje yra stipri \u0161viesa, vidutin\u0117 \u0161viesa, silpna \u0161viesa, taip pat blykst\u0117s ir SOS re\u017eimai.<\/p>\n<p>\n<img decoding=\"async\" alt=\"A\u0161tuoni scenarijai, kuriuose \u017emon\u0117s naudoja \u201eSuperfire GTS6\u201c \u017eibintuv\u0117l\u012f.\" border=\"0\" src=\"https:\/\/assets.innpro.pl\/14103\/17593\/8.jpg\"\/>\n<\/p>\n<h3>Lengvas ir patogus<\/h3>\n<p>Prakti\u0161kas GTS6 \u017eibintuv\u0117lis gali b\u016bti su jumis prakti\u0161kai visur. Jis yra itin lengvas ir kompakti\u0161kas, tod\u0117l j\u012f lengvai galite \u012fsid\u0117ti \u012f kuprin\u0119 ar krep\u0161\u012f. Jis taip pat yra atsparus vandeniui pagal IP44 lyg\u012f \u2013 jo neg\u0105sdins besikei\u010dian\u010dios oro s\u0105lygos, taip pat kritimai i\u0161 iki 1 m auk\u0161\u010dio. Daugiapakop\u0117 apsauga u\u017etikrina naudojimo saugum\u0105. Be kita ko, ji apsaugo nuo perkrovimo, per didelio i\u0161sikrovimo ar \u017eemos \u012ftampos.<\/p>\n<p>\n<img decoding=\"async\" alt=\"Superfire GTS6 \u017eibintuv\u0117lis, apsuptas vandens la\u0161eli\u0173.\" border=\"0\" src=\"https:\/\/assets.innpro.pl\/14103\/17593\/6.jpg\"\/>\n<\/p>\n<h3>Patogus \u012fkrovimas<\/h3>\n<p>Laisvai naudokite \u017eibintuv\u0117l\u012f iki 2 valand\u0173. J\u012f galite lengvai \u012fkrauti naudodami USB-C laid\u0105 (universali nuoseklioji magistral\u0117 \u2013 s\u0105sajos standartas, naudojamas elektroniniams \u012frenginiams maitinti ir \u012fkrauti, taip pat duomenims perduoti), kur\u012f rasite pakuot\u0117je. Apie \u012fkrovimo b\u016bsen\u0105 informuos specialus \u0161viesos indikatorius, kuris \u012fkrovimo metu \u0161vie\u010dia raudonai, o kai \u012frenginys v\u0117l paruo\u0161tas naudoti, \u2013 m\u0117lynai. Pats \u012fkrovimas trunka apie 2 valandas.<\/p>\n<p>\n<img decoding=\"async\" alt=\"\u201eSuperfire GTS6\u201c \u017eibintuv\u0117lis stovi ant medinio stalo, prijungtas prie i\u0161orin\u0117s baterijos. De\u0161in\u0117je yra kuprin\u0117.\" border=\"0\" src=\"https:\/\/assets.innpro.pl\/14103\/17593\/5.jpg\"\/>\n<\/p>\n<h3>Pridedama<\/h3>\n<ul class=\"list-disc pl-5\">\n<li>\u017eibintuv\u0117lis<\/li>\n<li>USB-C laidas<\/li>\n<li>naudotojo vadovas<\/li>\n<li>virvel\u0117<\/li>\n<\/ul>\n<div class=\"table-wrapper\">\n<p>B\u00a0<\/p>\n<h3><\/h3>\n<table>\n<tbody>\n<tr>\n<th>Gamintojas<\/th>\n<td>Superfire<\/td>\n<\/tr>\n<tr>\n<th>Modelis<\/th>\n<td>GTS6<\/td>\n<\/tr>\n<tr>\n<th>Svoris<\/th>\n<td>117 g<\/td>\n<\/tr>\n<tr>\n<th>Matmenys<\/th>\n<td>137 x 31 x 24 mm<\/td>\n<\/tr>\n<tr>\n<th>Med\u017eiaga<\/th>\n<td>Aliuminio lydinys<\/td>\n<\/tr>\n<tr>\n<th>Spalva<\/th>\n<td>Juoda<\/td>\n<\/tr>\n<tr>\n<th>Galia<\/th>\n<td>7 W<\/td>\n<\/tr>\n<tr>\n<th>\u012etampa<\/th>\n<td>3,7 V<\/td>\n<\/tr>\n<tr>\n<th>Akumuliatoriaus talpa<\/th>\n<td>1200 mAh (18650)<\/td>\n<\/tr>\n<tr>\n<th>Veikimo laikas<\/th>\n<td>apie 2 valandas<\/td>\n<\/tr>\n<tr>\n<th>\u012ekrovimo laikas<\/th>\n<td>apie 2 valandas<\/td>\n<\/tr>\n<tr>\n<th>\u012ekrovimo s\u0105saja<\/th>\n<td>C tipas<\/td>\n<\/tr>\n<tr>\n<th>Ap\u0161vietimo re\u017eimai<\/th>\n<td>Stipri \u0161viesa, vidutin\u0117 \u0161viesa, silpna \u0161viesa, mirks\u0117jimas, SOS<\/td>\n<\/tr>\n<tr>\n<th>\u0160viesa spalva<\/th>\n<td>Balta<\/td>\n<\/tr>\n<tr>\n<th>Spalv\u0173 temperat\u016bra<\/th>\n<td>8200K<\/td>\n<\/tr>\n<tr>\n<th>Atstumas<\/th>\n<td>Iki 150 m<\/td>\n<\/tr>\n<tr>\n<th>Atsparumas kritimui<\/th>\n<td>1 m<\/td>\n<\/tr>\n<tr>\n<th>Atsparumas vandeniui<\/th>\n<td>IP44<\/td>\n<\/tr>\n<tr>\n<th>Ry\u0161kumo lygis<\/th>\n<td>360 lm<\/td>\n<\/tr>\n<\/tbody>\n<\/table>\n<\/div>\n","protected":false},"excerpt":{"rendered":"<p>\u201eSuperfire GTS6\u201c \u017eibintuv\u0117lis, 360 lm, USB-C, 7 W, 5 re\u017eimai, 150 m Patogus \u201eSuperfire GTS6\u201c \u017eibintuv\u0117lis pasi\u017eymi kompakti\u0161ku ir lengvu dizainu, tod\u0117l j\u012f visada galite tur\u0117ti po ranka. \u012emontuota \u012fkraunama baterija u\u017etikrina iki 2 valand\u0173 veikimo laik\u0105 ir yra atsparus vandeniui (IP44). Jis i\u0161siskiria 7 vat\u0173 galia ir 360 lm ry\u0161kumo lygiu. Jis taip pat [&#8230;]\n","protected":false},"featured_media":24404,"comment_status":"open","ping_status":"closed","template":"","meta":[],"product_brand":[195],"product_cat":[1301],"product_tag":[],"class_list":{"0":"post-24403","1":"product","2":"type-product","3":"status-publish","4":"has-post-thumbnail","6":"product_brand-superfire","7":"product_cat-other-flashlights","9":"first","10":"outofstock","11":"taxable","12":"shipping-taxable","13":"purchasable","14":"product-type-simple"},"aioseo_notices":[],"_links":{"self":[{"href":"https:\/\/asura.lv\/lt\/wp-json\/wp\/v2\/product\/24403","targetHints":{"allow":["GET"]}}],"collection":[{"href":"https:\/\/asura.lv\/lt\/wp-json\/wp\/v2\/product"}],"about":[{"href":"https:\/\/asura.lv\/lt\/wp-json\/wp\/v2\/types\/product"}],"replies":[{"embeddable":true,"href":"https:\/\/asura.lv\/lt\/wp-json\/wp\/v2\/comments?post=24403"}],"wp:featuredmedia":[{"embeddable":true,"href":"https:\/\/asura.lv\/lt\/wp-json\/wp\/v2\/media\/24404"}],"wp:attachment":[{"href":"https:\/\/asura.lv\/lt\/wp-json\/wp\/v2\/media?parent=24403"}],"wp:term":[{"taxonomy":"product_brand","embeddable":true,"href":"https:\/\/asura.lv\/lt\/wp-json\/wp\/v2\/product_brand?post=24403"},{"taxonomy":"product_cat","embeddable":true,"href":"https:\/\/asura.lv\/lt\/wp-json\/wp\/v2\/product_cat?post=24403"},{"taxonomy":"product_tag","embeddable":true,"href":"https:\/\/asura.lv\/lt\/wp-json\/wp\/v2\/product_tag?post=24403"}],"curies":[{"name":"wp","href":"https:\/\/api.w.org\/{rel}","templated":true}]}}