{"id":24505,"date":"2025-11-28T20:50:06","date_gmt":"2025-11-28T20:50:06","guid":{"rendered":"https:\/\/asura.lv\/product\/polarized-cycling-glasses-rockbros-10037\/"},"modified":"2025-12-12T15:32:53","modified_gmt":"2025-12-12T13:32:53","slug":"polarized-cycling-glasses-rockbros-10037","status":"publish","type":"product","link":"https:\/\/asura.lv\/lt\/produktas\/polarized-cycling-glasses-rockbros-10037\/","title":{"rendered":"Poliarizuoti dvira\u010di\u0173 akiniai Rockbros 10037"},"content":{"rendered":"<h3>\u201eRockbros\u201c poliarizuoti dviratininko akiniai 10037<\/h3>\n<p>Jei da\u017enai va\u017ein\u0117jate dvira\u010diu ir m\u0117gstate aktyvi\u0105 veikl\u0105 lauke, pasir\u016bpinkite, kad j\u016bs\u0173 akys visada b\u016bt\u0173 gerai apsaugotos. \u201eRockbros\u201c poliarizuoti akiniai yra b\u016btini kiekvienam dviratininkui, kaln\u0173 dviratininkui, \u017evejui ar alpinizmui. Akiniai apsaugo nuo UV400 ir tvirtai laikosi vietoje greito va\u017eiavimo metu. Jie yra itin lengvi, tod\u0117l net ir ilgai naudojant nepajusite diskomforto. Be kita ko, komplekte yra akini\u0173 rai\u0161telis, kuris padidins gaminio naudojimo saugum\u0105 va\u017eiuojant.<\/p>\n<p><img decoding=\"async\" src=\"https:\/\/b2b.innpro.pl\/data\/include\/cms\/Rockbros\/10037\/1.jpg\"><\/p>\n<h3>B\u016btinas daiktas aktyviems \u017emon\u0117ms<\/h3>\n<p>Ar norite pagerinti matomum\u0105 va\u017eiuodami dvira\u010diu? Ar r\u016bpinat\u0117s didesniu komfortu m\u0117gstamos veiklos metu? Tuomet \u201eRockbros\u201c prek\u0117s \u017eenklo akiniai bus puikus pasirinkimas jums! D\u0117l poliarizacijos funkcijos \u012f j\u016bs\u0173 akis bus nukreipti tik vertikal\u016bs spinduliai, tod\u0117l pager\u0117s matomumas, spalvos bus sodresn\u0117s, o svarbiausia \u2013 akys neparaus, nea\u0161aros ir nedegs. Leiskite sau jaustis patogiai ir r\u016bpinkit\u0117s savo akimis!<\/p>\n<p><img decoding=\"async\" src=\"https:\/\/b2b.innpro.pl\/data\/include\/cms\/Rockbros\/10037\/2.jpg\"><\/p>\n<h3>Daugiafunkciniai<\/h3>\n<p>\u201eRockbros\u201c poliarizuotus akinius naudosite daugelyje situacij\u0173 \u2013 va\u017eiuodami dvira\u010diu, keliaudami kalnuose, \u017evejodami ar tiesiog vairuodami. Akiniai yra atspar\u016bs v\u0117jui ir suteikia UV400 apsaug\u0105, tod\u0117l jums nereik\u0117s nerimauti d\u0117l \u017ealingo ultravioletini\u0173 spinduli\u0173 poveikio. D\u0117l gerai apgalvoto dizaino \u201eRockbros\u201c gaminys yra itin lengvas, stabilus vietoje ir labai patogus naudoti. Galite laisvai keisti pridedamus poliarizuotus akinius pagal savo pageidavimus. Be to, gausite pried\u0173 akiniams laikyti.<\/p>\n<p><img decoding=\"async\" src=\"https:\/\/b2b.innpro.pl\/data\/include\/cms\/Rockbros\/10037\/5.jpg\"><\/p>\n<h3>Rinkinio turinys:<\/h3>\n<ul>\n<li>Akini\u0173 r\u0117meliai x1<\/li>\n<li>Pakei\u010diami poliarizuoti l\u0119\u0161iai x3<\/li>\n<li>Akini\u0173 d\u0117klas x1<\/li>\n<li>Akini\u0173 mai\u0161elis x1<\/li>\n<li>Akini\u0173 \u0161luost\u0117 x1<\/li>\n<li>Akini\u0173 virvel\u0117 x1<\/li>\n<\/ul>\n<div class=\"table-wrapper\">\n<table>\n<tbody>\n<tr>\n<th>Gamintojas<\/th>\n<td>Rockbros<\/td>\n<\/tr>\n<tr>\n<th>Modelis<\/th>\n<td>10037<\/td>\n<\/tr>\n<tr>\n<th>Pritaikymas<\/th>\n<td>Dvira\u010di\u0173 sportas \/ \u017evejyba \/ laipiojimas \/ vairavimas.<\/td>\n<\/tr>\n<tr>\n<th>R\u0117melio spalva<\/th>\n<td>Juoda<\/td>\n<\/tr>\n<tr>\n<th>R\u0117melio med\u017eiaga<\/th>\n<td>Acetatas<\/td>\n<\/tr>\n<tr>\n<th>L\u0119\u0161i\u0173 tipas<\/th>\n<td>Poliarizuotas<\/td>\n<\/tr>\n<tr>\n<th>L\u0119\u0161i\u0173 med\u017eiaga<\/th>\n<td>Polikarbonas<\/td>\n<\/tr>\n<tr>\n<th>Apsauga nuo UV spinduli\u0173<\/th>\n<td>400 nm<\/td>\n<\/tr>\n<tr>\n<th>Papildomos savyb\u0117s<\/th>\n<td>Atsparumas v\u0117jui<\/td>\n<\/tr>\n<\/tbody>\n<\/table>\n<\/div>\n","protected":false},"excerpt":{"rendered":"<p>\u201eRockbros\u201c poliarizuoti dviratininko akiniai 10037 Jei da\u017enai va\u017ein\u0117jate dvira\u010diu ir m\u0117gstate aktyvi\u0105 veikl\u0105 lauke, pasir\u016bpinkite, kad j\u016bs\u0173 akys visada b\u016bt\u0173 gerai apsaugotos. \u201eRockbros\u201c poliarizuoti akiniai yra b\u016btini kiekvienam dviratininkui, kaln\u0173 dviratininkui, \u017evejui ar alpinizmui. Akiniai apsaugo nuo UV400 ir tvirtai laikosi vietoje greito va\u017eiavimo metu. Jie yra itin lengvi, tod\u0117l net ir ilgai naudojant nepajusite [&#8230;]\n","protected":false},"featured_media":24506,"comment_status":"open","ping_status":"closed","template":"","meta":[],"product_brand":[447],"product_cat":[1259],"product_tag":[],"class_list":{"0":"post-24505","1":"product","2":"type-product","3":"status-publish","4":"has-post-thumbnail","6":"product_brand-rockbros","7":"product_cat-glasses","9":"first","10":"outofstock","11":"taxable","12":"shipping-taxable","13":"purchasable","14":"product-type-simple"},"aioseo_notices":[],"_links":{"self":[{"href":"https:\/\/asura.lv\/lt\/wp-json\/wp\/v2\/product\/24505","targetHints":{"allow":["GET"]}}],"collection":[{"href":"https:\/\/asura.lv\/lt\/wp-json\/wp\/v2\/product"}],"about":[{"href":"https:\/\/asura.lv\/lt\/wp-json\/wp\/v2\/types\/product"}],"replies":[{"embeddable":true,"href":"https:\/\/asura.lv\/lt\/wp-json\/wp\/v2\/comments?post=24505"}],"wp:featuredmedia":[{"embeddable":true,"href":"https:\/\/asura.lv\/lt\/wp-json\/wp\/v2\/media\/24506"}],"wp:attachment":[{"href":"https:\/\/asura.lv\/lt\/wp-json\/wp\/v2\/media?parent=24505"}],"wp:term":[{"taxonomy":"product_brand","embeddable":true,"href":"https:\/\/asura.lv\/lt\/wp-json\/wp\/v2\/product_brand?post=24505"},{"taxonomy":"product_cat","embeddable":true,"href":"https:\/\/asura.lv\/lt\/wp-json\/wp\/v2\/product_cat?post=24505"},{"taxonomy":"product_tag","embeddable":true,"href":"https:\/\/asura.lv\/lt\/wp-json\/wp\/v2\/product_tag?post=24505"}],"curies":[{"name":"wp","href":"https:\/\/api.w.org\/{rel}","templated":true}]}}