{"id":24583,"date":"2025-11-28T20:49:57","date_gmt":"2025-11-28T20:49:57","guid":{"rendered":"https:\/\/asura.lv\/product\/lightning-to-usb-otg-adapter-joyroom-s-h142-sd-card-reader-microsd-white\/"},"modified":"2025-12-12T15:32:49","modified_gmt":"2025-12-12T13:32:49","slug":"lightning-to-usb-otg-adapter-joyroom-s-h142-sd-card-reader-microsd-white","status":"publish","type":"product","link":"https:\/\/asura.lv\/lt\/produktas\/lightning-to-usb-otg-adapter-joyroom-s-h142-sd-card-reader-microsd-white\/","title":{"rendered":"\u201eLightning\u201c \u012f USB OTG adapteris \u201eJoyroom S-H142\u201c SD korteli\u0173 skaitytuvas, \u201emicroSD\u201c (baltas)"},"content":{"rendered":"<h3>\u201eLightning\u201c \u012f USB OTG adapteris su SD \/ microSD korteli\u0173 skaitytuvu \u201eJoyroom S-H142\u201c<\/h3>\n<p>I\u0161pl\u0117skite savo \u201eiPhone\u201c arba \u201eiPad\u201c galimybes. 4 viename \u201eJoyroom S-H142\u201c adapteris leid\u017eia prie \u012frenginio prijungti atminties kortel\u0119 arba USB atmintin\u0119, o naudojant OTG funkcij\u0105, patogiai naudoti klaviat\u016br\u0105, pel\u0119 arba mikrofon\u0105. \u201ePlug-and-play\u201c sistema leid\u017eia gamin\u012f naudoti itin paprastai, o kompakti\u0161kas dizainas leid\u017eia j\u012f lengvai transportuoti ir laikyti.<\/p>\n<p><img decoding=\"async\" src=\"https:\/\/b2b.innpro.pl\/data\/include\/cms\/Joyroom\/S-H142\/1.jpg\"><\/p>\n<h3>Patogus fail\u0173 perk\u0117limas ir nar\u0161ymas<\/h3>\n<p>Naudodami adapter\u012f galite ne tik patogiai per\u017ei\u016br\u0117ti failus plan\u0161etiniame kompiuteryje ar i\u0161maniajame telefone, bet ir greitai juos perkelti. Produktas leis jums prijungti atminties kortel\u0119 (SD, \u201emicro SD\u201c) arba USB atmintin\u0119 prie \u201eiPhone\u201c arba \u201eiPad\u201c ir atidaryti bei kopijuoti ten saugomas nuotraukas, vaizdo \u012fra\u0161us ar dokumentus. Perdavimo greitis siekia iki 60 MB\/s. Pastaba: NTFS formato atminties kortel\u0117s nepalaikomos.<\/p>\n<p><img decoding=\"async\" src=\"https:\/\/b2b.innpro.pl\/data\/include\/cms\/Joyroom\/S-H142\/2.jpg\"><\/p>\n<h3>OTG funkcija \u2013 palengvinkite savo darb\u0105<\/h3>\n<p>Kas dar palengvina \u201eJoyroom\u201c adapter\u012f? \u012erenginys palaiko OTG funkcij\u0105, o tai rei\u0161kia, kad su jos pagalba galite lengvai prijungti klaviat\u016br\u0105, pel\u0119, skaitmenin\u012f fotoaparat\u0105, ausines ar, pavyzd\u017eiui, mikrofon\u0105 prie savo \u201eiPhone\u201c arba \u201eiPad\u201c. D\u0117l to i\u0161pl\u0117site savo \u012frangos galimybes ir dar geriau pritaikysite j\u0105 savo poreikiams!<\/p>\n<p><img decoding=\"async\" src=\"https:\/\/b2b.innpro.pl\/data\/include\/cms\/Joyroom\/S-H142\/4.jpg\"><\/p>\n<h3>\u201ePlug&#038;Play\u201c<\/h3>\n<p>Adapteriu taip pat itin lengva naudotis. D\u0117l \u201ePlug&#038;Play\u201c sistemos tereikia prijungti j\u012f prie pasirinkto \u012frenginio \u2013 pamir\u0161kite daug laiko reikalaujant\u012f konfig\u016bravim\u0105! Jums taip pat nereikia diegti jokios programos. Dabar galite per\u017ei\u016br\u0117ti savo failus per kelias akimirkas ir palengvinti savo darb\u0105! Adapteris taip pat leid\u017eia naudoti \u201eiPad\u201c ar \u201eiPhone\u201c \u012fkrovimo metu \u2013 nesijaudinkite, kad \u012frenginys staiga i\u0161sikraus! Be to, auk\u0161tos kokyb\u0117s alavuotas varinis kabelis garantuoja neprilygstam\u0105 perdavimo stabilum\u0105 ir patikim\u0105 veikim\u0105.<\/p>\n<p><img decoding=\"async\" src=\"https:\/\/b2b.innpro.pl\/data\/include\/cms\/Joyroom\/S-H142\/3.jpg\"><\/p>\n<div class=\"table-wrapper\">\n<table>\n<tbody>\n<tr>\n<th>Prek\u0117s \u017eenklas<\/th>\n<td>Joyroom<\/td>\n<\/tr>\n<tr>\n<th>Modelis<\/th>\n<td>S-H142<\/td>\n<\/tr>\n<tr>\n<th>Spalva<\/th>\n<td>Balta<\/td>\n<\/tr>\n<tr>\n<th>Tipas<\/th>\n<td>\u201eLightning\u201c \u012f USB OTG<\/td>\n<\/tr>\n<tr>\n<th>Med\u017eiaga (kabelis)<\/th>\n<td>TPE<\/td>\n<\/tr>\n<tr>\n<th>Med\u017eiaga (korpusas)<\/th>\n<td>PC + ABS<\/td>\n<\/tr>\n<\/tbody>\n<\/table>\n<\/div>\n","protected":false},"excerpt":{"rendered":"<p>\u201eLightning\u201c \u012f USB OTG adapteris su SD \/ microSD korteli\u0173 skaitytuvu \u201eJoyroom S-H142\u201c I\u0161pl\u0117skite savo \u201eiPhone\u201c arba \u201eiPad\u201c galimybes. 4 viename \u201eJoyroom S-H142\u201c adapteris leid\u017eia prie \u012frenginio prijungti atminties kortel\u0119 arba USB atmintin\u0119, o naudojant OTG funkcij\u0105, patogiai naudoti klaviat\u016br\u0105, pel\u0119 arba mikrofon\u0105. \u201ePlug-and-play\u201c sistema leid\u017eia gamin\u012f naudoti itin paprastai, o kompakti\u0161kas dizainas leid\u017eia j\u012f [&#8230;]\n","protected":false},"featured_media":24584,"comment_status":"open","ping_status":"closed","template":"","meta":[],"product_brand":[443],"product_cat":[1184],"product_tag":[],"class_list":{"0":"post-24583","1":"product","2":"type-product","3":"status-publish","4":"has-post-thumbnail","6":"product_brand-joyroom","7":"product_cat-card-readers","9":"first","10":"outofstock","11":"taxable","12":"shipping-taxable","13":"purchasable","14":"product-type-simple"},"aioseo_notices":[],"_links":{"self":[{"href":"https:\/\/asura.lv\/lt\/wp-json\/wp\/v2\/product\/24583","targetHints":{"allow":["GET"]}}],"collection":[{"href":"https:\/\/asura.lv\/lt\/wp-json\/wp\/v2\/product"}],"about":[{"href":"https:\/\/asura.lv\/lt\/wp-json\/wp\/v2\/types\/product"}],"replies":[{"embeddable":true,"href":"https:\/\/asura.lv\/lt\/wp-json\/wp\/v2\/comments?post=24583"}],"wp:featuredmedia":[{"embeddable":true,"href":"https:\/\/asura.lv\/lt\/wp-json\/wp\/v2\/media\/24584"}],"wp:attachment":[{"href":"https:\/\/asura.lv\/lt\/wp-json\/wp\/v2\/media?parent=24583"}],"wp:term":[{"taxonomy":"product_brand","embeddable":true,"href":"https:\/\/asura.lv\/lt\/wp-json\/wp\/v2\/product_brand?post=24583"},{"taxonomy":"product_cat","embeddable":true,"href":"https:\/\/asura.lv\/lt\/wp-json\/wp\/v2\/product_cat?post=24583"},{"taxonomy":"product_tag","embeddable":true,"href":"https:\/\/asura.lv\/lt\/wp-json\/wp\/v2\/product_tag?post=24583"}],"curies":[{"name":"wp","href":"https:\/\/api.w.org\/{rel}","templated":true}]}}