{"id":24733,"date":"2025-11-28T20:49:46","date_gmt":"2025-11-28T20:49:46","guid":{"rendered":"https:\/\/asura.lv\/product\/powerbank-starter-compressor-2in1-baseus-super-energy-car-jump-starter-8000mah-1000a-usb-black\/"},"modified":"2025-12-12T15:32:39","modified_gmt":"2025-12-12T13:32:39","slug":"powerbank-starter-compressor-2in1-baseus-super-energy-car-jump-starter-8000mah-1000a-usb-black","status":"publish","type":"product","link":"https:\/\/asura.lv\/lt\/produktas\/powerbank-starter-compressor-2in1-baseus-super-energy-car-jump-starter-8000mah-1000a-usb-black\/","title":{"rendered":"I\u0161orin\u0117 baterija \/ starteris + kompresorius 2in1 Baseus Super Energy automobilio u\u017evedimo \u012ftaisas, 8000mAh, 1000A USB (juodas)"},"content":{"rendered":"<h3>\u201eBaseus Super Energy\u201c automobilio u\u017evedimo akumuliatorius \/ starteris + kompresorius 2 viename, 8000 mAh (juodas).<\/h3>\n<p>Ie\u0161kote patikimo \u012frenginio automobiliui u\u017evesti \u0161altu oru? Arba \u012frangos, kuri leist\u0173 bet kada prip\u016bsti padangas? \u012e pagalb\u0105 ateina \u201eBaseus Super Energy\u201c automobilio u\u017evedimo akumuliatorius! \u012erenginys yra pakankamai galingas, kad avariniu b\u016bdu u\u017evest\u0173 automobil\u012f iki 50 kart\u0173. Did\u017eiausia 1000 A srov\u0117 u\u017etikrina, kad j\u016bs\u0173 automobilis u\u017esives vos per sekund\u0119. Jis suderinamas su dauguma transporto priemoni\u0173 su benzininiais arba dyzeliniais varikliais. Be to, j\u012f taip pat galite naudoti dvira\u010dio ratams prip\u016bsti arba telefono baterijoms \u012fkrauti! Jame \u012fmontuota galinga 8000 mAh baterija. J\u012f itin paprasta naudoti, o patikima apsaugos sistema garantuoja auk\u0161t\u0105 saugumo lyg\u012f naudojimo metu.<\/p>\n<p><img decoding=\"async\" src=\"https:\/\/b2b.innpro.pl\/data\/include\/cms\/-Baseus\/CGCN000001\/8.jpg\"><\/p>\n<h3>Momentinis automobilio u\u017evedimas<\/h3>\n<p>\u201eBaseus\u201c starteris leid\u017eia greitai u\u017evesti automobil\u012f ir sutaupyti brangaus laiko. Tur\u0117dami 500 A u\u017evedimo srov\u0119 ir 1000 A maksimali\u0105 srov\u0119, galite u\u017evesti automobil\u012f su visi\u0161kai i\u0161sikrovusiu akumuliatoriumi vos per 1 sekund\u0119! \u012erenginys suderinamas su dauguma transporto priemoni\u0173 su 12 V \/ 4,0 l benzininiais varikliais ir 12 V \/ 2,5 l dyzeliniais varikliais. Akumuliatori\u0173 galite lengvai \u012fkrauti, pavyzd\u017eiui, sedane, visureigyje ar motocikle.<\/p>\n<p><img decoding=\"async\" src=\"https:\/\/b2b.innpro.pl\/data\/include\/cms\/-Baseus\/CGCN000001\/3.jpg\"><\/p>\n<h3>Atsparus visoms oro s\u0105lygoms<\/h3>\n<p>Jums nereikia jaudintis, kad starteris neveiks \u0161alt\u0105 ryt\u0105! Tvirtas \u012frenginys yra visi\u0161kai atsparus besikei\u010dian\u010dioms oro s\u0105lygoms. J\u012f galite naudoti net esant ekstremaliai temperat\u016brai nuo -20 \u00b0C iki 60 \u00b0C. Nepriklausomai nuo esam\u0173 oro s\u0105lyg\u0173, su \u201eBaseus\u201c starteriu u\u017evesite automobil\u012f per sekund\u0119 nepa\u017eeisdami akumuliatoriaus.<\/p>\n<p><img decoding=\"async\" src=\"https:\/\/b2b.innpro.pl\/data\/include\/cms\/-Baseus\/CGCN000001\/1.jpg\"><\/p>\n<h3>Lengva naudoti<\/h3>\n<p>\u012erengin\u012f itin lengva naudoti. Vos 3 \u017eingsniai skiria jus nuo automobilio u\u017evedimo akimirksniu. Pirmiausia prijunkite u\u017edegimo gnybtus prie starterio EC5 s\u0105sajos \u2013 raudona ir \u017ealia mirksin\u010dios lemput\u0117s informuos jus apie prijungimo b\u016bsen\u0105. Tada atitinkamai prijunkite laidus prie akumuliatoriaus \u2013 raudon\u0105 su gnybtu, pa\u017eym\u0117tu pliusu, ir juod\u0105 su gnybtu, pa\u017eym\u0117tu minusu. Galiausiai tereikia u\u017evesti automobil\u012f. Be to, specialiai sukurti i\u0161man\u016bs u\u017edegimo gnybtai u\u017etikrins veiksming\u0105 apsaug\u0105 nuo atvirk\u0161tinio poli\u0161kumo. Starteris pyptels, kai aptiks, kad gnybtai buvo prijungti neteisingai. Naudodami \u0161i\u0105 sistem\u0105 i\u0161vengsite akumuliatoriaus pa\u017eeidimo.<\/p>\n<p><img decoding=\"async\" src=\"https:\/\/b2b.innpro.pl\/data\/include\/cms\/-Baseus\/CGCN000001\/9.jpg\"><\/p>\n<h3>I\u0161manus padang\u0173 prip\u016btimas<\/h3>\n<p>Kompresorius turi i\u0161mani\u0105j\u0105 padang\u0173 prip\u016btimo sistem\u0105, kuri apsaugo nuo per didelio prip\u016btimo. 19 cilindr\u0173 auk\u0161to sl\u0117gio pompa, leid\u017eianti patogiai reguliuoti padang\u0173 sl\u0117g\u012f, leid\u017eia R195 padang\u0105 prip\u016bsti oro vos per 7 minutes! Kai akumuliatorius visi\u0161kai \u012fkrautas, galite lengvai prip\u016bsti visus 4 ratus. Dabar galite patogiai prip\u016bsti padangas savo automobilyje, nesijaudindami d\u0117l per didelio prip\u016btimo. Be to, pridedamas adapteri\u0173 rinkinys, tod\u0117l galite prip\u016bsti, be kita ko, dvira\u010dio rat\u0105, krep\u0161inio kamuol\u012f ar balion\u0105!<\/p>\n<p><img decoding=\"async\" src=\"https:\/\/b2b.innpro.pl\/data\/include\/cms\/-Baseus\/CGCN000001\/2.jpg\"><\/p>\n<h3>Galinga baterija<\/h3>\n<p>I\u0161orin\u0117 baterija turi 8000 mAh talpos baterij\u0105, tod\u0117l galite j\u0105 lengvai naudoti bent kelis kartus! I\u0161skirtinai ma\u017eos energijos s\u0105naudos bud\u0117jimo re\u017eimu leid\u017eia i\u0161laikyti iki 85 % sukauptos energijos iki met\u0173 nuo paskutinio pilno \u012fkrovimo (kai nenaudojama). Tuo tarpu daugyb\u0117 saugos funkcij\u0173 garantuoja veiksming\u0105 apsaug\u0105 nuo perkrovimo, trumpojo jungimo, per didelio i\u0161sikrovimo, perkaitimo ar atvirk\u0161tinio sujungimo ir kt.<\/p>\n<p><img decoding=\"async\" src=\"https:\/\/b2b.innpro.pl\/data\/include\/cms\/-Baseus\/CGCN000001\/4.jpg\"><\/p>\n<h3>Funkciniai priedai<\/h3>\n<p>I\u0161orin\u0117 baterija apr\u016bpinta prakti\u0161kais priedais, kurie palengvins jos naudojim\u0105. \u012emontuotas skaitmeninis ekranas informuoja apie baterijos \u012fkrovos b\u016bsen\u0105 ir sl\u0117g\u012f pripu\u010diant padangas. Kita vertus, \u017eibintuv\u0117lis su 3 \u0161viesos re\u017eimais \u2013 nuolatiniu, SOS ir mirksin\u010diu \u2013 pravers avarinio stabdymo kelyje ar avarijos atveju, ypa\u010d nakt\u012f.<\/p>\n<p><img decoding=\"async\" src=\"https:\/\/b2b.innpro.pl\/data\/include\/cms\/-Baseus\/CGCN000001\/7.jpg\"><\/p>\n<h3>Daugiafunkcis veikimas<\/h3>\n<p>Su \u201eBaseus\u201c \u012frenginiu ne tik tieksite energij\u0105 automobilio akumuliatoriui ar prip\u016bsite padangas! Taip pat gal\u0117site lengvai \u012fkrauti savo i\u0161maniojo telefono akumuliatori\u0173. Ne\u0161iojamoji baterija turi 2 USB i\u0161vesties prievadus, kurie leid\u017eia greitai \u012fkrauti \u012frenginius maksimalia 3A srove. Jo galia yra 29,6 Wh, tod\u0117l i\u0161orin\u0119 baterij\u0105 galite pasiimti su savimi \u012f l\u0117ktuv\u0105 be joki\u0173 problem\u0173.<\/p>\n<p><img decoding=\"async\" src=\"https:\/\/b2b.innpro.pl\/data\/include\/cms\/-Baseus\/CGCN000001\/6.jpg\"><\/p>\n<h3>\u012eeina:<\/h3>\n<ul>\n<li>1 x u\u017evedimo laidininkas CGCN000001<\/li>\n<li>1 x USB \u2013 USB C tipo laidas<\/li>\n<li>1 x i\u0161manusis u\u017edegimo terminalas<\/li>\n<li>1 x med\u017eiaginis ne\u0161iojimo d\u0117klas<\/li>\n<li>2 x pompos adapteriai<\/li>\n<li>1 x prip\u016btimo adata<\/li>\n<\/ul>\n<div class=\"table-wrapper\">\n<table>\n<tbody>\n<tr>\n<th>Prek\u0117s \u017eenklas<\/th>\n<td>Baseus<\/td>\n<\/tr>\n<tr>\n<th>Spalva<\/th>\n<td>Juoda<\/td>\n<\/tr>\n<tr>\n<th>Med\u017eiaga<\/th>\n<td>ABS<\/td>\n<\/tr>\n<tr>\n<th>Svoris<\/th>\n<td>1360 g<\/td>\n<\/tr>\n<tr>\n<th>Talpa<\/th>\n<td>8000 Ah \/ 29,6 Wh<\/td>\n<\/tr>\n<tr>\n<th>Nominali talpa<\/th>\n<td>4800 mAh<\/td>\n<\/tr>\n<tr>\n<th>USB C tipo \u012fvestis<\/th>\n<td>5 V \/ 2,4 A; 9 V \/ 2 A [maks.].<\/td>\n<\/tr>\n<tr>\n<th>USB1 i\u0161vestis<\/th>\n<td>5 V \/ 3 A [maks.].<\/td>\n<\/tr>\n<tr>\n<th>USB1 + USB2 i\u0161vestis<\/th>\n<td>5 V \/ 3 A [maks.].<\/td>\n<\/tr>\n<tr>\n<th>\u012ekrovimo laikas<\/th>\n<td>3 valandos<\/td>\n<\/tr>\n<tr>\n<th>Pradin\u0117 srov\u0117<\/th>\n<td>500 A<\/td>\n<\/tr>\n<tr>\n<th>Did\u017eiausia srov\u0117<\/th>\n<td>1000 A<\/td>\n<\/tr>\n<tr>\n<th>Kompresoriaus galia<\/th>\n<td>54 W<\/td>\n<\/tr>\n<tr>\n<th>Kompresoriaus sl\u0117gio diapazonas<\/th>\n<td>5\u2013150 PSI (jei vir\u0161ijama 150 PSI, \u0161viesos diodas mirks\u0117s \u2013 \u0161iuo atveju visi\u0161kai nutraukite pumpavim\u0105)<\/td>\n<\/tr>\n<tr>\n<th>Siurbimo laikas<\/th>\n<td>7\u20139 mylios<\/td>\n<\/tr>\n<\/tbody>\n<\/table>\n<\/div>\n","protected":false},"excerpt":{"rendered":"<p>\u201eBaseus Super Energy\u201c automobilio u\u017evedimo akumuliatorius \/ starteris + kompresorius 2 viename, 8000 mAh (juodas). Ie\u0161kote patikimo \u012frenginio automobiliui u\u017evesti \u0161altu oru? Arba \u012frangos, kuri leist\u0173 bet kada prip\u016bsti padangas? \u012e pagalb\u0105 ateina \u201eBaseus Super Energy\u201c automobilio u\u017evedimo akumuliatorius! \u012erenginys yra pakankamai galingas, kad avariniu b\u016bdu u\u017evest\u0173 automobil\u012f iki 50 kart\u0173. Did\u017eiausia 1000 A srov\u0117 [&#8230;]\n","protected":false},"featured_media":24734,"comment_status":"open","ping_status":"closed","template":"","meta":[],"product_brand":[95],"product_cat":[1466],"product_tag":[],"class_list":{"0":"post-24733","1":"product","2":"type-product","3":"status-publish","4":"has-post-thumbnail","6":"product_brand-baseus","7":"product_cat-jump-starters","9":"first","10":"outofstock","11":"taxable","12":"shipping-taxable","13":"purchasable","14":"product-type-simple"},"aioseo_notices":[],"_links":{"self":[{"href":"https:\/\/asura.lv\/lt\/wp-json\/wp\/v2\/product\/24733","targetHints":{"allow":["GET"]}}],"collection":[{"href":"https:\/\/asura.lv\/lt\/wp-json\/wp\/v2\/product"}],"about":[{"href":"https:\/\/asura.lv\/lt\/wp-json\/wp\/v2\/types\/product"}],"replies":[{"embeddable":true,"href":"https:\/\/asura.lv\/lt\/wp-json\/wp\/v2\/comments?post=24733"}],"wp:featuredmedia":[{"embeddable":true,"href":"https:\/\/asura.lv\/lt\/wp-json\/wp\/v2\/media\/24734"}],"wp:attachment":[{"href":"https:\/\/asura.lv\/lt\/wp-json\/wp\/v2\/media?parent=24733"}],"wp:term":[{"taxonomy":"product_brand","embeddable":true,"href":"https:\/\/asura.lv\/lt\/wp-json\/wp\/v2\/product_brand?post=24733"},{"taxonomy":"product_cat","embeddable":true,"href":"https:\/\/asura.lv\/lt\/wp-json\/wp\/v2\/product_cat?post=24733"},{"taxonomy":"product_tag","embeddable":true,"href":"https:\/\/asura.lv\/lt\/wp-json\/wp\/v2\/product_tag?post=24733"}],"curies":[{"name":"wp","href":"https:\/\/api.w.org\/{rel}","templated":true}]}}