{"id":25021,"date":"2025-11-28T20:49:21","date_gmt":"2025-11-28T20:49:21","guid":{"rendered":"https:\/\/asura.lv\/product\/sunnylife-control-sticks-for-dji-rc-controller-dji-rc-2-dji-rc-pro-2-silver-mm3-yg393\/"},"modified":"2025-12-12T15:32:15","modified_gmt":"2025-12-12T13:32:15","slug":"sunnylife-control-sticks-for-dji-rc-controller-dji-rc-2-dji-rc-pro-2-silver-mm3-yg393","status":"publish","type":"product","link":"https:\/\/asura.lv\/lt\/produktas\/sunnylife-control-sticks-for-dji-rc-controller-dji-rc-2-dji-rc-pro-2-silver-mm3-yg393\/","title":{"rendered":"\u201eSunnylife\u201c valdymo svirtel\u0117s DJI RC valdikliui \/ DJI RC 2 \/ DJI RC PRO 2 (sidabrin\u0117s) MM3-YG393"},"content":{"rendered":"<h3>\u201eSunnylife\u201c valdymo svirtel\u0117s, skirtos DJI RC valdikliui \/ DJI RC 2 \/ DJI RC PRO 2 (sidabrin\u0117s) MM3-YG393<\/h3>\n<p>\u201eSunnylife\u201c valdymo svirtel\u0117s, skirtos DJI RC valdikliui \/ DJI RC 2 \/ DJI RC PRO 2, u\u017etikrina skland\u0173 veikim\u0105 ir tiksl\u0173 valdym\u0105, garantuodamos puikius kadrus ir unikalius kadrus. Jos puikiai suderintos su DJI RC, tod\u0117l jas galite lengvai laikyti specialiame valdiklio lizde. Komplekt\u0105 sudaro du sidabrin\u0117s spalvos strypai.<\/p>\n<p>\n<img decoding=\"async\" alt=\"\" border=\"0\" src=\"https:\/\/assets.innpro.pl\/10239\/17451\/3.jpg\"\/>\n<\/p>\n<div class=\"table-wrapper\">\n<p>B\u00a0<\/p>\n<h3><\/h3>\n<table>\n<tbody>\n<tr>\n<th>Gamintojas<\/th>\n<td>Sunnylife<\/td>\n<\/tr>\n<tr>\n<th>Modelis<\/th>\n<td>MM3-YG393<\/td>\n<\/tr>\n<tr>\n<th>Suderinamumas<\/th>\n<td>DJI RC \/ DJI RC 2 \/ DJI RC PRO 2<\/td>\n<\/tr>\n<tr>\n<th>Med\u017eiaga<\/th>\n<td>Aliuminis<\/td>\n<\/tr>\n<tr>\n<th>Spalva<\/th>\n<td>Sidabrin\u0117<\/td>\n<\/tr>\n<tr>\n<th>Svoris<\/th>\n<td>2 g (viena pora)<\/td>\n<\/tr>\n<\/tbody>\n<\/table>\n<\/div>\n","protected":false},"excerpt":{"rendered":"<p>\u201eSunnylife\u201c valdymo svirtel\u0117s, skirtos DJI RC valdikliui \/ DJI RC 2 \/ DJI RC PRO 2 (sidabrin\u0117s) MM3-YG393 \u201eSunnylife\u201c valdymo svirtel\u0117s, skirtos DJI RC valdikliui \/ DJI RC 2 \/ DJI RC PRO 2, u\u017etikrina skland\u0173 veikim\u0105 ir tiksl\u0173 valdym\u0105, garantuodamos puikius kadrus ir unikalius kadrus. Jos puikiai suderintos su DJI RC, tod\u0117l jas galite [&#8230;]\n","protected":false},"featured_media":25022,"comment_status":"open","ping_status":"closed","template":"","meta":[],"product_brand":[432],"product_cat":[1028],"product_tag":[],"class_list":{"0":"post-25021","1":"product","2":"type-product","3":"status-publish","4":"has-post-thumbnail","6":"product_brand-sunnylife","7":"product_cat-dji","9":"first","10":"outofstock","11":"taxable","12":"shipping-taxable","13":"purchasable","14":"product-type-simple"},"aioseo_notices":[],"_links":{"self":[{"href":"https:\/\/asura.lv\/lt\/wp-json\/wp\/v2\/product\/25021","targetHints":{"allow":["GET"]}}],"collection":[{"href":"https:\/\/asura.lv\/lt\/wp-json\/wp\/v2\/product"}],"about":[{"href":"https:\/\/asura.lv\/lt\/wp-json\/wp\/v2\/types\/product"}],"replies":[{"embeddable":true,"href":"https:\/\/asura.lv\/lt\/wp-json\/wp\/v2\/comments?post=25021"}],"wp:featuredmedia":[{"embeddable":true,"href":"https:\/\/asura.lv\/lt\/wp-json\/wp\/v2\/media\/25022"}],"wp:attachment":[{"href":"https:\/\/asura.lv\/lt\/wp-json\/wp\/v2\/media?parent=25021"}],"wp:term":[{"taxonomy":"product_brand","embeddable":true,"href":"https:\/\/asura.lv\/lt\/wp-json\/wp\/v2\/product_brand?post=25021"},{"taxonomy":"product_cat","embeddable":true,"href":"https:\/\/asura.lv\/lt\/wp-json\/wp\/v2\/product_cat?post=25021"},{"taxonomy":"product_tag","embeddable":true,"href":"https:\/\/asura.lv\/lt\/wp-json\/wp\/v2\/product_tag?post=25021"}],"curies":[{"name":"wp","href":"https:\/\/api.w.org\/{rel}","templated":true}]}}