{"id":25027,"date":"2025-11-28T20:49:21","date_gmt":"2025-11-28T20:49:21","guid":{"rendered":"https:\/\/asura.lv\/product\/controller-protector-sunhood-2-in-1-sunnylife-for-dji-rc-mm3-yk466\/"},"modified":"2025-12-12T15:32:16","modified_gmt":"2025-12-12T13:32:16","slug":"controller-protector-sunhood-2-in-1-sunnylife-for-dji-rc-mm3-yk466","status":"publish","type":"product","link":"https:\/\/asura.lv\/lt\/produktas\/controller-protector-sunhood-2-in-1-sunnylife-for-dji-rc-mm3-yk466\/","title":{"rendered":"Valdiklio apsauga ir saul\u0117s gaubtas 2 viename \u201eSunnylife\u201c, skirtas DJI RC (MM3-YK466)"},"content":{"rendered":"<h3>\u201eSunnylife 2in1\u201c valdiklio dangtelis, skirtas \u201eDJI RC\u201c<\/h3>\n<p>\u201eSunnylife 2in1\u201c valdiklio dangtelis palengvins \u201eDJI RC\u201c valdiklio naudojim\u0105. Jis apsaugo nuo sm\u016bgi\u0173 ar \u012fbr\u0117\u017eim\u0173 ir veikia kaip saul\u0117s skydelis. Rinkit\u0117s funkcionalum\u0105, kuris dar labiau apsaugos j\u016bs\u0173 \u012frang\u0105!<\/p>\n<p><img decoding=\"async\" src=\"https:\/\/b2b.innpro.pl\/data\/include\/cms\/Sunnylife\/MM3-YK466\/4.jpg?v=1663658898274\"><\/p>\n<h3>Apgalvotas dizainas<\/h3>\n<p>Dangtelis sukurtas taip, kad gal\u0117tum\u0117te visada apsaugoti valdikl\u012f \u2013 jo nenuimant. Taigi, galite \u012fd\u0117ti savo \u012frengin\u012f kartu su juo \u012f \u201eSunnylife AQX-1\u201c apsaugin\u012f d\u0117kl\u0105 arba valdiklio krep\u0161\u012f. Be to, gamin\u012f galima u\u017efiksuoti 2 skirtingose \u200b\u200bpad\u0117tyse \u2013 taip u\u017etikrinamas ai\u0161kus ekrano vaizdas saul\u0117tu oru.<\/p>\n<p><img decoding=\"async\" src=\"https:\/\/b2b.innpro.pl\/data\/include\/cms\/Sunnylife\/MM3-YK466\/7.jpg?v=1663658898273\"><\/p>\n<h3>Komplekte yra:<\/h3>\n<ul>\n<li>Dangtelis<\/li>\n<li>2 x tvirtinimo var\u017etai<\/li>\n<\/ul>\n<div class=\"table-wrapper\">\n<table>\n<tbody>\n<tr>\n<th>Gamintojas<\/th>\n<td>Sunnylife<\/td>\n<\/tr>\n<tr>\n<th>Modelis<\/th>\n<td>MM3-YK466<\/td>\n<\/tr>\n<tr>\n<th>Spalva<\/th>\n<td>Pilka<\/td>\n<\/tr>\n<tr>\n<th>Med\u017eiaga<\/th>\n<td>Plastikas<\/td>\n<\/tr>\n<tr>\n<th>Svoris<\/th>\n<td>65 g<\/td>\n<\/tr>\n<tr>\n<th>Matmenys<\/th>\n<td>176 x 128 x 51 mm<\/td>\n<\/tr>\n<tr>\n<th>Paskirtis<\/th>\n<td>DJI RC valdiklis<\/td>\n<\/tr>\n<\/tbody>\n<\/table>\n<\/div>\n","protected":false},"excerpt":{"rendered":"<p>\u201eSunnylife 2in1\u201c valdiklio dangtelis, skirtas \u201eDJI RC\u201c \u201eSunnylife 2in1\u201c valdiklio dangtelis palengvins \u201eDJI RC\u201c valdiklio naudojim\u0105. Jis apsaugo nuo sm\u016bgi\u0173 ar \u012fbr\u0117\u017eim\u0173 ir veikia kaip saul\u0117s skydelis. Rinkit\u0117s funkcionalum\u0105, kuris dar labiau apsaugos j\u016bs\u0173 \u012frang\u0105! Apgalvotas dizainas Dangtelis sukurtas taip, kad gal\u0117tum\u0117te visada apsaugoti valdikl\u012f \u2013 jo nenuimant. Taigi, galite \u012fd\u0117ti savo \u012frengin\u012f kartu su [&#8230;]\n","protected":false},"featured_media":25028,"comment_status":"open","ping_status":"closed","template":"","meta":[],"product_brand":[432],"product_cat":[1028],"product_tag":[],"class_list":{"0":"post-25027","1":"product","2":"type-product","3":"status-publish","4":"has-post-thumbnail","6":"product_brand-sunnylife","7":"product_cat-dji","9":"first","10":"outofstock","11":"taxable","12":"shipping-taxable","13":"purchasable","14":"product-type-simple"},"aioseo_notices":[],"_links":{"self":[{"href":"https:\/\/asura.lv\/lt\/wp-json\/wp\/v2\/product\/25027","targetHints":{"allow":["GET"]}}],"collection":[{"href":"https:\/\/asura.lv\/lt\/wp-json\/wp\/v2\/product"}],"about":[{"href":"https:\/\/asura.lv\/lt\/wp-json\/wp\/v2\/types\/product"}],"replies":[{"embeddable":true,"href":"https:\/\/asura.lv\/lt\/wp-json\/wp\/v2\/comments?post=25027"}],"wp:featuredmedia":[{"embeddable":true,"href":"https:\/\/asura.lv\/lt\/wp-json\/wp\/v2\/media\/25028"}],"wp:attachment":[{"href":"https:\/\/asura.lv\/lt\/wp-json\/wp\/v2\/media?parent=25027"}],"wp:term":[{"taxonomy":"product_brand","embeddable":true,"href":"https:\/\/asura.lv\/lt\/wp-json\/wp\/v2\/product_brand?post=25027"},{"taxonomy":"product_cat","embeddable":true,"href":"https:\/\/asura.lv\/lt\/wp-json\/wp\/v2\/product_cat?post=25027"},{"taxonomy":"product_tag","embeddable":true,"href":"https:\/\/asura.lv\/lt\/wp-json\/wp\/v2\/product_tag?post=25027"}],"curies":[{"name":"wp","href":"https:\/\/api.w.org\/{rel}","templated":true}]}}