{"id":25039,"date":"2025-11-28T20:49:20","date_gmt":"2025-11-28T20:49:20","guid":{"rendered":"https:\/\/asura.lv\/product\/mount-with-lanyard-sunnylife-for-dji-rc-controller-mm3-gs389\/"},"modified":"2025-12-12T15:32:15","modified_gmt":"2025-12-12T13:32:15","slug":"mount-with-lanyard-sunnylife-for-dji-rc-controller-mm3-gs389","status":"publish","type":"product","link":"https:\/\/asura.lv\/lt\/produktas\/mount-with-lanyard-sunnylife-for-dji-rc-controller-mm3-gs389\/","title":{"rendered":"DJI RC valdiklio laikiklis su virvele \u201eSunnylife\u201c (MM3-GS389)"},"content":{"rendered":"<h3>\u201eSunnylife\u201c rankena su virvele DJI RC valdikliui<\/h3>\n<p>Praktinis laikiklis su virvele u\u017etikrins maksimal\u0173 komfort\u0105 naudojant DJI RC valdikl\u012f. Pagamintas i\u0161 auk\u0161tos kokyb\u0117s aliuminio, kabliukas u\u017etikrina stabil\u0173 tvirtinim\u0105, be to, jis yra patvarus ir atsparus pa\u017eeidimams. Odinis virvelis taip pat yra privalumas, tod\u0117l galite atlaisvinti rankas ir nesijaudinti d\u0117l galimo valdiklio kritimo. Svarbu tai, kad jo ilg\u012f galite reguliuoti nuo 62,5 iki 80 cm.<\/p>\n<p><img decoding=\"async\" src=\"https:\/\/b2b.innpro.pl\/data\/include\/cms\/Sunnylife\/MM3-GS389\/5.jpg?v=1663750134812\"><\/p>\n<h3>Apgalvotas dizainas<\/h3>\n<p>Laikiklis turi 3 tvirtus kabliukus, tod\u0117l odin\u012f virvel\u012f galite pakabinti b\u016btent taip, kaip jums patinka \u2013 galite naudoti du kabliukus, i\u0161d\u0117stytus \u0161onuose, arba pritvirtinti virvel\u0119 prie centrin\u0117s skyl\u0117s. \u0160is priedas yra itin patvarus, tod\u0117l nereikia jaudintis d\u0117l jo pa\u017eeidimo ar sul\u016b\u017eimo. Be to, laikiklis puikiai dera prie valdiklio konstrukcijos ir neu\u017edengia skyli\u0173 ar prievad\u0173.<\/p>\n<p><img decoding=\"async\" src=\"https:\/\/b2b.innpro.pl\/data\/include\/cms\/Sunnylife\/MM3-GS389\/6.jpg?v=1663750134812\"><\/p>\n<h3>Pridedama<\/h3>\n<ul>\n<li>Laikiklis x1<\/li>\n<li>Odinis dir\u017eelis x1<\/li>\n<li>\u0160e\u0161iakampis raktas x1<\/li>\n<li>Var\u017etai x2<\/li>\n<\/ul>\n<div class=\"table-wrapper\">\n<table>\n<tbody>\n<tr>\n<th>Gamintojas<\/th>\n<td>Sunnylife<\/td>\n<\/tr>\n<tr>\n<th>Modelis<\/th>\n<td>MM3-GS389<\/td>\n<\/tr>\n<tr>\n<th>Suderinamumas<\/th>\n<td>DJI RC<\/td>\n<\/tr>\n<tr>\n<th>Virvel\u0117s ilgis<\/th>\n<td>62,5\u201380 cm<\/td>\n<\/tr>\n<tr>\n<th>Med\u017eiaga<\/th>\n<td>Aliuminis + PU oda<\/td>\n<\/tr>\n<tr>\n<th>Svoris<\/th>\n<td>72 g<\/td>\n<\/tr>\n<\/tbody>\n<\/table>\n<\/div>\n","protected":false},"excerpt":{"rendered":"<p>\u201eSunnylife\u201c rankena su virvele DJI RC valdikliui Praktinis laikiklis su virvele u\u017etikrins maksimal\u0173 komfort\u0105 naudojant DJI RC valdikl\u012f. Pagamintas i\u0161 auk\u0161tos kokyb\u0117s aliuminio, kabliukas u\u017etikrina stabil\u0173 tvirtinim\u0105, be to, jis yra patvarus ir atsparus pa\u017eeidimams. Odinis virvelis taip pat yra privalumas, tod\u0117l galite atlaisvinti rankas ir nesijaudinti d\u0117l galimo valdiklio kritimo. Svarbu tai, kad jo [&#8230;]\n","protected":false},"featured_media":25040,"comment_status":"open","ping_status":"closed","template":"","meta":[],"product_brand":[432],"product_cat":[1028],"product_tag":[],"class_list":{"0":"post-25039","1":"product","2":"type-product","3":"status-publish","4":"has-post-thumbnail","6":"product_brand-sunnylife","7":"product_cat-dji","9":"first","10":"outofstock","11":"taxable","12":"shipping-taxable","13":"purchasable","14":"product-type-simple"},"aioseo_notices":[],"_links":{"self":[{"href":"https:\/\/asura.lv\/lt\/wp-json\/wp\/v2\/product\/25039","targetHints":{"allow":["GET"]}}],"collection":[{"href":"https:\/\/asura.lv\/lt\/wp-json\/wp\/v2\/product"}],"about":[{"href":"https:\/\/asura.lv\/lt\/wp-json\/wp\/v2\/types\/product"}],"replies":[{"embeddable":true,"href":"https:\/\/asura.lv\/lt\/wp-json\/wp\/v2\/comments?post=25039"}],"wp:featuredmedia":[{"embeddable":true,"href":"https:\/\/asura.lv\/lt\/wp-json\/wp\/v2\/media\/25040"}],"wp:attachment":[{"href":"https:\/\/asura.lv\/lt\/wp-json\/wp\/v2\/media?parent=25039"}],"wp:term":[{"taxonomy":"product_brand","embeddable":true,"href":"https:\/\/asura.lv\/lt\/wp-json\/wp\/v2\/product_brand?post=25039"},{"taxonomy":"product_cat","embeddable":true,"href":"https:\/\/asura.lv\/lt\/wp-json\/wp\/v2\/product_cat?post=25039"},{"taxonomy":"product_tag","embeddable":true,"href":"https:\/\/asura.lv\/lt\/wp-json\/wp\/v2\/product_tag?post=25039"}],"curies":[{"name":"wp","href":"https:\/\/api.w.org\/{rel}","templated":true}]}}