{"id":25171,"date":"2025-11-28T20:48:16","date_gmt":"2025-11-28T20:48:16","guid":{"rendered":"https:\/\/asura.lv\/product\/water-flosser-seago-sg-8001-white\/"},"modified":"2025-12-12T15:31:21","modified_gmt":"2025-12-12T13:31:21","slug":"water-flosser-seago-sg-8001-white","status":"publish","type":"product","link":"https:\/\/asura.lv\/lt\/produktas\/water-flosser-seago-sg-8001-white\/","title":{"rendered":"Vandens irigatorius Seago SG-8001 (baltas)"},"content":{"rendered":"<h3>\u201eSeago SG-8001\u201c dant\u0173 irigatorius<\/h3>\n<p>Dabar galite dar geriau pasir\u016bpinti savo burnos higiena. \u201eSeago SG-8001\u201c irigatorius veikia iki 1800 judesi\u0173 per minut\u0119 da\u017eniu ir efektyviai valo net tas vietas, kuri\u0173 negali pasiekti \u012fprastas dant\u0173 \u0161epet\u0117lis. Jo efektyvumas siekia iki 99%! Galite rinktis i\u0161 3 valymo re\u017eim\u0173, o vieno \u012fkrovimo metu jis veiks iki 30 dien\u0173. Rinkinyje taip pat yra 5 kei\u010diami irigatoriaus antgaliai.<\/p>\n<p><img decoding=\"async\" src=\"https:\/\/b2b.innpro.pl\/data\/include\/cms\/Seago\/SG-8001-white\/9.jpg\"><\/p>\n<h3>Labai efektyvus<\/h3>\n<p>\u0160iuo irigatoriumi galite kruop\u0161\u010diai i\u0161valyti net tas sunkiai pasiekiamas burnos vietas, kuri\u0173 negali pasiekti \u012fprastas dant\u0173 \u0161epet\u0117lis, pavyzd\u017eiui, tarpus tarp dant\u0173. SG-8001, kurio da\u017enis siekia iki 1800 judesi\u0173 per minut\u0119, pa\u0161alina ne\u0161varumus ir maisto liku\u010dius iki 99 % efektyvumu. Su \u201eSeago\u201c pasir\u016bpinsite savo burnos higiena ir prad\u017eiuginsite visus gra\u017eia \u0161ypsena!<\/p>\n<p><img decoding=\"async\" src=\"https:\/\/b2b.innpro.pl\/data\/include\/cms\/Seago\/SG-8001-white\/11.jpg\"><\/p>\n<h3>Pridedami kei\u010diami antgaliai<\/h3>\n<p>Komplekte yra 5 kei\u010diami antgaliai, tod\u0117l galite pritaikyti irigatori\u0173 pagal savo poreikius. 2 standartiniai antgaliai puikiai tinka kasdieniam naudojimui \u2013 jie leid\u017eia efektyviai pa\u0161alinti maisto liku\u010dius. Periodontinis antgalis puikiai tinka \u017emon\u0117ms, kurie kovoja su danten\u0173 ligomis. Ortodontinis antgalis tinka breketus ne\u0161iojantiems ir protezus ne\u0161iojantiems asmenims. Taip pat galite naudoti special\u0173 antgal\u012f lie\u017euviui valyti.<\/p>\n<p><img decoding=\"async\" src=\"https:\/\/b2b.innpro.pl\/data\/include\/cms\/Seago\/SG-8001-white\/13.jpg\"><\/p>\n<h3>3 valymo re\u017eimai<\/h3>\n<p>SG-8001 irigatorius taip pat si\u016blo 3 valymo re\u017eimus. Jis puikiai tinka kasdieniam naudojimui ir dant\u0173 bei protez\u0173 valymui. Kasdienis re\u017eimas puikiai tinka kasdieniam naudojimui \u2013 jis pa\u0161alina ne\u0161varumus ir maisto liku\u010dius. Auk\u0161tas re\u017eimas si\u016blo dar kruop\u0161tesn\u012f valym\u0105 \u2013 jis susidoroja net su sunkiausiai \u012fveikiamais ne\u0161varumais. Pulsinis re\u017eimas \u0161velniai masa\u017euoja dantenas. Be to, prietaisas prisimena paskutin\u012f naudot\u0105 re\u017eim\u0105.<\/p>\n<p><img decoding=\"async\" src=\"https:\/\/b2b.innpro.pl\/data\/include\/cms\/Seago\/SG-8001-white\/16.jpg\"><\/p>\n<h3>Ilgas veikimo laikas<\/h3>\n<p>Nesijaudinkite, kad tur\u0117site taip da\u017enai \u012fkrauti irigatori\u0173. SG-8001 apr\u016bpintas galinga li\u010dio jon\u0173 baterija, u\u017etikrinan\u010dia \u012fsp\u016bdingai ilg\u0105 veikimo laik\u0105. Pilnai \u012fkrautas \u012frenginys gali tarnauti iki 30 dien\u0173, jei j\u012f naudosite kasdien ma\u017edaug 2 minutes (kasdieniu re\u017eimu). Patog\u0173 \u012fkrovim\u0105 u\u017etikrina pridedamas laidas.<\/p>\n<p><img decoding=\"async\" src=\"https:\/\/b2b.innpro.pl\/data\/include\/cms\/Seago\/SG-8001-white\/14.jpg\"><\/p>\n<h3>Dar daugiau patogumo<\/h3>\n<p>\u012erengin\u012f labai lengva naudoti ir jis yra patogus. Jis yra gana lengvas ir gerai telpa rankoje. Jame yra talpi vandens talpykla, kuri\u0105 lengva pripildyti. Vandens talpykla taip pat yra itin sandari, tod\u0117l nesijaudinkite d\u0117l nuot\u0117ki\u0173. Be to, irigatorius automati\u0161kai i\u0161sijungia po 2 minu\u010di\u0173 veikimo. Taigi galite b\u016bti tikri, kad j\u012f naudosite tiksliai tiek laiko, kiek reikia.<\/p>\n<p><img decoding=\"async\" src=\"https:\/\/b2b.innpro.pl\/data\/include\/cms\/Seago\/SG-8001-white\/15.jpg\"><\/p>\n<h3>D\u0117\u017eut\u0117je<\/h3>\n<ul>\n<li>Vandens irigatorius<\/li>\n<li>5 antgaliai (2 standartiniai antgaliai, 1 periodontologinis antgalis, 1 ortodontinis antgalis, 1 lie\u017euvio valiklis)<\/li>\n<li>\u012ekrovimo laidas<\/li>\n<\/ul>\n<div class=\"table-wrapper\">\n<table>\n<tbody>\n<tr>\n<th>Prek\u0117s \u017eenklas<\/th>\n<td>Seago<\/td>\n<\/tr>\n<tr>\n<th>Modelis<\/th>\n<td>SG-8001<\/td>\n<\/tr>\n<tr>\n<th>Spalva<\/th>\n<td>Balta<\/td>\n<\/tr>\n<tr>\n<th>Da\u017enis<\/th>\n<td>Iki 1800 sm\u016bgi\u0173 per minut\u0119<\/td>\n<\/tr>\n<tr>\n<th>Akumuliatoriaus tipas<\/th>\n<td>Li\u010dio jon\u0173<\/td>\n<\/tr>\n<tr>\n<th>Energijos suvartojimas<\/th>\n<td>2 W<\/td>\n<\/tr>\n<tr>\n<th>\u012e\u0117jimo \u012ftampa<\/th>\n<td>5 V<\/td>\n<\/tr>\n<tr>\n<th>\u012ekrovimo laikas<\/th>\n<td>Apie 6 val.<\/td>\n<\/tr>\n<tr>\n<th>Veikimo laikas<\/th>\n<td>Apie 30 dien\u0173 (kai naudojama kart\u0105 per dien\u0105 2 minutes kasdieniu re\u017eimu)<\/td>\n<\/tr>\n<tr>\n<th>Automatinis i\u0161sijungimas<\/th>\n<td>Po 2 minu\u010di\u0173<\/td>\n<\/tr>\n<tr>\n<th>Med\u017eiaga<\/th>\n<td>ABS, PC, PMMA<\/td>\n<\/tr>\n<tr>\n<th>Matmenys<\/th>\n<td>Apie 63 x 83 x 298 mm<\/td>\n<\/tr>\n<tr>\n<th>Svoris<\/th>\n<td>Apie 300 g<\/td>\n<\/tr>\n<tr>\n<th>Veikimo re\u017eimai<\/th>\n<td>Didelis, kasdienis, pulsuojantis<\/td>\n<\/tr>\n<\/tbody>\n<\/table>\n<\/div>\n","protected":false},"excerpt":{"rendered":"<p>\u201eSeago SG-8001\u201c dant\u0173 irigatorius Dabar galite dar geriau pasir\u016bpinti savo burnos higiena. \u201eSeago SG-8001\u201c irigatorius veikia iki 1800 judesi\u0173 per minut\u0119 da\u017eniu ir efektyviai valo net tas vietas, kuri\u0173 negali pasiekti \u012fprastas dant\u0173 \u0161epet\u0117lis. Jo efektyvumas siekia iki 99%! Galite rinktis i\u0161 3 valymo re\u017eim\u0173, o vieno \u012fkrovimo metu jis veiks iki 30 dien\u0173. Rinkinyje [&#8230;]\n","protected":false},"featured_media":25172,"comment_status":"open","ping_status":"closed","template":"","meta":[],"product_brand":[406],"product_cat":[1481],"product_tag":[],"class_list":{"0":"post-25171","1":"product","2":"type-product","3":"status-publish","4":"has-post-thumbnail","6":"product_brand-seago","7":"product_cat-irrigators","9":"first","10":"outofstock","11":"taxable","12":"shipping-taxable","13":"purchasable","14":"product-type-simple"},"aioseo_notices":[],"_links":{"self":[{"href":"https:\/\/asura.lv\/lt\/wp-json\/wp\/v2\/product\/25171","targetHints":{"allow":["GET"]}}],"collection":[{"href":"https:\/\/asura.lv\/lt\/wp-json\/wp\/v2\/product"}],"about":[{"href":"https:\/\/asura.lv\/lt\/wp-json\/wp\/v2\/types\/product"}],"replies":[{"embeddable":true,"href":"https:\/\/asura.lv\/lt\/wp-json\/wp\/v2\/comments?post=25171"}],"wp:featuredmedia":[{"embeddable":true,"href":"https:\/\/asura.lv\/lt\/wp-json\/wp\/v2\/media\/25172"}],"wp:attachment":[{"href":"https:\/\/asura.lv\/lt\/wp-json\/wp\/v2\/media?parent=25171"}],"wp:term":[{"taxonomy":"product_brand","embeddable":true,"href":"https:\/\/asura.lv\/lt\/wp-json\/wp\/v2\/product_brand?post=25171"},{"taxonomy":"product_cat","embeddable":true,"href":"https:\/\/asura.lv\/lt\/wp-json\/wp\/v2\/product_cat?post=25171"},{"taxonomy":"product_tag","embeddable":true,"href":"https:\/\/asura.lv\/lt\/wp-json\/wp\/v2\/product_tag?post=25171"}],"curies":[{"name":"wp","href":"https:\/\/api.w.org\/{rel}","templated":true}]}}