{"id":25207,"date":"2025-11-28T20:48:13","date_gmt":"2025-11-28T20:48:13","guid":{"rendered":"https:\/\/asura.lv\/product\/baseus-compact-quick-charger-3x-usb-17w-white\/"},"modified":"2025-12-12T15:31:19","modified_gmt":"2025-12-12T13:31:19","slug":"baseus-compact-quick-charger-3x-usb-17w-white","status":"publish","type":"product","link":"https:\/\/asura.lv\/lt\/produktas\/baseus-compact-quick-charger-3x-usb-17w-white\/","title":{"rendered":"\u201eBaseus\u201c kompakti\u0161kas greitasis \u012fkroviklis, 3x USB, 17 W (baltas)"},"content":{"rendered":"<h3>\u201eBaseus Compact\u201c greitasis \u012fkroviklis, 3x USB, 17W (baltas)<\/h3>\n<p>Ar naudojate daug skirting\u0173 \u012frengini\u0173 ir ie\u0161kote b\u016bdo, kaip juos greitai ir saugiai \u012fkrauti? \u201eBaseus Compact\u201c greitasis \u012fkroviklis turi keli\u0173 prievad\u0173 i\u0161vest\u012f, kuri leis jums vienu metu prijungti iki 3 \u012frengini\u0173. Jis pasi\u017eymi pla\u010diu suderinamumu su dauguma populiariausi\u0173 \u012frengini\u0173 ir u\u017etikrina saug\u0173 maitinimo \u0161altin\u012f d\u0117l \u012fmontuoto lusto. Be to, \u012frenginys yra sertifikuotas pagal ROHS ir turi 6 grei\u010di\u0173 apsaug\u0105.<\/p>\n<p><img decoding=\"async\" src=\"https:\/\/b2b.innpro.pl\/data\/include\/cms\/-Baseus\/CCXJ020102\/4.jpg\"><\/p>\n<h3>Trigubas greitasis \u012fkrovimas<\/h3>\n<p>Reikia greitai \u012fkrauti daugiau \u012frangos? Optimizuokite savo laik\u0105 \u012fkraudami daugiau \u012frengini\u0173 vienu metu su \u201eBaseus Compact\u201c greituoju \u012fkrovikliu. \u012erengin\u012f galima naudoti tiek namuose, tiek keliaujant. Rinkit\u0117s patogius sprendimus!<\/p>\n<p><img decoding=\"async\" src=\"https:\/\/b2b.innpro.pl\/data\/include\/cms\/-Baseus\/CCXJ020102\/2.jpg\"><\/p>\n<h3>Saugos lustas<\/h3>\n<p>\u012ekroviklis turi i\u0161man\u0173j\u012f lust\u0105, kuris pritaiko optimal\u0173 \u012fkrovimo intensyvum\u0105 prie prijungto \u012frenginio tipo. Tai u\u017etikrina geresn\u012f ir saugesn\u012f \u012fkrovim\u0105 \u2013 apsaugo akumuliatori\u0173 ir apsaugo nuo perkaitimo.<\/p>\n<p><img decoding=\"async\" src=\"https:\/\/b2b.innpro.pl\/data\/include\/cms\/-Baseus\/CCXJ020102\/3.jpg\"><\/p>\n<h3>Patobulinta apsauga<\/h3>\n<p>\u012ekroviklis u\u017etikrina saug\u0173 energijos papildym\u0105 automati\u0161kai persijungdamas \u012f taup\u0173 \u012fkrovimo re\u017eim\u0105. Taip jis apsaugo \u012frengin\u012f nuo perkrovimo. 17 W \u012fkroviklis \u012fkrauna akumuliatori\u0173 nuo 0 iki 80 %, o taupus \u012fkrovimas \u2013 nuo \u200b\u200b80 % iki 90 %. Be to, \u012fkroviklis turi net 6 \u012frangos apsaugos re\u017eimus, tokius kaip; \u012ftampos apsauga, perkrovos apsauga, temperat\u016bros apsauga ir trumpojo jungimo apsauga.<\/p>\n<p><img decoding=\"async\" src=\"https:\/\/b2b.innpro.pl\/data\/include\/cms\/-Baseus\/CCXJ020102\/1.jpg\"><\/p>\n<h3>Platus suderinamumas<\/h3>\n<p>\u012ekroviklis pasi\u017eymi dideliu suderinamumu, juo galite \u012fkrauti daugum\u0105 populiariausi\u0173 telefon\u0173 ir ausini\u0173. Jis i\u0161siskiria pla\u010diu \u012f\u0117jimo \u012ftampos diapazonu AC 100\u2013240 V ir atitinka pasaulines \u012f\u0117jimo \u012ftampos specifikacijas.<\/p>\n<p><img decoding=\"async\" src=\"https:\/\/b2b.innpro.pl\/data\/include\/cms\/-Baseus\/CCXJ020102\/8.jpg\"><\/p>\n<h3>Unikalus dizainas<\/h3>\n<p>\u012erenginys i\u0161siskiria ma\u017eu dyd\u017eiu ir ma\u017eu svoriu, tod\u0117l j\u012f visada galite tur\u0117ti su savimi! \u012erenginys i\u0161siskiria ma\u017eu dyd\u017eiu ir ma\u017eu svoriu, tod\u0117l j\u012f galite ne\u0161iotis su savimi visada. M\u0117gaukit\u0117s patogumu, kur\u012f suteikia \u201eBaseus Compact Quick Charger\u201c.<\/p>\n<p><img decoding=\"async\" src=\"https:\/\/b2b.innpro.pl\/data\/include\/cms\/-Baseus\/CCXJ020102\/5.jpg\"><\/p>\n<div class=\"table-wrapper\">\n<table>\n<tbody>\n<tr>\n<th>Prek\u0117s \u017eenklas<\/th>\n<td>Baseus<\/td>\n<\/tr>\n<tr>\n<th>Modelis<\/th>\n<td>CCCP17UE<\/td>\n<\/tr>\n<tr>\n<th>Spalva<\/th>\n<td>Balta<\/td>\n<\/tr>\n<tr>\n<th>\u012evestis<\/th>\n<td>AC 100-240V, 50\/60Hz, 0.7A Maks.<\/td>\n<\/tr>\n<tr>\n<th>Med\u017eiaga<\/th>\n<td>PC<\/td>\n<\/tr>\n<tr>\n<th>Matmenys<\/th>\n<td>40 x 28 x 63,9 mm<\/td>\n<\/tr>\n<tr>\n<th>Svoris<\/th>\n<td>58,5 g<\/td>\n<\/tr>\n<tr>\n<th>I\u0161vestis USB1\/USB2\/USB3<\/th>\n<td>5 V = 2,4 A<\/td>\n<\/tr>\n<tr>\n<th>USB1+USB2\/USB2+USB3 i\u0161vestis<\/th>\n<td>5 V = 3,4 A<\/td>\n<\/tr>\n<tr>\n<th>USB1+USB2+USB3 i\u0161vestis<\/th>\n<td>5 V = 3,4 A<\/td>\n<\/tr>\n<\/tbody>\n<\/table>\n<\/div>\n","protected":false},"excerpt":{"rendered":"<p>\u201eBaseus Compact\u201c greitasis \u012fkroviklis, 3x USB, 17W (baltas) Ar naudojate daug skirting\u0173 \u012frengini\u0173 ir ie\u0161kote b\u016bdo, kaip juos greitai ir saugiai \u012fkrauti? \u201eBaseus Compact\u201c greitasis \u012fkroviklis turi keli\u0173 prievad\u0173 i\u0161vest\u012f, kuri leis jums vienu metu prijungti iki 3 \u012frengini\u0173. Jis pasi\u017eymi pla\u010diu suderinamumu su dauguma populiariausi\u0173 \u012frengini\u0173 ir u\u017etikrina saug\u0173 maitinimo \u0161altin\u012f d\u0117l \u012fmontuoto lusto. [&#8230;]\n","protected":false},"featured_media":25208,"comment_status":"open","ping_status":"closed","template":"","meta":[],"product_brand":[95],"product_cat":[1100],"product_tag":[],"class_list":{"0":"post-25207","1":"product","2":"type-product","3":"status-publish","4":"has-post-thumbnail","6":"product_brand-baseus","7":"product_cat-mains-chargers-chargers-gsm-accessories","9":"first","10":"outofstock","11":"taxable","12":"shipping-taxable","13":"purchasable","14":"product-type-simple"},"aioseo_notices":[],"_links":{"self":[{"href":"https:\/\/asura.lv\/lt\/wp-json\/wp\/v2\/product\/25207","targetHints":{"allow":["GET"]}}],"collection":[{"href":"https:\/\/asura.lv\/lt\/wp-json\/wp\/v2\/product"}],"about":[{"href":"https:\/\/asura.lv\/lt\/wp-json\/wp\/v2\/types\/product"}],"replies":[{"embeddable":true,"href":"https:\/\/asura.lv\/lt\/wp-json\/wp\/v2\/comments?post=25207"}],"wp:featuredmedia":[{"embeddable":true,"href":"https:\/\/asura.lv\/lt\/wp-json\/wp\/v2\/media\/25208"}],"wp:attachment":[{"href":"https:\/\/asura.lv\/lt\/wp-json\/wp\/v2\/media?parent=25207"}],"wp:term":[{"taxonomy":"product_brand","embeddable":true,"href":"https:\/\/asura.lv\/lt\/wp-json\/wp\/v2\/product_brand?post=25207"},{"taxonomy":"product_cat","embeddable":true,"href":"https:\/\/asura.lv\/lt\/wp-json\/wp\/v2\/product_cat?post=25207"},{"taxonomy":"product_tag","embeddable":true,"href":"https:\/\/asura.lv\/lt\/wp-json\/wp\/v2\/product_tag?post=25207"}],"curies":[{"name":"wp","href":"https:\/\/api.w.org\/{rel}","templated":true}]}}