{"id":25315,"date":"2025-11-28T20:48:02","date_gmt":"2025-11-28T20:48:02","guid":{"rendered":"https:\/\/asura.lv\/product\/battery-tattu-10000mah-22-2v-30c-6s1p-xt90-anti-spark-plug\/"},"modified":"2025-12-12T15:31:10","modified_gmt":"2025-12-12T13:31:10","slug":"battery-tattu-10000mah-22-2v-30c-6s1p-xt90-anti-spark-plug","status":"publish","type":"product","link":"https:\/\/asura.lv\/lt\/produktas\/battery-tattu-10000mah-22-2v-30c-6s1p-xt90-anti-spark-plug\/","title":{"rendered":"Akumuliatorius Tattu 10000mAh 22.2V 30C 6S1P XT90 su u\u017edegimo \u017evake"},"content":{"rendered":"<div style=\"text-align: left;\" class=\"iai_top\"><span style=\"color: #999999;\"><span style=\"font-size: 18.6667px;\"><strong>Produkto apra\u0161ymas<\/strong><\/span><\/span><\/p>\n<hr \/>\n<\/div>\n<div class=\"iai_mid\">\n<div class=\"iai_left\"><span style=\"font-size: 12pt; color: #333333;\"><strong>\u012etampa &#8211;<\/strong>B\u00a022,2 V <\/span><br \/><span style=\"font-size: 12pt; color: #333333;\"><strong>Talpa &#8211;<\/strong>B\u00a010000 mAh <\/span><br \/><span style=\"font-size: 12pt; color: #333333;\"><strong>Celi\u0173 skai\u010dius\u00a0&#8211;<\/strong>B\u00a06<\/span><\/div>\n<div class=\"iai_left\"><span style=\"font-size: 12pt; color: #333333;\"><strong>I\u0161krovos srov\u0117 &#8211;<\/strong>B 30C<\/span><\/div>\n<div class=\"iai_left\"><span style=\"font-size: 12pt; color: #333333;\"><strong>Ilgis &#8211;<\/strong>B 175 mm <\/span><br \/><span style=\"font-size: 12pt; color: #333333;\"><strong>Plotis &#8211;<\/strong>B 65 mm <\/span><br \/><span style=\"font-size: 12pt; color: #333333;\"><strong>Auk\u0161tis &#8211;<\/strong>B 58 mm <\/span><br \/><span style=\"font-size: 12pt; color: #333333;\"><strong>Svoris &#8211;<\/strong>B 1357 g<\/span><\/div>\n<div class=\"iai_left\"><span style=\"font-size: 12pt; color: #333333;\"><span style=\"font-size: 12pt; color: #333333;\"><strong>Prek\u0117s kodas\u00a0&#8211;<\/strong><span>B\u00a0TAA100006S30X<\/p>\n<p><\/span><\/span><\/span><\/div>\n<div class=\"iai_left\"><span style=\"font-size: 12pt; color: #333333;\"><strong><span style=\"color: #ff0000;\">Ankstesnis modelis:<\/span><\/strong> TA-30C-10000-6S1P-XT90-S<br \/><\/span><\/div>\n<div style=\"text-align: center;\" class=\"iai_top\"><\/div>\n<div style=\"text-align: left;\" class=\"iai_top\"><span style=\"font-size: 12pt; color: #333333;\"><span style=\"font-size: 12pt; color: #333333;\"><span><span>\u0412\u00a0<\/span><\/span><\/span><\/span><\/div>\n<div style=\"text-align: center;\" class=\"iai_top\">\n<div style=\"text-align: left;\" class=\"iai_top\"><span><span style=\"color: #999999;\"><span style=\"font-size: 18.6667px;\"><strong>Saugos vadovas<\/strong><\/span><\/span><br \/><\/span><\/p>\n<hr \/>\n<\/div>\n<div class=\"iai_mid\"><\/div>\n<\/div>\n<div style=\"text-align: left;\" class=\"iai_top\"><span style=\"color: #333333; font-size: 12pt;\"><span style=\"color: #333333; font-size: 12pt;\">Nei\u0161kraukite \u017eemiau 3,0 V vienam elementui. Kraukite tik mikroprocesoriniu \u012fkrovikliu, veikian\u010diu li\u010dio polimer\u0173 pakuot\u0117s \u012fkrovimo re\u017eimu.<\/p>\n<p>Netrumpinkite poli\u0173, nepradurkite, nelaikykite tiesioginiuose saul\u0117s spinduliuose, laikykite atokiau nuo degi\u0173 objekt\u0173, i\u0161meskite \u012f specialiai tam skirtas talpyklas.<\/span><\/span><\/div>\n<\/div>\n","protected":false},"excerpt":{"rendered":"<p>Produkto apra\u0161ymas \u012etampa &#8211;B\u00a022,2 V Talpa &#8211;B\u00a010000 mAh Celi\u0173 skai\u010dius\u00a0&#8211;B\u00a06 I\u0161krovos srov\u0117 &#8211;B 30C Ilgis &#8211;B 175 mm Plotis &#8211;B 65 mm Auk\u0161tis &#8211;B 58 mm Svoris &#8211;B 1357 g Prek\u0117s kodas\u00a0&#8211;B\u00a0TAA100006S30X Ankstesnis modelis: TA-30C-10000-6S1P-XT90-S \u0412\u00a0 Saugos vadovas Nei\u0161kraukite \u017eemiau 3,0 V vienam elementui. Kraukite tik mikroprocesoriniu \u012fkrovikliu, veikian\u010diu li\u010dio polimer\u0173 pakuot\u0117s \u012fkrovimo re\u017eimu. Netrumpinkite [&#8230;]\n","protected":false},"featured_media":25316,"comment_status":"open","ping_status":"closed","template":"","meta":[],"product_brand":[268],"product_cat":[1442],"product_tag":[],"class_list":{"0":"post-25315","1":"product","2":"type-product","3":"status-publish","4":"has-post-thumbnail","6":"product_brand-tattu","7":"product_cat-batteries","9":"first","10":"outofstock","11":"taxable","12":"shipping-taxable","13":"purchasable","14":"product-type-simple"},"aioseo_notices":[],"_links":{"self":[{"href":"https:\/\/asura.lv\/lt\/wp-json\/wp\/v2\/product\/25315","targetHints":{"allow":["GET"]}}],"collection":[{"href":"https:\/\/asura.lv\/lt\/wp-json\/wp\/v2\/product"}],"about":[{"href":"https:\/\/asura.lv\/lt\/wp-json\/wp\/v2\/types\/product"}],"replies":[{"embeddable":true,"href":"https:\/\/asura.lv\/lt\/wp-json\/wp\/v2\/comments?post=25315"}],"wp:featuredmedia":[{"embeddable":true,"href":"https:\/\/asura.lv\/lt\/wp-json\/wp\/v2\/media\/25316"}],"wp:attachment":[{"href":"https:\/\/asura.lv\/lt\/wp-json\/wp\/v2\/media?parent=25315"}],"wp:term":[{"taxonomy":"product_brand","embeddable":true,"href":"https:\/\/asura.lv\/lt\/wp-json\/wp\/v2\/product_brand?post=25315"},{"taxonomy":"product_cat","embeddable":true,"href":"https:\/\/asura.lv\/lt\/wp-json\/wp\/v2\/product_cat?post=25315"},{"taxonomy":"product_tag","embeddable":true,"href":"https:\/\/asura.lv\/lt\/wp-json\/wp\/v2\/product_tag?post=25315"}],"curies":[{"name":"wp","href":"https:\/\/api.w.org\/{rel}","templated":true}]}}