{"id":25459,"date":"2025-11-28T20:47:49","date_gmt":"2025-11-28T20:47:49","guid":{"rendered":"https:\/\/asura.lv\/product\/3-in-1-capsule-coffee-maker-hibrew-h1a-1450w\/"},"modified":"2025-12-12T15:30:59","modified_gmt":"2025-12-12T13:30:59","slug":"3-in-1-capsule-coffee-maker-hibrew-h1a-1450w","status":"publish","type":"product","link":"https:\/\/asura.lv\/lt\/produktas\/3-in-1-capsule-coffee-maker-hibrew-h1a-1450w\/","title":{"rendered":"3 viename kapsulinis kavos virimo aparatas HiBREW H1A 1450W"},"content":{"rendered":"<h3>4 viename kapsulinis kavos aparatas HiBREW H1A<\/h3>\n<p>Dabar galite lengvai paruo\u0161ti gard\u017ei\u0105, aromating\u0105 kav\u0105. HiBREW H1A pasi\u017eymi 19 bar\u0173 sl\u0117giu, o d\u0117l savo technologijos greitai \u012fkaista ir palaiko stabili\u0105 temperat\u016br\u0105. Jis yra itin tylus ir paprastas naudoti. Aparatas suderinamas su \u201eNespresso\u201c ir \u201eDolce Gusto\u201c kapsul\u0117mis, taip pat ESE pakeliais, taip pat leid\u017eia ruo\u0161ti malt\u0105 kav\u0105. Skatinantis espresas? Ar aromatingas amerikieti\u0161kas? Pasirinkimas yra j\u016bs\u0173!<\/p>\n<p><img decoding=\"async\" src=\"https:\/\/b2b.innpro.pl\/data\/include\/cms\/HiBREW\/H1A-black\/5.jpg\"><\/p>\n<h3>Kava tokia, kokios m\u0117gstate<\/h3>\n<p>Prad\u0117kite dien\u0105 su puodeliu m\u0117gstamos kavos. Universalus \u201eHiBREW\u201c kavos aparatas suderinamas su \u201eDolce Gusto\u201c ir \u201eNespresso\u201c kapsul\u0117mis. Jis taip pat leid\u017eia ruo\u0161ti malt\u0105 kav\u0105. Taip pat galite reguliuoti g\u0117rimo kiek\u012f tiesiog paspausdami ir palaikydami atitinkam\u0105 mygtuk\u0105. Su \u201eHiBREW\u201c lengva paruo\u0161ti b\u016btent toki\u0105 kav\u0105, kokios norite. Ma\u017ea ir stipri? Ar didel\u0117, bet \u0161iek tiek silpnesn\u0117? J\u016bs sprend\u017eiate!<\/p>\n<p><img decoding=\"async\" src=\"https:\/\/b2b.innpro.pl\/data\/include\/cms\/HiBREW\/H1A-black\/7.jpg\"><\/p>\n<h3>19 bar\u0173 \u2013 tobulas skonis<\/h3>\n<p>Jums nebereikia eiti \u012f kavin\u0119, kai trok\u0161tate \u0161velnios, aromatingos kavos. Su \u201eHiBREW\u201c galite j\u0105 pasigaminti namuose! \u201eH1A\u201c turi iki 19 bar\u0173 sl\u0117g\u012f. Tai leid\u017eia jums i\u0161gauti geriausi\u0105 skon\u012f i\u0161 savo pupeli\u0173. Puikus skonis ir \u017eavus aromatas \u2013 atraskite, kokia gera gali b\u016bti namuose ruo\u0161ta kava! Paruo\u0161kite stimuliuojan\u010di\u0105 espreso kav\u0105 arba aksomin\u0119 amerikieti\u0161k\u0105 kav\u0105 susib\u016brimui su draugais.<\/p>\n<p><img decoding=\"async\" src=\"https:\/\/b2b.innpro.pl\/data\/include\/cms\/HiBREW\/H1A-black\/3.jpg\"><\/p>\n<h3>Greitas \u012fkaitimas gardiems kar\u0161tiems g\u0117rimams<\/h3>\n<p>\u201eHiBREW H1A\u201c kavos aparatas turi pailg\u0105 ner\u016bdijan\u010dio plieno kaitinimo element\u0105, kuris kartu su \u201eThermoblock\u201c technologija ir tiksliu temperat\u016bros jutikliu u\u017etikrina stabil\u0173 \u0161ilumos palaikym\u0105. Taigi galite b\u016bti tikri, kad j\u016bs\u0173 kava bus pakankamai kar\u0161ta (vir\u0161 88 \u00b0C). Be to, aparatas labai greitai \u012fkaista. Nereikia ilgai laukti kavos \u2013 su \u201eHiBREW\u201c j\u016bs\u0173 espresas bus paruo\u0161tas vos per ma\u017edaug 40 sekund\u017ei\u0173!<\/p>\n<p><img decoding=\"async\" src=\"https:\/\/b2b.innpro.pl\/data\/include\/cms\/HiBREW\/H1A-black\/6.jpg\"><\/p>\n<h3>Patogu naudoti<\/h3>\n<p>Aparat\u0105 valdyti itin paprasta. Tiesiog pripildykite rezervuar\u0105 vandens ir \u012fd\u0117kite kapsul\u0119 arba malt\u0105 kav\u0105 \u012f tinkam\u0105 viet\u0105. Tada tereikia pasirinkti g\u0117rimo dyd\u012f. Ir viskas \u2013 j\u016bs jau beveik puodelis kar\u0161tos, aromatingos espreso! Aparatas taip pat veikia steb\u0117tinai tyliai \u2013 jo triuk\u0161mo lygis tesiekia apie 68 dB. Aparato vandens bakas pagamintas i\u0161 auk\u0161tos kokyb\u0117s med\u017eiag\u0173, kuriose n\u0117ra kenksmingo BPA.<\/p>\n<p><img decoding=\"async\" src=\"https:\/\/b2b.innpro.pl\/data\/include\/cms\/HiBREW\/H1A-black\/2.jpg\"><\/p>\n<div class=\"table-wrapper\">\n<table>\n<tbody>\n<tr>\n<th>Prek\u0117s \u017eenklas<\/th>\n<td>HiBREW<\/td>\n<\/tr>\n<tr>\n<th>Modelis<\/th>\n<td>H1A<\/td>\n<\/tr>\n<tr>\n<th>Sl\u0117gis<\/th>\n<td>19 bar\u0173<\/td>\n<\/tr>\n<tr>\n<th>Nominali \u012ftampa<\/th>\n<td>AC 220-240V 50\/60Hz<\/td>\n<\/tr>\n<tr>\n<th>Nominali galia<\/th>\n<td>1450 W<\/td>\n<\/tr>\n<tr>\n<th>Svoris<\/th>\n<td>3 kg<\/td>\n<\/tr>\n<tr>\n<th>Matmenys<\/th>\n<td>260 x 260 x 110 mm<\/td>\n<\/tr>\n<\/tbody>\n<\/table>\n<\/div>\n","protected":false},"excerpt":{"rendered":"<p>4 viename kapsulinis kavos aparatas HiBREW H1A Dabar galite lengvai paruo\u0161ti gard\u017ei\u0105, aromating\u0105 kav\u0105. HiBREW H1A pasi\u017eymi 19 bar\u0173 sl\u0117giu, o d\u0117l savo technologijos greitai \u012fkaista ir palaiko stabili\u0105 temperat\u016br\u0105. Jis yra itin tylus ir paprastas naudoti. Aparatas suderinamas su \u201eNespresso\u201c ir \u201eDolce Gusto\u201c kapsul\u0117mis, taip pat ESE pakeliais, taip pat leid\u017eia ruo\u0161ti malt\u0105 kav\u0105. [&#8230;]\n","protected":false},"featured_media":25460,"comment_status":"open","ping_status":"closed","template":"","meta":[],"product_brand":[389],"product_cat":[1013],"product_tag":[],"class_list":{"0":"post-25459","1":"product","2":"type-product","3":"status-publish","4":"has-post-thumbnail","6":"product_brand-hibrew","7":"product_cat-coffee-makers","9":"first","10":"outofstock","11":"taxable","12":"shipping-taxable","13":"purchasable","14":"product-type-simple"},"aioseo_notices":[],"_links":{"self":[{"href":"https:\/\/asura.lv\/lt\/wp-json\/wp\/v2\/product\/25459","targetHints":{"allow":["GET"]}}],"collection":[{"href":"https:\/\/asura.lv\/lt\/wp-json\/wp\/v2\/product"}],"about":[{"href":"https:\/\/asura.lv\/lt\/wp-json\/wp\/v2\/types\/product"}],"replies":[{"embeddable":true,"href":"https:\/\/asura.lv\/lt\/wp-json\/wp\/v2\/comments?post=25459"}],"wp:featuredmedia":[{"embeddable":true,"href":"https:\/\/asura.lv\/lt\/wp-json\/wp\/v2\/media\/25460"}],"wp:attachment":[{"href":"https:\/\/asura.lv\/lt\/wp-json\/wp\/v2\/media?parent=25459"}],"wp:term":[{"taxonomy":"product_brand","embeddable":true,"href":"https:\/\/asura.lv\/lt\/wp-json\/wp\/v2\/product_brand?post=25459"},{"taxonomy":"product_cat","embeddable":true,"href":"https:\/\/asura.lv\/lt\/wp-json\/wp\/v2\/product_cat?post=25459"},{"taxonomy":"product_tag","embeddable":true,"href":"https:\/\/asura.lv\/lt\/wp-json\/wp\/v2\/product_tag?post=25459"}],"curies":[{"name":"wp","href":"https:\/\/api.w.org\/{rel}","templated":true}]}}