{"id":25549,"date":"2025-11-28T20:47:42","date_gmt":"2025-11-28T20:47:42","guid":{"rendered":"https:\/\/asura.lv\/product\/electric-hot-water-cup-deerma-dr050\/"},"modified":"2025-12-12T15:30:47","modified_gmt":"2025-12-12T13:30:47","slug":"electric-hot-water-cup-deerma-dr050","status":"publish","type":"product","link":"https:\/\/asura.lv\/lt\/produktas\/electric-hot-water-cup-deerma-dr050\/","title":{"rendered":"Elektrinis kar\u0161to vandens puodelis Deerma DR050"},"content":{"rendered":"<h3>\u201eDeerma DR050\u201c elektrinis kar\u0161to vandens puodelis<\/h3>\n<p>\u201eDeerma DR050\u201c yra universalus prietaisas, galintis atlikti ir ne\u0161iojamo virdulio, ir termoso funkcij\u0105. Jis leid\u017eia ne tik virinti vanden\u012f, bet ir palaikyti jo temperat\u016br\u0105 d\u0117l termoso funkcijos. Produktas u\u017etikrina saug\u0173 naudojim\u0105 ir yra pagamintas i\u0161 auk\u0161tos kokyb\u0117s med\u017eiag\u0173, toki\u0173 kaip 304 ner\u016bdijantis plienas. Jo talpa yra 350 ml. Termoso dangtelis taip pat puikiai tiks kaip puodelis. Prietaisas yra lengvas ir pakankamai patogus, kad gal\u0117tum\u0117te j\u012f pasiimti beveik visur \u2013 namuose, darbe ar keliaujant.<\/p>\n<p><img decoding=\"async\" src=\"https:\/\/b2b.innpro.pl\/data\/include\/cms\/12Deerma\/DEM-DR050\/3.jpg?v=1649143683806\"><\/p>\n<h3>J\u016bs\u0173 nepakei\u010diamas kompanionas<\/h3>\n<p>Suteikite sau galimyb\u0119 paruo\u0161ti aromating\u0105 kav\u0105, kar\u0161t\u0105 arbat\u0105 ar tirpi\u0105 sriub\u0105, kad ir kur eitum\u0117te. DR050 virdulys yra itin lengvas ir ne\u0161iojamas \u2013 j\u012f lengvai tilpsite \u012f krep\u0161\u012f ar kuprin\u0119. Jis nebus per didel\u0117 na\u0161ta. Be to, jo energijos suvartojimas tesiekia apie 300 W. Taigi j\u012f galite lengvai naudoti ir tose vietose, kur energijos suvartojimas ribotas, pavyzd\u017eiui, bendrabu\u010diuose ar vie\u0161bu\u010diuose.<\/p>\n<p><img decoding=\"async\" src=\"https:\/\/b2b.innpro.pl\/data\/include\/cms\/12Deerma\/DEM-DR050\/4.jpg?v=1649143683806\"><\/p>\n<h3>U\u017evirins vanden\u012f ir palaikys j\u012f \u0161ilt\u0105<\/h3>\n<p>Atjungus j\u012f nuo maitinimo \u0161altinio, g\u0117rimas viduje kur\u012f laik\u0105 i\u0161liks \u0161iltas, kaip ir \u012fprastame termose. Tai \u012fmanoma d\u0117l 3 sluoksni\u0173 \u0161ilumos izoliacijos. \u012erenginyje taip pat yra specialus apsauginis vo\u017etuvas ir 3 ventiliacijos angos, u\u017etikrinan\u010dios tolyg\u0173 garavim\u0105. D\u0117l to j\u012f naudoti dar saugiau.<\/p>\n<p><img decoding=\"async\" src=\"https:\/\/b2b.innpro.pl\/data\/include\/cms\/12Deerma\/DEM-DR050\/1.jpg?v=1649143683806\"><\/p>\n<h3>Naudojimo patogumas<\/h3>\n<p>Termosas sukurtas taip, kad u\u017etikrint\u0173 maksimal\u0173 komfort\u0105. J\u012f paprasta valdyti vienu mygtuku. Neslystantis silikoninis kilim\u0117lis leid\u017eia stabiliai pastatyti prietais\u0105 ant pasirinkto pavir\u0161iaus, o nuimamas laidas leid\u017eia j\u012f lengvai transportuoti ir laikyti. Jums nereikia bijoti, kad termosas pratek\u0117s \u2013 specialus sandariklis to neleid\u017eia. Produkto dangtel\u012f galima naudoti kaip puodel\u012f \u2013 tad nereik\u0117s apkrauti rankin\u0117s ar kuprin\u0117s.<\/p>\n<p><img decoding=\"async\" src=\"https:\/\/b2b.innpro.pl\/data\/include\/cms\/12Deerma\/DEM-DR050\/5.jpg?v=1649143683806\"><\/p>\n<h3>D\u0117l saugumo<\/h3>\n<p>Nebijokite nusideginti. Termosas turi 3 sluoksni\u0173 \u0161ilumos izoliacij\u0105, kurios d\u0117ka jo pavir\u0161ius per daug ne\u012fkaista. Prietaiso vidus pagamintas i\u0161 304 ner\u016bdijan\u010dio plieno, kur\u012f saugu naudoti lie\u010diantis su maistu. Be to, naudojama technologija suma\u017eina bakterij\u0173 dauginimosi rizik\u0105. Produktas, be kita ko, taip pat yra apsaugotas nuo perkaitimo.<\/p>\n<p><img decoding=\"async\" src=\"https:\/\/b2b.innpro.pl\/data\/include\/cms\/12Deerma\/DEM-DR050\/2.jpg?v=1649143683806\"><\/p>\n<h3>D\u0117\u017eut\u0117je<\/h3>\n<ul>\n<li>\u201eDeerma\u201c kar\u0161to vandens puodelis<\/li>\n<li>Maitinimo laidas<\/li>\n<li>Naudotojo vadovas<\/li>\n<\/ul>\n<div class=\"table-wrapper\">\n<table>\n<tbody>\n<tr>\n<th>Prek\u0117s \u017eenklas<\/th>\n<td>\u201eDeerma\u201c<\/td>\n<\/tr>\n<tr>\n<th>Pavadinimas<\/th>\n<td>Ne\u0161iojamas \u0161ildymo puodelis<\/td>\n<\/tr>\n<tr>\n<th>Modelis<\/th>\n<td>DEM-DR050<\/td>\n<\/tr>\n<tr>\n<th>\u012evertinimas \u012etampa<\/th>\n<td>220 V ~<\/td>\n<\/tr>\n<tr>\n<th>Nominali galia<\/th>\n<td>300 W<\/td>\n<\/tr>\n<tr>\n<th>Nominalus da\u017enis<\/th>\n<td>50 Hz<\/td>\n<\/tr>\n<tr>\n<th>Talpa<\/th>\n<td>350 ml<\/td>\n<\/tr>\n<tr>\n<th>Matmenys<\/th>\n<td>81 x 81 x 217 mm<\/td>\n<\/tr>\n<\/tbody>\n<\/table>\n<\/div>\n","protected":false},"excerpt":{"rendered":"<p>\u201eDeerma DR050\u201c elektrinis kar\u0161to vandens puodelis \u201eDeerma DR050\u201c yra universalus prietaisas, galintis atlikti ir ne\u0161iojamo virdulio, ir termoso funkcij\u0105. Jis leid\u017eia ne tik virinti vanden\u012f, bet ir palaikyti jo temperat\u016br\u0105 d\u0117l termoso funkcijos. Produktas u\u017etikrina saug\u0173 naudojim\u0105 ir yra pagamintas i\u0161 auk\u0161tos kokyb\u0117s med\u017eiag\u0173, toki\u0173 kaip 304 ner\u016bdijantis plienas. Jo talpa yra 350 ml. Termoso [&#8230;]\n","protected":false},"featured_media":25550,"comment_status":"open","ping_status":"closed","template":"","meta":[],"product_brand":[252],"product_cat":[1391],"product_tag":[],"class_list":{"0":"post-25549","1":"product","2":"type-product","3":"status-publish","4":"has-post-thumbnail","6":"product_brand-deerma","7":"product_cat-electric-kettles","9":"first","10":"outofstock","11":"taxable","12":"shipping-taxable","13":"purchasable","14":"product-type-simple"},"aioseo_notices":[],"_links":{"self":[{"href":"https:\/\/asura.lv\/lt\/wp-json\/wp\/v2\/product\/25549","targetHints":{"allow":["GET"]}}],"collection":[{"href":"https:\/\/asura.lv\/lt\/wp-json\/wp\/v2\/product"}],"about":[{"href":"https:\/\/asura.lv\/lt\/wp-json\/wp\/v2\/types\/product"}],"replies":[{"embeddable":true,"href":"https:\/\/asura.lv\/lt\/wp-json\/wp\/v2\/comments?post=25549"}],"wp:featuredmedia":[{"embeddable":true,"href":"https:\/\/asura.lv\/lt\/wp-json\/wp\/v2\/media\/25550"}],"wp:attachment":[{"href":"https:\/\/asura.lv\/lt\/wp-json\/wp\/v2\/media?parent=25549"}],"wp:term":[{"taxonomy":"product_brand","embeddable":true,"href":"https:\/\/asura.lv\/lt\/wp-json\/wp\/v2\/product_brand?post=25549"},{"taxonomy":"product_cat","embeddable":true,"href":"https:\/\/asura.lv\/lt\/wp-json\/wp\/v2\/product_cat?post=25549"},{"taxonomy":"product_tag","embeddable":true,"href":"https:\/\/asura.lv\/lt\/wp-json\/wp\/v2\/product_tag?post=25549"}],"curies":[{"name":"wp","href":"https:\/\/api.w.org\/{rel}","templated":true}]}}