{"id":25729,"date":"2025-11-28T20:46:27","date_gmt":"2025-11-28T20:46:27","guid":{"rendered":"https:\/\/asura.lv\/product\/usb-c-cable-for-lightning-baseus-dynamic-series-20w-2m-white\/"},"modified":"2025-12-12T15:29:44","modified_gmt":"2025-12-12T13:29:44","slug":"usb-c-cable-for-lightning-baseus-dynamic-series-20w-2m-white","status":"publish","type":"product","link":"https:\/\/asura.lv\/lt\/produktas\/usb-c-cable-for-lightning-baseus-dynamic-series-20w-2m-white\/","title":{"rendered":"USB-C laidas, skirtas \u201eLightning Baseus Dynamic Series\u201c, 20 W, 2 m (baltas)"},"content":{"rendered":"<h3>\u201eBaseus Dynamic USB Type-C\u201c laidas (CALD000102) BALTA SPALVA<\/h3>\n<p>Laidas suderinamas su \u201eApple\u201c prek\u0117s \u017eenklo \u012frenginiais. Juo greitai \u012fkraunami 20 W telefonai. Jis skirtas \u012frenginiams su \u201eLightning\u201c jungtimi ir palaiko \u201ePower Delivery\u201c protokol\u0105. I\u0161manus srov\u0117s ir \u012ftampos suderinimas su \u012fkrovimo tipu u\u017etikrina saugum\u0105. Integruota grandin\u0117 ir pastovi jungties temperat\u016bra u\u017etikrina \u012frenginio patikimum\u0105.<\/p>\n<p><img decoding=\"async\" src=\"https:\/\/b2b.innpro.pl\/data\/include\/cms\/-Baseus\/CALD000107-106-105-103-102-6-7-5-3-2\/8.jpg \"><\/p>\n<h3> Greitas akumuliatoriaus \u012fkrovimas<\/h3>\n<p>Laidas \u012fkraunamas 20 W galia ir palaiko \u201ePower Delivery\u201c protokol\u0105. Vos per 30 minu\u010di\u0173 jis gali \u012fkrauti \u201eiPhone\u201c baterij\u0105 iki 50 %. Tai sutaupo laiko, kur\u012f b\u016bt\u0173 galima skirti malonesniems dalykams.<\/p>\n<p><img decoding=\"async\" src=\"https:\/\/b2b.innpro.pl\/data\/include\/cms\/-Baseus\/CALD000107-106-105-103-102-6-7-5-3-2\/12.jpg\"><\/p>\n<h3>Patikimas ir atsparus gedimams<\/h3>\n<p>Laidas pagamintas i\u0161 auk\u0161tos kokyb\u0117s med\u017eiag\u0173, toki\u0173 kaip oksidacijai ir blukimui atspar\u016bs ABS elementai. Gumin\u0117s dalys apsaugo telefono prievadus ir metalinius galus. Nailonu pintas korpusas apsaugo laid\u0105 nuo i\u0161or\u0117s, apsaugodamas j\u012f nuo deformacijos ir l\u016b\u017eimo d\u0117l lenkimo. Komplekte yra lipdukas, kuriuo galite u\u017edaryti laid\u0105 j\u012f sulanks\u010dius. Suderinamas su \u201eApple\u201c \u012frenginiais nuo 12 iki 6S serijos. Produktas atitinka 18 W ir 20 W protokol\u0105.<\/p>\n<p><img decoding=\"async\" src=\"https:\/\/b2b.innpro.pl\/data\/include\/cms\/-Baseus\/CALD000107-106-105-103-102-6-7-5-3-2\/12.jpg\"><\/p>\n<h3> Duomen\u0173 \u012fk\u0117limas ir i\u0161siuntimas vienu metu<\/h3>\n<p>Su \u0161iuo kabeliu galite vienu metu \u012fkrauti ir perduoti duomenis. Nor\u0117dami tai padaryti, tereikia prijungti laid\u0105 prie kompiuterio. \u012erenginys leid\u017eia perduoti duomenis tarp \u012frengini\u0173 iki 480 Mbps grei\u010diu. Tai \u012fmanoma d\u0117l USB 2.0 standarto.<\/p>\n<p><img decoding=\"async\" src=\"https:\/\/b2b.innpro.pl\/data\/include\/cms\/-Baseus\/CALD000107-106-105-103-102-6-7-5-3-2\/5.jpg \"><\/p>\n<div class=\"table-wrapper\">\n<table>\n<tbody>\n<tr>\n<th>Prek\u0117s \u017eenklas<\/th>\n<td>Baseus<\/td>\n<\/tr>\n<tr>\n<th>Modelis<\/th>\n<td>CALD000102<\/td>\n<\/tr>\n<tr>\n<th>Med\u017eiaga<\/th>\n<td>ABS + nailono pyn\u0117<\/td>\n<\/tr>\n<tr>\n<th>Galia<\/th>\n<td>PD 20 W<\/td>\n<\/tr>\n<tr>\n<th>Perdavimo sparta<\/th>\n<td>480 Mbps<\/td>\n<\/tr>\n<tr>\n<th>Ilgis<\/th>\n<td>2 m<\/td>\n<\/tr>\n<tr>\n<th>\u012evesties s\u0105saja<\/th>\n<td>USB-C<\/td>\n<\/tr>\n<tr>\n<th>I\u0161\u0117jimo s\u0105saja<\/th>\n<td>\u017daibas<\/td>\n<\/tr>\n<tr>\n<th>Spalva<\/th>\n<td>Balta<\/td>\n<\/tr>\n<\/tbody>\n<\/table>\n<\/div>\n","protected":false},"excerpt":{"rendered":"<p>\u201eBaseus Dynamic USB Type-C\u201c laidas (CALD000102) BALTA SPALVA Laidas suderinamas su \u201eApple\u201c prek\u0117s \u017eenklo \u012frenginiais. Juo greitai \u012fkraunami 20 W telefonai. Jis skirtas \u012frenginiams su \u201eLightning\u201c jungtimi ir palaiko \u201ePower Delivery\u201c protokol\u0105. I\u0161manus srov\u0117s ir \u012ftampos suderinimas su \u012fkrovimo tipu u\u017etikrina saugum\u0105. Integruota grandin\u0117 ir pastovi jungties temperat\u016bra u\u017etikrina \u012frenginio patikimum\u0105. Greitas akumuliatoriaus \u012fkrovimas Laidas [&#8230;]\n","protected":false},"featured_media":25730,"comment_status":"open","ping_status":"closed","template":"","meta":[],"product_brand":[95],"product_cat":[1154],"product_tag":[],"class_list":{"0":"post-25729","1":"product","2":"type-product","3":"status-publish","4":"has-post-thumbnail","6":"product_brand-baseus","7":"product_cat-usb-c-to-lightning-usb-cables","9":"first","10":"outofstock","11":"taxable","12":"shipping-taxable","13":"purchasable","14":"product-type-simple"},"aioseo_notices":[],"_links":{"self":[{"href":"https:\/\/asura.lv\/lt\/wp-json\/wp\/v2\/product\/25729","targetHints":{"allow":["GET"]}}],"collection":[{"href":"https:\/\/asura.lv\/lt\/wp-json\/wp\/v2\/product"}],"about":[{"href":"https:\/\/asura.lv\/lt\/wp-json\/wp\/v2\/types\/product"}],"replies":[{"embeddable":true,"href":"https:\/\/asura.lv\/lt\/wp-json\/wp\/v2\/comments?post=25729"}],"wp:featuredmedia":[{"embeddable":true,"href":"https:\/\/asura.lv\/lt\/wp-json\/wp\/v2\/media\/25730"}],"wp:attachment":[{"href":"https:\/\/asura.lv\/lt\/wp-json\/wp\/v2\/media?parent=25729"}],"wp:term":[{"taxonomy":"product_brand","embeddable":true,"href":"https:\/\/asura.lv\/lt\/wp-json\/wp\/v2\/product_brand?post=25729"},{"taxonomy":"product_cat","embeddable":true,"href":"https:\/\/asura.lv\/lt\/wp-json\/wp\/v2\/product_cat?post=25729"},{"taxonomy":"product_tag","embeddable":true,"href":"https:\/\/asura.lv\/lt\/wp-json\/wp\/v2\/product_tag?post=25729"}],"curies":[{"name":"wp","href":"https:\/\/api.w.org\/{rel}","templated":true}]}}