{"id":25741,"date":"2025-11-28T20:46:26","date_gmt":"2025-11-28T20:46:26","guid":{"rendered":"https:\/\/asura.lv\/product\/usb-cable-for-lightning-baseus-cafule-2-4a-1m-green\/"},"modified":"2025-12-12T15:29:44","modified_gmt":"2025-12-12T13:29:44","slug":"usb-cable-for-lightning-baseus-cafule-2-4a-1m-green","status":"publish","type":"product","link":"https:\/\/asura.lv\/lt\/produktas\/usb-cable-for-lightning-baseus-cafule-2-4a-1m-green\/","title":{"rendered":"USB laidas, skirtas \u201eLightning Baseus Cafule\u201c, 2.4A, 1m (\u017ealias)"},"content":{"rendered":"<h3>USB &#8211; \u201eLightning\u201c 2.4 A laidas i\u0161 \u201eBaseus CALJK-A06\u201c, \u017dALIOS SPALVOS<\/h3>\n<p> Laidas suderinamas su \u201eApple\u201c \u012frenginiais, turin\u010diais \u201eLightning\u201c jungt\u012f, skirt\u0105 greitai \u012fkrauti \u201eiPhone\u201c baterij\u0105. Jis pagamintas i\u0161 auk\u0161tos kokyb\u0117s med\u017eiag\u0173, kurios apsaugo nuo pa\u017eeidim\u0173. Pavyzd\u017eiui, nailono pyn\u0117, kuri nedeformuojasi ir nel\u016b\u017eta, ir baterija, kuri atspari pa\u017eeidimams ir perkaitimui. Be to, gumin\u0117 apsauga apsaugo nuo \u012fbr\u0117\u017eim\u0173 ir mechanini\u0173 pa\u017eeidim\u0173.<\/p>\n<p><img decoding=\"async\" src=\"https:\/\/b2b.innpro.pl\/data\/include\/cms\/-Baseus\/CALJK-01-A05-A06-B05-B06\/17.jpg\"><\/p>\n<h3>Greitasis baterijos \u012fkrovimas<\/h3>\n<p>Laidai, kuri\u0173 maksimali \u012fkrovimo srov\u0117 yra 2,4 A. Tai vyksta greitai ir be pertr\u016bki\u0173. Galite \u012fkrauti \u201eiPhone\u201c baterij\u0105 ir sutaupyti laiko.<\/p>\n<p><img decoding=\"async\" src=\"https:\/\/b2b.innpro.pl\/data\/include\/cms\/-Baseus\/CALJK-01-A05-A06-B05-B06\/11.jpg\"><\/p>\n<h3>Didelio atsparumo laidas<\/h3>\n<p>Laidas pagamintas i\u0161 auk\u0161tos kokyb\u0117s gamini\u0173. Tai tokios med\u017eiagos kaip metaliniai ki\u0161tuk\u0173 antgaliai, nailono pyn\u0117, apsauganti nuo pa\u017eeidim\u0173, ir varin\u0117 \u0161erdis, padidinanti duomen\u0173 perdavimo greit\u012f.<\/p>\n<p><img decoding=\"async\" src=\"https:\/\/b2b.innpro.pl\/data\/include\/cms\/-Baseus\/CALJK-01-A05-A06-B05-B06\/17.jpg\"><\/p>\n<h3>Duomen\u0173 perdavimas ir \u012fk\u0117limas vienu metu<\/h3>\n<p>Su \u0161iuo laidu jums nereik\u0117s rinktis tarp telefono \u012fkrovimo ir fail\u0173 perk\u0117limo. \u0160io modelio laidas leis jums daryti abu vienu metu. Tai \u012fmanoma d\u0117l USB 2.0, kurio perdavimo greitis siekia iki 480 Mbps.<\/p>\n<p><img decoding=\"async\" src=\"https:\/\/b2b.innpro.pl\/data\/include\/cms\/-Baseus\/CATLJK-A06-A05-01-B06-B05\/11.jpg\"><\/p>\n<div class=\"table-wrapper\">\n<table>\n<tbody>\n<tr>\n<th>Prek\u0117s \u017eenklas<\/th>\n<td>Baseus<\/td>\n<\/tr>\n<tr>\n<th>Modelis<\/th>\n<td>CALJK-A06<\/td>\n<\/tr>\n<tr>\n<th>Med\u017eiaga<\/th>\n<td>Cinko lydinys + nailono pyn\u0117 + metaliniai galai<\/td>\n<\/tr>\n<tr>\n<th>Perdavimo sparta<\/th>\n<td>480 Mbps<\/td>\n<\/tr>\n<tr>\n<th>Ilgis<\/th>\n<td>1 m<\/td>\n<\/tr>\n<tr>\n<th>Srov\u0117<\/th>\n<td>2,4 A<\/td>\n<\/tr>\n<tr>\n<th>Spalva<\/th>\n<td>\u017dalia<\/td>\n<\/tr>\n<\/tbody>\n<\/table>\n<\/div>\n","protected":false},"excerpt":{"rendered":"<p>USB &#8211; \u201eLightning\u201c 2.4 A laidas i\u0161 \u201eBaseus CALJK-A06\u201c, \u017dALIOS SPALVOS Laidas suderinamas su \u201eApple\u201c \u012frenginiais, turin\u010diais \u201eLightning\u201c jungt\u012f, skirt\u0105 greitai \u012fkrauti \u201eiPhone\u201c baterij\u0105. Jis pagamintas i\u0161 auk\u0161tos kokyb\u0117s med\u017eiag\u0173, kurios apsaugo nuo pa\u017eeidim\u0173. Pavyzd\u017eiui, nailono pyn\u0117, kuri nedeformuojasi ir nel\u016b\u017eta, ir baterija, kuri atspari pa\u017eeidimams ir perkaitimui. Be to, gumin\u0117 apsauga apsaugo nuo \u012fbr\u0117\u017eim\u0173 [&#8230;]\n","protected":false},"featured_media":25742,"comment_status":"open","ping_status":"closed","template":"","meta":[],"product_brand":[95],"product_cat":[1148],"product_tag":[],"class_list":{"0":"post-25741","1":"product","2":"type-product","3":"status-publish","4":"has-post-thumbnail","6":"product_brand-baseus","7":"product_cat-usb-to-lightning","9":"first","10":"outofstock","11":"taxable","12":"shipping-taxable","13":"purchasable","14":"product-type-simple"},"aioseo_notices":[],"_links":{"self":[{"href":"https:\/\/asura.lv\/lt\/wp-json\/wp\/v2\/product\/25741","targetHints":{"allow":["GET"]}}],"collection":[{"href":"https:\/\/asura.lv\/lt\/wp-json\/wp\/v2\/product"}],"about":[{"href":"https:\/\/asura.lv\/lt\/wp-json\/wp\/v2\/types\/product"}],"replies":[{"embeddable":true,"href":"https:\/\/asura.lv\/lt\/wp-json\/wp\/v2\/comments?post=25741"}],"wp:featuredmedia":[{"embeddable":true,"href":"https:\/\/asura.lv\/lt\/wp-json\/wp\/v2\/media\/25742"}],"wp:attachment":[{"href":"https:\/\/asura.lv\/lt\/wp-json\/wp\/v2\/media?parent=25741"}],"wp:term":[{"taxonomy":"product_brand","embeddable":true,"href":"https:\/\/asura.lv\/lt\/wp-json\/wp\/v2\/product_brand?post=25741"},{"taxonomy":"product_cat","embeddable":true,"href":"https:\/\/asura.lv\/lt\/wp-json\/wp\/v2\/product_cat?post=25741"},{"taxonomy":"product_tag","embeddable":true,"href":"https:\/\/asura.lv\/lt\/wp-json\/wp\/v2\/product_tag?post=25741"}],"curies":[{"name":"wp","href":"https:\/\/api.w.org\/{rel}","templated":true}]}}