{"id":25747,"date":"2025-11-28T20:46:24","date_gmt":"2025-11-28T20:46:24","guid":{"rendered":"https:\/\/asura.lv\/product\/baseus-super-si-pro-quick-charger-usb-usb-c-30w-black\/"},"modified":"2025-12-12T15:29:43","modified_gmt":"2025-12-12T13:29:43","slug":"baseus-super-si-pro-quick-charger-usb-usb-c-30w-black","status":"publish","type":"product","link":"https:\/\/asura.lv\/lt\/produktas\/baseus-super-si-pro-quick-charger-usb-usb-c-30w-black\/","title":{"rendered":"\u201eBaseus Super Si Pro\u201c greitasis \u012fkroviklis USB + USB-C 30W (juodas)"},"content":{"rendered":"<h3>\u201eBaseus CCSUPP-E01\u201c kintamosios srov\u0117s \u012fkroviklis<\/h3>\n<p>Priedas turi dvigub\u0105 prievad\u0105: USB ir USB-C, tod\u0117l galite vienu metu \u012fkrauti 2 \u012frenginius. Kompakti\u0161kas dizainas leid\u017eia patogiai laikyti, o daugyb\u0117 saugos funkcij\u0173 apsaugo j\u016bs\u0173 \u012frengin\u012f ir pried\u0105 nuo pa\u017eeidim\u0173. Produktas taip pat palaiko greito \u012fkrovimo protokolus, kad sutaupytum\u0117te laiko. 100\u2013240 V kintamoji \u012ftampa leid\u017eia j\u012f naudoti bet kurioje pasaulio vietoje.<\/p>\n<p><img decoding=\"async\" src=\"https:\/\/b2b.innpro.pl\/data\/include\/cms\/-Baseus\/CCSUPP-E01-CCSUPP-E02\/11.jpg\"><\/p>\n<h3>Kompakti\u0161kas<\/h3>\n<p>\u012ekroviklio matmenys yra tik 85,4 x 35 x 30 mm, tai yra ma\u017edaug ausini\u0173 \u012fkrovimo d\u0117klo dydis. Tai leid\u017eia j\u012f lengvai laikyti ir prijungti kitus \u012frenginius prie ilgintuvo neu\u017edengiant kit\u0173 lizd\u0173.<\/p>\n<p><img decoding=\"async\" src=\"https:\/\/b2b.innpro.pl\/data\/include\/cms\/-Baseus\/CCSUPP-E01-CCSUPP-E02\/7.jpg\"><\/p>\n<h3>I\u0161man\u016bs sprendimai<\/h3>\n<p>Priedo gamybai naudojama med\u017eiaga pasi\u017eymi dideliu tankiu, geru \u0161ilumos laidumu ir efektyvia energijos konversija. \u201eSuper Si\u201c technologija lemia ma\u017eesn\u012f \u012fkroviklio dyd\u012f ir u\u017etikrina greitesn\u012f bei saugesn\u012f \u012fkrovim\u0105. Be to, i\u0161manusis lustas yra atsakingas u\u017e temperat\u016bros valdym\u0105.<\/p>\n<p><img decoding=\"async\" src=\"https:\/\/b2b.innpro.pl\/data\/include\/cms\/-Baseus\/CCSUPP-E01-CCSUPP-E02\/10.jpg\"><\/p>\n<h3>Greitas \u012fkrovimas<\/h3>\n<p>Priedas palaiko greito \u012fkrovimo protokolus, tokius kaip PD 3.0, QC 3.0, Apple 2.4 ir BC 1.2, tod\u0117l \u012fkroviklis atnaujins j\u016bs\u0173 \u012frenginio energij\u0105 iki 50 % ma\u017edaug per 30 minu\u010di\u0173. \u201ePadPro 2021\u201c v\u0117l bus paruo\u0161tas naudoti ma\u017edaug po 2 val.<\/p>\n<p><img decoding=\"async\" src=\"https:\/\/b2b.innpro.pl\/data\/include\/cms\/-Baseus\/CCSUPP-E01-CCSUPP-E02\/2.jpg\"><\/p>\n<h3>Platus suderinamumas<\/h3>\n<p>Su CCSUPP-E01 \u012fkrausite \u201eAndroid\u201c ir \u201eiOS\u201c i\u0161maniuosius telefonus bei plan\u0161etinius kompiuterius, pavyzd\u017eiui, \u201eiPhone 12\u201c, \u201eHuawei Mate 40\u201c arba \u201eSamsung S21\u201c. Be to, \u201eBaseus\u201c \u012fkroviklis taip pat atnaujins belaid\u017ei\u0173 ausini\u0173, i\u0161mani\u0173j\u0173 laikrod\u017ei\u0173 ar i\u0161mani\u0173j\u0173 apyranki\u0173 energij\u0105.<\/p>\n<p><img decoding=\"async\" src=\"https:\/\/b2b.innpro.pl\/data\/include\/cms\/-Baseus\/CCSUPP-E01-CCSUPP-E02\/5.jpg\"><\/p>\n<h3>Saugus \u012fkrovimas<\/h3>\n<p>\u012ekroviklis turi daugyb\u0119 saugos funkcij\u0173, skirt\u0173 apsaugoti tiek pried\u0105, tiek j\u016bs\u0173 \u012frengin\u012f. CCSUPP-E01 turi apsaug\u0105 nuo trumpojo jungimo, perkaitimo, vir\u0161srov\u0117s, perkrovimo, per didelio i\u0161krovimo ir kt. Be to, gaminys pritaiko \u012fkrovimo gali\u0105 prie j\u016bs\u0173 \u012frenginio, kad b\u016bt\u0173 i\u0161vengta perkrovimo.<\/p>\n<p><img decoding=\"async\" src=\"https:\/\/b2b.innpro.pl\/data\/include\/cms\/-Baseus\/CCSUPP-E01-CCSUPP-E02\/4.jpg\"><\/p>\n<div class=\"table-wrapper\">\n<table>\n<tbody>\n<tr>\n<th>Prek\u0117s \u017eenklas<\/th>\n<td>Baseus<\/td>\n<\/tr>\n<tr>\n<th>Modelis<\/th>\n<td>CCSUPP-E01<\/td>\n<\/tr>\n<tr>\n<th>\u012e\u0117jimo \u012ftampa<\/th>\n<td>AC 100V &#8211; 240V ~, 50\/60 Hz, 1.2A Maks.<\/td>\n<\/tr>\n<tr>\n<th>I\u0161vestis\u00a0<span>USB-C\u00a0<\/span><\/th>\n<td>5 V 3 A, 9 V 3 A, 12 V 2,5 A, 15 V 2 A, 20 V 1,5 A<\/td>\n<\/tr>\n<tr>\n<th>I\u0161vestis\u00a0<span>USB-A<\/span><\/th>\n<td>5 V 3 A, 9 V 3 A, 12 V 2,5 A, 15 V 2 A, 20 V 1,5 A<\/td>\n<\/tr>\n<tr>\n<th>Maksimali galia (USB-C + USB-A)<\/th>\n<td>18 W + 12 W<\/td>\n<\/tr>\n<tr>\n<th>Spalva<\/th>\n<td>juoda<\/td>\n<\/tr>\n<tr>\n<th>Matmenys<\/th>\n<td>85,4 x 35 x 30 mm<\/td>\n<\/tr>\n<tr>\n<th>Greito \u012fkrovimo protokolai<\/th>\n<td>PD 3.0, QC 3.0, Apple 2.4, BC 1.2 ir kt.<\/td>\n<\/tr>\n<tr>\n<th>Suderinamumas<\/th>\n<td>\n<p>Plan\u0161etinis kompiuteris: Pad Pro 12.9\u201c 2021\/2020\/2018, Pad Pro 11\u201c <strong> <span> 2020\/2018, Pad Air 4 10.9\u201c 2020<\/span><\/strong><\/p>\n<p><strong> <span>i\u0161manusis telefonas: iPhone 12\/12 Pro \/ 12 Pro Max \/ 12 mini \/ 11\/11 Pro \/ 11 Pro Max \/ XS \/ XS Max \/ X \/ XR \/ 8\/9 Plus ir kt.; <\/span> <\/strong><\/p>\n<p><strong> <span> \u201eHuawei Mate 40 Pro\u201c \/ 40 Pro + \/ 40 RS \/ 40 \/ Mate 30\/30 Pro \/ P40 \/ P40 Pro \/ P40 Pro + \/ P30 \/ P30 Pro ir kt.; \u201eSamsung S21\u201c serija \/ S20 serija \/ S10 serija \/ S9 \/ Note 9 ir kt.; \u201eXiaomi 11\/10\/10 Pro \/ 10 Ultra \/ Mix 2 \/ Redmi K40 serija \/ Redmi K30 serija ir kt. <\/span> <\/strong><\/p>\n<p><strong> <span> belaid\u0117s ausin\u0117s, i\u0161manusis laikrodis, i\u0161manioji apyrank\u0117 <\/span> <\/strong><\/p>\n<\/td>\n<\/tr>\n<\/tbody>\n<\/table>\n<\/div>\n","protected":false},"excerpt":{"rendered":"<p>\u201eBaseus CCSUPP-E01\u201c kintamosios srov\u0117s \u012fkroviklis Priedas turi dvigub\u0105 prievad\u0105: USB ir USB-C, tod\u0117l galite vienu metu \u012fkrauti 2 \u012frenginius. Kompakti\u0161kas dizainas leid\u017eia patogiai laikyti, o daugyb\u0117 saugos funkcij\u0173 apsaugo j\u016bs\u0173 \u012frengin\u012f ir pried\u0105 nuo pa\u017eeidim\u0173. Produktas taip pat palaiko greito \u012fkrovimo protokolus, kad sutaupytum\u0117te laiko. 100\u2013240 V kintamoji \u012ftampa leid\u017eia j\u012f naudoti bet kurioje pasaulio [&#8230;]\n","protected":false},"featured_media":25748,"comment_status":"open","ping_status":"closed","template":"","meta":[],"product_brand":[95],"product_cat":[1100],"product_tag":[],"class_list":{"0":"post-25747","1":"product","2":"type-product","3":"status-publish","4":"has-post-thumbnail","6":"product_brand-baseus","7":"product_cat-mains-chargers-chargers-gsm-accessories","9":"first","10":"outofstock","11":"taxable","12":"shipping-taxable","13":"purchasable","14":"product-type-simple"},"aioseo_notices":[],"_links":{"self":[{"href":"https:\/\/asura.lv\/lt\/wp-json\/wp\/v2\/product\/25747","targetHints":{"allow":["GET"]}}],"collection":[{"href":"https:\/\/asura.lv\/lt\/wp-json\/wp\/v2\/product"}],"about":[{"href":"https:\/\/asura.lv\/lt\/wp-json\/wp\/v2\/types\/product"}],"replies":[{"embeddable":true,"href":"https:\/\/asura.lv\/lt\/wp-json\/wp\/v2\/comments?post=25747"}],"wp:featuredmedia":[{"embeddable":true,"href":"https:\/\/asura.lv\/lt\/wp-json\/wp\/v2\/media\/25748"}],"wp:attachment":[{"href":"https:\/\/asura.lv\/lt\/wp-json\/wp\/v2\/media?parent=25747"}],"wp:term":[{"taxonomy":"product_brand","embeddable":true,"href":"https:\/\/asura.lv\/lt\/wp-json\/wp\/v2\/product_brand?post=25747"},{"taxonomy":"product_cat","embeddable":true,"href":"https:\/\/asura.lv\/lt\/wp-json\/wp\/v2\/product_cat?post=25747"},{"taxonomy":"product_tag","embeddable":true,"href":"https:\/\/asura.lv\/lt\/wp-json\/wp\/v2\/product_tag?post=25747"}],"curies":[{"name":"wp","href":"https:\/\/api.w.org\/{rel}","templated":true}]}}