{"id":25903,"date":"2025-11-28T20:46:07","date_gmt":"2025-11-28T20:46:07","guid":{"rendered":"https:\/\/asura.lv\/product\/digital-clamp-meter-habotest-ht208a-true-rms\/"},"modified":"2025-12-12T15:29:32","modified_gmt":"2025-12-12T13:29:32","slug":"digital-clamp-meter-habotest-ht208a-true-rms","status":"publish","type":"product","link":"https:\/\/asura.lv\/lt\/produktas\/digital-clamp-meter-habotest-ht208a-true-rms\/","title":{"rendered":"Skaitmeninis srov\u0117s matuoklis \u201eHabotest HT208A True RMS\u201c"},"content":{"rendered":"<h3>\u201eHabotest HT208A\u201c skaitmeninis srov\u0117s matuoklis<\/h3>\n<p>HT208A yra prakti\u0161kas prietaisas, kuriuo galite patikrinti \u012fvairi\u0173 parametr\u0173 vertes, pavyzd\u017eiui, kintam\u0105j\u0105 \u012ftamp\u0105 ir srov\u0119, var\u017e\u0105, temperat\u016br\u0105, \u012fjungimo srov\u0119 ir daugel\u012f kit\u0173. Produktas u\u017etikrina tikslius matavimus, o rezultatai rodomi LCD ekrane. HT208A taip pat turi \u017eibintuv\u0117l\u012f, kad b\u016bt\u0173 patogu naudoti tamsiose patalpose.<\/p>\n<p><img decoding=\"async\" src=\"https:\/\/b2b.innpro.pl\/data\/include\/cms\/04Habotest\/HT208A\/7.jpg\"><\/p>\n<h3>Daugiafunkcis prietaisas<\/h3>\n<p>HT208A naudosite daugelyje situacij\u0173. Galite patikrinti kintamosios srov\u0117s \u012ftampos, var\u017eos, talpos, temperat\u016bros, da\u017enio, NCV ir kt. vertes. Be to, galite patikrinti ir t\u0119stinum\u0105 bei tikr\u0105j\u0105 RMS vert\u0119.<\/p>\n<p><img decoding=\"async\" src=\"https:\/\/b2b.innpro.pl\/data\/include\/cms\/04Habotest\/HT208A\/4.jpg\"><\/p>\n<h3>Saugus naudojimas<\/h3>\n<p>Prietaisas yra visi\u0161kai saugus naudoti. Pavyzd\u017eiui, d\u0117l NCV jutikli\u0173 galite nustatyti \u012ftamp\u0105 jo neliesdami. Matuoklio \u017eandikauliai, kuri\u0173 maksimalus plotis yra 40 mm, leid\u017eia patogiai atlikti matavimus nepa\u017eeid\u017eiant grandin\u0117s. \u017dibintuv\u0117lio funkcija u\u017etikrina patog\u0173 ir saug\u0173 darb\u0105 tamsiose patalpose.<\/p>\n<p><img decoding=\"async\" src=\"https:\/\/b2b.innpro.pl\/data\/include\/cms\/04Habotest\/HT208A\/2.jpg\"><\/p>\n<h3>Papildomos funkcijos<\/h3>\n<p>Gav\u0119s elektromagnetin\u012f signal\u0105, NCV jutiklis siun\u010dia garsin\u012f signal\u0105, o jei \u012ftampa ar srov\u0117 yra per didel\u0117, LCD ekrano spalva tampa oran\u017ein\u0117. Be to, \u012frenginys automati\u0161kai i\u0161sijungs, kad taupyt\u0173 energij\u0105, jei per 15 min. nebus atliktas joks veiksmas.<\/p>\n<p><img decoding=\"async\" src=\"https:\/\/b2b.innpro.pl\/data\/include\/cms\/04Habotest\/HT208A\/5.jpg\"><\/p>\n<div class=\"table-wrapper\">\n<table>\n<tbody>\n<tr>\n<td><strong><span>Funkcija<\/span><\/strong><\/td>\n<td><strong>HT208A<\/strong><\/td>\n<td><strong>HT208D<\/strong><\/td>\n<\/tr>\n<tr>\n<th>NS \u012ftampa<\/th>\n<td>\n<p><span>6 V \/ 60 V \/ 600 V \/ 1000 V<span>B\u00a0<span>B\u00a0B\u00a0<\/span><\/span><\/span><\/p>\n<p><span>\u00b1(1 % + 3)<\/span><\/p>\n<\/td>\n<td>\n<p><span>6 V \/ 60 V \/ 600 V \/ 1000 V<span>B\u00a0<span>B\u00a0B\u00a0<\/span><\/span><\/span><\/p>\n<p><span>\u00b1(1 % + 3)<\/span><\/p>\n<\/td>\n<\/tr>\n<tr>\n<th>Kintamoji srov\u0117<\/th>\n<td>\n<p><span>6 V \/ 60 V \/ 600 V \/ 750 V <\/span><\/p>\n<p><span>\u00b1(1,2 % + 3)<\/span><\/p>\n<\/td>\n<td>\n<p><span>6 V \/ 60 V \/ 600 V \/ 750 V <\/span><\/p>\n<p><span>\u00b1(1,2 % + 3)<\/span><\/p>\n<\/td>\n<\/tr>\n<tr>\n<th>Nuolatin\u0117 srov\u0117<\/th>\n<td>n\u0117ra<\/td>\n<td>\n<p><span>60 A \/ 600 A \/ 1000 A\u00a0<\/span><span>\u00b1(2,5 % + 5)<\/span><\/p>\n<\/td>\n<\/tr>\n<tr>\n<th>Kintamoji srov\u0117 srov\u0117<\/th>\n<td>\n<p><span>60A\/600A\/1000A\u00a0<\/span><\/p>\n<p>\u00b1(3,0 % + 5)<\/p>\n<\/td>\n<td>\n<p><span>60A\/600A\/1000A <\/span><\/p>\n<p><span>\u00b1(3,0 % + 5)<\/span><\/p>\n<\/td>\n<\/tr>\n<tr>\n<th>Var\u017ea<\/th>\n<td>\n<p><span>600O\u00a9\/6kO\u00a9\/60kO\u00a9\/600kO\u00a9\/6M\u041e\u00a9\/60M\u041e\u00a9 <\/span><\/p>\n<p><span>\u00b1(1,0 % + 3)<\/span><\/p>\n<\/td>\n<td>\n<p><span>600\u041e\u00a9\/6k\u041e\u00a9\/60k\u041e\u00a9\/600k\u041e\u00a9\/6M\u041e\u00a9\/60M\u041e\u00a9 <\/span><\/p>\n<p><span>\u00b1(1,0 % + 3)<\/span><\/p>\n<\/td>\n<\/tr>\n<tr>\n<th>Talpa<\/th>\n<td>\n<p>10nF\/100nF\/10\u0458F\/100\u0458F\/1mF\/10mF \u00b1(4,0 % + 3),<\/p>\n<p>100mF \u0412\u00b1(5,0 %+5)<\/p>\n<p>\u0412\u00a0<\/p>\n<\/td>\n<td>\n<p>\u0412\u00a0<span>10nF\/100nF\/1\u041e\u0458F\/10\u041e\u0458F\/100\u041e\u0458F\/1mF\/10mF<\/span>\u0412\u00b1(4,0 %+3),<\/p>\n<p>100 mF \u00b1(5,0 % + 5)<\/p>\n<\/td>\n<\/tr>\n<tr>\n<th>Da\u017enis<\/th>\n<td>\n<p>\u2020\u00a0<span>10Hz \/ 100Hz \/ 1kHz \/ 10kHz \/ 100kHz \/ 1MHz \/ 10MHz\u00a0<\/span><\/p>\n<p><span>\u2020\u00b1(1,0 % + 3)<\/span><\/p>\n<\/td>\n<td>\n<p><span>10Hz \/ 100Hz \/ 1kHz \/ 10kHz \/ 100kHz \/ 1MHz \/ 10MHz <\/span><\/p>\n<p><span>\u00b1(1,0 % + 3)<\/span><\/p>\n<\/td>\n<\/tr>\n<tr>\n<th>Muitas<\/th>\n<td>\n<p>\u00a0<span>1 % ~ 99 %\u00a0<\/span><\/p>\n<p><span>\u00b1(1,0 % + 2)<\/span><\/p>\n<\/td>\n<td>\n<p><span>1 % ~ 99 % <\/span><\/p>\n<p><span>\u00b1(1,0 % + 2)<\/span><\/p>\n<\/td>\n<\/tr>\n<tr>\n<th>Temperat\u016bra<\/th>\n<td>\n<p>\u00a0<span>-40 \u00b0C ~ 1000 \u00b0C\u00a0<\/span><\/p>\n<p><span>\u00b1(1,0 % + 3)<\/span><\/p>\n<\/td>\n<td>\n<p><span>-40 \u00b0C ~ 1000 \u00b0C <\/span><\/p>\n<p><span>\u00b1(1,0 % + 3)<\/span><\/p>\n<\/td>\n<\/tr>\n<tr>\n<th>Skai\u010diai<\/th>\n<td>\u00a06000<\/td>\n<td>6000<\/td>\n<\/tr>\n<tr>\n<th>\n<p>Automatinis \/ rankinis diapazonas<\/p>\n<\/th>\n<td>Taip<\/td>\n<td>Taip<\/td>\n<\/tr>\n<tr>\n<th>T\u0119stinumas<\/th>\n<td>Taip, LED ir garsinis signalas<\/td>\n<td><span>Taip, LED ir garsinis signalas<\/span><\/td>\n<\/tr>\n<tr>\n<th>Diodas<\/th>\n<td>Taip<\/td>\n<td>Taip<\/td>\n<\/tr>\n<tr>\n<th>Duomen\u0173 laikymas<\/th>\n<td>Taip<\/td>\n<td>Taip<\/td>\n<\/tr>\n<tr>\n<th>NCV<\/th>\n<td>Taip, LED ir garsinis signalas<\/span><\/td>\n<td><span>Taip, LED ir garsinis signalas<\/span><\/td>\n<\/tr>\n<tr>\n<th>Dviguba spalva foninis ap\u0161vietimas<\/th>\n<td>Taip<\/td>\n<td>Taip<\/td>\n<\/tr>\n<tr>\n<th>\u017dibintuv\u0117lis<\/th>\n<td>Taip<\/td>\n<td>Taip<\/td>\n<\/tr>\n<tr>\n<th>\n<p>I\u0161sikrovusio akumuliatoriaus indikatorius<\/p>\n<\/th>\n<td>Taip<\/td>\n<td>Taip<\/td>\n<\/tr>\n<tr>\n<th>Automatinis i\u0161sijungimas<\/th>\n<td>Taip<\/td>\n<td>Taip<\/td>\n<\/tr>\n<tr>\n<th>Taip RMS<\/th>\n<td>\u2012\u00a0Taip<\/td>\n<td>Taip<\/td>\n<\/tr>\n<tr>\n<th>LPF<\/th>\n<td>\u2012\u00a0Taip<\/td>\n<td>Taip<\/td>\n<\/tr>\n<tr>\n<th>MAX\/MIN<\/th>\n<td>\u2012\u00a0Taip<\/td>\n<td>Taip<\/td>\n<\/tr>\n<tr>\n<th>V-LoZ<\/th>\n<td>\u2012\u00a0Ne<\/td>\n<td>Taip<\/td>\n<\/tr>\n<tr>\n<th>Maitinimas<\/th>\n<td>\u2012\u00a0<span>2 x AA baterijos (d\u0117\u017eut\u0117je)<\/span><\/td>\n<td><span>2 x AA baterijos (d\u0117\u017eut\u0117je)<\/span><\/td>\n<\/tr>\n<tr>\n<th>Svoris<\/th>\n<td>\u2012\u00a0apie<span>\u2012\u00a0380 g<\/span><\/td>\n<td>apie 380 g<\/td>\n<\/tr>\n<tr>\n<th>Dydis<\/th>\n<td>B\u00a0<span>240 x 85 x 40 mm<\/span><\/td>\n<td><span>240 x 85 x 40 mm<\/span><\/td>\n<\/tr>\n<tr>\n<th>\u017dandikauli\u0173 dydis<\/th>\n<td>B\u00a0<span>44 mm<\/span><\/td>\n<td><span>44 mm<\/span><\/td>\n<\/tr>\n<tr>\n<th>Saugumas<\/th>\n<td>\n<p><span>EN61010-1, -2-030 EN61010-2-033, <\/span><\/p>\n<p><span>EN61326-1 CAT III 1000V, CATIV 600 V<\/span><\/p>\n<\/td>\n<td>\n<p><span>EN61010-1, -2-030 EN61010-2-033, <\/span><\/p>\n<p><span>EN61326-1 CAT III 1000 V, CATIV 600 V<\/span><\/p>\n<\/td>\n<\/tr>\n<\/tbody>\n<\/table>\n<\/div>\n","protected":false},"excerpt":{"rendered":"<p>\u201eHabotest HT208A\u201c skaitmeninis srov\u0117s matuoklis HT208A yra prakti\u0161kas prietaisas, kuriuo galite patikrinti \u012fvairi\u0173 parametr\u0173 vertes, pavyzd\u017eiui, kintam\u0105j\u0105 \u012ftamp\u0105 ir srov\u0119, var\u017e\u0105, temperat\u016br\u0105, \u012fjungimo srov\u0119 ir daugel\u012f kit\u0173. Produktas u\u017etikrina tikslius matavimus, o rezultatai rodomi LCD ekrane. HT208A taip pat turi \u017eibintuv\u0117l\u012f, kad b\u016bt\u0173 patogu naudoti tamsiose patalpose. Daugiafunkcis prietaisas HT208A naudosite daugelyje situacij\u0173. Galite patikrinti [&#8230;]\n","protected":false},"featured_media":25904,"comment_status":"open","ping_status":"closed","template":"","meta":[],"product_brand":[282],"product_cat":[878],"product_tag":[],"class_list":{"0":"post-25903","1":"product","2":"type-product","3":"status-publish","4":"has-post-thumbnail","6":"product_brand-habotest","7":"product_cat-measuring-tools-tools-home-and-garden","9":"first","10":"outofstock","11":"taxable","12":"shipping-taxable","13":"purchasable","14":"product-type-simple"},"aioseo_notices":[],"_links":{"self":[{"href":"https:\/\/asura.lv\/lt\/wp-json\/wp\/v2\/product\/25903","targetHints":{"allow":["GET"]}}],"collection":[{"href":"https:\/\/asura.lv\/lt\/wp-json\/wp\/v2\/product"}],"about":[{"href":"https:\/\/asura.lv\/lt\/wp-json\/wp\/v2\/types\/product"}],"replies":[{"embeddable":true,"href":"https:\/\/asura.lv\/lt\/wp-json\/wp\/v2\/comments?post=25903"}],"wp:featuredmedia":[{"embeddable":true,"href":"https:\/\/asura.lv\/lt\/wp-json\/wp\/v2\/media\/25904"}],"wp:attachment":[{"href":"https:\/\/asura.lv\/lt\/wp-json\/wp\/v2\/media?parent=25903"}],"wp:term":[{"taxonomy":"product_brand","embeddable":true,"href":"https:\/\/asura.lv\/lt\/wp-json\/wp\/v2\/product_brand?post=25903"},{"taxonomy":"product_cat","embeddable":true,"href":"https:\/\/asura.lv\/lt\/wp-json\/wp\/v2\/product_cat?post=25903"},{"taxonomy":"product_tag","embeddable":true,"href":"https:\/\/asura.lv\/lt\/wp-json\/wp\/v2\/product_tag?post=25903"}],"curies":[{"name":"wp","href":"https:\/\/api.w.org\/{rel}","templated":true}]}}