{"id":26041,"date":"2025-11-28T20:45:53","date_gmt":"2025-11-28T20:45:53","guid":{"rendered":"https:\/\/asura.lv\/product\/yeelight-closet-light-black-20cm-2700k\/"},"modified":"2025-12-12T15:29:22","modified_gmt":"2025-12-12T13:29:22","slug":"yeelight-closet-light-black-20cm-2700k","status":"publish","type":"product","link":"https:\/\/asura.lv\/lt\/produktas\/yeelight-closet-light-black-20cm-2700k\/","title":{"rendered":"Yeelight spintos \u0161viestuvas, juodas, 20 cm, 2700 K"},"content":{"rendered":"<p><img decoding=\"async\" style=\"display: block; margin-left: auto; margin-right: auto;\" src=\"\/data\/include\/cms\/1_DOMINIK\/xiaomi_logo1.png\" border=\"0\" alt=\"yeelight\/Closet-Light\/6\" \/><\/p>\n<p style=\"text-align: center;\"><strong><span style=\"font-size: 10pt;\">\u201eYeelight\u201c prek\u0117s \u017eenklas yra \u201eXiaomi\u201c ekosistemos dalis.<\/span><\/strong><\/p>\n<h3>\u201eYeelight\u201c spintos \u0161viestuvas, juodas, 20 cm, 2700 K<\/h3>\n<p>Ar kada nors ie\u0161kojote ka\u017eko spintoje sutemus? Kai \u0161viesa i\u0161jungta, da\u017enai ne\u012fmanoma nieko rasti, o jei j\u0105 \u012fjungsite, rizikuojate pa\u017eadinti likusius nam\u0173 \u016bkio narius. Su \u201eYeelight\u201c galite pamir\u0161ti apie tokias problemas! Itin plonas judesio jutikliu valdomas spintos \u0161viestuvas automati\u0161kai \u012fsijungs, kai aptiks j\u016bs\u0173 buvim\u0105, ir skleid\u017eia akims nekenksming\u0105 ap\u0161vietim\u0105 su 2700 K spalv\u0173 temperat\u016bra ir reguliuojamu ry\u0161kumu. \u0160is lengvai montuojamas belaidis \u012frenginys yra 3 dyd\u017ei\u0173 ir 2 spalv\u0173 \u2013 tikrai rasite sau idealiai tinkan\u010di\u0105 versij\u0105.<\/p>\n<p><img decoding=\"async\" src=\"https:\/\/b2b.innpro.pl\/data\/include\/cms\/12Yeelight\/YLCG002-b\/6.jpg\" border=\"0\" alt=\"12Yeelight\/YLCG002-b\/6\" \/><\/p>\n<h3>Atraskite judesio jutiklio \u0161viestuvo privalumus<\/h3>\n<p>Nebereikia ie\u0161koti tinkam\u0173 mygtuk\u0173 tamsoje. \u0160viestuvas turi \u012fmontuot\u0105 tiksl\u0173 judesio jutikl\u012f, kurio veikimo atstumas yra iki 4 m priekyje ir iki 2 m abiejose pus\u0117se, o maksimalus kampas yra 120\u00b0. Tai u\u017etikrina, kad \u201eCloset Light\u201c automati\u0161kai \u012fjungs \u0161vies\u0105, kai tik aptiks j\u016bs\u0173 buvim\u0105. Nar\u0161yti bute ir ie\u0161koti bet ko sutemus tapo lengviau!<\/p>\n<p><img decoding=\"async\" src=\"https:\/\/b2b.innpro.pl\/data\/include\/cms\/12Yeelight\/YLCG002-b\/3.jpg\" border=\"0\" alt=\"12Yeelight\/YLCG002-b\/3\" \/><\/p>\n<h3>U\u017etikrinkite optimal\u0173 ap\u0161vietim\u0105 ir taupykite elektr\u0105<\/h3>\n<p>\u012erenginyje \u012frengtas i\u0161manusis \u0161viesai jautrus jutiklis, kuris aptinka aplinkos s\u0105lygas. Jei kambarys tamsus, \u0161viesa \u012fsijungs aptikusi j\u016bs\u0173 buvim\u0105. Jei kambarys \u0161viesus, \u0161viesa ne\u012fjungta, tod\u0117l sutaupysite elektros energijos. Taip pat galite rankiniu b\u016bdu \u012fjungti spintos ap\u0161vietim\u0105 bet kuriuo paros metu, tiesiog paspausdami ir palaikydami atitinkam\u0105 mygtuk\u0105.<\/p>\n<p><img decoding=\"async\" src=\"https:\/\/b2b.innpro.pl\/data\/include\/cms\/12Yeelight\/YLCG002-b\/7.jpg\" border=\"0\" alt=\"12Yeelight\/YLCG002-b\/7\" \/><\/p>\n<h3>Regim\u0105j\u012f \u0161vies\u0105 skleid\u017eianti nekenksminga akims \u0161viesa su reguliuojamu ry\u0161kumu<\/h3>\n<p>Lempa skleid\u017eia akims nekenksming\u0105, \u0161ilt\u0105 \u0161vies\u0105, kurios spalvos temperat\u016bra yra 2700 K. Tai leid\u017eia optimaliai ap\u0161viesti bet kur\u012f kamp\u0105. Be to, \u0161viesos ry\u0161kum\u0105 galima reguliuoti \u2013 tokiu b\u016bdu galite geriau pritaikyti j\u0105 prie savo poreiki\u0173, l\u016bkes\u010di\u0173 ar \u012fpro\u010di\u0173.<\/p>\n<p><img decoding=\"async\" src=\"https:\/\/b2b.innpro.pl\/data\/include\/cms\/12Yeelight\/YLCG002-b\/5.jpg\" border=\"0\" alt=\"12Yeelight\/YLCG002-b\/5\" \/><\/p>\n<h3>Puikus papildymas j\u016bs\u0173 pasirinktoje erdv\u0117je<\/h3>\n<p>\u0160viestuvo plotis yra tik 0,9 cm. D\u0117l to galite j\u012f lengvai pastatyti pasirinktoje vietoje \u2013 jis neu\u017eims per daug vietos. Be to, auk\u0161tos kokyb\u0117s metalin\u0117 apdaila suteikia \u012frenginiui modern\u0173, industrin\u012f charakter\u012f \u2013 su jos pagalba puikiai papildysite bet kokio interjero dekor\u0105.<\/p>\n<p><img decoding=\"async\" src=\"https:\/\/b2b.innpro.pl\/data\/include\/cms\/12Yeelight\/YLCG002-b\/8.jpg\" border=\"0\" alt=\"12Yeelight\/YLCG002-b\/8\" \/><\/p>\n<h3>Pamir\u0161kite apie montavimo problemas<\/h3>\n<p>\u012erenginio montavimas yra nepaprastai paprastas ir u\u017etruks vos kelias akimirkas. Jums nereikia r\u016bpintis laid\u0173 jungimu ar tinkam\u0173 skyli\u0173 gr\u0119\u017eimu. Tiesiog naudokite pridedamus lipnius magnetinius laikiklius. Priklijuokite juos pasirinktoje vietoje ir pritvirtinkite prie j\u0173 lemp\u0105. Jei reikia, galite j\u0105 bet kada nuimti ir pasiimti su savimi bet kur, kur jums jos reikia. Pastaba: lipn\u016bs laikikliai yra vienkartiniai ir j\u0173 negalima nulupti.<\/p>\n<p><img decoding=\"async\" src=\"https:\/\/b2b.innpro.pl\/data\/include\/cms\/12Yeelight\/YLCG002-b\/2.jpg\" border=\"0\" alt=\"12Yeelight\/YLCG002-b\/2\" \/><\/p>\n<h3>Ilgas veikimo laikas \u2013 patogus \u012fkrovimas<\/h3>\n<p>Jums nereikia jaudintis, kad j\u016bs\u0173 \u0161viestuvas per greitai suges. Kiekvienas spintos \u0161viestuvo variantas turi patvari\u0105 \u012fkraunam\u0105 baterij\u0105, kuri u\u017etikrina steb\u0117tinai ilg\u0105 veikimo laik\u0105. Jei \u012frengin\u012f naudosite vidutiniu da\u017enumu, vieno \u012fkrovimo jums pakaks ma\u017edaug 4\u20136 m\u0117nesiams! Nor\u0117dami \u012fkrauti \u0161viestuv\u0105, tiesiog prijunkite j\u012f prie maitinimo \u0161altinio naudodami USB-C prievad\u0105.<\/p>\n<p><img decoding=\"async\" src=\"https:\/\/b2b.innpro.pl\/data\/include\/cms\/12Yeelight\/YLCG002-b\/1.jpg\" border=\"0\" alt=\"12Yeelight\/YLCG002-b\/1\" \/><\/p>\n<h3>I\u0161sirinkite sau tinkamiausi\u0105 variant\u0105<\/h3>\n<p>I\u0161sirinkite sau idealiai tinkant\u012f \u0161viestuvo variant\u0105. Parduodami 3 \u201eYeelight\u201c spintos \u0161viestuvo ilgiai \u2013 20 cm, 40 cm ir 60 cm. Taigi galite optimaliai pritaikyti j\u012f prie savo spintel\u0117s ar virtuv\u0117s stalvir\u0161io matmen\u0173. \u0160viestuvas taip pat pagamintas dviej\u0173 spalv\u0173 \u2013 juodos ir sidabrin\u0117s. Tai leid\u017eia puikiai priderinti j\u012f prie kambario i\u0161d\u0117stymo.<\/p>\n<p><img decoding=\"async\" src=\"https:\/\/b2b.innpro.pl\/data\/include\/cms\/12Yeelight\/YLCG002-b\/9.jpg\" border=\"0\" alt=\"12Yeelight\/YLCG002-b\/9\" \/><\/p>\n<h3>D\u0117\u017eut\u0117s sud\u0117tis<\/h3>\n<ul>\n<li>Naudotojo vadovas<\/li>\n<li>USB laidas<\/li>\n<li>Tvirtinimo rinkinys<\/li>\n<li>Integruotas judesio jutiklis<\/li>\n<\/ul>\n<div class=\"table-wrapper\">\n<table>\n<tbody>\n<tr>\n<th>Prek\u0117s \u017eenklas<\/th>\n<td>Yeelight<\/td>\n<\/tr>\n<tr>\n<th>Pavadinimas<\/th>\n<td>Judesio jutiklio spintos \u0161viestuvas A20<\/td>\n<\/tr>\n<tr>\n<th>Modelis<\/th>\n<td>YLCG002-b<\/td>\n<\/tr>\n<tr>\n<th>Spalva<\/th>\n<td>Juoda<\/td>\n<\/tr>\n<tr>\n<th>Med\u017eiaga<\/th>\n<td>Aliuminis + plastikas<\/td>\n<\/tr>\n<tr>\n<th>Matmenys<\/th>\n<td>200 x 40 x 9 mm<\/td>\n<\/tr>\n<tr>\n<th>Svoris<\/th>\n<td>90 g<\/td>\n<\/tr>\n<tr>\n<th>Nominali galia<\/th>\n<td>1,2 W<\/td>\n<\/tr>\n<tr>\n<th>\u012etampa<\/th>\n<td>5 V nuolatin\u0117 srov\u0117 0,5 A<\/td>\n<\/tr>\n<tr>\n<th>Bud\u0117jimo re\u017eimas galia<\/th>\n<td>0,2 mA<\/td>\n<\/tr>\n<tr>\n<th>Baterijos talpa<\/th>\n<td>1100 mAh<\/td>\n<\/tr>\n<tr>\n<th>Veikimo laikas<\/th>\n<td>\u22485 val. \u012fjungtu re\u017eimu<\/td>\n<\/tr>\n<tr>\n<th>Baterijos veikimo laikas<\/th>\n<td>300 cikl\u0173, talpa \u224880 %<\/td>\n<\/tr>\n<tr>\n<th>Spalv\u0173 temperat\u016bra<\/th>\n<td>2700 K<\/td>\n<\/tr>\n<tr>\n<th>Ry\u0161kumas<\/th>\n<td>45 lm, reguliuojamas<\/td>\n<\/tr>\n<tr>\n<th>CRI<\/th>\n<td>Ra80<\/td>\n<\/tr>\n<tr>\n<th>IP kodas<\/th>\n<td>IP20<\/td>\n<\/tr>\n<tr>\n<th>\u012evestis<\/th>\n<td>5 V \/ 1 A nuolatin\u0117 srov\u0117<\/td>\n<\/tr>\n<tr>\n<th>\u012ekrovimo s\u0105saja<\/th>\n<td>USB-C (\u012fkrovimo laidas pridedamas)<\/td>\n<\/tr>\n<tr>\n<th>Darbin\u0117 aplinkos temperat\u016bra<\/th>\n<td>-10 \u00b0C\u201340 \u00b0C<\/td>\n<\/tr>\n<tr>\n<th>Darbin\u0117 aplinkos dr\u0117gm\u0117<\/th>\n<td>0\u201385 % santykin\u0117 oro dr\u0117gm\u0117<\/td>\n<\/tr>\n<tr>\n<th>Lempos i\u0161orinio pavir\u0161iaus temperat\u016bra<\/th>\n<td>\u226445 \u00b0C (plastikas) \/ 55 \u00b0C (metalas)<\/td>\n<\/tr>\n<tr>\n<th>Kei\u010diamas \u0161viesos \u0161altinis<\/th>\n<td>Ne<\/td>\n<\/tr>\n<tr>\n<th>Jutiklis moduliai<\/th>\n<td>Infraraudon\u0173j\u0173 spinduli\u0173 jutiklis, \u0161viesos jutiklis<\/td>\n<\/tr>\n<tr>\n<th>Aptikimo diapazonas<\/th>\n<td>0\u20134 m esant 30\u00b0, 0\u20132 m esant 120\u00b0<\/td>\n<\/tr>\n<\/tbody>\n<\/table>\n<\/div>\n","protected":false},"excerpt":{"rendered":"<p>\u201eYeelight\u201c prek\u0117s \u017eenklas yra \u201eXiaomi\u201c ekosistemos dalis. \u201eYeelight\u201c spintos \u0161viestuvas, juodas, 20 cm, 2700 K Ar kada nors ie\u0161kojote ka\u017eko spintoje sutemus? Kai \u0161viesa i\u0161jungta, da\u017enai ne\u012fmanoma nieko rasti, o jei j\u0105 \u012fjungsite, rizikuojate pa\u017eadinti likusius nam\u0173 \u016bkio narius. Su \u201eYeelight\u201c galite pamir\u0161ti apie tokias problemas! Itin plonas judesio jutikliu valdomas spintos \u0161viestuvas automati\u0161kai \u012fsijungs, [&#8230;]\n","protected":false},"featured_media":26042,"comment_status":"open","ping_status":"closed","template":"","meta":[],"product_brand":[156],"product_cat":[1595],"product_tag":[],"class_list":{"0":"post-26041","1":"product","2":"type-product","3":"status-publish","4":"has-post-thumbnail","6":"product_brand-yeelight","7":"product_cat-furniture-lamps","9":"first","10":"outofstock","11":"taxable","12":"shipping-taxable","13":"purchasable","14":"product-type-simple"},"aioseo_notices":[],"_links":{"self":[{"href":"https:\/\/asura.lv\/lt\/wp-json\/wp\/v2\/product\/26041","targetHints":{"allow":["GET"]}}],"collection":[{"href":"https:\/\/asura.lv\/lt\/wp-json\/wp\/v2\/product"}],"about":[{"href":"https:\/\/asura.lv\/lt\/wp-json\/wp\/v2\/types\/product"}],"replies":[{"embeddable":true,"href":"https:\/\/asura.lv\/lt\/wp-json\/wp\/v2\/comments?post=26041"}],"wp:featuredmedia":[{"embeddable":true,"href":"https:\/\/asura.lv\/lt\/wp-json\/wp\/v2\/media\/26042"}],"wp:attachment":[{"href":"https:\/\/asura.lv\/lt\/wp-json\/wp\/v2\/media?parent=26041"}],"wp:term":[{"taxonomy":"product_brand","embeddable":true,"href":"https:\/\/asura.lv\/lt\/wp-json\/wp\/v2\/product_brand?post=26041"},{"taxonomy":"product_cat","embeddable":true,"href":"https:\/\/asura.lv\/lt\/wp-json\/wp\/v2\/product_cat?post=26041"},{"taxonomy":"product_tag","embeddable":true,"href":"https:\/\/asura.lv\/lt\/wp-json\/wp\/v2\/product_tag?post=26041"}],"curies":[{"name":"wp","href":"https:\/\/api.w.org\/{rel}","templated":true}]}}